{"id":5998,"date":"2023-02-02T10:04:20","date_gmt":"2023-02-02T09:04:20","guid":{"rendered":"https:\/\/www.andermatt.com\/?post_type=product&#038;p=5998"},"modified":"2023-11-10T11:25:50","modified_gmt":"2023-11-10T10:25:50","slug":"phosbac-2","status":"publish","type":"product","link":"https:\/\/www.andermatt.com\/es\/producto\/phosbac-2\/","title":{"rendered":"Phosbac - RhizoVital P45"},"content":{"rendered":"<p class=\"lead\"><strong>RhizoVital P45 es un bioestimulante microbiano que contiene esporas de la bacteria natural del suelo&nbsp;<em>Bacillus velezensis<\/em><\/strong>&nbsp;cepa FZB 45<strong>.<\/strong><\/p>\n\n\n\n<figure class=\"wp-block-gallery has-nested-images columns-default is-cropped wp-block-gallery-1 is-layout-flex wp-block-gallery-is-layout-flex\">\n<figure class=\"wp-block-image size-feature-size-gross\"><a href=\"https:\/\/www.andermatt.com\/wp-content\/uploads\/2021\/12\/BiostimulantsBioinoculants-scaled.jpg\"><img decoding=\"async\" width=\"660\" height=\"360\" data-id=\"3459\" src=\"https:\/\/www.andermatt.com\/wp-content\/uploads\/2021\/12\/BiostimulantsBioinoculants-660x360.jpg\" alt=\"\" class=\"wp-image-3459\"\/><\/a><\/figure>\n\n\n\n<figure class=\"wp-block-image size-full\"><a href=\"https:\/\/www.andermatt.com\/wp-content\/uploads\/2023\/01\/rhizovital-p45_corn-picture.png\"><img decoding=\"async\" width=\"512\" height=\"243\" data-id=\"6041\" src=\"https:\/\/www.andermatt.com\/wp-content\/uploads\/2023\/01\/rhizovital-p45_corn-picture.png\" alt=\"rizovital p45\" class=\"wp-image-6041\" srcset=\"https:\/\/www.andermatt.com\/wp-content\/uploads\/2023\/01\/rhizovital-p45_corn-picture.png 512w, https:\/\/www.andermatt.com\/wp-content\/uploads\/2023\/01\/rhizovital-p45_corn-picture-300x142.png 300w\" sizes=\"(max-width: 512px) 100vw, 512px\" \/><\/a><\/figure>\n<\/figure>\n\n\n\n<p>RhizoVital P45 estimula el crecimiento de las ra\u00edces y moviliza los nutrientes del suelo. RhizoVital P45 favorece la disponibilidad de nutrientes para las plantas, lo que se traduce en un aumento del rendimiento. Se puede mejorar la tolerancia al estr\u00e9s abi\u00f3tico causado por condiciones clim\u00e1ticas desfavorables y el manejo del campo. Utilice RhizoVital P45 como parte integrante de una estrategia de producci\u00f3n orientada al futuro.<\/p>\n\n\n\n<h3 class=\"wp-block-heading\">Uso flexible<\/h3>\n\n\n\n<p>RhizoVital P45 debe aplicarse lo antes posible en el desarrollo de la planta. La buena miscibilidad con productos fitosanitarios y fertilizantes facilita la combinaci\u00f3n con casi todos los m\u00e9todos de aplicaci\u00f3n. Por lo tanto, el producto puede aplicarse utilizando diferentes m\u00e9todos de aplicaci\u00f3n como: tratamiento de semillas en la explotaci\u00f3n, empapado, pulverizaci\u00f3n en la superficie del suelo, mezcla en suelos y sustratos, inyecci\u00f3n en sistemas hidrop\u00f3nicos y de fertirrigaci\u00f3n y ba\u00f1o radicular.<\/p>\n\n\n\n<h3 class=\"wp-block-heading\">Ventajas<\/h3>\n\n\n\n<ul class=\"wp-block-list\">\n<li>Favorece la solubilizaci\u00f3n y movilizaci\u00f3n de los nutrientes y promueve el crecimiento de las plantas<\/li>\n\n\n\n<li>Aumenta el rendimiento de los cultivos<\/li>\n\n\n\n<li>Compatible con la mayor\u00eda de los fertilizantes y productos fitosanitarios<\/li>\n\n\n\n<li>Complemento de estrategias de producci\u00f3n convencionales<\/li>\n\n\n\n<li>F\u00e1cil de aplicar y almacenar (m\u00edn. 2 a\u00f1os a temperatura ambiente)<\/li>\n\n\n\n<li>Compatible con la producci\u00f3n ecol\u00f3gica y libre residuos<\/li>\n<\/ul>\n\n\n\n<figure class=\"wp-block-image size-full is-resized\"><img decoding=\"async\" src=\"https:\/\/www.andermatt.com\/wp-content\/uploads\/2022\/01\/Brazil-Corn.jpg\" alt=\"\" class=\"wp-image-3890\" width=\"658\" height=\"473\" srcset=\"https:\/\/www.andermatt.com\/wp-content\/uploads\/2022\/01\/Brazil-Corn.jpg 470w, https:\/\/www.andermatt.com\/wp-content\/uploads\/2022\/01\/Brazil-Corn-300x216.jpg 300w\" sizes=\"(max-width: 658px) 100vw, 658px\" \/><figcaption class=\"wp-element-caption\"><em>Beneficio de filas de semillas adicionales por mazorca de ma\u00edz utilizando Phosbac45 (=RhizoVital P45) como tratamiento de semillas: testigo sin tratar (T1), tratado con P2O5 (112,5 kg\/ha) (T2); P2O5 (56 kg\/ha) + Phosbac45 (2ml\/kg semilla) (T3); P2O5 (56 kg\/ha) + Phosbac45 (2ml\/kg semilla) + Azospirillum (2ml\/kg semilla) (T4). Resultados de ensayos de la UEPG (Universidade Estadual Ponta Grossa) en Ponta Grossa, Paran\u00e1, Brasil<\/em>. Leer <a href=\"https:\/\/www.andermatt.com\/es\/como-phosbac45-marca-la-diferencia-en-la-gestion-de-la-nutricion-vegetal-en-brasil\/\">C\u00f3mo Phosbac45 marca la diferencia en la gesti\u00f3n de la nutrici\u00f3n vegetal en Brasil - Andermatt Group AG<\/a> para m\u00e1s informaci\u00f3n sobre Phosbac45 en Brasil.<\/figcaption><\/figure>\n\n\n\n<p><em>Bacillus velezensis<\/em>&nbsp;(diferentes cepas) tambi\u00e9n pueden suministrarse como materia prima (por ejemplo, para recubrimientos\/tratamientos de semillas, formulaci\u00f3n de fertilizantes, adici\u00f3n de sustratos, etc.).<\/p>","protected":false},"excerpt":{"rendered":"<p>RhizoVital P45 es un bioestimulante microbiano que contiene esporas de la bacteria natural del suelo Bacillus velezensis cepa FZB 45. RhizoVital P45 estimula el crecimiento de las ra\u00edces y moviliza los nutrientes del suelo. RhizoVital P45 favorece la disponibilidad de nutrientes para las plantas, lo que se traduce en un aumento del rendimiento. Tolerancia al estr\u00e9s abi\u00f3tico causado por condiciones clim\u00e1ticas desfavorables y el manejo del campo ...<\/p>","protected":false},"featured_media":3458,"template":"","meta":{"_acf_changed":false,"_seopress_robots_primary_cat":"","_seopress_titles_title":"","_seopress_titles_desc":"","_seopress_robots_index":"","_searchwp_excluded":"","_uag_custom_page_level_css":"","site-sidebar-layout":"default","site-content-layout":"","ast-site-content-layout":"default","site-content-style":"default","site-sidebar-style":"default","ast-global-header-display":"","ast-banner-title-visibility":"","ast-main-header-display":"","ast-hfb-above-header-display":"","ast-hfb-below-header-display":"","ast-hfb-mobile-header-display":"","site-post-title":"","ast-breadcrumbs-content":"","ast-featured-img":"","footer-sml-layout":"","ast-disable-related-posts":"","theme-transparent-header-meta":"","adv-header-id-meta":"","stick-header-meta":"","header-above-stick-meta":"","header-main-stick-meta":"","header-below-stick-meta":"","astra-migrate-meta-layouts":"set","ast-page-background-enabled":"default","ast-page-background-meta":{"desktop":{"background-color":"","background-image":"","background-repeat":"repeat","background-position":"center center","background-size":"auto","background-attachment":"scroll","background-type":"","background-media":"","overlay-type":"","overlay-color":"","overlay-opacity":"","overlay-gradient":""},"tablet":{"background-color":"","background-image":"","background-repeat":"repeat","background-position":"center center","background-size":"auto","background-attachment":"scroll","background-type":"","background-media":"","overlay-type":"","overlay-color":"","overlay-opacity":"","overlay-gradient":""},"mobile":{"background-color":"","background-image":"","background-repeat":"repeat","background-position":"center center","background-size":"auto","background-attachment":"scroll","background-type":"","background-media":"","overlay-type":"","overlay-color":"","overlay-opacity":"","overlay-gradient":""}},"ast-content-background-meta":{"desktop":{"background-color":"var(--ast-global-color-5)","background-image":"","background-repeat":"repeat","background-position":"center center","background-size":"auto","background-attachment":"scroll","background-type":"","background-media":"","overlay-type":"","overlay-color":"","overlay-opacity":"","overlay-gradient":""},"tablet":{"background-color":"var(--ast-global-color-5)","background-image":"","background-repeat":"repeat","background-position":"center center","background-size":"auto","background-attachment":"scroll","background-type":"","background-media":"","overlay-type":"","overlay-color":"","overlay-opacity":"","overlay-gradient":""},"mobile":{"background-color":"var(--ast-global-color-5)","background-image":"","background-repeat":"repeat","background-position":"center center","background-size":"auto","background-attachment":"scroll","background-type":"","background-media":"","overlay-type":"","overlay-color":"","overlay-opacity":"","overlay-gradient":""}},"footnotes":""},"crop":[322,316,318,65,321,319,320,317],"disease":[],"pest":[],"solution":[39],"class_list":["post-5998","product","type-product","status-publish","has-post-thumbnail","hentry","crop-forest","crop-fruits-berries","crop-grapes","crop-herbs_ornamentals","crop-nuts","crop-potatoes","crop-row_crops","crop-vegetables","solution-biostimulants-bioinoculants"],"acf":[],"uagb_featured_image_src":{"full":["https:\/\/www.andermatt.com\/wp-content\/uploads\/2021\/12\/BiostimulantsBioinoculants-2-scaled.jpg",2400,1233,false],"thumbnail":["https:\/\/www.andermatt.com\/wp-content\/uploads\/2021\/12\/BiostimulantsBioinoculants-2-150x150.jpg",150,150,true],"medium":["https:\/\/www.andermatt.com\/wp-content\/uploads\/2021\/12\/BiostimulantsBioinoculants-2-300x154.jpg",300,154,true],"medium_large":["https:\/\/www.andermatt.com\/wp-content\/uploads\/2021\/12\/BiostimulantsBioinoculants-2-768x395.jpg",768,395,true],"large":["https:\/\/www.andermatt.com\/wp-content\/uploads\/2021\/12\/BiostimulantsBioinoculants-2-1024x526.jpg",1024,526,true],"1536x1536":["https:\/\/www.andermatt.com\/wp-content\/uploads\/2021\/12\/BiostimulantsBioinoculants-2-1536x789.jpg",1536,789,true],"2048x2048":["https:\/\/www.andermatt.com\/wp-content\/uploads\/2021\/12\/BiostimulantsBioinoculants-2-2048x1052.jpg",2048,1052,true],"trp-custom-language-flag":["https:\/\/www.andermatt.com\/wp-content\/uploads\/2021\/12\/BiostimulantsBioinoculants-2-scaled.jpg",18,9,false],"feature-size":["https:\/\/www.andermatt.com\/wp-content\/uploads\/2021\/12\/BiostimulantsBioinoculants-2-660x315.jpg",660,315,true],"feature-size-gross":["https:\/\/www.andermatt.com\/wp-content\/uploads\/2021\/12\/BiostimulantsBioinoculants-2-660x360.jpg",660,360,true],"header-size-small":["https:\/\/www.andermatt.com\/wp-content\/uploads\/2021\/12\/BiostimulantsBioinoculants-2-1000x350.jpg",1000,350,true],"header-size":["https:\/\/www.andermatt.com\/wp-content\/uploads\/2021\/12\/BiostimulantsBioinoculants-2-2000x600.jpg",2000,600,true],"mailpoet_newsletter_max":["https:\/\/www.andermatt.com\/wp-content\/uploads\/2021\/12\/BiostimulantsBioinoculants-2-1320x678.jpg",1320,678,true]},"uagb_author_info":{"display_name":"Alina Piven","author_link":"https:\/\/www.andermatt.com\/es\/author\/"},"uagb_comment_info":0,"uagb_excerpt":"RhizoVital P45 is a microbial biostimulant containing spores of the naturally occurring soil bacteria&nbsp;Bacillus velezensis&nbsp;strain FZB 45. RhizoVital P45 stimulates root growth and mobilizes nutrients in the soil. RhizoVital P45 supports the availability of plant nutrients which leads to an increased in yield. Tolerance towards abiotic stress caused by unfavorable climatic conditions and field management&hellip;","_links":{"self":[{"href":"https:\/\/www.andermatt.com\/es\/wp-json\/wp\/v2\/product\/5998","targetHints":{"allow":["GET"]}}],"collection":[{"href":"https:\/\/www.andermatt.com\/es\/wp-json\/wp\/v2\/product"}],"about":[{"href":"https:\/\/www.andermatt.com\/es\/wp-json\/wp\/v2\/types\/product"}],"version-history":[{"count":27,"href":"https:\/\/www.andermatt.com\/es\/wp-json\/wp\/v2\/product\/5998\/revisions"}],"predecessor-version":[{"id":6584,"href":"https:\/\/www.andermatt.com\/es\/wp-json\/wp\/v2\/product\/5998\/revisions\/6584"}],"wp:featuredmedia":[{"embeddable":true,"href":"https:\/\/www.andermatt.com\/es\/wp-json\/wp\/v2\/media\/3458"}],"wp:attachment":[{"href":"https:\/\/www.andermatt.com\/es\/wp-json\/wp\/v2\/media?parent=5998"}],"wp:term":[{"taxonomy":"crop","embeddable":true,"href":"https:\/\/www.andermatt.com\/es\/wp-json\/wp\/v2\/crop?post=5998"},{"taxonomy":"disease","embeddable":true,"href":"https:\/\/www.andermatt.com\/es\/wp-json\/wp\/v2\/disease?post=5998"},{"taxonomy":"pest","embeddable":true,"href":"https:\/\/www.andermatt.com\/es\/wp-json\/wp\/v2\/pest?post=5998"},{"taxonomy":"solution","embeddable":true,"href":"https:\/\/www.andermatt.com\/es\/wp-json\/wp\/v2\/solution?post=5998"}],"curies":[{"name":"wp","href":"https:\/\/api.w.org\/{rel}","templated":true}]}}