{"id":5941,"date":"2023-02-03T11:32:28","date_gmt":"2023-02-03T10:32:28","guid":{"rendered":"https:\/\/www.andermatt.com\/?post_type=product&#038;p=5941"},"modified":"2023-02-09T13:43:00","modified_gmt":"2023-02-09T12:43:00","slug":"silicosec-2","status":"publish","type":"product","link":"https:\/\/www.andermatt.com\/es\/producto\/silicosec-2\/","title":{"rendered":"SilicoSec"},"content":{"rendered":"<h2 class=\"has-medium-font-size wp-block-heading\"><strong>SilicoSec es un producto fitosanitario registrado para un amplio control de insectos en almacenes de granos. Debido al modo de acci\u00f3n \u00fanico de la sustancia activa, tierra de diatomeas (di\u00f3xido de silicio), el desarrollo de resistencia es muy poco probable.<\/strong><\/h2>\n\n\n\n<p><\/p>\n\n\n\n<figure class=\"wp-block-image size-full is-resized\"><img decoding=\"async\" src=\"https:\/\/www.andermatt.com\/wp-content\/uploads\/2023\/01\/silicosec-picture-1.png\" alt=\"silicosec\" class=\"wp-image-5953\" width=\"1060\" height=\"577\" srcset=\"https:\/\/www.andermatt.com\/wp-content\/uploads\/2023\/01\/silicosec-picture-1.png 728w, https:\/\/www.andermatt.com\/wp-content\/uploads\/2023\/01\/silicosec-picture-1-300x164.png 300w, https:\/\/www.andermatt.com\/wp-content\/uploads\/2023\/01\/silicosec-picture-1-660x360.png 660w\" sizes=\"(max-width: 1060px) 100vw, 1060px\" \/><\/figure>\n\n\n\n<p>La sustancia activa es una tierra de diatomeas natural con un contenido muy elevado de SiO\u2082 en forma de polvo fino blanco. SilicoSec se aplica en las rutas de desplazamiento y los escondites de los insectos. Se adhiere al caparaz\u00f3n exterior de los insectos mientras se desplazan por la pel\u00edcula de polvo. Atrae l\u00edpidos y humedad y provoca la desecaci\u00f3n de los insectos.<\/p>\n\n\n\n<p><\/p>\n\n\n\n<h3 class=\"wp-block-heading\">Ventajas<\/h3>\n\n\n\n<ul class=\"wp-block-list\">\n<li>Alta eficacia<\/li>\n\n\n\n<li>F\u00e1cil aplicaci\u00f3n<\/li>\n\n\n\n<li>Sin resistencia<\/li>\n\n\n\n<li>Protecci\u00f3n a largo plazo<\/li>\n\n\n\n<li>Sin tiempo de espera Sin periodo de retenci\u00f3n<\/li>\n\n\n\n<li>Aprobado para la producci\u00f3n ecol\u00f3gica<\/li>\n<\/ul>","protected":false},"excerpt":{"rendered":"<p>SilicoSec es un producto fitosanitario registrado para el control de todos los insectos rastreros en almacenes de grano y vac\u00edos. Debido al modo de acci\u00f3n \u00fanico de la sustancia activa, di\u00f3xido de silicio Kieselguhr (tierra de diatomeas), el desarrollo de resistencias es altamente improbable. La sustancia activa es una tierra de diatomeas de origen natural con un ...<\/p>","protected":false},"featured_media":3402,"template":"","meta":{"_acf_changed":false,"_seopress_robots_primary_cat":"","_seopress_titles_title":"","_seopress_titles_desc":"","_seopress_robots_index":"","_searchwp_excluded":"","_uag_custom_page_level_css":"","site-sidebar-layout":"default","site-content-layout":"","ast-site-content-layout":"default","site-content-style":"default","site-sidebar-style":"default","ast-global-header-display":"","ast-banner-title-visibility":"","ast-main-header-display":"","ast-hfb-above-header-display":"","ast-hfb-below-header-display":"","ast-hfb-mobile-header-display":"","site-post-title":"","ast-breadcrumbs-content":"","ast-featured-img":"","footer-sml-layout":"","ast-disable-related-posts":"","theme-transparent-header-meta":"","adv-header-id-meta":"","stick-header-meta":"","header-above-stick-meta":"","header-main-stick-meta":"","header-below-stick-meta":"","astra-migrate-meta-layouts":"default","ast-page-background-enabled":"default","ast-page-background-meta":{"desktop":{"background-color":"","background-image":"","background-repeat":"repeat","background-position":"center center","background-size":"auto","background-attachment":"scroll","background-type":"","background-media":"","overlay-type":"","overlay-color":"","overlay-opacity":"","overlay-gradient":""},"tablet":{"background-color":"","background-image":"","background-repeat":"repeat","background-position":"center center","background-size":"auto","background-attachment":"scroll","background-type":"","background-media":"","overlay-type":"","overlay-color":"","overlay-opacity":"","overlay-gradient":""},"mobile":{"background-color":"","background-image":"","background-repeat":"repeat","background-position":"center center","background-size":"auto","background-attachment":"scroll","background-type":"","background-media":"","overlay-type":"","overlay-color":"","overlay-opacity":"","overlay-gradient":""}},"ast-content-background-meta":{"desktop":{"background-color":"var(--ast-global-color-5)","background-image":"","background-repeat":"repeat","background-position":"center center","background-size":"auto","background-attachment":"scroll","background-type":"","background-media":"","overlay-type":"","overlay-color":"","overlay-opacity":"","overlay-gradient":""},"tablet":{"background-color":"var(--ast-global-color-5)","background-image":"","background-repeat":"repeat","background-position":"center center","background-size":"auto","background-attachment":"scroll","background-type":"","background-media":"","overlay-type":"","overlay-color":"","overlay-opacity":"","overlay-gradient":""},"mobile":{"background-color":"var(--ast-global-color-5)","background-image":"","background-repeat":"repeat","background-position":"center center","background-size":"auto","background-attachment":"scroll","background-type":"","background-media":"","overlay-type":"","overlay-color":"","overlay-opacity":"","overlay-gradient":""}},"footnotes":""},"crop":[320],"disease":[],"pest":[44],"solution":[37],"class_list":["post-5941","product","type-product","status-publish","has-post-thumbnail","hentry","crop-row_crops","pest-lepidoptera","solution-insecticides"],"acf":[],"uagb_featured_image_src":{"full":["https:\/\/www.andermatt.com\/wp-content\/uploads\/2021\/12\/Bio-Insecticides_SilicoSec1-scaled.jpg",2400,1688,false],"thumbnail":["https:\/\/www.andermatt.com\/wp-content\/uploads\/2021\/12\/Bio-Insecticides_SilicoSec1-150x150.jpg",150,150,true],"medium":["https:\/\/www.andermatt.com\/wp-content\/uploads\/2021\/12\/Bio-Insecticides_SilicoSec1-300x211.jpg",300,211,true],"medium_large":["https:\/\/www.andermatt.com\/wp-content\/uploads\/2021\/12\/Bio-Insecticides_SilicoSec1-768x540.jpg",768,540,true],"large":["https:\/\/www.andermatt.com\/wp-content\/uploads\/2021\/12\/Bio-Insecticides_SilicoSec1-1024x720.jpg",1024,720,true],"1536x1536":["https:\/\/www.andermatt.com\/wp-content\/uploads\/2021\/12\/Bio-Insecticides_SilicoSec1-1536x1081.jpg",1536,1081,true],"2048x2048":["https:\/\/www.andermatt.com\/wp-content\/uploads\/2021\/12\/Bio-Insecticides_SilicoSec1-2048x1441.jpg",2048,1441,true],"trp-custom-language-flag":["https:\/\/www.andermatt.com\/wp-content\/uploads\/2021\/12\/Bio-Insecticides_SilicoSec1-scaled.jpg",18,12,false],"feature-size":["https:\/\/www.andermatt.com\/wp-content\/uploads\/2021\/12\/Bio-Insecticides_SilicoSec1-660x315.jpg",660,315,true],"feature-size-gross":["https:\/\/www.andermatt.com\/wp-content\/uploads\/2021\/12\/Bio-Insecticides_SilicoSec1-660x360.jpg",660,360,true],"header-size-small":["https:\/\/www.andermatt.com\/wp-content\/uploads\/2021\/12\/Bio-Insecticides_SilicoSec1-1000x350.jpg",1000,350,true],"header-size":["https:\/\/www.andermatt.com\/wp-content\/uploads\/2021\/12\/Bio-Insecticides_SilicoSec1-2000x600.jpg",2000,600,true],"mailpoet_newsletter_max":["https:\/\/www.andermatt.com\/wp-content\/uploads\/2021\/12\/Bio-Insecticides_SilicoSec1-1320x929.jpg",1320,929,true]},"uagb_author_info":{"display_name":"Alina Piven","author_link":"https:\/\/www.andermatt.com\/es\/author\/"},"uagb_comment_info":0,"uagb_excerpt":"SilicoSec is a registered plant protection product for the control of all crawling insects in grain and empty storage rooms. Due to the unique mode of action of the active substance, Silicon dioxide Kieselguhr (Diatomaceous earth), the development of resistance is highly unlikely. The active substance is a naturally occurring diatomaceous earth with a very&hellip;","_links":{"self":[{"href":"https:\/\/www.andermatt.com\/es\/wp-json\/wp\/v2\/product\/5941","targetHints":{"allow":["GET"]}}],"collection":[{"href":"https:\/\/www.andermatt.com\/es\/wp-json\/wp\/v2\/product"}],"about":[{"href":"https:\/\/www.andermatt.com\/es\/wp-json\/wp\/v2\/types\/product"}],"version-history":[{"count":28,"href":"https:\/\/www.andermatt.com\/es\/wp-json\/wp\/v2\/product\/5941\/revisions"}],"predecessor-version":[{"id":6111,"href":"https:\/\/www.andermatt.com\/es\/wp-json\/wp\/v2\/product\/5941\/revisions\/6111"}],"wp:featuredmedia":[{"embeddable":true,"href":"https:\/\/www.andermatt.com\/es\/wp-json\/wp\/v2\/media\/3402"}],"wp:attachment":[{"href":"https:\/\/www.andermatt.com\/es\/wp-json\/wp\/v2\/media?parent=5941"}],"wp:term":[{"taxonomy":"crop","embeddable":true,"href":"https:\/\/www.andermatt.com\/es\/wp-json\/wp\/v2\/crop?post=5941"},{"taxonomy":"disease","embeddable":true,"href":"https:\/\/www.andermatt.com\/es\/wp-json\/wp\/v2\/disease?post=5941"},{"taxonomy":"pest","embeddable":true,"href":"https:\/\/www.andermatt.com\/es\/wp-json\/wp\/v2\/pest?post=5941"},{"taxonomy":"solution","embeddable":true,"href":"https:\/\/www.andermatt.com\/es\/wp-json\/wp\/v2\/solution?post=5941"}],"curies":[{"name":"wp","href":"https:\/\/api.w.org\/{rel}","templated":true}]}}