{"id":5655,"date":"2023-02-02T09:59:27","date_gmt":"2023-02-02T08:59:27","guid":{"rendered":"https:\/\/www.andermatt.com\/?post_type=product&#038;p=5655"},"modified":"2026-01-12T11:07:31","modified_gmt":"2026-01-12T10:07:31","slug":"rhizovital-c5","status":"publish","type":"product","link":"https:\/\/www.andermatt.com\/es\/producto\/rhizovital-c5\/","title":{"rendered":"RhizoVital C5"},"content":{"rendered":"<p class=\"lead\">RhizoVital C5 es un bioestimulante microbiano que contiene esporas de la bacteria natural del suelo&nbsp;<em>Bacillus atrophaeus.<\/em>&nbsp;<\/p>\n\n\n\n<figure class=\"wp-block-gallery has-nested-images columns-default is-cropped wp-block-gallery-1 is-layout-flex wp-block-gallery-is-layout-flex\">\n<figure class=\"wp-block-image size-full\"><a href=\"https:\/\/www.andermatt.com\/wp-content\/uploads\/2023\/01\/rv-c5_strawberry.png\"><img decoding=\"async\" width=\"633\" height=\"338\" data-id=\"6007\" src=\"https:\/\/www.andermatt.com\/wp-content\/uploads\/2023\/01\/rv-c5_strawberry.png\" alt=\"rizovital c5\" class=\"wp-image-6007\" srcset=\"https:\/\/www.andermatt.com\/wp-content\/uploads\/2023\/01\/rv-c5_strawberry.png 633w, https:\/\/www.andermatt.com\/wp-content\/uploads\/2023\/01\/rv-c5_strawberry-300x160.png 300w\" sizes=\"(max-width: 633px) 100vw, 633px\" \/><\/a><\/figure>\n\n\n\n<figure class=\"wp-block-image size-full\"><a href=\"https:\/\/www.andermatt.com\/wp-content\/uploads\/2023\/01\/rv-p45_wheat.png\"><img decoding=\"async\" width=\"610\" height=\"343\" data-id=\"6001\" src=\"https:\/\/www.andermatt.com\/wp-content\/uploads\/2023\/01\/rv-p45_wheat.png\" alt=\"rizovital p45\" class=\"wp-image-6001\" srcset=\"https:\/\/www.andermatt.com\/wp-content\/uploads\/2023\/01\/rv-p45_wheat.png 610w, https:\/\/www.andermatt.com\/wp-content\/uploads\/2023\/01\/rv-p45_wheat-300x169.png 300w\" sizes=\"(max-width: 610px) 100vw, 610px\" \/><\/a><\/figure>\n<\/figure>\n\n\n\n<p>RhizoVital C5 estimula el crecimiento de las ra\u00edces y moviliza los nutrientes del suelo. RhizoVital C5 favorece la disponibilidad de nutrientes para las plantas, lo que se traduce en un aumento del rendimiento. Se puede mejorar la tolerancia al estr\u00e9s abi\u00f3tico causado por condiciones clim\u00e1ticas desfavorables y el manejo del campo. Utilice RhizoVital C5 como parte integrante de una estrategia de producci\u00f3n orientada al futuro.<\/p>\n\n\n\n<h3 class=\"wp-block-heading\">Uso flexible<\/h3>\n\n\n\n<p>RhizoVital C5 debe aplicarse lo antes posible en el desarrollo de la planta. La buena miscibilidad con productos fitosanitarios y fertilizantes facilita la combinaci\u00f3n con casi todos los m\u00e9todos de aplicaci\u00f3n. Por lo tanto, el producto puede aplicarse utilizando diferentes m\u00e9todos de aplicaci\u00f3n como: tratamiento de semillas en la explotaci\u00f3n, empapado, pulverizaci\u00f3n en la superficie del suelo, mezcla en suelos y sustratos, inyecci\u00f3n en sistemas hidrop\u00f3nicos y de fertirrigaci\u00f3n y ba\u00f1o radicular.<\/p>\n\n\n\n<h3 class=\"wp-block-heading\">Ventajas<\/h3>\n\n\n\n<ul class=\"wp-block-list\">\n<li>La tolerancia al fr\u00edo favorece el crecimiento a bajas temperaturas<\/li>\n\n\n\n<li>Favorece la solubilizaci\u00f3n y movilizaci\u00f3n de los nutrientes y promueve el crecimiento de las plantas<\/li>\n\n\n\n<li>Aumenta el rendimiento de los cultivos<\/li>\n\n\n\n<li>Compatible con la mayor\u00eda de los fertilizantes y productos fitosanitarios<\/li>\n\n\n\n<li>Complemento de estrategias de producci\u00f3n convencionales<\/li>\n\n\n\n<li>F\u00e1cil de aplicar y almacenar (m\u00edn. 2 a\u00f1os a temperatura ambiente)<\/li>\n\n\n\n<li>Compatible con la producci\u00f3n ecol\u00f3gica y libre residuos<\/li>\n<\/ul>\n\n\n\n<p><em>Bacillus <em>atrophaeus<\/em><\/em>&nbsp;(diferentes cepas) tambi\u00e9n pueden suministrarse como materia prima (por ejemplo, para recubrimientos\/tratamientos de semillas, formulaci\u00f3n de fertilizantes, adici\u00f3n de sustratos, etc.).<\/p>","protected":false},"excerpt":{"rendered":"<p>RhizoVital C5 es un bioestimulante microbiano que contiene esporas de la bacteria natural del suelo Bacillus atrophaeus.  RhizoVital C5 estimula el crecimiento de las ra\u00edces y moviliza los nutrientes del suelo. RhizoVital C5 favorece la disponibilidad de nutrientes para las plantas, lo que se traduce en un aumento del rendimiento. La tolerancia al estr\u00e9s abi\u00f3tico causado por condiciones clim\u00e1ticas desfavorables y el manejo del campo ...<\/p>","protected":false},"featured_media":6007,"template":"","meta":{"_acf_changed":false,"_seopress_robots_primary_cat":"none","_seopress_titles_title":"","_seopress_titles_desc":"","_seopress_robots_index":"","_searchwp_excluded":"","_uag_custom_page_level_css":"","site-sidebar-layout":"default","site-content-layout":"","ast-site-content-layout":"default","site-content-style":"default","site-sidebar-style":"default","ast-global-header-display":"","ast-banner-title-visibility":"","ast-main-header-display":"","ast-hfb-above-header-display":"","ast-hfb-below-header-display":"","ast-hfb-mobile-header-display":"","site-post-title":"","ast-breadcrumbs-content":"","ast-featured-img":"","footer-sml-layout":"","ast-disable-related-posts":"","theme-transparent-header-meta":"","adv-header-id-meta":"","stick-header-meta":"","header-above-stick-meta":"","header-main-stick-meta":"","header-below-stick-meta":"","astra-migrate-meta-layouts":"set","ast-page-background-enabled":"default","ast-page-background-meta":{"desktop":{"background-color":"","background-image":"","background-repeat":"repeat","background-position":"center center","background-size":"auto","background-attachment":"scroll","background-type":"","background-media":"","overlay-type":"","overlay-color":"","overlay-opacity":"","overlay-gradient":""},"tablet":{"background-color":"","background-image":"","background-repeat":"repeat","background-position":"center center","background-size":"auto","background-attachment":"scroll","background-type":"","background-media":"","overlay-type":"","overlay-color":"","overlay-opacity":"","overlay-gradient":""},"mobile":{"background-color":"","background-image":"","background-repeat":"repeat","background-position":"center center","background-size":"auto","background-attachment":"scroll","background-type":"","background-media":"","overlay-type":"","overlay-color":"","overlay-opacity":"","overlay-gradient":""}},"ast-content-background-meta":{"desktop":{"background-color":"var(--ast-global-color-5)","background-image":"","background-repeat":"repeat","background-position":"center center","background-size":"auto","background-attachment":"scroll","background-type":"","background-media":"","overlay-type":"","overlay-color":"","overlay-opacity":"","overlay-gradient":""},"tablet":{"background-color":"var(--ast-global-color-5)","background-image":"","background-repeat":"repeat","background-position":"center center","background-size":"auto","background-attachment":"scroll","background-type":"","background-media":"","overlay-type":"","overlay-color":"","overlay-opacity":"","overlay-gradient":""},"mobile":{"background-color":"var(--ast-global-color-5)","background-image":"","background-repeat":"repeat","background-position":"center center","background-size":"auto","background-attachment":"scroll","background-type":"","background-media":"","overlay-type":"","overlay-color":"","overlay-opacity":"","overlay-gradient":""}},"footnotes":""},"crop":[322,316,318,65,321,319,320,317],"disease":[],"pest":[],"solution":[39],"class_list":["post-5655","product","type-product","status-publish","has-post-thumbnail","hentry","crop-forest","crop-fruits-berries","crop-grapes","crop-herbs_ornamentals","crop-nuts","crop-potatoes","crop-row_crops","crop-vegetables","solution-biostimulants-bioinoculants"],"acf":[],"uagb_featured_image_src":{"full":["https:\/\/www.andermatt.com\/wp-content\/uploads\/2023\/01\/rv-c5_strawberry.png",633,338,false],"thumbnail":["https:\/\/www.andermatt.com\/wp-content\/uploads\/2023\/01\/rv-c5_strawberry-150x150.png",150,150,true],"medium":["https:\/\/www.andermatt.com\/wp-content\/uploads\/2023\/01\/rv-c5_strawberry-300x160.png",300,160,true],"medium_large":["https:\/\/www.andermatt.com\/wp-content\/uploads\/2023\/01\/rv-c5_strawberry.png",633,338,false],"large":["https:\/\/www.andermatt.com\/wp-content\/uploads\/2023\/01\/rv-c5_strawberry.png",633,338,false],"1536x1536":["https:\/\/www.andermatt.com\/wp-content\/uploads\/2023\/01\/rv-c5_strawberry.png",633,338,false],"2048x2048":["https:\/\/www.andermatt.com\/wp-content\/uploads\/2023\/01\/rv-c5_strawberry.png",633,338,false],"trp-custom-language-flag":["https:\/\/www.andermatt.com\/wp-content\/uploads\/2023\/01\/rv-c5_strawberry.png",18,10,false],"feature-size":["https:\/\/www.andermatt.com\/wp-content\/uploads\/2023\/01\/rv-c5_strawberry-633x315.png",633,315,true],"feature-size-gross":["https:\/\/www.andermatt.com\/wp-content\/uploads\/2023\/01\/rv-c5_strawberry.png",633,338,false],"header-size-small":["https:\/\/www.andermatt.com\/wp-content\/uploads\/2023\/01\/rv-c5_strawberry.png",633,338,false],"header-size":["https:\/\/www.andermatt.com\/wp-content\/uploads\/2023\/01\/rv-c5_strawberry.png",633,338,false],"mailpoet_newsletter_max":["https:\/\/www.andermatt.com\/wp-content\/uploads\/2023\/01\/rv-c5_strawberry.png",633,338,false]},"uagb_author_info":{"display_name":"Donvae Hooker","author_link":"https:\/\/www.andermatt.com\/es\/author\/"},"uagb_comment_info":0,"uagb_excerpt":"RhizoVital C5 is a microbial biostimulant containing spores of the naturally occurring soil bacteria&nbsp;Bacillus atrophaeus.&nbsp; RhizoVital C5 stimulates root growth and mobilizes nutrients in the soil. RhizoVital C5 supports the availability of plant nutrients which leads to an increased in yield. Tolerance towards abiotic stress caused by unfavorable climatic conditions and field management can be&hellip;","_links":{"self":[{"href":"https:\/\/www.andermatt.com\/es\/wp-json\/wp\/v2\/product\/5655","targetHints":{"allow":["GET"]}}],"collection":[{"href":"https:\/\/www.andermatt.com\/es\/wp-json\/wp\/v2\/product"}],"about":[{"href":"https:\/\/www.andermatt.com\/es\/wp-json\/wp\/v2\/types\/product"}],"version-history":[{"count":34,"href":"https:\/\/www.andermatt.com\/es\/wp-json\/wp\/v2\/product\/5655\/revisions"}],"predecessor-version":[{"id":9110,"href":"https:\/\/www.andermatt.com\/es\/wp-json\/wp\/v2\/product\/5655\/revisions\/9110"}],"wp:featuredmedia":[{"embeddable":true,"href":"https:\/\/www.andermatt.com\/es\/wp-json\/wp\/v2\/media\/6007"}],"wp:attachment":[{"href":"https:\/\/www.andermatt.com\/es\/wp-json\/wp\/v2\/media?parent=5655"}],"wp:term":[{"taxonomy":"crop","embeddable":true,"href":"https:\/\/www.andermatt.com\/es\/wp-json\/wp\/v2\/crop?post=5655"},{"taxonomy":"disease","embeddable":true,"href":"https:\/\/www.andermatt.com\/es\/wp-json\/wp\/v2\/disease?post=5655"},{"taxonomy":"pest","embeddable":true,"href":"https:\/\/www.andermatt.com\/es\/wp-json\/wp\/v2\/pest?post=5655"},{"taxonomy":"solution","embeddable":true,"href":"https:\/\/www.andermatt.com\/es\/wp-json\/wp\/v2\/solution?post=5655"}],"curies":[{"name":"wp","href":"https:\/\/api.w.org\/{rel}","templated":true}]}}