{"id":3483,"date":"2021-12-21T18:52:34","date_gmt":"2021-12-21T17:52:34","guid":{"rendered":"https:\/\/www.andermatt.com\/?post_type=product&#038;p=3483"},"modified":"2022-09-08T16:50:35","modified_gmt":"2022-09-08T14:50:35","slug":"aminovital","status":"publish","type":"product","link":"https:\/\/www.andermatt.com\/es\/producto\/aminovital\/","title":{"rendered":"AminoVital"},"content":{"rendered":"<p class=\"lead\">AminoVital es un fortalecedor de plantas a base de amino\u00e1cidos hidrolizados de origen animal para aplicaci\u00f3n foliar.<\/p>\n\n\n\n<figure class=\"wp-block-gallery has-nested-images columns-default is-cropped wp-block-gallery-1 is-layout-flex wp-block-gallery-is-layout-flex\">\n<figure class=\"wp-block-image size-feature-size-gross\"><a href=\"https:\/\/www.andermatt.com\/wp-content\/uploads\/2021\/12\/BiostimulantsBioinoculants_AminoVital1-scaled.jpg\"><img decoding=\"async\" width=\"660\" height=\"360\" data-id=\"3466\" src=\"https:\/\/www.andermatt.com\/wp-content\/uploads\/2021\/12\/BiostimulantsBioinoculants_AminoVital1-660x360.jpg\" alt=\"\" class=\"wp-image-3466\"\/><\/a><\/figure>\n\n\n\n<figure class=\"wp-block-image size-feature-size-gross\"><a href=\"https:\/\/www.andermatt.com\/wp-content\/uploads\/2021\/12\/BiostimulantsBioinoculants_AminoVital2-scaled.jpg\"><img decoding=\"async\" width=\"660\" height=\"360\" data-id=\"3484\" src=\"https:\/\/www.andermatt.com\/wp-content\/uploads\/2021\/12\/BiostimulantsBioinoculants_AminoVital2-660x360.jpg\" alt=\"\" class=\"wp-image-3484\"\/><\/a><\/figure>\n<\/figure>\n\n\n\n<p>Los amino\u00e1cidos desempe\u00f1an un papel crucial en el metabolismo de la planta. La planta suele sintetizar los amino\u00e1cidos mediante la absorci\u00f3n de carbono, agua y nitr\u00f3geno. Mediante la aplicaci\u00f3n de AminoVital directamente en la superficie de la hoja, la planta puede absorber estos amino\u00e1cidos directamente y \"ahorrar\" la s\u00edntesis que requiere mucha energ\u00eda. Especialmente en situaciones de estr\u00e9s, AminoVital tiene un efecto fortalecedor en las plantas. Una planta bien nutrida y con un desarrollo radicular sano tiene un mayor nivel de defensa y resistencia a los extremos clim\u00e1ticos.<\/p>","protected":false},"excerpt":{"rendered":"<p>AminoVital es un fortalecedor de plantas a base de amino\u00e1cidos hidrolizados de origen animal para aplicaci\u00f3n foliar. Los amino\u00e1cidos desempe\u00f1an un papel crucial en el metabolismo de la planta. La planta suele sintetizar los amino\u00e1cidos mediante la absorci\u00f3n de carbono, agua y nitr\u00f3geno. Mediante la aplicaci\u00f3n de AminoVital directamente en la superficie de la hoja, la planta puede ...<\/p>","protected":false},"featured_media":3484,"template":"","meta":{"_acf_changed":false,"_seopress_robots_primary_cat":"","_seopress_titles_title":"","_seopress_titles_desc":"","_seopress_robots_index":"","_searchwp_excluded":"","_uag_custom_page_level_css":"","site-sidebar-layout":"default","site-content-layout":"","ast-site-content-layout":"default","site-content-style":"default","site-sidebar-style":"default","ast-global-header-display":"","ast-banner-title-visibility":"","ast-main-header-display":"","ast-hfb-above-header-display":"","ast-hfb-below-header-display":"","ast-hfb-mobile-header-display":"","site-post-title":"","ast-breadcrumbs-content":"","ast-featured-img":"","footer-sml-layout":"","ast-disable-related-posts":"","theme-transparent-header-meta":"","adv-header-id-meta":"","stick-header-meta":"","header-above-stick-meta":"","header-main-stick-meta":"","header-below-stick-meta":"","astra-migrate-meta-layouts":"default","ast-page-background-enabled":"default","ast-page-background-meta":{"desktop":{"background-color":"","background-image":"","background-repeat":"repeat","background-position":"center center","background-size":"auto","background-attachment":"scroll","background-type":"","background-media":"","overlay-type":"","overlay-color":"","overlay-opacity":"","overlay-gradient":""},"tablet":{"background-color":"","background-image":"","background-repeat":"repeat","background-position":"center center","background-size":"auto","background-attachment":"scroll","background-type":"","background-media":"","overlay-type":"","overlay-color":"","overlay-opacity":"","overlay-gradient":""},"mobile":{"background-color":"","background-image":"","background-repeat":"repeat","background-position":"center center","background-size":"auto","background-attachment":"scroll","background-type":"","background-media":"","overlay-type":"","overlay-color":"","overlay-opacity":"","overlay-gradient":""}},"ast-content-background-meta":{"desktop":{"background-color":"var(--ast-global-color-5)","background-image":"","background-repeat":"repeat","background-position":"center center","background-size":"auto","background-attachment":"scroll","background-type":"","background-media":"","overlay-type":"","overlay-color":"","overlay-opacity":"","overlay-gradient":""},"tablet":{"background-color":"var(--ast-global-color-5)","background-image":"","background-repeat":"repeat","background-position":"center center","background-size":"auto","background-attachment":"scroll","background-type":"","background-media":"","overlay-type":"","overlay-color":"","overlay-opacity":"","overlay-gradient":""},"mobile":{"background-color":"var(--ast-global-color-5)","background-image":"","background-repeat":"repeat","background-position":"center center","background-size":"auto","background-attachment":"scroll","background-type":"","background-media":"","overlay-type":"","overlay-color":"","overlay-opacity":"","overlay-gradient":""}},"footnotes":""},"crop":[320],"disease":[],"pest":[],"solution":[39],"class_list":["post-3483","product","type-product","status-publish","has-post-thumbnail","hentry","crop-row_crops","solution-biostimulants-bioinoculants"],"acf":[],"uagb_featured_image_src":{"full":["https:\/\/www.andermatt.com\/wp-content\/uploads\/2021\/12\/BiostimulantsBioinoculants_AminoVital2-scaled.jpg",2400,1594,false],"thumbnail":["https:\/\/www.andermatt.com\/wp-content\/uploads\/2021\/12\/BiostimulantsBioinoculants_AminoVital2-150x150.jpg",150,150,true],"medium":["https:\/\/www.andermatt.com\/wp-content\/uploads\/2021\/12\/BiostimulantsBioinoculants_AminoVital2-300x199.jpg",300,199,true],"medium_large":["https:\/\/www.andermatt.com\/wp-content\/uploads\/2021\/12\/BiostimulantsBioinoculants_AminoVital2-768x510.jpg",768,510,true],"large":["https:\/\/www.andermatt.com\/wp-content\/uploads\/2021\/12\/BiostimulantsBioinoculants_AminoVital2-1024x680.jpg",1024,680,true],"1536x1536":["https:\/\/www.andermatt.com\/wp-content\/uploads\/2021\/12\/BiostimulantsBioinoculants_AminoVital2-1536x1020.jpg",1536,1020,true],"2048x2048":["https:\/\/www.andermatt.com\/wp-content\/uploads\/2021\/12\/BiostimulantsBioinoculants_AminoVital2-2048x1360.jpg",2048,1360,true],"trp-custom-language-flag":["https:\/\/www.andermatt.com\/wp-content\/uploads\/2021\/12\/BiostimulantsBioinoculants_AminoVital2-scaled.jpg",18,12,false],"feature-size":["https:\/\/www.andermatt.com\/wp-content\/uploads\/2021\/12\/BiostimulantsBioinoculants_AminoVital2-660x315.jpg",660,315,true],"feature-size-gross":["https:\/\/www.andermatt.com\/wp-content\/uploads\/2021\/12\/BiostimulantsBioinoculants_AminoVital2-660x360.jpg",660,360,true],"header-size-small":["https:\/\/www.andermatt.com\/wp-content\/uploads\/2021\/12\/BiostimulantsBioinoculants_AminoVital2-1000x350.jpg",1000,350,true],"header-size":["https:\/\/www.andermatt.com\/wp-content\/uploads\/2021\/12\/BiostimulantsBioinoculants_AminoVital2-2000x600.jpg",2000,600,true],"mailpoet_newsletter_max":["https:\/\/www.andermatt.com\/wp-content\/uploads\/2021\/12\/BiostimulantsBioinoculants_AminoVital2-1320x877.jpg",1320,877,true]},"uagb_author_info":{"display_name":"Alina Piven","author_link":"https:\/\/www.andermatt.com\/es\/author\/"},"uagb_comment_info":0,"uagb_excerpt":"AminoVital is a plant strengthener based on hydrolyzed amino acids of animal origin for foliar application. Amino acids play a crucial role in the metabolism of the plant. The plant usually synthesizes amino acids through the take-up of carbon, water and nitrogen. Through the application of AminoVital directly to the leaf surface the plant can&hellip;","_links":{"self":[{"href":"https:\/\/www.andermatt.com\/es\/wp-json\/wp\/v2\/product\/3483","targetHints":{"allow":["GET"]}}],"collection":[{"href":"https:\/\/www.andermatt.com\/es\/wp-json\/wp\/v2\/product"}],"about":[{"href":"https:\/\/www.andermatt.com\/es\/wp-json\/wp\/v2\/types\/product"}],"version-history":[{"count":4,"href":"https:\/\/www.andermatt.com\/es\/wp-json\/wp\/v2\/product\/3483\/revisions"}],"predecessor-version":[{"id":4420,"href":"https:\/\/www.andermatt.com\/es\/wp-json\/wp\/v2\/product\/3483\/revisions\/4420"}],"wp:featuredmedia":[{"embeddable":true,"href":"https:\/\/www.andermatt.com\/es\/wp-json\/wp\/v2\/media\/3484"}],"wp:attachment":[{"href":"https:\/\/www.andermatt.com\/es\/wp-json\/wp\/v2\/media?parent=3483"}],"wp:term":[{"taxonomy":"crop","embeddable":true,"href":"https:\/\/www.andermatt.com\/es\/wp-json\/wp\/v2\/crop?post=3483"},{"taxonomy":"disease","embeddable":true,"href":"https:\/\/www.andermatt.com\/es\/wp-json\/wp\/v2\/disease?post=3483"},{"taxonomy":"pest","embeddable":true,"href":"https:\/\/www.andermatt.com\/es\/wp-json\/wp\/v2\/pest?post=3483"},{"taxonomy":"solution","embeddable":true,"href":"https:\/\/www.andermatt.com\/es\/wp-json\/wp\/v2\/solution?post=3483"}],"curies":[{"name":"wp","href":"https:\/\/api.w.org\/{rel}","templated":true}]}}