{"id":3446,"date":"2021-12-21T17:43:02","date_gmt":"2021-12-21T16:43:02","guid":{"rendered":"https:\/\/www.andermatt.com\/?post_type=product&#038;p=3446"},"modified":"2025-04-15T11:30:18","modified_gmt":"2025-04-15T09:30:18","slug":"t-gro-easy-flow","status":"publish","type":"product","link":"https:\/\/www.andermatt.com\/es\/producto\/t-gro-easy-flow\/","title":{"rendered":"T-Gro Easy-Flow"},"content":{"rendered":"<p class=\"lead\">T-Gro Easy Flow es un producto de facil aplicacion a base de<em> Trichoderma asperellum<\/em> especifico para el uso en sembradoras para cultivos extensivos.<\/p>\n\n\n\n<figure class=\"wp-block-gallery has-nested-images columns-default is-cropped wp-block-gallery-1 is-layout-flex wp-block-gallery-is-layout-flex\">\n<figure class=\"wp-block-image size-feature-size-gross\"><a href=\"https:\/\/www.andermatt.com\/wp-content\/uploads\/2021\/12\/BiostimulantsBioinoculants_T-Gro-Easy-Flow1-scaled.jpg\"><img decoding=\"async\" width=\"660\" height=\"360\" data-id=\"3442\" src=\"https:\/\/www.andermatt.com\/wp-content\/uploads\/2021\/12\/BiostimulantsBioinoculants_T-Gro-Easy-Flow1-660x360.jpg\" alt=\"\" class=\"wp-image-3442\"\/><\/a><\/figure>\n\n\n\n<figure class=\"wp-block-image size-feature-size-gross\"><a href=\"https:\/\/www.andermatt.com\/wp-content\/uploads\/2021\/12\/BiostimulantsBioinoculants_T-Gro-Easy-Flow2-scaled.jpg\"><img decoding=\"async\" width=\"660\" height=\"360\" data-id=\"3443\" src=\"https:\/\/www.andermatt.com\/wp-content\/uploads\/2021\/12\/BiostimulantsBioinoculants_T-Gro-Easy-Flow2-660x360.jpg\" alt=\"\" class=\"wp-image-3443\"\/><\/a><\/figure>\n<\/figure>\n\n\n\n<p> T-Gro Easy-Flow aporta todos los beneficios del hongo Trichoderma asperellum en una formulacion lista para agregar en la sembradora. Germinacion uniforme y crecimiento inicial vigoroso sin necesidad de inocular las semillas. <\/p>\n\n\n\n<p>T-Gro Easy-Flow se a\u00f1ade simplemente a la tolva de semillas. A medida que el tractor se mueve, la agitaci\u00f3n de la tolva garantiza una distribuci\u00f3n uniforme del polvo por toda la tolva. T-Gro Easy-Flow es el tratamiento de semillas de Trichoderma perfecto para cultivos de amplia superficie como ma\u00edz o trigo.<\/p>\n\n\n\n<h3 class=\"wp-block-heading\">Ventajas<\/h3>\n\n\n\n<ul class=\"wp-block-list\"><li>F\u00e1cil de usar: se puede a\u00f1adir a la tolva de semillas mientras se siembra<\/li><li>Mejora el sistema radicular<\/li><li>Promueve una germinacion vigorosa y stand uniforme<\/li><li>Formulaci\u00f3n \u00fanica<\/li><li>Aumenta el crecimiento de las plantas y el rendimiento de los cultivos<\/li><li>Producto ideal para los programas MIP<\/li><li>Compatible con la producci\u00f3n ecol\u00f3gica y libre residuos<\/li><\/ul>\n\n\n\n<p>La cepa de Trichoderma que contiene es la misma cepa que en&nbsp;<a href=\"https:\/\/www.andermatt.com\/es\/producto\/t-gro\/\">T-Gro<\/a>, ayudando a la planta a conseguir un sistema radicular m\u00e1s grande, m\u00e1s sano y m\u00e1s eficaz.<\/p>","protected":false},"excerpt":{"rendered":"<p>T-Gro Easy-Flow es un producto de Trichoderma asperellum especialmente formulado en un soporte a base de grafito y talco. Es el lubricante de flujo de semillas perfecto para usar con sembradoras mec\u00e1nicas. T-Gro Easy-Flow mejora la movilizaci\u00f3n de nutrientes y ayuda a amortiguar el estr\u00e9s causado por condiciones extremas como el anegamiento, la sequ\u00eda u otras. La formulaci\u00f3n ofrece beneficios adicionales para la eficiencia de la siembra, como ...<\/p>","protected":false},"featured_media":3442,"template":"","meta":{"_acf_changed":false,"_seopress_robots_primary_cat":"none","_seopress_titles_title":"","_seopress_titles_desc":"","_seopress_robots_index":"","_searchwp_excluded":"","_uag_custom_page_level_css":"","site-sidebar-layout":"default","site-content-layout":"","ast-site-content-layout":"default","site-content-style":"default","site-sidebar-style":"default","ast-global-header-display":"","ast-banner-title-visibility":"","ast-main-header-display":"","ast-hfb-above-header-display":"","ast-hfb-below-header-display":"","ast-hfb-mobile-header-display":"","site-post-title":"","ast-breadcrumbs-content":"","ast-featured-img":"","footer-sml-layout":"","ast-disable-related-posts":"","theme-transparent-header-meta":"","adv-header-id-meta":"","stick-header-meta":"","header-above-stick-meta":"","header-main-stick-meta":"","header-below-stick-meta":"","astra-migrate-meta-layouts":"set","ast-page-background-enabled":"default","ast-page-background-meta":{"desktop":{"background-color":"","background-image":"","background-repeat":"repeat","background-position":"center center","background-size":"auto","background-attachment":"scroll","background-type":"","background-media":"","overlay-type":"","overlay-color":"","overlay-opacity":"","overlay-gradient":""},"tablet":{"background-color":"","background-image":"","background-repeat":"repeat","background-position":"center center","background-size":"auto","background-attachment":"scroll","background-type":"","background-media":"","overlay-type":"","overlay-color":"","overlay-opacity":"","overlay-gradient":""},"mobile":{"background-color":"","background-image":"","background-repeat":"repeat","background-position":"center center","background-size":"auto","background-attachment":"scroll","background-type":"","background-media":"","overlay-type":"","overlay-color":"","overlay-opacity":"","overlay-gradient":""}},"ast-content-background-meta":{"desktop":{"background-color":"var(--ast-global-color-5)","background-image":"","background-repeat":"repeat","background-position":"center center","background-size":"auto","background-attachment":"scroll","background-type":"","background-media":"","overlay-type":"","overlay-color":"","overlay-opacity":"","overlay-gradient":""},"tablet":{"background-color":"var(--ast-global-color-5)","background-image":"","background-repeat":"repeat","background-position":"center center","background-size":"auto","background-attachment":"scroll","background-type":"","background-media":"","overlay-type":"","overlay-color":"","overlay-opacity":"","overlay-gradient":""},"mobile":{"background-color":"var(--ast-global-color-5)","background-image":"","background-repeat":"repeat","background-position":"center center","background-size":"auto","background-attachment":"scroll","background-type":"","background-media":"","overlay-type":"","overlay-color":"","overlay-opacity":"","overlay-gradient":""}},"footnotes":""},"crop":[320],"disease":[],"pest":[],"solution":[39],"class_list":["post-3446","product","type-product","status-publish","has-post-thumbnail","hentry","crop-row_crops","solution-biostimulants-bioinoculants"],"acf":[],"uagb_featured_image_src":{"full":["https:\/\/www.andermatt.com\/wp-content\/uploads\/2021\/12\/BiostimulantsBioinoculants_T-Gro-Easy-Flow1-scaled.jpg",2400,1639,false],"thumbnail":["https:\/\/www.andermatt.com\/wp-content\/uploads\/2021\/12\/BiostimulantsBioinoculants_T-Gro-Easy-Flow1-150x150.jpg",150,150,true],"medium":["https:\/\/www.andermatt.com\/wp-content\/uploads\/2021\/12\/BiostimulantsBioinoculants_T-Gro-Easy-Flow1-300x205.jpg",300,205,true],"medium_large":["https:\/\/www.andermatt.com\/wp-content\/uploads\/2021\/12\/BiostimulantsBioinoculants_T-Gro-Easy-Flow1-768x524.jpg",768,524,true],"large":["https:\/\/www.andermatt.com\/wp-content\/uploads\/2021\/12\/BiostimulantsBioinoculants_T-Gro-Easy-Flow1-1024x699.jpg",1024,699,true],"1536x1536":["https:\/\/www.andermatt.com\/wp-content\/uploads\/2021\/12\/BiostimulantsBioinoculants_T-Gro-Easy-Flow1-1536x1049.jpg",1536,1049,true],"2048x2048":["https:\/\/www.andermatt.com\/wp-content\/uploads\/2021\/12\/BiostimulantsBioinoculants_T-Gro-Easy-Flow1-2048x1398.jpg",2048,1398,true],"trp-custom-language-flag":["https:\/\/www.andermatt.com\/wp-content\/uploads\/2021\/12\/BiostimulantsBioinoculants_T-Gro-Easy-Flow1-scaled.jpg",18,12,false],"feature-size":["https:\/\/www.andermatt.com\/wp-content\/uploads\/2021\/12\/BiostimulantsBioinoculants_T-Gro-Easy-Flow1-660x315.jpg",660,315,true],"feature-size-gross":["https:\/\/www.andermatt.com\/wp-content\/uploads\/2021\/12\/BiostimulantsBioinoculants_T-Gro-Easy-Flow1-660x360.jpg",660,360,true],"header-size-small":["https:\/\/www.andermatt.com\/wp-content\/uploads\/2021\/12\/BiostimulantsBioinoculants_T-Gro-Easy-Flow1-1000x350.jpg",1000,350,true],"header-size":["https:\/\/www.andermatt.com\/wp-content\/uploads\/2021\/12\/BiostimulantsBioinoculants_T-Gro-Easy-Flow1-2000x600.jpg",2000,600,true],"mailpoet_newsletter_max":["https:\/\/www.andermatt.com\/wp-content\/uploads\/2021\/12\/BiostimulantsBioinoculants_T-Gro-Easy-Flow1-1320x901.jpg",1320,901,true]},"uagb_author_info":{"display_name":"Donvae Hooker","author_link":"https:\/\/www.andermatt.com\/es\/author\/"},"uagb_comment_info":0,"uagb_excerpt":"T-Gro Easy-Flow is a specially formulated Trichoderma asperellum product on a graphite and talc-based carrier. It is the perfect seed flow lubricant to use with mechanical planters. T-Gro Easy-Flow improves nutrient mobilisation and helps buffer stress caused by extreme conditions such as waterlogging, drought or others. The formulation offers additional benefits to planting efficiency, such&hellip;","_links":{"self":[{"href":"https:\/\/www.andermatt.com\/es\/wp-json\/wp\/v2\/product\/3446","targetHints":{"allow":["GET"]}}],"collection":[{"href":"https:\/\/www.andermatt.com\/es\/wp-json\/wp\/v2\/product"}],"about":[{"href":"https:\/\/www.andermatt.com\/es\/wp-json\/wp\/v2\/types\/product"}],"version-history":[{"count":9,"href":"https:\/\/www.andermatt.com\/es\/wp-json\/wp\/v2\/product\/3446\/revisions"}],"predecessor-version":[{"id":8068,"href":"https:\/\/www.andermatt.com\/es\/wp-json\/wp\/v2\/product\/3446\/revisions\/8068"}],"wp:featuredmedia":[{"embeddable":true,"href":"https:\/\/www.andermatt.com\/es\/wp-json\/wp\/v2\/media\/3442"}],"wp:attachment":[{"href":"https:\/\/www.andermatt.com\/es\/wp-json\/wp\/v2\/media?parent=3446"}],"wp:term":[{"taxonomy":"crop","embeddable":true,"href":"https:\/\/www.andermatt.com\/es\/wp-json\/wp\/v2\/crop?post=3446"},{"taxonomy":"disease","embeddable":true,"href":"https:\/\/www.andermatt.com\/es\/wp-json\/wp\/v2\/disease?post=3446"},{"taxonomy":"pest","embeddable":true,"href":"https:\/\/www.andermatt.com\/es\/wp-json\/wp\/v2\/pest?post=3446"},{"taxonomy":"solution","embeddable":true,"href":"https:\/\/www.andermatt.com\/es\/wp-json\/wp\/v2\/solution?post=3446"}],"curies":[{"name":"wp","href":"https:\/\/api.w.org\/{rel}","templated":true}]}}