{"id":3425,"date":"2021-12-20T23:45:31","date_gmt":"2021-12-20T22:45:31","guid":{"rendered":"https:\/\/www.andermatt.com\/?post_type=product&#038;p=3425"},"modified":"2023-02-07T16:48:37","modified_gmt":"2023-02-07T15:48:37","slug":"microbios-para-tratamientos-y-recubrimientos-de-semillas","status":"publish","type":"product","link":"https:\/\/www.andermatt.com\/es\/producto\/microbios-para-tratamientos-y-recubrimientos-de-semillas\/","title":{"rendered":"Microbios para tratamientos y recubrimientos de semillas"},"content":{"rendered":"<p class=\"lead\">Las cepas de Bacillus y Trichoderma que promueven el crecimiento de la planta la ayudan a construir un sistema radicular fuerte y eficiente, mejorando su tolerancia al estr\u00e9s causado por condiciones desfavorables o pat\u00f3genos del suelo.<\/p>\n\n\n\n<p><\/p>\n\n\n\n<p>Las esporas de las cepas naturales de Bacillus o Trichoderma del suelo germinan y colonizan las j\u00f3venes ra\u00edces en crecimiento. Los microorganismos beneficiosos liberan enzimas y otros compuestos que estimulan el crecimiento de las plantas y movilizan los nutrientes. En las semillas, es una estrategia ideal para dar un valor a\u00f1adido a los productos existentes, mejorando la tasa de germinaci\u00f3n, la absorci\u00f3n de nutrientes, la emergencia de la planta y el establecimiento del rodal.<\/p>\n\n\n\n<p>Algunas cepas espec\u00edficas, como\u00a0<em>Bacillus velezensis<\/em>\u00a0FZB42 han demostrado ser capaces de suprimir significativamente las enfermedades transmitidas por el suelo, como Rhizoctonia o Fusarium. Un recubrimiento de la semilla con esta cepa proporciona una protecci\u00f3n ideal durante el per\u00edodo sensible de emergencia de la planta.<\/p>\n\n\n\n<figure class=\"wp-block-gallery has-nested-images columns-default is-cropped wp-block-gallery-1 is-layout-flex wp-block-gallery-is-layout-flex\">\n<figure class=\"wp-block-image size-large\"><img decoding=\"async\" width=\"1000\" height=\"665\" data-id=\"3427\" src=\"https:\/\/www.andermatt.com\/wp-content\/uploads\/2021\/12\/seed-treatment-2.jpg\" alt=\"\" class=\"wp-image-3427\" srcset=\"https:\/\/www.andermatt.com\/wp-content\/uploads\/2021\/12\/seed-treatment-2.jpg 1000w, https:\/\/www.andermatt.com\/wp-content\/uploads\/2021\/12\/seed-treatment-2-300x200.jpg 300w, https:\/\/www.andermatt.com\/wp-content\/uploads\/2021\/12\/seed-treatment-2-768x511.jpg 768w\" sizes=\"(max-width: 1000px) 100vw, 1000px\" \/><\/figure>\n<\/figure>\n\n\n\n<h3 class=\"wp-block-heading\">Beneficios<\/h3>\n\n\n\n<ul class=\"wp-block-list\">\n<li>Simplemente se transforman en insumos agr\u00edcolas, tratamientos de semillas y recubrimientos<\/li>\n\n\n\n<li>Compatibilidad con la mayor\u00eda de los fertilizantes y productos fitosanitarios<\/li>\n\n\n\n<li>Mejora el crecimiento de las ra\u00edces y la movilizaci\u00f3n de nutrientes<\/li>\n\n\n\n<li>Buena capacidad de almacenamiento: hasta 2 a\u00f1os<\/li>\n<\/ul>\n\n\n\n<h3 class=\"wp-block-heading\">Nuestros servicios<\/h3>\n\n\n\n<ul class=\"wp-block-list\">\n<li>Entrega de esporas de Bacillus y Trichoderma<\/li>\n\n\n\n<li>Soportes y formulaciones personalizadas<\/li>\n\n\n\n<li>Apoyo al an\u00e1lisis de laboratorio del producto final<\/li>\n\n\n\n<li>Entrega de grandes y peque\u00f1as cantidades<\/li>\n<\/ul>\n\n\n\n<h3 class=\"wp-block-heading\" id=\"block-ec93f5e2-c8ff-49b7-acd7-687a1707bc57\">Productos disponibles<\/h3>\n\n\n\n<ul class=\"wp-block-list\">\n<li><a href=\"https:\/\/www.andermatt.com\/es\/producto\/amyprotec-42\/\" data-type=\"URL\" data-id=\"https:\/\/www.andermatt.com\/product\/amyprotec-42\/\">AmyProtec 42<\/a><\/li>\n\n\n\n<li><a href=\"https:\/\/www.andermatt.com\/es\/producto\/phosbac\/\" data-type=\"URL\" data-id=\"https:\/\/www.andermatt.com\/product\/rhizovital\/\">Phosbac - RhizoVital<\/a><\/li>\n\n\n\n<li><a href=\"https:\/\/www.andermatt.com\/es\/producto\/t-gro\/\" data-type=\"URL\" data-id=\"https:\/\/www.andermatt.com\/product\/t-gro\/\">T-Gro<\/a><\/li>\n\n\n\n<li><a href=\"https:\/\/www.andermatt.com\/es\/producto\/t-gro-easy-flow\/\" data-type=\"URL\" data-id=\"https:\/\/www.andermatt.com\/product\/t-gro-easy-flow\/\">T-Gro Easy-Flow<\/a><\/li>\n<\/ul>","protected":false},"excerpt":{"rendered":"","protected":false},"featured_media":3426,"template":"","meta":{"_acf_changed":false,"_seopress_robots_primary_cat":"","_seopress_titles_title":"","_seopress_titles_desc":"","_seopress_robots_index":"","_searchwp_excluded":"","_uag_custom_page_level_css":"","site-sidebar-layout":"default","site-content-layout":"","ast-site-content-layout":"default","site-content-style":"default","site-sidebar-style":"default","ast-global-header-display":"","ast-banner-title-visibility":"","ast-main-header-display":"","ast-hfb-above-header-display":"","ast-hfb-below-header-display":"","ast-hfb-mobile-header-display":"","site-post-title":"","ast-breadcrumbs-content":"","ast-featured-img":"","footer-sml-layout":"","ast-disable-related-posts":"","theme-transparent-header-meta":"","adv-header-id-meta":"","stick-header-meta":"","header-above-stick-meta":"","header-main-stick-meta":"","header-below-stick-meta":"","astra-migrate-meta-layouts":"default","ast-page-background-enabled":"default","ast-page-background-meta":{"desktop":{"background-color":"","background-image":"","background-repeat":"repeat","background-position":"center center","background-size":"auto","background-attachment":"scroll","background-type":"","background-media":"","overlay-type":"","overlay-color":"","overlay-opacity":"","overlay-gradient":""},"tablet":{"background-color":"","background-image":"","background-repeat":"repeat","background-position":"center center","background-size":"auto","background-attachment":"scroll","background-type":"","background-media":"","overlay-type":"","overlay-color":"","overlay-opacity":"","overlay-gradient":""},"mobile":{"background-color":"","background-image":"","background-repeat":"repeat","background-position":"center center","background-size":"auto","background-attachment":"scroll","background-type":"","background-media":"","overlay-type":"","overlay-color":"","overlay-opacity":"","overlay-gradient":""}},"ast-content-background-meta":{"desktop":{"background-color":"var(--ast-global-color-5)","background-image":"","background-repeat":"repeat","background-position":"center center","background-size":"auto","background-attachment":"scroll","background-type":"","background-media":"","overlay-type":"","overlay-color":"","overlay-opacity":"","overlay-gradient":""},"tablet":{"background-color":"var(--ast-global-color-5)","background-image":"","background-repeat":"repeat","background-position":"center center","background-size":"auto","background-attachment":"scroll","background-type":"","background-media":"","overlay-type":"","overlay-color":"","overlay-opacity":"","overlay-gradient":""},"mobile":{"background-color":"var(--ast-global-color-5)","background-image":"","background-repeat":"repeat","background-position":"center center","background-size":"auto","background-attachment":"scroll","background-type":"","background-media":"","overlay-type":"","overlay-color":"","overlay-opacity":"","overlay-gradient":""}},"footnotes":""},"crop":[65,319,320,317],"disease":[330,336,328,337],"pest":[],"solution":[40],"class_list":["post-3425","product","type-product","status-publish","has-post-thumbnail","hentry","crop-herbs_ornamentals","crop-potatoes","crop-row_crops","crop-vegetables","disease-erwinia","disease-fusarium","disease-rhizoctonia","disease-sclerotinia","solution-microbials-for-seed-treatments-and-coatings"],"acf":[],"uagb_featured_image_src":{"full":["https:\/\/www.andermatt.com\/wp-content\/uploads\/2021\/12\/Seed-treatment-1-scaled.jpg",2400,600,false],"thumbnail":["https:\/\/www.andermatt.com\/wp-content\/uploads\/2021\/12\/Seed-treatment-1-150x150.jpg",150,150,true],"medium":["https:\/\/www.andermatt.com\/wp-content\/uploads\/2021\/12\/Seed-treatment-1-300x75.jpg",300,75,true],"medium_large":["https:\/\/www.andermatt.com\/wp-content\/uploads\/2021\/12\/Seed-treatment-1-768x192.jpg",768,192,true],"large":["https:\/\/www.andermatt.com\/wp-content\/uploads\/2021\/12\/Seed-treatment-1-1024x256.jpg",1024,256,true],"1536x1536":["https:\/\/www.andermatt.com\/wp-content\/uploads\/2021\/12\/Seed-treatment-1-1536x384.jpg",1536,384,true],"2048x2048":["https:\/\/www.andermatt.com\/wp-content\/uploads\/2021\/12\/Seed-treatment-1-2048x512.jpg",2048,512,true],"trp-custom-language-flag":["https:\/\/www.andermatt.com\/wp-content\/uploads\/2021\/12\/Seed-treatment-1-scaled.jpg",18,5,false],"feature-size":["https:\/\/www.andermatt.com\/wp-content\/uploads\/2021\/12\/Seed-treatment-1-660x315.jpg",660,315,true],"feature-size-gross":["https:\/\/www.andermatt.com\/wp-content\/uploads\/2021\/12\/Seed-treatment-1-660x360.jpg",660,360,true],"header-size-small":["https:\/\/www.andermatt.com\/wp-content\/uploads\/2021\/12\/Seed-treatment-1-1000x350.jpg",1000,350,true],"header-size":["https:\/\/www.andermatt.com\/wp-content\/uploads\/2021\/12\/Seed-treatment-1-2000x600.jpg",2000,600,true],"mailpoet_newsletter_max":["https:\/\/www.andermatt.com\/wp-content\/uploads\/2021\/12\/Seed-treatment-1-1320x330.jpg",1320,330,true]},"uagb_author_info":{"display_name":"Alina Piven","author_link":"https:\/\/www.andermatt.com\/es\/author\/"},"uagb_comment_info":0,"uagb_excerpt":null,"_links":{"self":[{"href":"https:\/\/www.andermatt.com\/es\/wp-json\/wp\/v2\/product\/3425","targetHints":{"allow":["GET"]}}],"collection":[{"href":"https:\/\/www.andermatt.com\/es\/wp-json\/wp\/v2\/product"}],"about":[{"href":"https:\/\/www.andermatt.com\/es\/wp-json\/wp\/v2\/types\/product"}],"version-history":[{"count":6,"href":"https:\/\/www.andermatt.com\/es\/wp-json\/wp\/v2\/product\/3425\/revisions"}],"predecessor-version":[{"id":6108,"href":"https:\/\/www.andermatt.com\/es\/wp-json\/wp\/v2\/product\/3425\/revisions\/6108"}],"wp:featuredmedia":[{"embeddable":true,"href":"https:\/\/www.andermatt.com\/es\/wp-json\/wp\/v2\/media\/3426"}],"wp:attachment":[{"href":"https:\/\/www.andermatt.com\/es\/wp-json\/wp\/v2\/media?parent=3425"}],"wp:term":[{"taxonomy":"crop","embeddable":true,"href":"https:\/\/www.andermatt.com\/es\/wp-json\/wp\/v2\/crop?post=3425"},{"taxonomy":"disease","embeddable":true,"href":"https:\/\/www.andermatt.com\/es\/wp-json\/wp\/v2\/disease?post=3425"},{"taxonomy":"pest","embeddable":true,"href":"https:\/\/www.andermatt.com\/es\/wp-json\/wp\/v2\/pest?post=3425"},{"taxonomy":"solution","embeddable":true,"href":"https:\/\/www.andermatt.com\/es\/wp-json\/wp\/v2\/solution?post=3425"}],"curies":[{"name":"wp","href":"https:\/\/api.w.org\/{rel}","templated":true}]}}