{"id":3419,"date":"2021-12-20T23:10:37","date_gmt":"2021-12-20T22:10:37","guid":{"rendered":"https:\/\/www.andermatt.com\/?post_type=product&#038;p=3419"},"modified":"2023-02-07T10:48:14","modified_gmt":"2023-02-07T09:48:14","slug":"t-77","status":"publish","type":"product","link":"https:\/\/www.andermatt.com\/es\/producto\/t-77\/","title":{"rendered":"T-77 - Atroverde"},"content":{"rendered":"<p class=\"lead\"><strong>Un concentrado de una cepa a\u00e9rea de&nbsp;<em>Trichoderma atroviride<\/em>&nbsp;para aplicacion foliar para el control de Botrytis, Sclerotinia, Monilia y Sigatoka.<\/strong><\/p>\n\n\n\n<p>T-77 - Atroverde se puede pulverizar y es eficaz contra la Botrytis en hojas, flores y frutos. Del mismo modo, las heridas de poda en las vides y otros \u00e1rboles frutales est\u00e1n protegidas contra la entrada de pat\u00f3genos.<\/p>\n\n\n\n<figure class=\"wp-block-gallery has-nested-images columns-3 is-cropped wp-block-gallery-1 is-layout-flex wp-block-gallery-is-layout-flex\">\n<figure class=\"wp-block-image size-feature-size-gross\"><a href=\"https:\/\/www.andermatt.com\/wp-content\/uploads\/2021\/12\/BiostimulantsBioinoculants_RhizoVital1-scaled.jpg\"><img decoding=\"async\" width=\"660\" height=\"360\" data-id=\"3420\" src=\"https:\/\/www.andermatt.com\/wp-content\/uploads\/2021\/12\/BiostimulantsBioinoculants_RhizoVital1-660x360.jpg\" alt=\"\" class=\"wp-image-3420\"\/><\/a><\/figure>\n\n\n\n<figure class=\"wp-block-image size-feature-size-gross\"><a href=\"https:\/\/www.andermatt.com\/wp-content\/uploads\/2021\/12\/Bio-Fungicides_T-77-1-1-scaled.jpg\"><img decoding=\"async\" width=\"660\" height=\"360\" data-id=\"3412\" src=\"https:\/\/www.andermatt.com\/wp-content\/uploads\/2021\/12\/Bio-Fungicides_T-77-1-1-660x360.jpg\" alt=\"\" class=\"wp-image-3412\"\/><\/a><\/figure>\n<\/figure>\n\n\n\n<h3 class=\"wp-block-heading\">Beneficios<\/h3>\n\n\n\n<ul class=\"wp-block-list\">\n<li>Control eficaz de la Botrytis (hojas, flores y frutos)<\/li>\n\n\n\n<li>Menos p\u00e9rdidas de plantas a causa de los pat\u00f3genos de la podredumbre de la madera<\/li>\n\n\n\n<li>La vida productiva del vi\u00f1edo se prolonga gracias a la prevenci\u00f3n de enfermedades (por ejemplo, la eutipiosis).<\/li>\n\n\n\n<li>No hay residuos ni per\u00edodo de retenci\u00f3n despu\u00e9s de la aplicaci\u00f3n<\/li>\n\n\n\n<li>Ideal para los programas de gesti\u00f3n integrada de plagas<\/li>\n<\/ul>","protected":false},"excerpt":{"rendered":"<p>Concentrado en polvo humectable de una cepa a\u00e9rea beneficiosa de Trichoderma atroviride para la protecci\u00f3n de heridas de poda y enfermedades como la Botrytis. T-77 puede pulverizarse y es eficaz contra Botrytis en hojas, flores y frutos. Del mismo modo, las heridas de poda en vides y otros \u00e1rboles frutales est\u00e1n protegidas contra la entrada de pat\u00f3genos. Ventajas<\/p>","protected":false},"featured_media":3420,"template":"","meta":{"_acf_changed":false,"_seopress_robots_primary_cat":"","_seopress_titles_title":"","_seopress_titles_desc":"","_seopress_robots_index":"","_searchwp_excluded":"","_uag_custom_page_level_css":"","site-sidebar-layout":"default","site-content-layout":"default","ast-site-content-layout":"default","site-content-style":"default","site-sidebar-style":"default","ast-global-header-display":"","ast-banner-title-visibility":"","ast-main-header-display":"","ast-hfb-above-header-display":"","ast-hfb-below-header-display":"","ast-hfb-mobile-header-display":"","site-post-title":"","ast-breadcrumbs-content":"","ast-featured-img":"","footer-sml-layout":"","ast-disable-related-posts":"","theme-transparent-header-meta":"default","adv-header-id-meta":"","stick-header-meta":"default","header-above-stick-meta":"","header-main-stick-meta":"","header-below-stick-meta":"","astra-migrate-meta-layouts":"default","ast-page-background-enabled":"default","ast-page-background-meta":{"desktop":{"background-color":"","background-image":"","background-repeat":"repeat","background-position":"center center","background-size":"auto","background-attachment":"scroll","background-type":"","background-media":"","overlay-type":"","overlay-color":"","overlay-opacity":"","overlay-gradient":""},"tablet":{"background-color":"","background-image":"","background-repeat":"repeat","background-position":"center center","background-size":"auto","background-attachment":"scroll","background-type":"","background-media":"","overlay-type":"","overlay-color":"","overlay-opacity":"","overlay-gradient":""},"mobile":{"background-color":"","background-image":"","background-repeat":"repeat","background-position":"center center","background-size":"auto","background-attachment":"scroll","background-type":"","background-media":"","overlay-type":"","overlay-color":"","overlay-opacity":"","overlay-gradient":""}},"ast-content-background-meta":{"desktop":{"background-color":"var(--ast-global-color-5)","background-image":"","background-repeat":"repeat","background-position":"center center","background-size":"auto","background-attachment":"scroll","background-type":"","background-media":"","overlay-type":"","overlay-color":"","overlay-opacity":"","overlay-gradient":""},"tablet":{"background-color":"var(--ast-global-color-5)","background-image":"","background-repeat":"repeat","background-position":"center center","background-size":"auto","background-attachment":"scroll","background-type":"","background-media":"","overlay-type":"","overlay-color":"","overlay-opacity":"","overlay-gradient":""},"mobile":{"background-color":"var(--ast-global-color-5)","background-image":"","background-repeat":"repeat","background-position":"center center","background-size":"auto","background-attachment":"scroll","background-type":"","background-media":"","overlay-type":"","overlay-color":"","overlay-opacity":"","overlay-gradient":""}},"footnotes":""},"crop":[316,318,65,320,317],"disease":[329,333,335,334],"pest":[],"solution":[38],"class_list":["post-3419","product","type-product","status-publish","has-post-thumbnail","hentry","crop-fruits-berries","crop-grapes","crop-herbs_ornamentals","crop-row_crops","crop-vegetables","disease-botrytis","disease-monilinia","disease-trunk-diseases","disease-venturia","solution-fungicides"],"acf":[],"uagb_featured_image_src":{"full":["https:\/\/www.andermatt.com\/wp-content\/uploads\/2021\/12\/BiostimulantsBioinoculants_RhizoVital1-scaled.jpg",2400,1601,false],"thumbnail":["https:\/\/www.andermatt.com\/wp-content\/uploads\/2021\/12\/BiostimulantsBioinoculants_RhizoVital1-150x150.jpg",150,150,true],"medium":["https:\/\/www.andermatt.com\/wp-content\/uploads\/2021\/12\/BiostimulantsBioinoculants_RhizoVital1-300x200.jpg",300,200,true],"medium_large":["https:\/\/www.andermatt.com\/wp-content\/uploads\/2021\/12\/BiostimulantsBioinoculants_RhizoVital1-768x513.jpg",768,513,true],"large":["https:\/\/www.andermatt.com\/wp-content\/uploads\/2021\/12\/BiostimulantsBioinoculants_RhizoVital1-1024x683.jpg",1024,683,true],"1536x1536":["https:\/\/www.andermatt.com\/wp-content\/uploads\/2021\/12\/BiostimulantsBioinoculants_RhizoVital1-1536x1025.jpg",1536,1025,true],"2048x2048":["https:\/\/www.andermatt.com\/wp-content\/uploads\/2021\/12\/BiostimulantsBioinoculants_RhizoVital1-2048x1367.jpg",2048,1367,true],"trp-custom-language-flag":["https:\/\/www.andermatt.com\/wp-content\/uploads\/2021\/12\/BiostimulantsBioinoculants_RhizoVital1-scaled.jpg",18,12,false],"feature-size":["https:\/\/www.andermatt.com\/wp-content\/uploads\/2021\/12\/BiostimulantsBioinoculants_RhizoVital1-660x315.jpg",660,315,true],"feature-size-gross":["https:\/\/www.andermatt.com\/wp-content\/uploads\/2021\/12\/BiostimulantsBioinoculants_RhizoVital1-660x360.jpg",660,360,true],"header-size-small":["https:\/\/www.andermatt.com\/wp-content\/uploads\/2021\/12\/BiostimulantsBioinoculants_RhizoVital1-1000x350.jpg",1000,350,true],"header-size":["https:\/\/www.andermatt.com\/wp-content\/uploads\/2021\/12\/BiostimulantsBioinoculants_RhizoVital1-2000x600.jpg",2000,600,true],"mailpoet_newsletter_max":["https:\/\/www.andermatt.com\/wp-content\/uploads\/2021\/12\/BiostimulantsBioinoculants_RhizoVital1-1320x881.jpg",1320,881,true]},"uagb_author_info":{"display_name":"Alina Piven","author_link":"https:\/\/www.andermatt.com\/es\/author\/"},"uagb_comment_info":0,"uagb_excerpt":"A wettable powder concentrate of a beneficial aerial&nbsp;Trichoderma atroviride&nbsp;strain for protection of pruning wounds and diseases like Botrytis. T-77 can be sprayed and is effective against Botrytis on leaves, flowers and fruits. In the same way pruning wounds on grapevines and other fruit trees are protected against the entrance of pathogens. Benefits","_links":{"self":[{"href":"https:\/\/www.andermatt.com\/es\/wp-json\/wp\/v2\/product\/3419","targetHints":{"allow":["GET"]}}],"collection":[{"href":"https:\/\/www.andermatt.com\/es\/wp-json\/wp\/v2\/product"}],"about":[{"href":"https:\/\/www.andermatt.com\/es\/wp-json\/wp\/v2\/types\/product"}],"version-history":[{"count":8,"href":"https:\/\/www.andermatt.com\/es\/wp-json\/wp\/v2\/product\/3419\/revisions"}],"predecessor-version":[{"id":7371,"href":"https:\/\/www.andermatt.com\/es\/wp-json\/wp\/v2\/product\/3419\/revisions\/7371"}],"wp:featuredmedia":[{"embeddable":true,"href":"https:\/\/www.andermatt.com\/es\/wp-json\/wp\/v2\/media\/3420"}],"wp:attachment":[{"href":"https:\/\/www.andermatt.com\/es\/wp-json\/wp\/v2\/media?parent=3419"}],"wp:term":[{"taxonomy":"crop","embeddable":true,"href":"https:\/\/www.andermatt.com\/es\/wp-json\/wp\/v2\/crop?post=3419"},{"taxonomy":"disease","embeddable":true,"href":"https:\/\/www.andermatt.com\/es\/wp-json\/wp\/v2\/disease?post=3419"},{"taxonomy":"pest","embeddable":true,"href":"https:\/\/www.andermatt.com\/es\/wp-json\/wp\/v2\/pest?post=3419"},{"taxonomy":"solution","embeddable":true,"href":"https:\/\/www.andermatt.com\/es\/wp-json\/wp\/v2\/solution?post=3419"}],"curies":[{"name":"wp","href":"https:\/\/api.w.org\/{rel}","templated":true}]}}