{"id":3411,"date":"2021-12-20T22:54:02","date_gmt":"2021-12-20T21:54:02","guid":{"rendered":"https:\/\/www.andermatt.com\/?post_type=product&#038;p=3411"},"modified":"2023-02-07T10:51:48","modified_gmt":"2023-02-07T09:51:48","slug":"vitisan","status":"publish","type":"product","link":"https:\/\/www.andermatt.com\/es\/producto\/vitisan\/","title":{"rendered":"VitiSan\u00ae."},"content":{"rendered":"<p class=\"lead\"><strong>VitiSan es un fungicida a base de bicarbonato de potasio con certificacion para uso en cultivos organicos. Tiene efectos preventivos y curativos contra una amplia gama de enfermedades f\u00fangicas.<\/strong><\/p>\n\n\n\n<p>VitiSan es muy adecuado como agente preventivo que crea una \"barrera inhibidora de enfermedades\" en la superficie de la planta. El producto tambi\u00e9n tiene un buen efecto curativo en las primeras fases de la infestaci\u00f3n. La miscibilidad flexible y el corto intervalo previo a la cosecha hacen que VitiSan sea f\u00e1cil de integrar en los programas de pulverizaci\u00f3n sin residuos o de MIP.<\/p>\n\n\n\n<figure class=\"wp-block-gallery has-nested-images columns-3 is-cropped wp-block-gallery-1 is-layout-flex wp-block-gallery-is-layout-flex\">\n<figure class=\"wp-block-image size-feature-size-gross\"><a href=\"https:\/\/www.andermatt.com\/wp-content\/uploads\/2021\/12\/Bio-Fungicides_T-77-1-1-scaled.jpg\"><img decoding=\"async\" width=\"660\" height=\"360\" data-id=\"3412\" src=\"https:\/\/www.andermatt.com\/wp-content\/uploads\/2021\/12\/Bio-Fungicides_T-77-1-1-660x360.jpg\" alt=\"\" class=\"wp-image-3412\"\/><\/a><\/figure>\n\n\n\n<figure class=\"wp-block-image size-feature-size-gross\"><a href=\"https:\/\/www.andermatt.com\/wp-content\/uploads\/2021\/12\/Bio-Fungicides_Vitisan1-scaled.jpg\"><img decoding=\"async\" width=\"660\" height=\"360\" data-id=\"3414\" src=\"https:\/\/www.andermatt.com\/wp-content\/uploads\/2021\/12\/Bio-Fungicides_Vitisan1-660x360.jpg\" alt=\"\" class=\"wp-image-3414\"\/><\/a><\/figure>\n<\/figure>\n\n\n\n<h3 class=\"wp-block-heading\">Beneficios<\/h3>\n\n\n\n<ul class=\"wp-block-list\">\n<li>Protecci\u00f3n eficaz contra un amplio espectro de enfermedades f\u00fangicas<\/li>\n\n\n\n<li>Sin residuos<\/li>\n\n\n\n<li>No hay riesgo de resistencia debido al modo de acci\u00f3n m\u00faltiple<\/li>\n\n\n\n<li>Intervalo de precosecha corto o incluso inexistente<\/li>\n\n\n\n<li>Beneficio de la amistad<\/li>\n\n\n\n<li>Miscibilidad vers\u00e1til con fertilizantes y productos fitosanitarios<\/li>\n\n\n\n<li>Muy adecuado para la gesti\u00f3n de la resistencia en estrategias con fungicidas convencionales<\/li>\n\n\n\n<li>Totalmente compatible con la producci\u00f3n ecol\u00f3gica y sin residuos<\/li>\n<\/ul>","protected":false},"excerpt":{"rendered":"<p>VitiSan es un fungicida biol\u00f3gico de contacto basado en el ingrediente activo bicarbonato de potasio. Tiene efectos preventivos y curativos contra una amplia gama de enfermedades f\u00fangicas. VitiSan es muy adecuado como agente preventivo que crea una \"barrera inhibidora de enfermedades\" en la superficie de la planta. El producto tambi\u00e9n tiene un buen efecto curativo en las primeras fases de ...<\/p>","protected":false},"featured_media":3412,"template":"","meta":{"_acf_changed":false,"_seopress_robots_primary_cat":"","_seopress_titles_title":"","_seopress_titles_desc":"","_seopress_robots_index":"","_searchwp_excluded":"","_uag_custom_page_level_css":"","site-sidebar-layout":"default","site-content-layout":"default","ast-site-content-layout":"default","site-content-style":"default","site-sidebar-style":"default","ast-global-header-display":"","ast-banner-title-visibility":"","ast-main-header-display":"","ast-hfb-above-header-display":"","ast-hfb-below-header-display":"","ast-hfb-mobile-header-display":"","site-post-title":"","ast-breadcrumbs-content":"","ast-featured-img":"","footer-sml-layout":"","ast-disable-related-posts":"","theme-transparent-header-meta":"default","adv-header-id-meta":"","stick-header-meta":"default","header-above-stick-meta":"","header-main-stick-meta":"","header-below-stick-meta":"","astra-migrate-meta-layouts":"default","ast-page-background-enabled":"default","ast-page-background-meta":{"desktop":{"background-color":"","background-image":"","background-repeat":"repeat","background-position":"center center","background-size":"auto","background-attachment":"scroll","background-type":"","background-media":"","overlay-type":"","overlay-color":"","overlay-opacity":"","overlay-gradient":""},"tablet":{"background-color":"","background-image":"","background-repeat":"repeat","background-position":"center center","background-size":"auto","background-attachment":"scroll","background-type":"","background-media":"","overlay-type":"","overlay-color":"","overlay-opacity":"","overlay-gradient":""},"mobile":{"background-color":"","background-image":"","background-repeat":"repeat","background-position":"center center","background-size":"auto","background-attachment":"scroll","background-type":"","background-media":"","overlay-type":"","overlay-color":"","overlay-opacity":"","overlay-gradient":""}},"ast-content-background-meta":{"desktop":{"background-color":"var(--ast-global-color-5)","background-image":"","background-repeat":"repeat","background-position":"center center","background-size":"auto","background-attachment":"scroll","background-type":"","background-media":"","overlay-type":"","overlay-color":"","overlay-opacity":"","overlay-gradient":""},"tablet":{"background-color":"var(--ast-global-color-5)","background-image":"","background-repeat":"repeat","background-position":"center center","background-size":"auto","background-attachment":"scroll","background-type":"","background-media":"","overlay-type":"","overlay-color":"","overlay-opacity":"","overlay-gradient":""},"mobile":{"background-color":"var(--ast-global-color-5)","background-image":"","background-repeat":"repeat","background-position":"center center","background-size":"auto","background-attachment":"scroll","background-type":"","background-media":"","overlay-type":"","overlay-color":"","overlay-opacity":"","overlay-gradient":""}},"footnotes":""},"crop":[316,318,65,321,320,317],"disease":[329,331,332,333,334],"pest":[],"solution":[38],"class_list":["post-3411","product","type-product","status-publish","has-post-thumbnail","hentry","crop-fruits-berries","crop-grapes","crop-herbs_ornamentals","crop-nuts","crop-row_crops","crop-vegetables","disease-botrytis","disease-erysiphales-mildew","disease-gloesporium","disease-monilinia","disease-venturia","solution-fungicides"],"acf":[],"uagb_featured_image_src":{"full":["https:\/\/www.andermatt.com\/wp-content\/uploads\/2021\/12\/Bio-Fungicides_T-77-1-1-scaled.jpg",2400,1599,false],"thumbnail":["https:\/\/www.andermatt.com\/wp-content\/uploads\/2021\/12\/Bio-Fungicides_T-77-1-1-150x150.jpg",150,150,true],"medium":["https:\/\/www.andermatt.com\/wp-content\/uploads\/2021\/12\/Bio-Fungicides_T-77-1-1-300x200.jpg",300,200,true],"medium_large":["https:\/\/www.andermatt.com\/wp-content\/uploads\/2021\/12\/Bio-Fungicides_T-77-1-1-768x512.jpg",768,512,true],"large":["https:\/\/www.andermatt.com\/wp-content\/uploads\/2021\/12\/Bio-Fungicides_T-77-1-1-1024x683.jpg",1024,683,true],"1536x1536":["https:\/\/www.andermatt.com\/wp-content\/uploads\/2021\/12\/Bio-Fungicides_T-77-1-1-1536x1024.jpg",1536,1024,true],"2048x2048":["https:\/\/www.andermatt.com\/wp-content\/uploads\/2021\/12\/Bio-Fungicides_T-77-1-1-2048x1365.jpg",2048,1365,true],"trp-custom-language-flag":["https:\/\/www.andermatt.com\/wp-content\/uploads\/2021\/12\/Bio-Fungicides_T-77-1-1-scaled.jpg",18,12,false],"feature-size":["https:\/\/www.andermatt.com\/wp-content\/uploads\/2021\/12\/Bio-Fungicides_T-77-1-1-660x315.jpg",660,315,true],"feature-size-gross":["https:\/\/www.andermatt.com\/wp-content\/uploads\/2021\/12\/Bio-Fungicides_T-77-1-1-660x360.jpg",660,360,true],"header-size-small":["https:\/\/www.andermatt.com\/wp-content\/uploads\/2021\/12\/Bio-Fungicides_T-77-1-1-1000x350.jpg",1000,350,true],"header-size":["https:\/\/www.andermatt.com\/wp-content\/uploads\/2021\/12\/Bio-Fungicides_T-77-1-1-2000x600.jpg",2000,600,true],"mailpoet_newsletter_max":["https:\/\/www.andermatt.com\/wp-content\/uploads\/2021\/12\/Bio-Fungicides_T-77-1-1-1320x880.jpg",1320,880,true]},"uagb_author_info":{"display_name":"Alina Piven","author_link":"https:\/\/www.andermatt.com\/es\/author\/"},"uagb_comment_info":0,"uagb_excerpt":"VitiSan is a biological contact fungicide based on the active ingredient potassium bicarbonate. It has preventive and curative effects against a wide range of fungal diseases. VitiSan is well suited as a preventive agent creating a &#8220;disease-inhibiting barrier&#8221; on the plant surface. The product also has a good curative effect in the early stages of&hellip;","_links":{"self":[{"href":"https:\/\/www.andermatt.com\/es\/wp-json\/wp\/v2\/product\/3411","targetHints":{"allow":["GET"]}}],"collection":[{"href":"https:\/\/www.andermatt.com\/es\/wp-json\/wp\/v2\/product"}],"about":[{"href":"https:\/\/www.andermatt.com\/es\/wp-json\/wp\/v2\/types\/product"}],"version-history":[{"count":13,"href":"https:\/\/www.andermatt.com\/es\/wp-json\/wp\/v2\/product\/3411\/revisions"}],"predecessor-version":[{"id":6105,"href":"https:\/\/www.andermatt.com\/es\/wp-json\/wp\/v2\/product\/3411\/revisions\/6105"}],"wp:featuredmedia":[{"embeddable":true,"href":"https:\/\/www.andermatt.com\/es\/wp-json\/wp\/v2\/media\/3412"}],"wp:attachment":[{"href":"https:\/\/www.andermatt.com\/es\/wp-json\/wp\/v2\/media?parent=3411"}],"wp:term":[{"taxonomy":"crop","embeddable":true,"href":"https:\/\/www.andermatt.com\/es\/wp-json\/wp\/v2\/crop?post=3411"},{"taxonomy":"disease","embeddable":true,"href":"https:\/\/www.andermatt.com\/es\/wp-json\/wp\/v2\/disease?post=3411"},{"taxonomy":"pest","embeddable":true,"href":"https:\/\/www.andermatt.com\/es\/wp-json\/wp\/v2\/pest?post=3411"},{"taxonomy":"solution","embeddable":true,"href":"https:\/\/www.andermatt.com\/es\/wp-json\/wp\/v2\/solution?post=3411"}],"curies":[{"name":"wp","href":"https:\/\/api.w.org\/{rel}","templated":true}]}}