{"id":3395,"date":"2021-12-20T22:21:03","date_gmt":"2021-12-20T21:21:03","guid":{"rendered":"https:\/\/www.andermatt.com\/?post_type=product&#038;p=3395"},"modified":"2023-02-07T10:10:53","modified_gmt":"2023-02-07T09:10:53","slug":"abietiv","status":"publish","type":"product","link":"https:\/\/www.andermatt.com\/es\/producto\/abietiv\/","title":{"rendered":"Abietiv"},"content":{"rendered":"<p class=\"lead\">Abietiv es un preparado de nucleopoliedrovirus (Neodiprion abietis NPV) para el control biol\u00f3gico de la mosca del abeto bals\u00e1mico&nbsp;<em>(Neodiprion abietis)<\/em><\/p>\n\n\n\n<p><\/p>\n\n\n\n<figure class=\"wp-block-gallery has-nested-images columns-1 is-cropped wp-block-gallery-1 is-layout-flex wp-block-gallery-is-layout-flex\">\n<figure class=\"wp-block-image size-feature-size-gross\"><a href=\"https:\/\/www.andermatt.com\/wp-content\/uploads\/2021\/12\/Bio-Insecticides_Abietiv1-1.jpg\"><img decoding=\"async\" width=\"660\" height=\"360\" data-id=\"3396\" src=\"https:\/\/www.andermatt.com\/wp-content\/uploads\/2021\/12\/Bio-Insecticides_Abietiv1-1-660x360.jpg\" alt=\"\" class=\"wp-image-3396\"\/><\/a><\/figure>\n<\/figure>\n\n\n\n<h3 class=\"wp-block-heading\">Beneficios<\/h3>\n\n\n\n<ul class=\"wp-block-list\">\n<li>El NPV de Neodiprion abietis es un agente de control biol\u00f3gico natural aislado de poblaciones de moscas de la sierra en Terranova, Canad\u00e1. El virus causa una enfermedad letal cuando es ingerido por las larvas que se alimentan<\/li>\n<\/ul>\n\n\n\n<h3 class=\"wp-block-heading\">Informaci\u00f3n sobre la plaga<\/h3>\n\n\n\n<p>La mosca del abeto del b\u00e1lsamico&nbsp;<em>(Neodiprion abietis)<\/em>&nbsp;es una especie de mosca de la sierra aut\u00f3ctona que est\u00e1 presente en todo Canad\u00e1 y Estados Unidos. Sus larvas son una importante plaga defoliadora de los abetos bals\u00e1micos raleados antes de su comercializaci\u00f3n.&nbsp;<em>(Abies balsamea)<\/em>. Los da\u00f1os causados al \u00e1rbol son la defoliaci\u00f3n, la reducci\u00f3n del vigor y del crecimiento y la mortalidad del \u00e1rbol.<\/p>","protected":false},"excerpt":{"rendered":"<p>Abietiv es un preparado de nucleopoliedrovirus (Neodiprion abietis NPV) para el control biol\u00f3gico de la mosca de la sierra del abeto bals\u00e1mico (Neodiprion abietis) Beneficios Informaci\u00f3n sobre la plaga La mosca de la sierra del abeto bals\u00e1mico (Neodiprion abietis) es una especie nativa de mosca de la sierra que se encuentra en todo Canad\u00e1 y Estados Unidos. Sus larvas son una plaga defoliadora importante del abeto bals\u00e1mico (Abies balsamea) raleado antes de su comercializaci\u00f3n. Los da\u00f1os causados ...<\/p>","protected":false},"featured_media":3396,"template":"","meta":{"_acf_changed":false,"_seopress_robots_primary_cat":"","_seopress_titles_title":"","_seopress_titles_desc":"","_seopress_robots_index":"","_searchwp_excluded":"","_uag_custom_page_level_css":"","site-sidebar-layout":"default","site-content-layout":"default","ast-site-content-layout":"default","site-content-style":"default","site-sidebar-style":"default","ast-global-header-display":"","ast-banner-title-visibility":"","ast-main-header-display":"","ast-hfb-above-header-display":"","ast-hfb-below-header-display":"","ast-hfb-mobile-header-display":"","site-post-title":"","ast-breadcrumbs-content":"","ast-featured-img":"","footer-sml-layout":"","ast-disable-related-posts":"","theme-transparent-header-meta":"default","adv-header-id-meta":"","stick-header-meta":"default","header-above-stick-meta":"","header-main-stick-meta":"","header-below-stick-meta":"","astra-migrate-meta-layouts":"default","ast-page-background-enabled":"default","ast-page-background-meta":{"desktop":{"background-color":"","background-image":"","background-repeat":"repeat","background-position":"center center","background-size":"auto","background-attachment":"scroll","background-type":"","background-media":"","overlay-type":"","overlay-color":"","overlay-opacity":"","overlay-gradient":""},"tablet":{"background-color":"","background-image":"","background-repeat":"repeat","background-position":"center center","background-size":"auto","background-attachment":"scroll","background-type":"","background-media":"","overlay-type":"","overlay-color":"","overlay-opacity":"","overlay-gradient":""},"mobile":{"background-color":"","background-image":"","background-repeat":"repeat","background-position":"center center","background-size":"auto","background-attachment":"scroll","background-type":"","background-media":"","overlay-type":"","overlay-color":"","overlay-opacity":"","overlay-gradient":""}},"ast-content-background-meta":{"desktop":{"background-color":"var(--ast-global-color-5)","background-image":"","background-repeat":"repeat","background-position":"center center","background-size":"auto","background-attachment":"scroll","background-type":"","background-media":"","overlay-type":"","overlay-color":"","overlay-opacity":"","overlay-gradient":""},"tablet":{"background-color":"var(--ast-global-color-5)","background-image":"","background-repeat":"repeat","background-position":"center center","background-size":"auto","background-attachment":"scroll","background-type":"","background-media":"","overlay-type":"","overlay-color":"","overlay-opacity":"","overlay-gradient":""},"mobile":{"background-color":"var(--ast-global-color-5)","background-image":"","background-repeat":"repeat","background-position":"center center","background-size":"auto","background-attachment":"scroll","background-type":"","background-media":"","overlay-type":"","overlay-color":"","overlay-opacity":"","overlay-gradient":""}},"footnotes":""},"crop":[322],"disease":[],"pest":[44],"solution":[37],"class_list":["post-3395","product","type-product","status-publish","has-post-thumbnail","hentry","crop-forest","pest-lepidoptera","solution-insecticides"],"acf":[],"uagb_featured_image_src":{"full":["https:\/\/www.andermatt.com\/wp-content\/uploads\/2021\/12\/Bio-Insecticides_Abietiv1-1.jpg",1920,1080,false],"thumbnail":["https:\/\/www.andermatt.com\/wp-content\/uploads\/2021\/12\/Bio-Insecticides_Abietiv1-1-150x150.jpg",150,150,true],"medium":["https:\/\/www.andermatt.com\/wp-content\/uploads\/2021\/12\/Bio-Insecticides_Abietiv1-1-300x169.jpg",300,169,true],"medium_large":["https:\/\/www.andermatt.com\/wp-content\/uploads\/2021\/12\/Bio-Insecticides_Abietiv1-1-768x432.jpg",768,432,true],"large":["https:\/\/www.andermatt.com\/wp-content\/uploads\/2021\/12\/Bio-Insecticides_Abietiv1-1-1024x576.jpg",1024,576,true],"1536x1536":["https:\/\/www.andermatt.com\/wp-content\/uploads\/2021\/12\/Bio-Insecticides_Abietiv1-1-1536x864.jpg",1536,864,true],"2048x2048":["https:\/\/www.andermatt.com\/wp-content\/uploads\/2021\/12\/Bio-Insecticides_Abietiv1-1.jpg",1920,1080,false],"trp-custom-language-flag":["https:\/\/www.andermatt.com\/wp-content\/uploads\/2021\/12\/Bio-Insecticides_Abietiv1-1.jpg",18,10,false],"feature-size":["https:\/\/www.andermatt.com\/wp-content\/uploads\/2021\/12\/Bio-Insecticides_Abietiv1-1-660x315.jpg",660,315,true],"feature-size-gross":["https:\/\/www.andermatt.com\/wp-content\/uploads\/2021\/12\/Bio-Insecticides_Abietiv1-1-660x360.jpg",660,360,true],"header-size-small":["https:\/\/www.andermatt.com\/wp-content\/uploads\/2021\/12\/Bio-Insecticides_Abietiv1-1-1000x350.jpg",1000,350,true],"header-size":["https:\/\/www.andermatt.com\/wp-content\/uploads\/2021\/12\/Bio-Insecticides_Abietiv1-1-1920x600.jpg",1920,600,true],"mailpoet_newsletter_max":["https:\/\/www.andermatt.com\/wp-content\/uploads\/2021\/12\/Bio-Insecticides_Abietiv1-1-1320x743.jpg",1320,743,true]},"uagb_author_info":{"display_name":"Alina Piven","author_link":"https:\/\/www.andermatt.com\/es\/author\/"},"uagb_comment_info":0,"uagb_excerpt":"Abietiv is a nucleopolyhedrovirus (Neodiprion abietis NPV) preparation for the biological control of the balsam fir sawfly&nbsp;(Neodiprion abietis) Benefits Pest Information The Balsam fir sawfly&nbsp;(Neodiprion abietis)&nbsp;is a native sawfly species that occurs throughout Canada and the United States. Its larvae are a significant defoliating pest of pre-commercially thinned balsam fir&nbsp;(Abies balsamea). Damage caused to the&hellip;","_links":{"self":[{"href":"https:\/\/www.andermatt.com\/es\/wp-json\/wp\/v2\/product\/3395","targetHints":{"allow":["GET"]}}],"collection":[{"href":"https:\/\/www.andermatt.com\/es\/wp-json\/wp\/v2\/product"}],"about":[{"href":"https:\/\/www.andermatt.com\/es\/wp-json\/wp\/v2\/types\/product"}],"version-history":[{"count":9,"href":"https:\/\/www.andermatt.com\/es\/wp-json\/wp\/v2\/product\/3395\/revisions"}],"predecessor-version":[{"id":6101,"href":"https:\/\/www.andermatt.com\/es\/wp-json\/wp\/v2\/product\/3395\/revisions\/6101"}],"wp:featuredmedia":[{"embeddable":true,"href":"https:\/\/www.andermatt.com\/es\/wp-json\/wp\/v2\/media\/3396"}],"wp:attachment":[{"href":"https:\/\/www.andermatt.com\/es\/wp-json\/wp\/v2\/media?parent=3395"}],"wp:term":[{"taxonomy":"crop","embeddable":true,"href":"https:\/\/www.andermatt.com\/es\/wp-json\/wp\/v2\/crop?post=3395"},{"taxonomy":"disease","embeddable":true,"href":"https:\/\/www.andermatt.com\/es\/wp-json\/wp\/v2\/disease?post=3395"},{"taxonomy":"pest","embeddable":true,"href":"https:\/\/www.andermatt.com\/es\/wp-json\/wp\/v2\/pest?post=3395"},{"taxonomy":"solution","embeddable":true,"href":"https:\/\/www.andermatt.com\/es\/wp-json\/wp\/v2\/solution?post=3395"}],"curies":[{"name":"wp","href":"https:\/\/api.w.org\/{rel}","templated":true}]}}