{"id":3383,"date":"2021-12-20T22:07:21","date_gmt":"2021-12-20T21:07:21","guid":{"rendered":"https:\/\/www.andermatt.com\/?post_type=product&#038;p=3383"},"modified":"2022-09-08T16:58:27","modified_gmt":"2022-09-08T14:58:27","slug":"lymantria-dispar-mnpv","status":"publish","type":"product","link":"https:\/\/www.andermatt.com\/es\/producto\/lymantria-dispar-mnpv\/","title":{"rendered":"Lymantria dispar MNPV"},"content":{"rendered":"<p class=\"lead\">Lymantria dispar MNPV es una alternativa biol\u00f3gica y ofrece un control muy eficaz de <em>Lymantria dispar<\/em>.<\/p>\n\n\n\n<div class=\"wp-block-columns is-layout-flex wp-container-core-columns-is-layout-28f84493 wp-block-columns-is-layout-flex\">\n<div class=\"wp-block-column is-layout-flow wp-block-column-is-layout-flow\" style=\"flex-basis:100%\">\n<div class=\"inherit-container-width wp-block-group is-layout-constrained wp-block-group-is-layout-constrained\"><div class=\"wp-block-group__inner-container\">\n<figure class=\"wp-block-gallery has-nested-images columns-default is-cropped wp-block-gallery-1 is-layout-flex wp-block-gallery-is-layout-flex\">\n<figure class=\"wp-block-image size-large\"><img decoding=\"async\" width=\"680\" height=\"1024\" data-id=\"3385\" src=\"https:\/\/www.andermatt.com\/wp-content\/uploads\/2021\/12\/Bio-Insecticides_Lymantria-dispar-MNPV1-680x1024.jpg\" alt=\"\" class=\"wp-image-3385\" srcset=\"https:\/\/www.andermatt.com\/wp-content\/uploads\/2021\/12\/Bio-Insecticides_Lymantria-dispar-MNPV1-680x1024.jpg 680w, https:\/\/www.andermatt.com\/wp-content\/uploads\/2021\/12\/Bio-Insecticides_Lymantria-dispar-MNPV1-199x300.jpg 199w, https:\/\/www.andermatt.com\/wp-content\/uploads\/2021\/12\/Bio-Insecticides_Lymantria-dispar-MNPV1-768x1156.jpg 768w, https:\/\/www.andermatt.com\/wp-content\/uploads\/2021\/12\/Bio-Insecticides_Lymantria-dispar-MNPV1-1020x1536.jpg 1020w, https:\/\/www.andermatt.com\/wp-content\/uploads\/2021\/12\/Bio-Insecticides_Lymantria-dispar-MNPV1-1360x2048.jpg 1360w, https:\/\/www.andermatt.com\/wp-content\/uploads\/2021\/12\/Bio-Insecticides_Lymantria-dispar-MNPV1-1320x1987.jpg 1320w, https:\/\/www.andermatt.com\/wp-content\/uploads\/2021\/12\/Bio-Insecticides_Lymantria-dispar-MNPV1.jpg 1594w\" sizes=\"(max-width: 680px) 100vw, 680px\" \/><\/figure>\n\n\n\n<figure class=\"wp-block-image size-large\"><img decoding=\"async\" width=\"1024\" height=\"770\" data-id=\"3384\" src=\"https:\/\/www.andermatt.com\/wp-content\/uploads\/2021\/12\/Bio-Insecticides_Lymantria2-1024x770.jpg\" alt=\"\" class=\"wp-image-3384\" srcset=\"https:\/\/www.andermatt.com\/wp-content\/uploads\/2021\/12\/Bio-Insecticides_Lymantria2-1024x770.jpg 1024w, https:\/\/www.andermatt.com\/wp-content\/uploads\/2021\/12\/Bio-Insecticides_Lymantria2-300x226.jpg 300w, https:\/\/www.andermatt.com\/wp-content\/uploads\/2021\/12\/Bio-Insecticides_Lymantria2-768x578.jpg 768w, https:\/\/www.andermatt.com\/wp-content\/uploads\/2021\/12\/Bio-Insecticides_Lymantria2-1536x1155.jpg 1536w, https:\/\/www.andermatt.com\/wp-content\/uploads\/2021\/12\/Bio-Insecticides_Lymantria2-2048x1540.jpg 2048w, https:\/\/www.andermatt.com\/wp-content\/uploads\/2021\/12\/Bio-Insecticides_Lymantria2-1320x993.jpg 1320w\" sizes=\"(max-width: 1024px) 100vw, 1024px\" \/><\/figure>\n<\/figure>\n<\/div><\/div>\n<\/div>\n<\/div>\n\n\n\n<div class=\"wp-block-columns is-layout-flex wp-container-core-columns-is-layout-28f84493 wp-block-columns-is-layout-flex\">\n<div class=\"wp-block-column is-layout-flow wp-block-column-is-layout-flow\" style=\"flex-basis:100%\"><\/div>\n<\/div>\n\n\n\n<p><\/p>\n\n\n\n<h3 class=\"wp-block-heading\">Beneficios<\/h3>\n\n\n\n<ul class=\"list wp-block-list\"><li>El MNPV de Lymantria dispar es un preparado de nucleopoliedrovirus m\u00faltiple (MNPV) para el control biol\u00f3gico de las larvas de la polilla gitana&nbsp;<em>(Lymantria dispar)<\/em>.<\/li><li>Los esfuerzos de control con Lymantria dispar MNPV son necesarios para gestionar la polilla gitana y proteger los recursos naturales, as\u00ed como la integridad de los bosques. El producto puede aplicarse desde el suelo o por v\u00eda a\u00e9rea. Sylvar Technologies Inc. Canad\u00e1, una filial de Andermatt Biocontrol (60%), es el productor.<\/li><\/ul>\n\n\n\n<h3 class=\"wp-block-heading\">Informaci\u00f3n sobre la plaga<\/h3>\n\n\n\n<p>La polilla gitana&nbsp;<em>(Lymantria dispar)<\/em>&nbsp;est\u00e1 presente en Europa, Am\u00e9rica del Norte y Asia Central. Los da\u00f1os los causan exclusivamente las orugas pol\u00edfagas, que se alimentan de las hojas en desarrollo de m\u00e1s de 300 especies de \u00e1rboles.<\/p>\n\n\n\n<p>Durante los brotes graves, los \u00e1rboles y arbustos quedan completamente defoliados en grandes \u00e1reas, lo que provoca una importante p\u00e9rdida de crecimiento en los ecosistemas forestales. Adem\u00e1s, las larvas provocan dermatitis de contacto y son alerg\u00e9nicas para el ser humano.<\/p>","protected":false},"excerpt":{"rendered":"<p>Lymantria dispar MNPV es una alternativa biol\u00f3gica y ofrece un control muy eficaz de la polilla gitana. Ventajas El MNPV de Lymantria dispar es un preparado de nucleopoliedrovirus m\u00faltiple (MNPV) para el control biol\u00f3gico de las larvas de la polilla gitana (Lymantria dispar). Los esfuerzos de control con Lymantria dispar MNPV son necesarios para gestionar la polilla gitana y proteger los recursos naturales ...<\/p>","protected":false},"featured_media":3385,"template":"","meta":{"_acf_changed":false,"_seopress_robots_primary_cat":"","_seopress_titles_title":"","_seopress_titles_desc":"","_seopress_robots_index":"","_searchwp_excluded":"","_uag_custom_page_level_css":"","site-sidebar-layout":"default","site-content-layout":"default","ast-site-content-layout":"default","site-content-style":"default","site-sidebar-style":"default","ast-global-header-display":"","ast-banner-title-visibility":"","ast-main-header-display":"","ast-hfb-above-header-display":"","ast-hfb-below-header-display":"","ast-hfb-mobile-header-display":"","site-post-title":"","ast-breadcrumbs-content":"","ast-featured-img":"","footer-sml-layout":"","ast-disable-related-posts":"","theme-transparent-header-meta":"default","adv-header-id-meta":"","stick-header-meta":"default","header-above-stick-meta":"","header-main-stick-meta":"","header-below-stick-meta":"","astra-migrate-meta-layouts":"default","ast-page-background-enabled":"default","ast-page-background-meta":{"desktop":{"background-color":"","background-image":"","background-repeat":"repeat","background-position":"center center","background-size":"auto","background-attachment":"scroll","background-type":"","background-media":"","overlay-type":"","overlay-color":"","overlay-opacity":"","overlay-gradient":""},"tablet":{"background-color":"","background-image":"","background-repeat":"repeat","background-position":"center center","background-size":"auto","background-attachment":"scroll","background-type":"","background-media":"","overlay-type":"","overlay-color":"","overlay-opacity":"","overlay-gradient":""},"mobile":{"background-color":"","background-image":"","background-repeat":"repeat","background-position":"center center","background-size":"auto","background-attachment":"scroll","background-type":"","background-media":"","overlay-type":"","overlay-color":"","overlay-opacity":"","overlay-gradient":""}},"ast-content-background-meta":{"desktop":{"background-color":"var(--ast-global-color-5)","background-image":"","background-repeat":"repeat","background-position":"center center","background-size":"auto","background-attachment":"scroll","background-type":"","background-media":"","overlay-type":"","overlay-color":"","overlay-opacity":"","overlay-gradient":""},"tablet":{"background-color":"var(--ast-global-color-5)","background-image":"","background-repeat":"repeat","background-position":"center center","background-size":"auto","background-attachment":"scroll","background-type":"","background-media":"","overlay-type":"","overlay-color":"","overlay-opacity":"","overlay-gradient":""},"mobile":{"background-color":"var(--ast-global-color-5)","background-image":"","background-repeat":"repeat","background-position":"center center","background-size":"auto","background-attachment":"scroll","background-type":"","background-media":"","overlay-type":"","overlay-color":"","overlay-opacity":"","overlay-gradient":""}},"footnotes":""},"crop":[322],"disease":[],"pest":[44],"solution":[37],"class_list":["post-3383","product","type-product","status-publish","has-post-thumbnail","hentry","crop-forest","pest-lepidoptera","solution-insecticides"],"acf":[],"uagb_featured_image_src":{"full":["https:\/\/www.andermatt.com\/wp-content\/uploads\/2021\/12\/Bio-Insecticides_Lymantria-dispar-MNPV1-scaled.jpg",1594,2400,false],"thumbnail":["https:\/\/www.andermatt.com\/wp-content\/uploads\/2021\/12\/Bio-Insecticides_Lymantria-dispar-MNPV1-150x150.jpg",150,150,true],"medium":["https:\/\/www.andermatt.com\/wp-content\/uploads\/2021\/12\/Bio-Insecticides_Lymantria-dispar-MNPV1-199x300.jpg",199,300,true],"medium_large":["https:\/\/www.andermatt.com\/wp-content\/uploads\/2021\/12\/Bio-Insecticides_Lymantria-dispar-MNPV1-768x1156.jpg",768,1156,true],"large":["https:\/\/www.andermatt.com\/wp-content\/uploads\/2021\/12\/Bio-Insecticides_Lymantria-dispar-MNPV1-680x1024.jpg",680,1024,true],"1536x1536":["https:\/\/www.andermatt.com\/wp-content\/uploads\/2021\/12\/Bio-Insecticides_Lymantria-dispar-MNPV1-1020x1536.jpg",1020,1536,true],"2048x2048":["https:\/\/www.andermatt.com\/wp-content\/uploads\/2021\/12\/Bio-Insecticides_Lymantria-dispar-MNPV1-1360x2048.jpg",1360,2048,true],"trp-custom-language-flag":["https:\/\/www.andermatt.com\/wp-content\/uploads\/2021\/12\/Bio-Insecticides_Lymantria-dispar-MNPV1-scaled.jpg",8,12,false],"feature-size":["https:\/\/www.andermatt.com\/wp-content\/uploads\/2021\/12\/Bio-Insecticides_Lymantria-dispar-MNPV1-660x315.jpg",660,315,true],"feature-size-gross":["https:\/\/www.andermatt.com\/wp-content\/uploads\/2021\/12\/Bio-Insecticides_Lymantria-dispar-MNPV1-660x360.jpg",660,360,true],"header-size-small":["https:\/\/www.andermatt.com\/wp-content\/uploads\/2021\/12\/Bio-Insecticides_Lymantria-dispar-MNPV1-1000x350.jpg",1000,350,true],"header-size":["https:\/\/www.andermatt.com\/wp-content\/uploads\/2021\/12\/Bio-Insecticides_Lymantria-dispar-MNPV1-2000x600.jpg",2000,600,true],"mailpoet_newsletter_max":["https:\/\/www.andermatt.com\/wp-content\/uploads\/2021\/12\/Bio-Insecticides_Lymantria-dispar-MNPV1-1320x1987.jpg",1320,1987,true]},"uagb_author_info":{"display_name":"Alina Piven","author_link":"https:\/\/www.andermatt.com\/es\/author\/"},"uagb_comment_info":0,"uagb_excerpt":"Lymantria dispar MNPV is a biological alternative and offers highly effective control of gypsy moth. Benefits Lymantria dispar MNPV is a multiple nucleopolyhedrovirus (MNPV) preparation for the biological control larvae of the gypsy moth&nbsp;(Lymantria dispar). Control efforts with Lymantria dispar MNPV are necessary in order to manage the gypsy moth and to protect natural resources&hellip;","_links":{"self":[{"href":"https:\/\/www.andermatt.com\/es\/wp-json\/wp\/v2\/product\/3383","targetHints":{"allow":["GET"]}}],"collection":[{"href":"https:\/\/www.andermatt.com\/es\/wp-json\/wp\/v2\/product"}],"about":[{"href":"https:\/\/www.andermatt.com\/es\/wp-json\/wp\/v2\/types\/product"}],"version-history":[{"count":9,"href":"https:\/\/www.andermatt.com\/es\/wp-json\/wp\/v2\/product\/3383\/revisions"}],"predecessor-version":[{"id":4432,"href":"https:\/\/www.andermatt.com\/es\/wp-json\/wp\/v2\/product\/3383\/revisions\/4432"}],"wp:featuredmedia":[{"embeddable":true,"href":"https:\/\/www.andermatt.com\/es\/wp-json\/wp\/v2\/media\/3385"}],"wp:attachment":[{"href":"https:\/\/www.andermatt.com\/es\/wp-json\/wp\/v2\/media?parent=3383"}],"wp:term":[{"taxonomy":"crop","embeddable":true,"href":"https:\/\/www.andermatt.com\/es\/wp-json\/wp\/v2\/crop?post=3383"},{"taxonomy":"disease","embeddable":true,"href":"https:\/\/www.andermatt.com\/es\/wp-json\/wp\/v2\/disease?post=3383"},{"taxonomy":"pest","embeddable":true,"href":"https:\/\/www.andermatt.com\/es\/wp-json\/wp\/v2\/pest?post=3383"},{"taxonomy":"solution","embeddable":true,"href":"https:\/\/www.andermatt.com\/es\/wp-json\/wp\/v2\/solution?post=3383"}],"curies":[{"name":"wp","href":"https:\/\/api.w.org\/{rel}","templated":true}]}}