{"id":3348,"date":"2021-12-17T23:19:12","date_gmt":"2021-12-17T22:19:12","guid":{"rendered":"https:\/\/www.andermatt.com\/?post_type=product&#038;p=3348"},"modified":"2023-02-07T09:53:46","modified_gmt":"2023-02-07T08:53:46","slug":"loopex","status":"publish","type":"product","link":"https:\/\/www.andermatt.com\/es\/producto\/loopex\/","title":{"rendered":"Loopex"},"content":{"rendered":"<p class=\"lead translation-block\">Loopex es un producto a base de granulovirus para el control de <em>Trichoplusia ni<\/em> en las hortalizas y <em>Rachiplusia nu<\/em> en soja. Mata las larvas por ingesti\u00f3n y tiene un efecto adicional a largo plazo en la reducci\u00f3n de la poblaci\u00f3n de la plaga. Loopex es una valiosa herramienta de gesti\u00f3n de la resistencia que puede incluirse en cualquier programa de MIP, especialmente para el control de las poblaciones resistentes a los insecticidas<\/p>\n\n\n\n<p><\/p>\n\n\n\n<figure class=\"wp-block-gallery has-nested-images columns-1 is-cropped wp-block-gallery-1 is-layout-flex wp-block-gallery-is-layout-flex\">\n<figure class=\"wp-block-image size-feature-size-gross is-style-default\"><a href=\"https:\/\/www.andermatt.com\/wp-content\/uploads\/2021\/12\/Bio-Insecticides_loopex1-scaled.jpg\"><img decoding=\"async\" width=\"660\" height=\"360\" data-id=\"3364\" src=\"https:\/\/www.andermatt.com\/wp-content\/uploads\/2021\/12\/Bio-Insecticides_loopex1-660x360.jpg\" alt=\"\" class=\"wp-image-3364\"\/><\/a><figcaption class=\"wp-element-caption\"> <\/figcaption><\/figure>\n<\/figure>\n\n\n\n<h3 class=\"wp-block-heading\">Beneficios<\/h3>\n\n\n\n<ul class=\"wp-block-list\">\n<li>Mientras que Loopex infecta y mata eficazmente a las larvas j\u00f3venes de&nbsp;<em>Trichoplusia ni,<\/em>&nbsp;el virus tambi\u00e9n es letal para los instares larvarios m\u00e1s antiguos a largo plazo.<\/li>\n\n\n\n<li>El AcNPV es un virus insecticida de origen natural y es inofensivo para los insectos beneficos, las abejas y otros organismos no objetivo.<\/li>\n\n\n\n<li>Loopex ofrece m\u00e1s flexibilidad a los productores de cultivos. La sustancia activa no est\u00e1 incluida en las listas de tolerancia de residuos de los cultivos destinados a la exportaci\u00f3n.<\/li>\n\n\n\n<li>El AcNPV ofrece un modo de acci\u00f3n diferente, que puede ser un medio importante para evitar y\/o romper resistencias.<\/li>\n<\/ul>\n\n\n\n<h3 class=\"wp-block-heading\">Informaci\u00f3n sobre la plaga<\/h3>\n\n\n\n<p class=\"translation-block\">\u00a0<em>Trichoplusia ni<\/em> es una plaga agr\u00edcola de importancia econ\u00f3mica mundial que afecta a una gama excepcionalmente amplia de plantas hu\u00e9sped. Est\u00e1 catalogada como una plaga que se alimenta de m\u00e1s de 160 especies de plantas de 36 familias, pero prefiere las cruc\u00edferas cultivadas. El gusano de la col est\u00e1 presente en las regiones m\u00e1s c\u00e1lidas de todos los continentes, excepto en Ocean\u00eda, e invade las regiones m\u00e1s fr\u00edas del norte cuando las temperaturas lo permiten.<\/p>\n\n\n\n<p>Las larvas de los primeros estadios comienzan a alimentarse en el env\u00e9s de la hoja, produciendo peque\u00f1os agujeros que no atraviesan la superficie superior de la hoja, mientras que las orugas m\u00e1s grandes causan da\u00f1os m\u00e1s conspicuos. Las plantas pueden quedar gravemente defoliadas y atrofiadas, sin producir cabezas o no ser aptas para el consumo. En la col, las larvas grandes pueden atravesar varias capas de hojas de la cabeza bien envueltas. La presencia de las larvas de la chicharrita o de los excrementos de color verde oscuro excretados por la chicharrita que se alimenta hace que la hortaliza no sea comercializable.<\/p>\n\n\n\n<p><em>T. ni<\/em>&nbsp;han desarrollado resistencia a varios pesticidas qu\u00edmicos y son una de las pocas especies de insectos que han desarrollado resistencia a&nbsp;<em>Bacillus thuringiensis<\/em>&nbsp;(Bt) en entornos agr\u00edcolas.<\/p>\n\n\n\n<p><\/p>","protected":false},"excerpt":{"rendered":"<p>Loopex es un virus insecticida para el control de la chicharrita de la col (Trichoplusia ni) en las hortalizas. Mata a las larvas por ingesti\u00f3n y tiene un efecto adicional a largo plazo en la reducci\u00f3n de la poblaci\u00f3n de la plaga. Loopex es una valiosa herramienta de gesti\u00f3n de la resistencia que puede incluirse en cualquier programa de gesti\u00f3n integrada de plagas (GIP), especialmente para el control de las poblaciones resistentes a los insecticidas ...<\/p>","protected":false},"featured_media":3364,"template":"","meta":{"_acf_changed":false,"_seopress_robots_primary_cat":"","_seopress_titles_title":"","_seopress_titles_desc":"","_seopress_robots_index":"","_searchwp_excluded":"","_uag_custom_page_level_css":"","site-sidebar-layout":"default","site-content-layout":"default","ast-site-content-layout":"default","site-content-style":"default","site-sidebar-style":"default","ast-global-header-display":"","ast-banner-title-visibility":"","ast-main-header-display":"","ast-hfb-above-header-display":"","ast-hfb-below-header-display":"","ast-hfb-mobile-header-display":"","site-post-title":"","ast-breadcrumbs-content":"","ast-featured-img":"","footer-sml-layout":"","ast-disable-related-posts":"","theme-transparent-header-meta":"default","adv-header-id-meta":"","stick-header-meta":"default","header-above-stick-meta":"","header-main-stick-meta":"","header-below-stick-meta":"","astra-migrate-meta-layouts":"default","ast-page-background-enabled":"default","ast-page-background-meta":{"desktop":{"background-color":"","background-image":"","background-repeat":"repeat","background-position":"center center","background-size":"auto","background-attachment":"scroll","background-type":"","background-media":"","overlay-type":"","overlay-color":"","overlay-opacity":"","overlay-gradient":""},"tablet":{"background-color":"","background-image":"","background-repeat":"repeat","background-position":"center center","background-size":"auto","background-attachment":"scroll","background-type":"","background-media":"","overlay-type":"","overlay-color":"","overlay-opacity":"","overlay-gradient":""},"mobile":{"background-color":"","background-image":"","background-repeat":"repeat","background-position":"center center","background-size":"auto","background-attachment":"scroll","background-type":"","background-media":"","overlay-type":"","overlay-color":"","overlay-opacity":"","overlay-gradient":""}},"ast-content-background-meta":{"desktop":{"background-color":"var(--ast-global-color-5)","background-image":"","background-repeat":"repeat","background-position":"center center","background-size":"auto","background-attachment":"scroll","background-type":"","background-media":"","overlay-type":"","overlay-color":"","overlay-opacity":"","overlay-gradient":""},"tablet":{"background-color":"var(--ast-global-color-5)","background-image":"","background-repeat":"repeat","background-position":"center center","background-size":"auto","background-attachment":"scroll","background-type":"","background-media":"","overlay-type":"","overlay-color":"","overlay-opacity":"","overlay-gradient":""},"mobile":{"background-color":"var(--ast-global-color-5)","background-image":"","background-repeat":"repeat","background-position":"center center","background-size":"auto","background-attachment":"scroll","background-type":"","background-media":"","overlay-type":"","overlay-color":"","overlay-opacity":"","overlay-gradient":""}},"footnotes":""},"crop":[319,320,317],"disease":[],"pest":[44],"solution":[37],"class_list":["post-3348","product","type-product","status-publish","has-post-thumbnail","hentry","crop-potatoes","crop-row_crops","crop-vegetables","pest-lepidoptera","solution-insecticides"],"acf":[],"uagb_featured_image_src":{"full":["https:\/\/www.andermatt.com\/wp-content\/uploads\/2021\/12\/Bio-Insecticides_loopex1-scaled.jpg",2400,1602,false],"thumbnail":["https:\/\/www.andermatt.com\/wp-content\/uploads\/2021\/12\/Bio-Insecticides_loopex1-150x150.jpg",150,150,true],"medium":["https:\/\/www.andermatt.com\/wp-content\/uploads\/2021\/12\/Bio-Insecticides_loopex1-300x200.jpg",300,200,true],"medium_large":["https:\/\/www.andermatt.com\/wp-content\/uploads\/2021\/12\/Bio-Insecticides_loopex1-768x513.jpg",768,513,true],"large":["https:\/\/www.andermatt.com\/wp-content\/uploads\/2021\/12\/Bio-Insecticides_loopex1-1024x684.jpg",1024,684,true],"1536x1536":["https:\/\/www.andermatt.com\/wp-content\/uploads\/2021\/12\/Bio-Insecticides_loopex1-1536x1025.jpg",1536,1025,true],"2048x2048":["https:\/\/www.andermatt.com\/wp-content\/uploads\/2021\/12\/Bio-Insecticides_loopex1-2048x1367.jpg",2048,1367,true],"trp-custom-language-flag":["https:\/\/www.andermatt.com\/wp-content\/uploads\/2021\/12\/Bio-Insecticides_loopex1-scaled.jpg",18,12,false],"feature-size":["https:\/\/www.andermatt.com\/wp-content\/uploads\/2021\/12\/Bio-Insecticides_loopex1-660x315.jpg",660,315,true],"feature-size-gross":["https:\/\/www.andermatt.com\/wp-content\/uploads\/2021\/12\/Bio-Insecticides_loopex1-660x360.jpg",660,360,true],"header-size-small":["https:\/\/www.andermatt.com\/wp-content\/uploads\/2021\/12\/Bio-Insecticides_loopex1-1000x350.jpg",1000,350,true],"header-size":["https:\/\/www.andermatt.com\/wp-content\/uploads\/2021\/12\/Bio-Insecticides_loopex1-2000x600.jpg",2000,600,true],"mailpoet_newsletter_max":["https:\/\/www.andermatt.com\/wp-content\/uploads\/2021\/12\/Bio-Insecticides_loopex1-1320x881.jpg",1320,881,true]},"uagb_author_info":{"display_name":"Alina Piven","author_link":"https:\/\/www.andermatt.com\/es\/author\/"},"uagb_comment_info":0,"uagb_excerpt":"Loopex is an insecticidal virus for the control of cabbage looper&nbsp;(Trichoplusia ni)&nbsp;on vegetables. It kills the larvae by ingestion and has an additional long-term effect on pest population reduction. Loopex is a valuable resistance management tool that can be included in any integrated pest management program (IPM), especially for the control of insecticide resistant populations&hellip;","_links":{"self":[{"href":"https:\/\/www.andermatt.com\/es\/wp-json\/wp\/v2\/product\/3348","targetHints":{"allow":["GET"]}}],"collection":[{"href":"https:\/\/www.andermatt.com\/es\/wp-json\/wp\/v2\/product"}],"about":[{"href":"https:\/\/www.andermatt.com\/es\/wp-json\/wp\/v2\/types\/product"}],"version-history":[{"count":11,"href":"https:\/\/www.andermatt.com\/es\/wp-json\/wp\/v2\/product\/3348\/revisions"}],"predecessor-version":[{"id":6096,"href":"https:\/\/www.andermatt.com\/es\/wp-json\/wp\/v2\/product\/3348\/revisions\/6096"}],"wp:featuredmedia":[{"embeddable":true,"href":"https:\/\/www.andermatt.com\/es\/wp-json\/wp\/v2\/media\/3364"}],"wp:attachment":[{"href":"https:\/\/www.andermatt.com\/es\/wp-json\/wp\/v2\/media?parent=3348"}],"wp:term":[{"taxonomy":"crop","embeddable":true,"href":"https:\/\/www.andermatt.com\/es\/wp-json\/wp\/v2\/crop?post=3348"},{"taxonomy":"disease","embeddable":true,"href":"https:\/\/www.andermatt.com\/es\/wp-json\/wp\/v2\/disease?post=3348"},{"taxonomy":"pest","embeddable":true,"href":"https:\/\/www.andermatt.com\/es\/wp-json\/wp\/v2\/pest?post=3348"},{"taxonomy":"solution","embeddable":true,"href":"https:\/\/www.andermatt.com\/es\/wp-json\/wp\/v2\/solution?post=3348"}],"curies":[{"name":"wp","href":"https:\/\/api.w.org\/{rel}","templated":true}]}}