{"id":3346,"date":"2021-12-20T21:21:51","date_gmt":"2021-12-20T20:21:51","guid":{"rendered":"https:\/\/www.andermatt.com\/?post_type=product&#038;p=3346"},"modified":"2022-05-12T09:00:30","modified_gmt":"2022-05-12T07:00:30","slug":"loopovir","status":"publish","type":"product","link":"https:\/\/www.andermatt.com\/es\/producto\/loopovir\/","title":{"rendered":"Loopovir"},"content":{"rendered":"<p class=\"lead\">Loopovir ofrece un control biol\u00f3gico muy eficaz de las larvas de <em>Chrysodeixis includens<\/em> en soja, limitando los da\u00f1os por alimentaci\u00f3n y controlando las poblaciones de <em> Chrysodeixis includens<\/em> en soja. Debido a su modo de acci\u00f3n \u00fanico, Loopovir es tambi\u00e9n una importante herramienta de gesti\u00f3n de la resistencia que puede incluirse en cualquier programa de MIP. Los productores convencionales y org\u00e1nicos encontrar\u00e1n que Loopovir es un arma valiosa para combatir esta importante plaga agr\u00edcola.<\/p>\n\n\n\n<p><\/p>\n\n\n\n<figure class=\"wp-block-gallery has-nested-images columns-1 is-cropped wp-block-gallery-1 is-layout-flex wp-block-gallery-is-layout-flex\">\n<figure class=\"wp-block-image size-feature-size-gross\"><a href=\"https:\/\/www.andermatt.com\/wp-content\/uploads\/2021\/12\/Bio-Insecticides_Loopovir1.jpg\"><img decoding=\"async\" width=\"660\" height=\"360\" data-id=\"3361\" src=\"https:\/\/www.andermatt.com\/wp-content\/uploads\/2021\/12\/Bio-Insecticides_Loopovir1-660x360.jpg\" alt=\"\" class=\"wp-image-3361\"\/><\/a><\/figure>\n<\/figure>\n\n\n\n<h3 class=\"wp-block-heading\">Beneficios<\/h3>\n\n\n\n<ul class=\"list wp-block-list\"><li>Loopovir es un gran complemento para un programa de control de plagas<\/li><li>Loopovir es compatible con la mayor\u00eda de los plaguicidas comunes y puede mezclarse f\u00e1cilmente en el tanque<\/li><li>Loopovir, sin limite maximo de residuos (LMR), permite una aplicaci\u00f3n tard\u00eda para proteger los cultivos durante las infestaciones intensas.<\/li><li>Loopovir no da\u00f1a a los insectos beneficos, lo que les permite ayudar a gestionar las poblaciones de plagas y reducir los brotes de nuevas plagas.<\/li><\/ul>\n\n\n\n<h3 class=\"wp-block-heading\">Informaci\u00f3n sobre la plaga<\/h3>\n\n\n\n<p class=\"translation-block\"><em>Chrysodeixis includens<\/em>\u00a0son una importante plaga agr\u00edcola con un rango geogr\u00e1fico excepcionalmente amplio. Chrysodeixis includens en soja se encuentra en todo el continente americano, pero es especialmente frecuente en el sur de Estados Unidos y en Sudam\u00e9rica. La migraci\u00f3n anual se produce hacia los Estados del norte y Canad\u00e1 desde su zona de hibernaci\u00f3n. En los climas m\u00e1s c\u00e1lidos, el bucardo de la soja puede tener hasta 11 generaciones al a\u00f1o y puede completar su ciclo de vida en 30-35 d\u00edas.<\/p>\n\n\n\n<p>Las larvas de los primeros estadios comienzan a alimentarse en el env\u00e9s de la hoja, produciendo peque\u00f1os agujeros que no atraviesan la superficie superior de la hoja. Las larvas m\u00e1s grandes causan da\u00f1os m\u00e1s visibles. Las plantas pueden quedar gravemente defoliadas y atrofiadas, lo que reduce su vigor y su rendimiento.<\/p>\n\n\n\n<ul class=\"wp-block-list\"><li>Las polillas hembras pueden poner entre 300 y 600 huevos, normalmente en un periodo de 10-12 d\u00edas<\/li><li>Las larvas eclosionan entre 3 y 6 d\u00edas despu\u00e9s de la puesta<\/li><li>La larva se alimentar\u00e1 durante 2-4 semanas, consumiendo alrededor de tres veces su propio peso corporal por d\u00eda<\/li><\/ul>\n\n\n\n<p>El gusano de la soja es pol\u00edfago, pero la soja es su hu\u00e9sped preferido. Tambi\u00e9n se alimentan de otros cultivos agr\u00edcolas importantes como el algod\u00f3n, el ma\u00edz, los guisantes, las cucurbit\u00e1ceas, los tomates, los pimientos y los cultivos de floricultura.<\/p>","protected":false},"excerpt":{"rendered":"<p>Loopovir ofrece un control biol\u00f3gico altamente eficaz de las larvas de la chicharrita de la soja limitando los da\u00f1os por alimentaci\u00f3n y controlando las poblaciones de la chicharrita de la soja. Debido a su exclusivo modo de acci\u00f3n, Loopovir es tambi\u00e9n una importante herramienta de gesti\u00f3n de la resistencia que puede incluirse en cualquier programa de gesti\u00f3n integrada de plagas (GIP). Los agricultores convencionales y ecol\u00f3gicos encontrar\u00e1n que Loopovir es un [...]<\/p>","protected":false},"featured_media":3361,"template":"","meta":{"_acf_changed":false,"_seopress_robots_primary_cat":"","_seopress_titles_title":"","_seopress_titles_desc":"","_seopress_robots_index":"","_searchwp_excluded":"","_uag_custom_page_level_css":"","site-sidebar-layout":"default","site-content-layout":"default","ast-site-content-layout":"default","site-content-style":"default","site-sidebar-style":"default","ast-global-header-display":"","ast-banner-title-visibility":"","ast-main-header-display":"","ast-hfb-above-header-display":"","ast-hfb-below-header-display":"","ast-hfb-mobile-header-display":"","site-post-title":"","ast-breadcrumbs-content":"","ast-featured-img":"","footer-sml-layout":"","ast-disable-related-posts":"","theme-transparent-header-meta":"default","adv-header-id-meta":"","stick-header-meta":"default","header-above-stick-meta":"","header-main-stick-meta":"","header-below-stick-meta":"","astra-migrate-meta-layouts":"default","ast-page-background-enabled":"default","ast-page-background-meta":{"desktop":{"background-color":"","background-image":"","background-repeat":"repeat","background-position":"center center","background-size":"auto","background-attachment":"scroll","background-type":"","background-media":"","overlay-type":"","overlay-color":"","overlay-opacity":"","overlay-gradient":""},"tablet":{"background-color":"","background-image":"","background-repeat":"repeat","background-position":"center center","background-size":"auto","background-attachment":"scroll","background-type":"","background-media":"","overlay-type":"","overlay-color":"","overlay-opacity":"","overlay-gradient":""},"mobile":{"background-color":"","background-image":"","background-repeat":"repeat","background-position":"center center","background-size":"auto","background-attachment":"scroll","background-type":"","background-media":"","overlay-type":"","overlay-color":"","overlay-opacity":"","overlay-gradient":""}},"ast-content-background-meta":{"desktop":{"background-color":"var(--ast-global-color-5)","background-image":"","background-repeat":"repeat","background-position":"center center","background-size":"auto","background-attachment":"scroll","background-type":"","background-media":"","overlay-type":"","overlay-color":"","overlay-opacity":"","overlay-gradient":""},"tablet":{"background-color":"var(--ast-global-color-5)","background-image":"","background-repeat":"repeat","background-position":"center center","background-size":"auto","background-attachment":"scroll","background-type":"","background-media":"","overlay-type":"","overlay-color":"","overlay-opacity":"","overlay-gradient":""},"mobile":{"background-color":"var(--ast-global-color-5)","background-image":"","background-repeat":"repeat","background-position":"center center","background-size":"auto","background-attachment":"scroll","background-type":"","background-media":"","overlay-type":"","overlay-color":"","overlay-opacity":"","overlay-gradient":""}},"footnotes":""},"crop":[65,320,317],"disease":[],"pest":[44],"solution":[37],"class_list":["post-3346","product","type-product","status-publish","has-post-thumbnail","hentry","crop-herbs_ornamentals","crop-row_crops","crop-vegetables","pest-lepidoptera","solution-insecticides"],"acf":[],"uagb_featured_image_src":{"full":["https:\/\/www.andermatt.com\/wp-content\/uploads\/2021\/12\/Bio-Insecticides_Loopovir1.jpg",960,1280,false],"thumbnail":["https:\/\/www.andermatt.com\/wp-content\/uploads\/2021\/12\/Bio-Insecticides_Loopovir1-150x150.jpg",150,150,true],"medium":["https:\/\/www.andermatt.com\/wp-content\/uploads\/2021\/12\/Bio-Insecticides_Loopovir1-225x300.jpg",225,300,true],"medium_large":["https:\/\/www.andermatt.com\/wp-content\/uploads\/2021\/12\/Bio-Insecticides_Loopovir1-768x1024.jpg",768,1024,true],"large":["https:\/\/www.andermatt.com\/wp-content\/uploads\/2021\/12\/Bio-Insecticides_Loopovir1-768x1024.jpg",768,1024,true],"1536x1536":["https:\/\/www.andermatt.com\/wp-content\/uploads\/2021\/12\/Bio-Insecticides_Loopovir1.jpg",960,1280,false],"2048x2048":["https:\/\/www.andermatt.com\/wp-content\/uploads\/2021\/12\/Bio-Insecticides_Loopovir1.jpg",960,1280,false],"trp-custom-language-flag":["https:\/\/www.andermatt.com\/wp-content\/uploads\/2021\/12\/Bio-Insecticides_Loopovir1.jpg",9,12,false],"feature-size":["https:\/\/www.andermatt.com\/wp-content\/uploads\/2021\/12\/Bio-Insecticides_Loopovir1-660x315.jpg",660,315,true],"feature-size-gross":["https:\/\/www.andermatt.com\/wp-content\/uploads\/2021\/12\/Bio-Insecticides_Loopovir1-660x360.jpg",660,360,true],"header-size-small":["https:\/\/www.andermatt.com\/wp-content\/uploads\/2021\/12\/Bio-Insecticides_Loopovir1-960x350.jpg",960,350,true],"header-size":["https:\/\/www.andermatt.com\/wp-content\/uploads\/2021\/12\/Bio-Insecticides_Loopovir1-960x600.jpg",960,600,true],"mailpoet_newsletter_max":["https:\/\/www.andermatt.com\/wp-content\/uploads\/2021\/12\/Bio-Insecticides_Loopovir1.jpg",960,1280,false]},"uagb_author_info":{"display_name":"Michael Salzer","author_link":"https:\/\/www.andermatt.com\/es\/author\/"},"uagb_comment_info":0,"uagb_excerpt":"Loopovir offers highly effective biological control of the soybean looper larvae by limiting feeding damage and controlling soybean looper populations. Due to its unique mode of action, Loopovir is also an important resistance management tool which can be included in any integrated pest management program (IPM). Conventional and organic growers will find Loopovir is a&hellip;","_links":{"self":[{"href":"https:\/\/www.andermatt.com\/es\/wp-json\/wp\/v2\/product\/3346","targetHints":{"allow":["GET"]}}],"collection":[{"href":"https:\/\/www.andermatt.com\/es\/wp-json\/wp\/v2\/product"}],"about":[{"href":"https:\/\/www.andermatt.com\/es\/wp-json\/wp\/v2\/types\/product"}],"version-history":[{"count":10,"href":"https:\/\/www.andermatt.com\/es\/wp-json\/wp\/v2\/product\/3346\/revisions"}],"predecessor-version":[{"id":4234,"href":"https:\/\/www.andermatt.com\/es\/wp-json\/wp\/v2\/product\/3346\/revisions\/4234"}],"wp:featuredmedia":[{"embeddable":true,"href":"https:\/\/www.andermatt.com\/es\/wp-json\/wp\/v2\/media\/3361"}],"wp:attachment":[{"href":"https:\/\/www.andermatt.com\/es\/wp-json\/wp\/v2\/media?parent=3346"}],"wp:term":[{"taxonomy":"crop","embeddable":true,"href":"https:\/\/www.andermatt.com\/es\/wp-json\/wp\/v2\/crop?post=3346"},{"taxonomy":"disease","embeddable":true,"href":"https:\/\/www.andermatt.com\/es\/wp-json\/wp\/v2\/disease?post=3346"},{"taxonomy":"pest","embeddable":true,"href":"https:\/\/www.andermatt.com\/es\/wp-json\/wp\/v2\/pest?post=3346"},{"taxonomy":"solution","embeddable":true,"href":"https:\/\/www.andermatt.com\/es\/wp-json\/wp\/v2\/solution?post=3346"}],"curies":[{"name":"wp","href":"https:\/\/api.w.org\/{rel}","templated":true}]}}