{"id":3344,"date":"2021-12-17T23:17:08","date_gmt":"2021-12-17T22:17:08","guid":{"rendered":"https:\/\/www.andermatt.com\/?post_type=product&#038;p=3344"},"modified":"2025-04-15T11:27:12","modified_gmt":"2025-04-15T09:27:12","slug":"spodovir-plus","status":"publish","type":"product","link":"https:\/\/www.andermatt.com\/es\/producto\/spodovir-plus\/","title":{"rendered":"Spodovir Plus"},"content":{"rendered":"<p class=\"lead\">Spodovir Plus es una alternativa biol\u00f3gica para el control del gusano militar del oto\u00f1o&nbsp;<em>(Spodoptera frugiperda)<\/em>&nbsp;poblaciones. Debido a su modo de acci\u00f3n \u00fanico, Spodovir Plus es una importante herramienta de gesti\u00f3n de la resistencia que puede incluirse en cualquier programa de MIP. Los cultivadores convencionales y ecol\u00f3gicos encontrar\u00e1n en Spodovir Plus un arma valiosa para combatir esta importante plaga agr\u00edcola y adem\u00e1s es una formulaci\u00f3n l\u00edquida f\u00e1cil de usar.<\/p>\n\n\n\n<p><\/p>\n\n\n\n<figure class=\"wp-block-gallery has-nested-images columns-2 is-cropped wp-block-gallery-1 is-layout-flex wp-block-gallery-is-layout-flex\">\n<figure class=\"wp-block-image size-feature-size-gross\"><a href=\"https:\/\/www.andermatt.com\/wp-content\/uploads\/2021\/12\/Bio-Insecticides_Shodovir-Plus1-scaled.jpg\"><img decoding=\"async\" width=\"660\" height=\"360\" data-id=\"3375\" src=\"https:\/\/www.andermatt.com\/wp-content\/uploads\/2021\/12\/Bio-Insecticides_Shodovir-Plus1-660x360.jpg\" alt=\"\" class=\"wp-image-3375\"\/><\/a><\/figure>\n\n\n\n<figure class=\"wp-block-image size-feature-size-gross\"><a href=\"https:\/\/www.andermatt.com\/wp-content\/uploads\/2021\/12\/Bio-Insecticides_Spodovir-Plus2-scaled.jpg\"><img decoding=\"async\" width=\"660\" height=\"360\" data-id=\"3376\" src=\"https:\/\/www.andermatt.com\/wp-content\/uploads\/2021\/12\/Bio-Insecticides_Spodovir-Plus2-660x360.jpg\" alt=\"\" class=\"wp-image-3376\"\/><\/a><\/figure>\n<\/figure>\n\n\n\n<h3 class=\"wp-block-heading\">Beneficios<\/h3>\n\n\n\n<ul class=\"list wp-block-list\"><li>Spodovir Plus es una gran adici\u00f3n a un programa IPM.<\/li><li>Spodovir Plus es compatible con la mayor\u00eda de los plaguicidas comunes y puede mezclarse f\u00e1cilmente en el tanque, reduciendo la necesidad de pases de aplicaci\u00f3n adicionales en el campo<\/li><li>En el caso de los productos de exportaci\u00f3n, Spodovir Plus permite su aplicaci\u00f3n a finales de la temporada para proteger los cultivos, ya que no tiene l\u00edmites m\u00e1ximos de residuos (LMR).<\/li><li>Ofrece un control biol\u00f3gico muy eficaz y no da\u00f1a a los insectos beneficiosos<\/li><\/ul>\n\n\n\n<h3 class=\"wp-block-heading\">Informaci\u00f3n sobre la plaga<\/h3>\n\n\n\n<p><a href=\"https:\/\/www.andermatt.com\/es\/producto\/littovir\/#fall-armyworm\">Oruga militar tard\u00eda&nbsp;<em>(Spodoptera frugiperda<\/em>)<\/a>&nbsp;<\/p>\n\n\n\n<p><\/p>","protected":false},"excerpt":{"rendered":"<p>Spodovir Plus es una alternativa biol\u00f3gica para el control de las poblaciones del gusano militar del oto\u00f1o (Spodoptera frugiperda). Debido a su modo de acci\u00f3n \u00fanico, Spodovir Plus es una importante herramienta de gesti\u00f3n de la resistencia que puede incluirse en cualquier programa de gesti\u00f3n integrada de plagas (GIP). Los cultivadores convencionales y ecol\u00f3gicos encontrar\u00e1n en Spodovir Plus un arma valiosa para combatir esta importante ...<\/p>","protected":false},"featured_media":3375,"template":"","meta":{"_acf_changed":false,"_seopress_robots_primary_cat":"none","_seopress_titles_title":"","_seopress_titles_desc":"","_seopress_robots_index":"","_searchwp_excluded":"","_uag_custom_page_level_css":"","site-sidebar-layout":"default","site-content-layout":"default","ast-site-content-layout":"default","site-content-style":"default","site-sidebar-style":"default","ast-global-header-display":"","ast-banner-title-visibility":"","ast-main-header-display":"","ast-hfb-above-header-display":"","ast-hfb-below-header-display":"","ast-hfb-mobile-header-display":"","site-post-title":"","ast-breadcrumbs-content":"","ast-featured-img":"","footer-sml-layout":"","ast-disable-related-posts":"","theme-transparent-header-meta":"default","adv-header-id-meta":"","stick-header-meta":"default","header-above-stick-meta":"","header-main-stick-meta":"","header-below-stick-meta":"","astra-migrate-meta-layouts":"set","ast-page-background-enabled":"default","ast-page-background-meta":{"desktop":{"background-color":"","background-image":"","background-repeat":"repeat","background-position":"center center","background-size":"auto","background-attachment":"scroll","background-type":"","background-media":"","overlay-type":"","overlay-color":"","overlay-opacity":"","overlay-gradient":""},"tablet":{"background-color":"","background-image":"","background-repeat":"repeat","background-position":"center center","background-size":"auto","background-attachment":"scroll","background-type":"","background-media":"","overlay-type":"","overlay-color":"","overlay-opacity":"","overlay-gradient":""},"mobile":{"background-color":"","background-image":"","background-repeat":"repeat","background-position":"center center","background-size":"auto","background-attachment":"scroll","background-type":"","background-media":"","overlay-type":"","overlay-color":"","overlay-opacity":"","overlay-gradient":""}},"ast-content-background-meta":{"desktop":{"background-color":"var(--ast-global-color-5)","background-image":"","background-repeat":"repeat","background-position":"center center","background-size":"auto","background-attachment":"scroll","background-type":"","background-media":"","overlay-type":"","overlay-color":"","overlay-opacity":"","overlay-gradient":""},"tablet":{"background-color":"var(--ast-global-color-5)","background-image":"","background-repeat":"repeat","background-position":"center center","background-size":"auto","background-attachment":"scroll","background-type":"","background-media":"","overlay-type":"","overlay-color":"","overlay-opacity":"","overlay-gradient":""},"mobile":{"background-color":"var(--ast-global-color-5)","background-image":"","background-repeat":"repeat","background-position":"center center","background-size":"auto","background-attachment":"scroll","background-type":"","background-media":"","overlay-type":"","overlay-color":"","overlay-opacity":"","overlay-gradient":""}},"footnotes":""},"crop":[321,319,320,317],"disease":[],"pest":[44],"solution":[37],"class_list":["post-3344","product","type-product","status-publish","has-post-thumbnail","hentry","crop-nuts","crop-potatoes","crop-row_crops","crop-vegetables","pest-lepidoptera","solution-insecticides"],"acf":[],"uagb_featured_image_src":{"full":["https:\/\/www.andermatt.com\/wp-content\/uploads\/2021\/12\/Bio-Insecticides_Shodovir-Plus1-scaled.jpg",2400,1568,false],"thumbnail":["https:\/\/www.andermatt.com\/wp-content\/uploads\/2021\/12\/Bio-Insecticides_Shodovir-Plus1-150x150.jpg",150,150,true],"medium":["https:\/\/www.andermatt.com\/wp-content\/uploads\/2021\/12\/Bio-Insecticides_Shodovir-Plus1-300x196.jpg",300,196,true],"medium_large":["https:\/\/www.andermatt.com\/wp-content\/uploads\/2021\/12\/Bio-Insecticides_Shodovir-Plus1-768x501.jpg",768,501,true],"large":["https:\/\/www.andermatt.com\/wp-content\/uploads\/2021\/12\/Bio-Insecticides_Shodovir-Plus1-1024x669.jpg",1024,669,true],"1536x1536":["https:\/\/www.andermatt.com\/wp-content\/uploads\/2021\/12\/Bio-Insecticides_Shodovir-Plus1-1536x1003.jpg",1536,1003,true],"2048x2048":["https:\/\/www.andermatt.com\/wp-content\/uploads\/2021\/12\/Bio-Insecticides_Shodovir-Plus1-2048x1337.jpg",2048,1337,true],"trp-custom-language-flag":["https:\/\/www.andermatt.com\/wp-content\/uploads\/2021\/12\/Bio-Insecticides_Shodovir-Plus1-scaled.jpg",18,12,false],"feature-size":["https:\/\/www.andermatt.com\/wp-content\/uploads\/2021\/12\/Bio-Insecticides_Shodovir-Plus1-660x315.jpg",660,315,true],"feature-size-gross":["https:\/\/www.andermatt.com\/wp-content\/uploads\/2021\/12\/Bio-Insecticides_Shodovir-Plus1-660x360.jpg",660,360,true],"header-size-small":["https:\/\/www.andermatt.com\/wp-content\/uploads\/2021\/12\/Bio-Insecticides_Shodovir-Plus1-1000x350.jpg",1000,350,true],"header-size":["https:\/\/www.andermatt.com\/wp-content\/uploads\/2021\/12\/Bio-Insecticides_Shodovir-Plus1-2000x600.jpg",2000,600,true],"mailpoet_newsletter_max":["https:\/\/www.andermatt.com\/wp-content\/uploads\/2021\/12\/Bio-Insecticides_Shodovir-Plus1-1320x862.jpg",1320,862,true]},"uagb_author_info":{"display_name":"Donvae Hooker","author_link":"https:\/\/www.andermatt.com\/es\/author\/"},"uagb_comment_info":0,"uagb_excerpt":"Spodovir Plus is a biological alternative for the control of fall armyworm&nbsp;(Spodoptera frugiperda)&nbsp;populations. Due to its unique mode of action, Spodovir Plus is an important resistance management tool which can be included in any integrated pest management program (IPM). Conventional and organic growers will find Spodovir Plus is a valuable weapon to combat this important&hellip;","_links":{"self":[{"href":"https:\/\/www.andermatt.com\/es\/wp-json\/wp\/v2\/product\/3344","targetHints":{"allow":["GET"]}}],"collection":[{"href":"https:\/\/www.andermatt.com\/es\/wp-json\/wp\/v2\/product"}],"about":[{"href":"https:\/\/www.andermatt.com\/es\/wp-json\/wp\/v2\/types\/product"}],"version-history":[{"count":10,"href":"https:\/\/www.andermatt.com\/es\/wp-json\/wp\/v2\/product\/3344\/revisions"}],"predecessor-version":[{"id":7953,"href":"https:\/\/www.andermatt.com\/es\/wp-json\/wp\/v2\/product\/3344\/revisions\/7953"}],"wp:featuredmedia":[{"embeddable":true,"href":"https:\/\/www.andermatt.com\/es\/wp-json\/wp\/v2\/media\/3375"}],"wp:attachment":[{"href":"https:\/\/www.andermatt.com\/es\/wp-json\/wp\/v2\/media?parent=3344"}],"wp:term":[{"taxonomy":"crop","embeddable":true,"href":"https:\/\/www.andermatt.com\/es\/wp-json\/wp\/v2\/crop?post=3344"},{"taxonomy":"disease","embeddable":true,"href":"https:\/\/www.andermatt.com\/es\/wp-json\/wp\/v2\/disease?post=3344"},{"taxonomy":"pest","embeddable":true,"href":"https:\/\/www.andermatt.com\/es\/wp-json\/wp\/v2\/pest?post=3344"},{"taxonomy":"solution","embeddable":true,"href":"https:\/\/www.andermatt.com\/es\/wp-json\/wp\/v2\/solution?post=3344"}],"curies":[{"name":"wp","href":"https:\/\/api.w.org\/{rel}","templated":true}]}}