{"id":3295,"date":"2021-12-17T18:17:19","date_gmt":"2021-12-17T17:17:19","guid":{"rendered":"https:\/\/www.andermatt.com\/?post_type=product&#038;p=3295"},"modified":"2022-10-11T09:26:53","modified_gmt":"2022-10-11T07:26:53","slug":"plutex","status":"publish","type":"product","link":"https:\/\/www.andermatt.com\/es\/producto\/plutex\/","title":{"rendered":"Plutex"},"content":{"rendered":"<p class=\"lead\">Plutex un producto a base de granulovirus de Plutella xylostella (PlxyGV) y reduce significativamente los da\u00f1os en los cultivos y la poblaci\u00f3n de la plaga. Gracias a su modo de acci\u00f3n \u00fanico, Plutex es una herramienta importante para la gesti\u00f3n de la resistencia.<\/p>\n\n\n\n<p><\/p>\n\n\n\n<figure class=\"wp-block-gallery has-nested-images columns-2 is-cropped wp-block-gallery-1 is-layout-flex wp-block-gallery-is-layout-flex\">\n<figure class=\"wp-block-image size-feature-size-gross\"><a href=\"https:\/\/www.andermatt.com\/wp-content\/uploads\/2021\/12\/Bio-Insecticides_Plutex1-scaled.jpg\"><img decoding=\"async\" width=\"660\" height=\"360\" data-id=\"3296\" src=\"https:\/\/www.andermatt.com\/wp-content\/uploads\/2021\/12\/Bio-Insecticides_Plutex1-660x360.jpg\" alt=\"\" class=\"wp-image-3296\"\/><\/a><\/figure>\n\n\n\n<figure class=\"wp-block-image size-feature-size-gross\"><a href=\"https:\/\/www.andermatt.com\/wp-content\/uploads\/2021\/12\/Bio-Insecticides_Plutex2.jpg\"><img decoding=\"async\" width=\"660\" height=\"360\" data-id=\"3297\" src=\"https:\/\/www.andermatt.com\/wp-content\/uploads\/2021\/12\/Bio-Insecticides_Plutex2-660x360.jpg\" alt=\"\" class=\"wp-image-3297\"\/><\/a><\/figure>\n<\/figure>\n\n\n\n<h3 class=\"wp-block-heading\">Beneficios<\/h3>\n\n\n\n<ul class=\"list wp-block-list\"><li>Debido a su alta compatibilidad en la mezcla de tanques, Plutex es una herramienta especialmente valiosa para su integraci\u00f3n en los programas de control de plagas.<\/li><li>Plutex es una herramienta eficaz de gesti\u00f3n de la resistencia para el control sostenible de la polilla de la espalda del diamante, que ha desarrollado una amplia resistencia a muchas sustancias activas.<\/li><\/ul>\n\n\n\n<h3 class=\"wp-block-heading\">Informaci\u00f3n sobre la plaga<\/h3>\n\n\n\n<p>Polilla de las cruciferas (<em>Plutella xylostella<\/em>) es una de las especies de plagas m\u00e1s abundantes que se dan en todo el mundo y constituye una amenaza all\u00ed donde se encuentran sus plantas hospedadoras de la familia Brassicaceae. Los adultos de la polilla de la espalda del diamante son transportados por el viento y pueden migrar a largas distancias y convertirse en una plaga en regiones donde la plaga no puede invernar debido a las bajas temperaturas.<\/p>","protected":false},"excerpt":{"rendered":"<p>Plutex se basa en el granulovirus de Plutella xylostella (PlxyGV) y reduce significativamente los da\u00f1os en los cultivos y la poblaci\u00f3n de la plaga. Gracias a su modo de acci\u00f3n \u00fanico, Plutex es una herramienta importante para la gesti\u00f3n de la resistencia. Beneficios Debido a su alta compatibilidad en la mezcla de tanques, Plutex es una herramienta especialmente valiosa para la integraci\u00f3n en los programas de control de plagas. Plutex es un ...<\/p>","protected":false},"featured_media":3297,"template":"","meta":{"_acf_changed":false,"_seopress_robots_primary_cat":"","_seopress_titles_title":"","_seopress_titles_desc":"","_seopress_robots_index":"","_searchwp_excluded":"","_uag_custom_page_level_css":"","site-sidebar-layout":"default","site-content-layout":"default","ast-site-content-layout":"default","site-content-style":"default","site-sidebar-style":"default","ast-global-header-display":"","ast-banner-title-visibility":"","ast-main-header-display":"","ast-hfb-above-header-display":"","ast-hfb-below-header-display":"","ast-hfb-mobile-header-display":"","site-post-title":"","ast-breadcrumbs-content":"","ast-featured-img":"","footer-sml-layout":"","ast-disable-related-posts":"","theme-transparent-header-meta":"default","adv-header-id-meta":"","stick-header-meta":"default","header-above-stick-meta":"","header-main-stick-meta":"","header-below-stick-meta":"","astra-migrate-meta-layouts":"default","ast-page-background-enabled":"default","ast-page-background-meta":{"desktop":{"background-color":"","background-image":"","background-repeat":"repeat","background-position":"center center","background-size":"auto","background-attachment":"scroll","background-type":"","background-media":"","overlay-type":"","overlay-color":"","overlay-opacity":"","overlay-gradient":""},"tablet":{"background-color":"","background-image":"","background-repeat":"repeat","background-position":"center center","background-size":"auto","background-attachment":"scroll","background-type":"","background-media":"","overlay-type":"","overlay-color":"","overlay-opacity":"","overlay-gradient":""},"mobile":{"background-color":"","background-image":"","background-repeat":"repeat","background-position":"center center","background-size":"auto","background-attachment":"scroll","background-type":"","background-media":"","overlay-type":"","overlay-color":"","overlay-opacity":"","overlay-gradient":""}},"ast-content-background-meta":{"desktop":{"background-color":"var(--ast-global-color-5)","background-image":"","background-repeat":"repeat","background-position":"center center","background-size":"auto","background-attachment":"scroll","background-type":"","background-media":"","overlay-type":"","overlay-color":"","overlay-opacity":"","overlay-gradient":""},"tablet":{"background-color":"var(--ast-global-color-5)","background-image":"","background-repeat":"repeat","background-position":"center center","background-size":"auto","background-attachment":"scroll","background-type":"","background-media":"","overlay-type":"","overlay-color":"","overlay-opacity":"","overlay-gradient":""},"mobile":{"background-color":"var(--ast-global-color-5)","background-image":"","background-repeat":"repeat","background-position":"center center","background-size":"auto","background-attachment":"scroll","background-type":"","background-media":"","overlay-type":"","overlay-color":"","overlay-opacity":"","overlay-gradient":""}},"footnotes":""},"crop":[320,317],"disease":[],"pest":[44],"solution":[37],"class_list":["post-3295","product","type-product","status-publish","has-post-thumbnail","hentry","crop-row_crops","crop-vegetables","pest-lepidoptera","solution-insecticides"],"acf":[],"uagb_featured_image_src":{"full":["https:\/\/www.andermatt.com\/wp-content\/uploads\/2021\/12\/Bio-Insecticides_Plutex2.jpg",2400,1864,false],"thumbnail":["https:\/\/www.andermatt.com\/wp-content\/uploads\/2021\/12\/Bio-Insecticides_Plutex2-150x150.jpg",150,150,true],"medium":["https:\/\/www.andermatt.com\/wp-content\/uploads\/2021\/12\/Bio-Insecticides_Plutex2-300x233.jpg",300,233,true],"medium_large":["https:\/\/www.andermatt.com\/wp-content\/uploads\/2021\/12\/Bio-Insecticides_Plutex2-768x596.jpg",768,596,true],"large":["https:\/\/www.andermatt.com\/wp-content\/uploads\/2021\/12\/Bio-Insecticides_Plutex2-1024x795.jpg",1024,795,true],"1536x1536":["https:\/\/www.andermatt.com\/wp-content\/uploads\/2021\/12\/Bio-Insecticides_Plutex2-1536x1193.jpg",1536,1193,true],"2048x2048":["https:\/\/www.andermatt.com\/wp-content\/uploads\/2021\/12\/Bio-Insecticides_Plutex2-2048x1590.jpg",2048,1590,true],"trp-custom-language-flag":["https:\/\/www.andermatt.com\/wp-content\/uploads\/2021\/12\/Bio-Insecticides_Plutex2.jpg",15,12,false],"feature-size":["https:\/\/www.andermatt.com\/wp-content\/uploads\/2021\/12\/Bio-Insecticides_Plutex2-660x315.jpg",660,315,true],"feature-size-gross":["https:\/\/www.andermatt.com\/wp-content\/uploads\/2021\/12\/Bio-Insecticides_Plutex2-660x360.jpg",660,360,true],"header-size-small":["https:\/\/www.andermatt.com\/wp-content\/uploads\/2021\/12\/Bio-Insecticides_Plutex2-1000x350.jpg",1000,350,true],"header-size":["https:\/\/www.andermatt.com\/wp-content\/uploads\/2021\/12\/Bio-Insecticides_Plutex2-2000x600.jpg",2000,600,true],"mailpoet_newsletter_max":["https:\/\/www.andermatt.com\/wp-content\/uploads\/2021\/12\/Bio-Insecticides_Plutex2-1320x1025.jpg",1320,1025,true]},"uagb_author_info":{"display_name":"Alina Piven","author_link":"https:\/\/www.andermatt.com\/es\/author\/"},"uagb_comment_info":0,"uagb_excerpt":"Plutex is based on Plutella xylostella granulovirus (PlxyGV) and significantly reduces crop damage and pest population. Thanks to the unique mode of action, Plutex is an important tool for resistance management. Benefits Due to its high compatibility in tank mix, Plutex is an especially valuable tool for integration in pest control programs. Plutex is an&hellip;","_links":{"self":[{"href":"https:\/\/www.andermatt.com\/es\/wp-json\/wp\/v2\/product\/3295","targetHints":{"allow":["GET"]}}],"collection":[{"href":"https:\/\/www.andermatt.com\/es\/wp-json\/wp\/v2\/product"}],"about":[{"href":"https:\/\/www.andermatt.com\/es\/wp-json\/wp\/v2\/types\/product"}],"version-history":[{"count":20,"href":"https:\/\/www.andermatt.com\/es\/wp-json\/wp\/v2\/product\/3295\/revisions"}],"predecessor-version":[{"id":4527,"href":"https:\/\/www.andermatt.com\/es\/wp-json\/wp\/v2\/product\/3295\/revisions\/4527"}],"wp:featuredmedia":[{"embeddable":true,"href":"https:\/\/www.andermatt.com\/es\/wp-json\/wp\/v2\/media\/3297"}],"wp:attachment":[{"href":"https:\/\/www.andermatt.com\/es\/wp-json\/wp\/v2\/media?parent=3295"}],"wp:term":[{"taxonomy":"crop","embeddable":true,"href":"https:\/\/www.andermatt.com\/es\/wp-json\/wp\/v2\/crop?post=3295"},{"taxonomy":"disease","embeddable":true,"href":"https:\/\/www.andermatt.com\/es\/wp-json\/wp\/v2\/disease?post=3295"},{"taxonomy":"pest","embeddable":true,"href":"https:\/\/www.andermatt.com\/es\/wp-json\/wp\/v2\/pest?post=3295"},{"taxonomy":"solution","embeddable":true,"href":"https:\/\/www.andermatt.com\/es\/wp-json\/wp\/v2\/solution?post=3295"}],"curies":[{"name":"wp","href":"https:\/\/api.w.org\/{rel}","templated":true}]}}