{"id":3260,"date":"2021-12-15T17:42:48","date_gmt":"2021-12-15T16:42:48","guid":{"rendered":"https:\/\/www.andermatt.com\/?post_type=product&#038;p=3260"},"modified":"2025-04-15T11:22:55","modified_gmt":"2025-04-15T09:22:55","slug":"tutavir","status":"publish","type":"product","link":"https:\/\/www.andermatt.com\/es\/producto\/tutavir\/","title":{"rendered":"Tutavir"},"content":{"rendered":"<p class=\"lead\">Tutavir contiene un granulovirus de <i>Phthorimaea operculella <\/i>(PhopGV) para un control altamente eficaz y selectivo de la polilla del tomate. Debido a su alta compatibilidad con los polinizadores, los insectos ben\u00e9ficos y otros insumos, Tutavir es el mejor candidato para los programas de MIP. Debido a su nuevo y \u00fanico modo de acci\u00f3n, Tutavir es una herramienta importante para el manejo de la resistencia en los sistemas de producci\u00f3n convencionales y biol\u00f3gicos.<\/p>\n\n\n\n<figure class=\"wp-block-gallery has-nested-images columns-2 is-cropped wp-block-gallery-1 is-layout-flex wp-block-gallery-is-layout-flex\">\n<figure class=\"wp-block-image size-feature-size-gross\"><a href=\"https:\/\/www.andermatt.com\/wp-content\/uploads\/2021\/12\/Bio-Insecticides_Tutavir3.jpg\"><img decoding=\"async\" width=\"660\" height=\"360\" data-id=\"3262\" src=\"https:\/\/www.andermatt.com\/wp-content\/uploads\/2021\/12\/Bio-Insecticides_Tutavir3-660x360.jpg\" alt=\"\" class=\"wp-image-3262\"\/><\/a><\/figure>\n\n\n\n<figure class=\"wp-block-image size-feature-size-gross\"><a href=\"https:\/\/www.andermatt.com\/wp-content\/uploads\/2021\/12\/Bio-Insecticides_Tutavir4.jpg\"><img decoding=\"async\" width=\"660\" height=\"360\" data-id=\"3263\" src=\"https:\/\/www.andermatt.com\/wp-content\/uploads\/2021\/12\/Bio-Insecticides_Tutavir4-660x360.jpg\" alt=\"\" class=\"wp-image-3263\"\/><\/a><\/figure>\n<\/figure>\n\n\n\n<h3 class=\"wp-block-heading\">Beneficios<\/h3>\n\n\n\n<ul class=\"wp-block-list\">\n<li>Debido a su alta compatibilidad, Tutavir es una herramienta especialmente valiosa para su integraci\u00f3n en programas de control de plagas con insectos ben\u00e9ficos.<\/li>\n\n\n\n<li>Tutavir es una excelente herramienta de gesti\u00f3n de la resistencia con su nuevo y \u00fanico modo de acci\u00f3n<\/li>\n<\/ul>\n\n\n\n<h3 class=\"wp-block-heading\">Informaci\u00f3n sobre la plaga<\/h3>\n\n\n\n<p class=\"translation-block\"><em>Tuta absoluta<\/em> es una plaga muy destructiva y dif\u00edcil de controlar. Originaria de Sudam\u00e9rica, se encontr\u00f3 en Espa\u00f1a en 2006 y se ha ido extendiendo por la regi\u00f3n mediterr\u00e1nea, pero tambi\u00e9n por Europa continental, Oriente Medio y \u00c1frica. Las larvas de la plaga minan las hojas y los frutos, lo que puede conducir r\u00e1pidamente a la p\u00e9rdida total de la cosecha. Muchas poblaciones del minador del tomate son resistentes a una amplia gama de pesticidas, tanto qu\u00edmicos como biol\u00f3gicos.<\/p>","protected":false},"excerpt":{"rendered":"<p>Tutavir contiene un granulovirus de Phthorimaea operculella (PhopGV) para un control altamente eficaz y selectivo del minador del tomate. Debido a su alta compatibilidad con los polinizadores, los organismos beneficiosos y otros insumos, Tutavir es el mejor candidato para los programas de gesti\u00f3n integrada de plagas. Debido a su nuevo y \u00fanico modo de acci\u00f3n, Tutavir es una herramienta importante para la gesti\u00f3n de la resistencia ...<\/p>","protected":false},"featured_media":3262,"template":"","meta":{"_acf_changed":false,"_seopress_robots_primary_cat":"none","_seopress_titles_title":"","_seopress_titles_desc":"","_seopress_robots_index":"","_searchwp_excluded":"","_uag_custom_page_level_css":"","site-sidebar-layout":"default","site-content-layout":"default","ast-site-content-layout":"default","site-content-style":"default","site-sidebar-style":"default","ast-global-header-display":"","ast-banner-title-visibility":"","ast-main-header-display":"","ast-hfb-above-header-display":"","ast-hfb-below-header-display":"","ast-hfb-mobile-header-display":"","site-post-title":"","ast-breadcrumbs-content":"","ast-featured-img":"","footer-sml-layout":"","ast-disable-related-posts":"","theme-transparent-header-meta":"default","adv-header-id-meta":"","stick-header-meta":"default","header-above-stick-meta":"","header-main-stick-meta":"","header-below-stick-meta":"","astra-migrate-meta-layouts":"set","ast-page-background-enabled":"default","ast-page-background-meta":{"desktop":{"background-color":"","background-image":"","background-repeat":"repeat","background-position":"center center","background-size":"auto","background-attachment":"scroll","background-type":"","background-media":"","overlay-type":"","overlay-color":"","overlay-opacity":"","overlay-gradient":""},"tablet":{"background-color":"","background-image":"","background-repeat":"repeat","background-position":"center center","background-size":"auto","background-attachment":"scroll","background-type":"","background-media":"","overlay-type":"","overlay-color":"","overlay-opacity":"","overlay-gradient":""},"mobile":{"background-color":"","background-image":"","background-repeat":"repeat","background-position":"center center","background-size":"auto","background-attachment":"scroll","background-type":"","background-media":"","overlay-type":"","overlay-color":"","overlay-opacity":"","overlay-gradient":""}},"ast-content-background-meta":{"desktop":{"background-color":"var(--ast-global-color-5)","background-image":"","background-repeat":"repeat","background-position":"center center","background-size":"auto","background-attachment":"scroll","background-type":"","background-media":"","overlay-type":"","overlay-color":"","overlay-opacity":"","overlay-gradient":""},"tablet":{"background-color":"var(--ast-global-color-5)","background-image":"","background-repeat":"repeat","background-position":"center center","background-size":"auto","background-attachment":"scroll","background-type":"","background-media":"","overlay-type":"","overlay-color":"","overlay-opacity":"","overlay-gradient":""},"mobile":{"background-color":"var(--ast-global-color-5)","background-image":"","background-repeat":"repeat","background-position":"center center","background-size":"auto","background-attachment":"scroll","background-type":"","background-media":"","overlay-type":"","overlay-color":"","overlay-opacity":"","overlay-gradient":""}},"footnotes":""},"crop":[319,317],"disease":[],"pest":[44],"solution":[37],"class_list":["post-3260","product","type-product","status-publish","has-post-thumbnail","hentry","crop-potatoes","crop-vegetables","pest-lepidoptera","solution-insecticides"],"acf":[],"uagb_featured_image_src":{"full":["https:\/\/www.andermatt.com\/wp-content\/uploads\/2021\/12\/Bio-Insecticides_Tutavir3.jpg",749,500,false],"thumbnail":["https:\/\/www.andermatt.com\/wp-content\/uploads\/2021\/12\/Bio-Insecticides_Tutavir3-150x150.jpg",150,150,true],"medium":["https:\/\/www.andermatt.com\/wp-content\/uploads\/2021\/12\/Bio-Insecticides_Tutavir3-300x200.jpg",300,200,true],"medium_large":["https:\/\/www.andermatt.com\/wp-content\/uploads\/2021\/12\/Bio-Insecticides_Tutavir3.jpg",749,500,false],"large":["https:\/\/www.andermatt.com\/wp-content\/uploads\/2021\/12\/Bio-Insecticides_Tutavir3.jpg",749,500,false],"1536x1536":["https:\/\/www.andermatt.com\/wp-content\/uploads\/2021\/12\/Bio-Insecticides_Tutavir3.jpg",749,500,false],"2048x2048":["https:\/\/www.andermatt.com\/wp-content\/uploads\/2021\/12\/Bio-Insecticides_Tutavir3.jpg",749,500,false],"trp-custom-language-flag":["https:\/\/www.andermatt.com\/wp-content\/uploads\/2021\/12\/Bio-Insecticides_Tutavir3.jpg",18,12,false],"feature-size":["https:\/\/www.andermatt.com\/wp-content\/uploads\/2021\/12\/Bio-Insecticides_Tutavir3-660x315.jpg",660,315,true],"feature-size-gross":["https:\/\/www.andermatt.com\/wp-content\/uploads\/2021\/12\/Bio-Insecticides_Tutavir3-660x360.jpg",660,360,true],"header-size-small":["https:\/\/www.andermatt.com\/wp-content\/uploads\/2021\/12\/Bio-Insecticides_Tutavir3-749x350.jpg",749,350,true],"header-size":["https:\/\/www.andermatt.com\/wp-content\/uploads\/2021\/12\/Bio-Insecticides_Tutavir3.jpg",749,500,false],"mailpoet_newsletter_max":["https:\/\/www.andermatt.com\/wp-content\/uploads\/2021\/12\/Bio-Insecticides_Tutavir3.jpg",749,500,false]},"uagb_author_info":{"display_name":"Donvae Hooker","author_link":"https:\/\/www.andermatt.com\/es\/author\/"},"uagb_comment_info":0,"uagb_excerpt":"Tutavir contains a Phthorimaea operculella granulovirus (PhopGV) for highly effective and selective control of the tomato leafminer. Due to its high compatibility with pollinators, beneficials and other inputs, Tutavir is the best candidate for integrated pest management programs. Because of its new and unique mode of action, Tutavir is an important tool for resistance management&hellip;","_links":{"self":[{"href":"https:\/\/www.andermatt.com\/es\/wp-json\/wp\/v2\/product\/3260","targetHints":{"allow":["GET"]}}],"collection":[{"href":"https:\/\/www.andermatt.com\/es\/wp-json\/wp\/v2\/product"}],"about":[{"href":"https:\/\/www.andermatt.com\/es\/wp-json\/wp\/v2\/types\/product"}],"version-history":[{"count":21,"href":"https:\/\/www.andermatt.com\/es\/wp-json\/wp\/v2\/product\/3260\/revisions"}],"predecessor-version":[{"id":7952,"href":"https:\/\/www.andermatt.com\/es\/wp-json\/wp\/v2\/product\/3260\/revisions\/7952"}],"wp:featuredmedia":[{"embeddable":true,"href":"https:\/\/www.andermatt.com\/es\/wp-json\/wp\/v2\/media\/3262"}],"wp:attachment":[{"href":"https:\/\/www.andermatt.com\/es\/wp-json\/wp\/v2\/media?parent=3260"}],"wp:term":[{"taxonomy":"crop","embeddable":true,"href":"https:\/\/www.andermatt.com\/es\/wp-json\/wp\/v2\/crop?post=3260"},{"taxonomy":"disease","embeddable":true,"href":"https:\/\/www.andermatt.com\/es\/wp-json\/wp\/v2\/disease?post=3260"},{"taxonomy":"pest","embeddable":true,"href":"https:\/\/www.andermatt.com\/es\/wp-json\/wp\/v2\/pest?post=3260"},{"taxonomy":"solution","embeddable":true,"href":"https:\/\/www.andermatt.com\/es\/wp-json\/wp\/v2\/solution?post=3260"}],"curies":[{"name":"wp","href":"https:\/\/api.w.org\/{rel}","templated":true}]}}