{"id":3240,"date":"2021-12-15T17:14:58","date_gmt":"2021-12-15T16:14:58","guid":{"rendered":"https:\/\/www.andermatt.com\/?post_type=product&#038;p=3240"},"modified":"2023-02-07T09:29:04","modified_gmt":"2023-02-07T08:29:04","slug":"spexit","status":"publish","type":"product","link":"https:\/\/www.andermatt.com\/es\/producto\/spexit\/","title":{"rendered":"Spexit"},"content":{"rendered":"<p class=\"lead\">Este bioinsecticida altamente espec\u00edfico controla eficazmente&nbsp;<em>(Spodoptera exigua)<\/em>&nbsp;en varios cultivos de invernadero y de campo abierto. El uso de Spexit reduce significativamente los da\u00f1os a los cultivos y la poblaci\u00f3n de plagas.<\/p>\n\n\n\n<figure class=\"wp-block-gallery has-nested-images columns-2 is-cropped wp-block-gallery-1 is-layout-flex wp-block-gallery-is-layout-flex\">\n<figure class=\"wp-block-image size-feature-size-gross is-style-default\"><a href=\"https:\/\/www.andermatt.com\/wp-content\/uploads\/2021\/12\/Bio-Insecticides_Spexit3.jpg\"><img decoding=\"async\" width=\"660\" height=\"360\" data-id=\"3252\" src=\"https:\/\/www.andermatt.com\/wp-content\/uploads\/2021\/12\/Bio-Insecticides_Spexit3-660x360.jpg\" alt=\"\" class=\"wp-image-3252\"\/><\/a><\/figure>\n\n\n\n<figure class=\"wp-block-image size-feature-size-gross is-style-default\"><a href=\"https:\/\/www.andermatt.com\/wp-content\/uploads\/2021\/12\/Bio-Insecticides_Spexit1-scaled.jpg\"><img decoding=\"async\" width=\"660\" height=\"360\" data-id=\"3241\" src=\"https:\/\/www.andermatt.com\/wp-content\/uploads\/2021\/12\/Bio-Insecticides_Spexit1-660x360.jpg\" alt=\"\" class=\"wp-image-3241\"\/><\/a><\/figure>\n<\/figure>\n\n\n\n<h3 class=\"wp-block-heading\">Beneficios<\/h3>\n\n\n\n<ul class=\"wp-block-list\">\n<li>Debido a su alta compatibilidad, Spexit es una herramienta especialmente valiosa para su integraci\u00f3n en programas de control de plagas con insectos beneficiosos.<\/li>\n\n\n\n<li>Spexit ofrece m\u00e1s flexibilidad al agricultor. Sin residuos y sin periodo de retenci\u00f3n.<\/li>\n<\/ul>\n\n\n\n<h3 class=\"wp-block-heading\">Informaci\u00f3n sobre la plaga<\/h3>\n\n\n\n<p class=\"translation-block\"><em>(Spodoptera exigua)<\/em> es una de las especies de plagas pol\u00edfagas m\u00e1s destructivas de importancia econ\u00f3mica a nivel mundial. El gusano de la remolacha est\u00e1 presente en las regiones m\u00e1s c\u00e1lidas de los pa\u00edses mediterr\u00e1neos, Am\u00e9rica del Norte y \u00c1frica, e invade las regiones m\u00e1s fr\u00edas del norte cuando las temperaturas lo permiten. Las larvas j\u00f3venes del gusano de la remolacha se alimentan del env\u00e9s de las hojas. Las larvas adultas devoran el follaje por completo, dejando s\u00f3lo las venas principales.<\/p>","protected":false},"excerpt":{"rendered":"<p>Este bioinsecticida altamente espec\u00edfico controla eficazmente los gusanos de la remolacha (Spodoptera exigua) en diversos cultivos de invernadero y de campo abierto. El uso de Spexit reduce significativamente los da\u00f1os en los cultivos y la poblaci\u00f3n de la plaga. Beneficios Informaci\u00f3n sobre la plaga El gusano de la remolacha (Spodoptera exigua) es una de las especies de plagas pol\u00edfagas m\u00e1s destructivas de importancia econ\u00f3mica mundial. El gusano de la remolacha est\u00e1 presente en las regiones m\u00e1s c\u00e1lidas de los pa\u00edses mediterr\u00e1neos, ...<\/p>","protected":false},"featured_media":4163,"template":"","meta":{"_acf_changed":false,"_seopress_robots_primary_cat":"","_seopress_titles_title":"","_seopress_titles_desc":"","_seopress_robots_index":"","_searchwp_excluded":"","_uag_custom_page_level_css":"","site-sidebar-layout":"default","site-content-layout":"default","ast-site-content-layout":"default","site-content-style":"default","site-sidebar-style":"default","ast-global-header-display":"","ast-banner-title-visibility":"","ast-main-header-display":"","ast-hfb-above-header-display":"","ast-hfb-below-header-display":"","ast-hfb-mobile-header-display":"","site-post-title":"","ast-breadcrumbs-content":"","ast-featured-img":"","footer-sml-layout":"","ast-disable-related-posts":"","theme-transparent-header-meta":"default","adv-header-id-meta":"","stick-header-meta":"default","header-above-stick-meta":"","header-main-stick-meta":"","header-below-stick-meta":"","astra-migrate-meta-layouts":"default","ast-page-background-enabled":"default","ast-page-background-meta":{"desktop":{"background-color":"","background-image":"","background-repeat":"repeat","background-position":"center center","background-size":"auto","background-attachment":"scroll","background-type":"","background-media":"","overlay-type":"","overlay-color":"","overlay-opacity":"","overlay-gradient":""},"tablet":{"background-color":"","background-image":"","background-repeat":"repeat","background-position":"center center","background-size":"auto","background-attachment":"scroll","background-type":"","background-media":"","overlay-type":"","overlay-color":"","overlay-opacity":"","overlay-gradient":""},"mobile":{"background-color":"","background-image":"","background-repeat":"repeat","background-position":"center center","background-size":"auto","background-attachment":"scroll","background-type":"","background-media":"","overlay-type":"","overlay-color":"","overlay-opacity":"","overlay-gradient":""}},"ast-content-background-meta":{"desktop":{"background-color":"var(--ast-global-color-5)","background-image":"","background-repeat":"repeat","background-position":"center center","background-size":"auto","background-attachment":"scroll","background-type":"","background-media":"","overlay-type":"","overlay-color":"","overlay-opacity":"","overlay-gradient":""},"tablet":{"background-color":"var(--ast-global-color-5)","background-image":"","background-repeat":"repeat","background-position":"center center","background-size":"auto","background-attachment":"scroll","background-type":"","background-media":"","overlay-type":"","overlay-color":"","overlay-opacity":"","overlay-gradient":""},"mobile":{"background-color":"var(--ast-global-color-5)","background-image":"","background-repeat":"repeat","background-position":"center center","background-size":"auto","background-attachment":"scroll","background-type":"","background-media":"","overlay-type":"","overlay-color":"","overlay-opacity":"","overlay-gradient":""}},"footnotes":""},"crop":[316,320,317],"disease":[],"pest":[44],"solution":[37],"class_list":["post-3240","product","type-product","status-publish","has-post-thumbnail","hentry","crop-fruits-berries","crop-row_crops","crop-vegetables","pest-lepidoptera","solution-insecticides"],"acf":[],"uagb_featured_image_src":{"full":["https:\/\/www.andermatt.com\/wp-content\/uploads\/2021\/12\/Bild_Spexit.jpg",645,344,false],"thumbnail":["https:\/\/www.andermatt.com\/wp-content\/uploads\/2021\/12\/Bild_Spexit-150x150.jpg",150,150,true],"medium":["https:\/\/www.andermatt.com\/wp-content\/uploads\/2021\/12\/Bild_Spexit-300x160.jpg",300,160,true],"medium_large":["https:\/\/www.andermatt.com\/wp-content\/uploads\/2021\/12\/Bild_Spexit.jpg",645,344,false],"large":["https:\/\/www.andermatt.com\/wp-content\/uploads\/2021\/12\/Bild_Spexit.jpg",645,344,false],"1536x1536":["https:\/\/www.andermatt.com\/wp-content\/uploads\/2021\/12\/Bild_Spexit.jpg",645,344,false],"2048x2048":["https:\/\/www.andermatt.com\/wp-content\/uploads\/2021\/12\/Bild_Spexit.jpg",645,344,false],"trp-custom-language-flag":["https:\/\/www.andermatt.com\/wp-content\/uploads\/2021\/12\/Bild_Spexit.jpg",18,10,false],"feature-size":["https:\/\/www.andermatt.com\/wp-content\/uploads\/2021\/12\/Bild_Spexit-645x315.jpg",645,315,true],"feature-size-gross":["https:\/\/www.andermatt.com\/wp-content\/uploads\/2021\/12\/Bild_Spexit.jpg",645,344,false],"header-size-small":["https:\/\/www.andermatt.com\/wp-content\/uploads\/2021\/12\/Bild_Spexit.jpg",645,344,false],"header-size":["https:\/\/www.andermatt.com\/wp-content\/uploads\/2021\/12\/Bild_Spexit.jpg",645,344,false],"mailpoet_newsletter_max":["https:\/\/www.andermatt.com\/wp-content\/uploads\/2021\/12\/Bild_Spexit.jpg",645,344,false]},"uagb_author_info":{"display_name":"Alina Piven","author_link":"https:\/\/www.andermatt.com\/es\/author\/"},"uagb_comment_info":0,"uagb_excerpt":"This highly specific bioinsecticide effectively controls beet armyworms&nbsp;(Spodoptera exigua)&nbsp;on various greenhouse and open field crops. The use of Spexit significantly reduces crop damage and pest population. Benefits Pest Information Beet armyworm&nbsp;(Spodoptera exigua)&nbsp;is one of the most destructive polyphagous pest species of worldwide economic importance. Beet armyworms occur in warmer regions of the Mediterranean countries, North&hellip;","_links":{"self":[{"href":"https:\/\/www.andermatt.com\/es\/wp-json\/wp\/v2\/product\/3240","targetHints":{"allow":["GET"]}}],"collection":[{"href":"https:\/\/www.andermatt.com\/es\/wp-json\/wp\/v2\/product"}],"about":[{"href":"https:\/\/www.andermatt.com\/es\/wp-json\/wp\/v2\/types\/product"}],"version-history":[{"count":28,"href":"https:\/\/www.andermatt.com\/es\/wp-json\/wp\/v2\/product\/3240\/revisions"}],"predecessor-version":[{"id":6091,"href":"https:\/\/www.andermatt.com\/es\/wp-json\/wp\/v2\/product\/3240\/revisions\/6091"}],"wp:featuredmedia":[{"embeddable":true,"href":"https:\/\/www.andermatt.com\/es\/wp-json\/wp\/v2\/media\/4163"}],"wp:attachment":[{"href":"https:\/\/www.andermatt.com\/es\/wp-json\/wp\/v2\/media?parent=3240"}],"wp:term":[{"taxonomy":"crop","embeddable":true,"href":"https:\/\/www.andermatt.com\/es\/wp-json\/wp\/v2\/crop?post=3240"},{"taxonomy":"disease","embeddable":true,"href":"https:\/\/www.andermatt.com\/es\/wp-json\/wp\/v2\/disease?post=3240"},{"taxonomy":"pest","embeddable":true,"href":"https:\/\/www.andermatt.com\/es\/wp-json\/wp\/v2\/pest?post=3240"},{"taxonomy":"solution","embeddable":true,"href":"https:\/\/www.andermatt.com\/es\/wp-json\/wp\/v2\/solution?post=3240"}],"curies":[{"name":"wp","href":"https:\/\/api.w.org\/{rel}","templated":true}]}}