{"id":3027,"date":"2021-12-15T16:18:52","date_gmt":"2021-12-15T15:18:52","guid":{"rendered":"https:\/\/www.andermatt.com\/?post_type=product&#038;p=3027"},"modified":"2023-02-07T09:25:38","modified_gmt":"2023-02-07T08:25:38","slug":"cryptex","status":"publish","type":"product","link":"https:\/\/www.andermatt.com\/es\/producto\/cryptex\/","title":{"rendered":"Cryptex"},"content":{"rendered":"<p class=\"lead\">Cryptex es un preparado de granulovirus para el control biol\u00f3gico de la falsa carpocapsa (<em>Thaumatotibia leucotreta;<\/em>&nbsp;antes&nbsp;<em>Cryptophlebia leucotreta<\/em>).<\/p>\n\n\n\n<figure class=\"wp-block-gallery has-nested-images columns-2 is-cropped wp-block-gallery-1 is-layout-flex wp-block-gallery-is-layout-flex\">\n<figure class=\"wp-block-image size-feature-size-gross is-style-default\"><a href=\"https:\/\/www.andermatt.com\/wp-content\/uploads\/2021\/12\/Bio-Insecticides_Cryptex2.jpg\"><img decoding=\"async\" width=\"660\" height=\"360\" data-id=\"3224\" src=\"https:\/\/www.andermatt.com\/wp-content\/uploads\/2021\/12\/Bio-Insecticides_Cryptex2-660x360.jpg\" alt=\"\" class=\"wp-image-3224\"\/><\/a><\/figure>\n\n\n\n<figure class=\"wp-block-image size-feature-size-gross is-style-default\"><a href=\"https:\/\/www.andermatt.com\/wp-content\/uploads\/2021\/12\/Bio-Insecticides_Cryptex1.jpg\"><img decoding=\"async\" width=\"660\" height=\"360\" data-id=\"3223\" src=\"https:\/\/www.andermatt.com\/wp-content\/uploads\/2021\/12\/Bio-Insecticides_Cryptex1-660x360.jpg\" alt=\"\" class=\"wp-image-3223\"\/><\/a><\/figure>\n<\/figure>\n\n\n\n<h3 class=\"wp-block-heading\">Beneficios<\/h3>\n\n\n\n<ul class=\"wp-block-list\">\n<li>Se ha demostrado que Cryptex controla las larvas de la falsa polilla de la manzana en varios cultivos.<\/li>\n\n\n\n<li>Cryptex es altamente compatible en las mezclas de tanques.<\/li>\n\n\n\n<li>Cryptex se puede integrar f\u00e1cilmente en estrategias de MIP y es adecuado para una producci\u00f3n sin residuos<\/li>\n\n\n\n<li>La falsa carpocapsa es una plaga de cuarentena para muchos cultivos de exportaci\u00f3n como los c\u00edtricos o los aguacates. Por lo tanto, el uso de Cryptex en las estrategias de control de la falsa carpocapsa se convierte en una herramienta clave para mantener el acceso a los mercados de exportaci\u00f3n permitiendo cumplir con las restricciones de residuos.<\/li>\n<\/ul>\n\n\n\n<h3 class=\"wp-block-heading\">Informaci\u00f3n sobre la plaga<\/h3>\n\n\n\n<p>La falsa carpocapsa (<em>Thaumatotibia leucotreta)<\/em>&nbsp;est\u00e1 presente en el \u00c1frica subsahariana y recientemente se ha detectado en Israel. Esta oruga extremadamente pol\u00edfaga se alimenta de los frutos, penetrando en ellos, y puede causar da\u00f1os importantes. La elevada infestaci\u00f3n por esta plaga suele provocar una dram\u00e1tica ca\u00edda de frutos y elevadas p\u00e9rdidas de rendimiento. Adem\u00e1s, la presencia de una sola larva de falsa carpocapsa en los lotes de env\u00edo a los destinos de exportaci\u00f3n puede provocar la prohibici\u00f3n de futuros env\u00edos a estos mercados, lo que causa m\u00e1s p\u00e9rdidas econ\u00f3micas elevadas.<\/p>","protected":false},"excerpt":{"rendered":"<p>Cryptex es un preparado de granulovirus para el control biol\u00f3gico de la falsa polilla del bacalao (Thaumatotibia leucotreta; anteriormente Cryptophlebia leucotreta). Beneficios Informaci\u00f3n sobre la plaga La falsa polilla del bacalao (Thaumatotibia leucotreta) est\u00e1 presente en el \u00c1frica subsahariana y se ha detectado recientemente en Israel. Esta oruga extremadamente pol\u00edfaga se alimenta de los frutos, penetrando en ellos, y puede causar da\u00f1os importantes. La elevada infestaci\u00f3n por ...<\/p>","protected":false},"featured_media":3223,"template":"","meta":{"_acf_changed":false,"_seopress_robots_primary_cat":"","_seopress_titles_title":"","_seopress_titles_desc":"","_seopress_robots_index":"","_searchwp_excluded":"","_uag_custom_page_level_css":"","site-sidebar-layout":"default","site-content-layout":"default","ast-site-content-layout":"default","site-content-style":"default","site-sidebar-style":"default","ast-global-header-display":"","ast-banner-title-visibility":"","ast-main-header-display":"","ast-hfb-above-header-display":"","ast-hfb-below-header-display":"","ast-hfb-mobile-header-display":"","site-post-title":"","ast-breadcrumbs-content":"","ast-featured-img":"","footer-sml-layout":"","ast-disable-related-posts":"","theme-transparent-header-meta":"default","adv-header-id-meta":"","stick-header-meta":"default","header-above-stick-meta":"","header-main-stick-meta":"","header-below-stick-meta":"","astra-migrate-meta-layouts":"default","ast-page-background-enabled":"default","ast-page-background-meta":{"desktop":{"background-color":"","background-image":"","background-repeat":"repeat","background-position":"center center","background-size":"auto","background-attachment":"scroll","background-type":"","background-media":"","overlay-type":"","overlay-color":"","overlay-opacity":"","overlay-gradient":""},"tablet":{"background-color":"","background-image":"","background-repeat":"repeat","background-position":"center center","background-size":"auto","background-attachment":"scroll","background-type":"","background-media":"","overlay-type":"","overlay-color":"","overlay-opacity":"","overlay-gradient":""},"mobile":{"background-color":"","background-image":"","background-repeat":"repeat","background-position":"center center","background-size":"auto","background-attachment":"scroll","background-type":"","background-media":"","overlay-type":"","overlay-color":"","overlay-opacity":"","overlay-gradient":""}},"ast-content-background-meta":{"desktop":{"background-color":"var(--ast-global-color-5)","background-image":"","background-repeat":"repeat","background-position":"center center","background-size":"auto","background-attachment":"scroll","background-type":"","background-media":"","overlay-type":"","overlay-color":"","overlay-opacity":"","overlay-gradient":""},"tablet":{"background-color":"var(--ast-global-color-5)","background-image":"","background-repeat":"repeat","background-position":"center center","background-size":"auto","background-attachment":"scroll","background-type":"","background-media":"","overlay-type":"","overlay-color":"","overlay-opacity":"","overlay-gradient":""},"mobile":{"background-color":"var(--ast-global-color-5)","background-image":"","background-repeat":"repeat","background-position":"center center","background-size":"auto","background-attachment":"scroll","background-type":"","background-media":"","overlay-type":"","overlay-color":"","overlay-opacity":"","overlay-gradient":""}},"footnotes":""},"crop":[316,318,65,321,320,317],"disease":[],"pest":[44],"solution":[37],"class_list":["post-3027","product","type-product","status-publish","has-post-thumbnail","hentry","crop-fruits-berries","crop-grapes","crop-herbs_ornamentals","crop-nuts","crop-row_crops","crop-vegetables","pest-lepidoptera","solution-insecticides"],"acf":[],"uagb_featured_image_src":{"full":["https:\/\/www.andermatt.com\/wp-content\/uploads\/2021\/12\/Bio-Insecticides_Cryptex1.jpg",2048,1536,false],"thumbnail":["https:\/\/www.andermatt.com\/wp-content\/uploads\/2021\/12\/Bio-Insecticides_Cryptex1-150x150.jpg",150,150,true],"medium":["https:\/\/www.andermatt.com\/wp-content\/uploads\/2021\/12\/Bio-Insecticides_Cryptex1-300x225.jpg",300,225,true],"medium_large":["https:\/\/www.andermatt.com\/wp-content\/uploads\/2021\/12\/Bio-Insecticides_Cryptex1-768x576.jpg",768,576,true],"large":["https:\/\/www.andermatt.com\/wp-content\/uploads\/2021\/12\/Bio-Insecticides_Cryptex1-1024x768.jpg",1024,768,true],"1536x1536":["https:\/\/www.andermatt.com\/wp-content\/uploads\/2021\/12\/Bio-Insecticides_Cryptex1-1536x1152.jpg",1536,1152,true],"2048x2048":["https:\/\/www.andermatt.com\/wp-content\/uploads\/2021\/12\/Bio-Insecticides_Cryptex1.jpg",2048,1536,false],"trp-custom-language-flag":["https:\/\/www.andermatt.com\/wp-content\/uploads\/2021\/12\/Bio-Insecticides_Cryptex1.jpg",16,12,false],"feature-size":["https:\/\/www.andermatt.com\/wp-content\/uploads\/2021\/12\/Bio-Insecticides_Cryptex1-660x315.jpg",660,315,true],"feature-size-gross":["https:\/\/www.andermatt.com\/wp-content\/uploads\/2021\/12\/Bio-Insecticides_Cryptex1-660x360.jpg",660,360,true],"header-size-small":["https:\/\/www.andermatt.com\/wp-content\/uploads\/2021\/12\/Bio-Insecticides_Cryptex1-1000x350.jpg",1000,350,true],"header-size":["https:\/\/www.andermatt.com\/wp-content\/uploads\/2021\/12\/Bio-Insecticides_Cryptex1-2000x600.jpg",2000,600,true],"mailpoet_newsletter_max":["https:\/\/www.andermatt.com\/wp-content\/uploads\/2021\/12\/Bio-Insecticides_Cryptex1-1320x990.jpg",1320,990,true]},"uagb_author_info":{"display_name":"Alina Piven","author_link":"https:\/\/www.andermatt.com\/es\/author\/"},"uagb_comment_info":0,"uagb_excerpt":"Cryptex is a granulovirus preparation for the biological control of the false codling moth (Thaumatotibia leucotreta;&nbsp;formerly&nbsp;Cryptophlebia leucotreta). Benefits Pest Information False codling moth (Thaumatotibia leucotreta)&nbsp;is present in Sub-Saharan Africa, and has recently been detected in Israel. This extremely polyphagous caterpillar feeds on fruits, by penetrating them, and can cause significant damage. The high infestation by&hellip;","_links":{"self":[{"href":"https:\/\/www.andermatt.com\/es\/wp-json\/wp\/v2\/product\/3027","targetHints":{"allow":["GET"]}}],"collection":[{"href":"https:\/\/www.andermatt.com\/es\/wp-json\/wp\/v2\/product"}],"about":[{"href":"https:\/\/www.andermatt.com\/es\/wp-json\/wp\/v2\/types\/product"}],"version-history":[{"count":28,"href":"https:\/\/www.andermatt.com\/es\/wp-json\/wp\/v2\/product\/3027\/revisions"}],"predecessor-version":[{"id":9303,"href":"https:\/\/www.andermatt.com\/es\/wp-json\/wp\/v2\/product\/3027\/revisions\/9303"}],"wp:featuredmedia":[{"embeddable":true,"href":"https:\/\/www.andermatt.com\/es\/wp-json\/wp\/v2\/media\/3223"}],"wp:attachment":[{"href":"https:\/\/www.andermatt.com\/es\/wp-json\/wp\/v2\/media?parent=3027"}],"wp:term":[{"taxonomy":"crop","embeddable":true,"href":"https:\/\/www.andermatt.com\/es\/wp-json\/wp\/v2\/crop?post=3027"},{"taxonomy":"disease","embeddable":true,"href":"https:\/\/www.andermatt.com\/es\/wp-json\/wp\/v2\/disease?post=3027"},{"taxonomy":"pest","embeddable":true,"href":"https:\/\/www.andermatt.com\/es\/wp-json\/wp\/v2\/pest?post=3027"},{"taxonomy":"solution","embeddable":true,"href":"https:\/\/www.andermatt.com\/es\/wp-json\/wp\/v2\/solution?post=3027"}],"curies":[{"name":"wp","href":"https:\/\/api.w.org\/{rel}","templated":true}]}}