{"id":3003,"date":"2021-11-17T10:07:04","date_gmt":"2021-11-17T09:07:04","guid":{"rendered":"https:\/\/www.andermatt.com\/?post_type=product&#038;p=3003"},"modified":"2022-09-08T14:50:21","modified_gmt":"2022-09-08T12:50:21","slug":"nematodos-entomopatogenos","status":"publish","type":"product","link":"https:\/\/www.andermatt.com\/es\/producto\/nematodos-entomopatogenos\/","title":{"rendered":"Nematodos entomopat\u00f3genos"},"content":{"rendered":"<p class=\"lead\">Los nematodos entomopat\u00f3genos se encuentran de forma natural en el medio ambiente como par\u00e1sitos de muchas larvas de insectos. La liberaci\u00f3n masiva de estos nematodos proporciona un control eficaz y curativo de las principales plagas de insectos en una amplia gama de cultivos.<\/p>\n\n\n\n<figure class=\"wp-block-gallery has-nested-images columns-default is-cropped wp-block-gallery-1 is-layout-flex wp-block-gallery-is-layout-flex\">\n<figure class=\"wp-block-image size-feature-size-gross\"><a href=\"https:\/\/www.andermatt.com\/wp-content\/uploads\/2021\/11\/steinernema-feltiae-scaled.jpg\"><img decoding=\"async\" width=\"660\" height=\"360\" data-id=\"3517\" src=\"https:\/\/www.andermatt.com\/wp-content\/uploads\/2021\/11\/steinernema-feltiae-660x360.jpg\" alt=\"\" class=\"wp-image-3517\"\/><\/a><\/figure>\n\n\n\n<figure class=\"wp-block-image size-feature-size-gross\"><a href=\"https:\/\/www.andermatt.com\/wp-content\/uploads\/2021\/02\/codling-moth_3_big.jpg\"><img decoding=\"async\" width=\"660\" height=\"360\" data-id=\"1710\" src=\"https:\/\/www.andermatt.com\/wp-content\/uploads\/2021\/02\/codling-moth_3_big-660x360.jpg\" alt=\"\" class=\"wp-image-1710\"\/><\/a><\/figure>\n<\/figure>\n\n\n\n<h3 class=\"wp-block-heading\">Modo de acci\u00f3n<\/h3>\n\n\n\n<p>Una vez liberados, los nematodos buscan activamente a sus insectos hu\u00e9spedes. Una vez localizado el hu\u00e9sped, los nematodos penetran en el insecto a trav\u00e9s de las aberturas del cuerpo y liberan bacterias simbi\u00f3ticas que se multiplican y matan r\u00e1pidamente al insecto. Posteriormente, los nematodos se alimentan del hu\u00e9sped y maduran hasta convertirse en adultos, que se aparean y producen la siguiente generaci\u00f3n. El ciclo vital se completa en pocas semanas y cientos de miles de nematodos emergen en busca de nuevos hu\u00e9spedes.<\/p>\n\n\n\n<p>Persistencia en el suelo. En algunas especies, las larvas de las plagas infectadas por nematodos adquieren un color rojo o marr\u00f3n caracter\u00edstico, lo que facilita la identificaci\u00f3n de la actividad. Cuando no hay nuevos hu\u00e9spedes, la poblaci\u00f3n de nematodos disminuye r\u00e1pidamente.<\/p>\n\n\n\n<h3 class=\"wp-block-heading\">Principales plagas objetivo<\/h3>\n\n\n\n<figure class=\"wp-block-table\"><table><tbody><tr><td><em>Steinernema carpocapsae<\/em><\/td><td>El picudo rojo (<em>Rhynchophorus ferrugineus<\/em>)<br>Las larvas de la polilla del bacalao (<em>Cydia pomonella<\/em>)<br>Los grillos topo (<em>Gryllotalpa gryllotalpa<\/em>)<br>Las moscas de la gr\u00faa (<em>Tipula spp.<\/em>)<br>Los gusanos cortadores (<em>Agrotis spp.<\/em>)<br>Pir\u00e1mide de las marismas del sur de Europa (<em>Duponchelia fovealis<\/em>)<\/td><\/tr><tr><td><em>Steinernema feltiae<\/em><\/td><td>Las larvas de la polilla del bacalao (<em>Cydia pomonella<\/em>)<br>Las moscas de los esci\u00e1ridos (<em>Sciaridae<\/em>)<br>Los trips y los minadores de las hojas<\/td><\/tr><tr><td><em>Heterorhabditis bacteriophora<\/em><\/td><td>Picudo negro de la vid (<em>Otiorhynchus sulcatus<\/em>)<br>La barredora de jard\u00edn (<em>Phyllopertha horticola<\/em>)<br>El chafl\u00e1n gal\u00e9s (<em>Hoplia spp.<\/em>)<br>El escarabajo pelotero (<em>Aphodius spp.<\/em>)<br>Gusano de la ra\u00edz del ma\u00edz occidental<em> (Diabrotica virgifera<\/em>)<br>El barrenador del avellano (<em>Balaninus nucum<\/em>)<br>Polilla del casta\u00f1o (<em>Cydia splendana)<\/em><br>La polilla del haya (<em>Cydia fagiglandana<\/em>)<\/td><\/tr><\/tbody><\/table><\/figure>\n\n\n\n<h3 class=\"wp-block-heading\">Ventajas<\/h3>\n\n\n\n<ul class=\"wp-block-list\"><li>Control eficaz y r\u00e1pido de las larvas de la plaga<\/li><li>Control de plagas sin residuos<\/li><li>No hay tiempo de reentrada<\/li><li>Producto natural y seguro para los usuarios, los consumidores y el medio ambiente<\/li><li>Mejora de la gesti\u00f3n de la resistencia a las plagas<\/li><li>Compatible con otros sistemas biol\u00f3gicos y de GIP<\/li><li>F\u00e1cil aplicaci\u00f3n mediante pulverizadores, riego por aspersi\u00f3n o sistemas de riego<\/li><\/ul>","protected":false},"excerpt":{"rendered":"<p>Los nematodos entomopat\u00f3genos se encuentran de forma natural en el medio ambiente como par\u00e1sitos de muchas larvas de insectos. La liberaci\u00f3n masiva de estos nematodos proporciona un control eficaz y curativo de las principales plagas de insectos en una amplia gama de cultivos. Modo de acci\u00f3n Una vez liberados, los nematodos buscan activamente a sus insectos hu\u00e9spedes. Cuando se ha localizado un hu\u00e9sped, los nematodos ...<\/p>","protected":false},"featured_media":3517,"template":"","meta":{"_acf_changed":false,"_seopress_robots_primary_cat":"","_seopress_titles_title":"","_seopress_titles_desc":"","_seopress_robots_index":"","_searchwp_excluded":"","_uag_custom_page_level_css":"","site-sidebar-layout":"default","site-content-layout":"","ast-site-content-layout":"default","site-content-style":"default","site-sidebar-style":"default","ast-global-header-display":"","ast-banner-title-visibility":"","ast-main-header-display":"","ast-hfb-above-header-display":"","ast-hfb-below-header-display":"","ast-hfb-mobile-header-display":"","site-post-title":"","ast-breadcrumbs-content":"","ast-featured-img":"","footer-sml-layout":"","ast-disable-related-posts":"","theme-transparent-header-meta":"","adv-header-id-meta":"","stick-header-meta":"","header-above-stick-meta":"","header-main-stick-meta":"","header-below-stick-meta":"","astra-migrate-meta-layouts":"default","ast-page-background-enabled":"default","ast-page-background-meta":{"desktop":{"background-color":"","background-image":"","background-repeat":"repeat","background-position":"center center","background-size":"auto","background-attachment":"scroll","background-type":"","background-media":"","overlay-type":"","overlay-color":"","overlay-opacity":"","overlay-gradient":""},"tablet":{"background-color":"","background-image":"","background-repeat":"repeat","background-position":"center center","background-size":"auto","background-attachment":"scroll","background-type":"","background-media":"","overlay-type":"","overlay-color":"","overlay-opacity":"","overlay-gradient":""},"mobile":{"background-color":"","background-image":"","background-repeat":"repeat","background-position":"center center","background-size":"auto","background-attachment":"scroll","background-type":"","background-media":"","overlay-type":"","overlay-color":"","overlay-opacity":"","overlay-gradient":""}},"ast-content-background-meta":{"desktop":{"background-color":"var(--ast-global-color-5)","background-image":"","background-repeat":"repeat","background-position":"center center","background-size":"auto","background-attachment":"scroll","background-type":"","background-media":"","overlay-type":"","overlay-color":"","overlay-opacity":"","overlay-gradient":""},"tablet":{"background-color":"var(--ast-global-color-5)","background-image":"","background-repeat":"repeat","background-position":"center center","background-size":"auto","background-attachment":"scroll","background-type":"","background-media":"","overlay-type":"","overlay-color":"","overlay-opacity":"","overlay-gradient":""},"mobile":{"background-color":"var(--ast-global-color-5)","background-image":"","background-repeat":"repeat","background-position":"center center","background-size":"auto","background-attachment":"scroll","background-type":"","background-media":"","overlay-type":"","overlay-color":"","overlay-opacity":"","overlay-gradient":""}},"footnotes":""},"crop":[316,318,65,321,320,317],"disease":[],"pest":[326,44,59],"solution":[309,42],"class_list":["post-3003","product","type-product","status-publish","has-post-thumbnail","hentry","crop-fruits-berries","crop-grapes","crop-herbs_ornamentals","crop-nuts","crop-row_crops","crop-vegetables","pest-fruit-flies","pest-lepidoptera","pest-thrips","solution-entomopathogenic-nematodes","solution-macroorganisms"],"acf":[],"uagb_featured_image_src":{"full":["https:\/\/www.andermatt.com\/wp-content\/uploads\/2021\/11\/steinernema-feltiae-scaled.jpg",2400,600,false],"thumbnail":["https:\/\/www.andermatt.com\/wp-content\/uploads\/2021\/11\/steinernema-feltiae-150x150.jpg",150,150,true],"medium":["https:\/\/www.andermatt.com\/wp-content\/uploads\/2021\/11\/steinernema-feltiae-300x75.jpg",300,75,true],"medium_large":["https:\/\/www.andermatt.com\/wp-content\/uploads\/2021\/11\/steinernema-feltiae-768x192.jpg",768,192,true],"large":["https:\/\/www.andermatt.com\/wp-content\/uploads\/2021\/11\/steinernema-feltiae-1024x256.jpg",1024,256,true],"1536x1536":["https:\/\/www.andermatt.com\/wp-content\/uploads\/2021\/11\/steinernema-feltiae-1536x384.jpg",1536,384,true],"2048x2048":["https:\/\/www.andermatt.com\/wp-content\/uploads\/2021\/11\/steinernema-feltiae-2048x512.jpg",2048,512,true],"trp-custom-language-flag":["https:\/\/www.andermatt.com\/wp-content\/uploads\/2021\/11\/steinernema-feltiae-scaled.jpg",18,5,false],"feature-size":["https:\/\/www.andermatt.com\/wp-content\/uploads\/2021\/11\/steinernema-feltiae-660x315.jpg",660,315,true],"feature-size-gross":["https:\/\/www.andermatt.com\/wp-content\/uploads\/2021\/11\/steinernema-feltiae-660x360.jpg",660,360,true],"header-size-small":["https:\/\/www.andermatt.com\/wp-content\/uploads\/2021\/11\/steinernema-feltiae-1000x350.jpg",1000,350,true],"header-size":["https:\/\/www.andermatt.com\/wp-content\/uploads\/2021\/11\/steinernema-feltiae-2000x600.jpg",2000,600,true],"mailpoet_newsletter_max":["https:\/\/www.andermatt.com\/wp-content\/uploads\/2021\/11\/steinernema-feltiae-1320x330.jpg",1320,330,true]},"uagb_author_info":{"display_name":"Alina Piven","author_link":"https:\/\/www.andermatt.com\/es\/author\/"},"uagb_comment_info":0,"uagb_excerpt":"Entomopathogenic nematodes occur naturally in the environment as parasites of many insect larvae. The mass release of these nematodes provides an efficient and curative control of key insect pests in a wide range of crops. Mode of action Once released, nematodes actively seek out their insect hosts. When a host has been located, the nematodes&hellip;","_links":{"self":[{"href":"https:\/\/www.andermatt.com\/es\/wp-json\/wp\/v2\/product\/3003","targetHints":{"allow":["GET"]}}],"collection":[{"href":"https:\/\/www.andermatt.com\/es\/wp-json\/wp\/v2\/product"}],"about":[{"href":"https:\/\/www.andermatt.com\/es\/wp-json\/wp\/v2\/types\/product"}],"version-history":[{"count":11,"href":"https:\/\/www.andermatt.com\/es\/wp-json\/wp\/v2\/product\/3003\/revisions"}],"predecessor-version":[{"id":4408,"href":"https:\/\/www.andermatt.com\/es\/wp-json\/wp\/v2\/product\/3003\/revisions\/4408"}],"wp:featuredmedia":[{"embeddable":true,"href":"https:\/\/www.andermatt.com\/es\/wp-json\/wp\/v2\/media\/3517"}],"wp:attachment":[{"href":"https:\/\/www.andermatt.com\/es\/wp-json\/wp\/v2\/media?parent=3003"}],"wp:term":[{"taxonomy":"crop","embeddable":true,"href":"https:\/\/www.andermatt.com\/es\/wp-json\/wp\/v2\/crop?post=3003"},{"taxonomy":"disease","embeddable":true,"href":"https:\/\/www.andermatt.com\/es\/wp-json\/wp\/v2\/disease?post=3003"},{"taxonomy":"pest","embeddable":true,"href":"https:\/\/www.andermatt.com\/es\/wp-json\/wp\/v2\/pest?post=3003"},{"taxonomy":"solution","embeddable":true,"href":"https:\/\/www.andermatt.com\/es\/wp-json\/wp\/v2\/solution?post=3003"}],"curies":[{"name":"wp","href":"https:\/\/api.w.org\/{rel}","templated":true}]}}