{"id":2782,"date":"2021-11-09T22:51:05","date_gmt":"2021-11-09T21:51:05","guid":{"rendered":"https:\/\/www.andermatt.com\/?post_type=product&#038;p=2782"},"modified":"2023-10-26T09:55:14","modified_gmt":"2023-10-26T07:55:14","slug":"biox-m","status":"publish","type":"product","link":"https:\/\/www.andermatt.com\/es\/producto\/biox-m\/","title":{"rendered":"Biox-M"},"content":{"rendered":"<p class=\"lead\">Biox-M es un inhibidor biol\u00f3gico de brotes basado en el aceite de menta verde, que se utiliza en el almacenamiento de patatas.<\/p>\n\n\n\n<h3 class=\"wp-block-heading\">Datos del producto<\/h3>\n\n\n\n<figure class=\"wp-block-table\"><table><tbody><tr><td>Principio activo<\/td><td>Aceite de menta verde (Mentha spicata)<\/td><\/tr><tr><td>Tipo de formulaci\u00f3n<\/td><td>Suspensi\u00f3n concentrada (SC)<\/td><\/tr><tr><td>Concentraci\u00f3n<\/td><td>948 g de aceite de menta verde\/l<\/td><\/tr><tr><td>Dosificaci\u00f3n<\/td><td><strong>Niebla caliente<\/strong><br>30-90 g\/t (primer tratamiento con 60-90 g\/t, tratamientos posteriores a intervalos de 3 semanas con 30 g\/t)<br><br><strong>Evaporaci\u00f3n en fr\u00edo<br><\/strong>Aplicaci\u00f3n continua a 1-2 ml\/tonelada\/d\u00eda<\/td><\/tr><tr><td>Aplicaci\u00f3n<\/td><td><strong>Niebla caliente<\/strong><br>a trav\u00e9s de Electrofog Xeda: El primer tratamiento debe realizarse entre 6 y 20 d\u00edas despu\u00e9s de la cosecha, cuando los tub\u00e9rculos est\u00e9n secos y la maduraci\u00f3n de la piel est\u00e9 totalmente asegurada.<br><br><strong>Evaporaci\u00f3n en fr\u00edo<\/strong><br>a trav\u00e9s de Xedavap: Aplicaci\u00f3n continua a 1-2 ml\/t al d\u00eda<\/td><\/tr><\/tbody><\/table><\/figure>\n\n\n\n<h3 class=\"wp-block-heading\">Beneficios<\/h3>\n\n\n\n<ul class=\"wp-block-list\">\n<li>Efecto preventivo y curativo<\/li>\n\n\n\n<li>Quema los brotes existentes de hasta 5 mm<\/li>\n\n\n\n<li>Para patatas de mesa e industriales<\/li>\n\n\n\n<li>No hay LMR<\/li>\n\n\n\n<li>Producto natural - extracto vegetal<\/li>\n<\/ul>\n\n\n\n<figure class=\"wp-block-embed is-type-video is-provider-youtube wp-block-embed-youtube wp-embed-aspect-16-9 wp-has-aspect-ratio\"><div class=\"wp-block-embed__wrapper\">\n<iframe loading=\"lazy\" hcb-fetch-image-from=\"https:\/\/www.youtube.com\/watch?v=9H_9pL_yyow\" title=\"Biox-M\" width=\"500\" height=\"281\" src=\"https:\/\/www.youtube.com\/embed\/9H_9pL_yyow?feature=oembed\" frameborder=\"0\" allow=\"accelerometer; autoplay; clipboard-write; encrypted-media; gyroscope; picture-in-picture; web-share\" referrerpolicy=\"strict-origin-when-cross-origin\" allowfullscreen><\/iframe>\n<\/div><\/figure>\n\n\n\n<div class=\"wp-block-columns is-layout-flex wp-container-core-columns-is-layout-28f84493 wp-block-columns-is-layout-flex\">\n<div class=\"wp-block-column is-layout-flow wp-block-column-is-layout-flow\"><\/div>\n\n\n\n<div class=\"wp-block-column is-layout-flow wp-block-column-is-layout-flow\"><\/div>\n\n\n\n<div class=\"wp-block-column is-layout-flow wp-block-column-is-layout-flow\"><\/div>\n<\/div>\n\n\n\n<p><\/p>","protected":false},"excerpt":{"rendered":"<p>Biox-M es un inhibidor biol\u00f3gico de brotes basado en el aceite de menta verde, que se utiliza en el almacenamiento de patatas. Datos del producto Ingrediente activo Aceite de menta verde (Mentha spicata) Tipo de formulaci\u00f3n Concentrado en suspensi\u00f3n Concentraci\u00f3n 948 g de aceite de menta verde\/l Dosificaci\u00f3n Nebulizaci\u00f3n en caliente30-90 g\/t (1er tratamiento con 60-90 g\/t, tratamientos posteriores a intervalos de 3 semanas con 30 g\/t) Evaporaci\u00f3n en fr\u00edoAplicaci\u00f3n continua a ...<\/p>","protected":false},"featured_media":2784,"template":"","meta":{"_acf_changed":false,"_seopress_robots_primary_cat":"","_seopress_titles_title":"","_seopress_titles_desc":"","_seopress_robots_index":"","_searchwp_excluded":"","_uag_custom_page_level_css":"","site-sidebar-layout":"default","site-content-layout":"","ast-site-content-layout":"default","site-content-style":"default","site-sidebar-style":"default","ast-global-header-display":"","ast-banner-title-visibility":"","ast-main-header-display":"","ast-hfb-above-header-display":"","ast-hfb-below-header-display":"","ast-hfb-mobile-header-display":"","site-post-title":"","ast-breadcrumbs-content":"","ast-featured-img":"","footer-sml-layout":"","ast-disable-related-posts":"","theme-transparent-header-meta":"","adv-header-id-meta":"","stick-header-meta":"","header-above-stick-meta":"","header-main-stick-meta":"","header-below-stick-meta":"","astra-migrate-meta-layouts":"default","ast-page-background-enabled":"default","ast-page-background-meta":{"desktop":{"background-color":"","background-image":"","background-repeat":"repeat","background-position":"center center","background-size":"auto","background-attachment":"scroll","background-type":"","background-media":"","overlay-type":"","overlay-color":"","overlay-opacity":"","overlay-gradient":""},"tablet":{"background-color":"","background-image":"","background-repeat":"repeat","background-position":"center center","background-size":"auto","background-attachment":"scroll","background-type":"","background-media":"","overlay-type":"","overlay-color":"","overlay-opacity":"","overlay-gradient":""},"mobile":{"background-color":"","background-image":"","background-repeat":"repeat","background-position":"center center","background-size":"auto","background-attachment":"scroll","background-type":"","background-media":"","overlay-type":"","overlay-color":"","overlay-opacity":"","overlay-gradient":""}},"ast-content-background-meta":{"desktop":{"background-color":"var(--ast-global-color-5)","background-image":"","background-repeat":"repeat","background-position":"center center","background-size":"auto","background-attachment":"scroll","background-type":"","background-media":"","overlay-type":"","overlay-color":"","overlay-opacity":"","overlay-gradient":""},"tablet":{"background-color":"var(--ast-global-color-5)","background-image":"","background-repeat":"repeat","background-position":"center center","background-size":"auto","background-attachment":"scroll","background-type":"","background-media":"","overlay-type":"","overlay-color":"","overlay-opacity":"","overlay-gradient":""},"mobile":{"background-color":"var(--ast-global-color-5)","background-image":"","background-repeat":"repeat","background-position":"center center","background-size":"auto","background-attachment":"scroll","background-type":"","background-media":"","overlay-type":"","overlay-color":"","overlay-opacity":"","overlay-gradient":""}},"footnotes":""},"crop":[319],"disease":[],"pest":[],"solution":[308],"class_list":["post-2782","product","type-product","status-publish","has-post-thumbnail","hentry","crop-potatoes","solution-growth-regulators"],"acf":[],"uagb_featured_image_src":{"full":["https:\/\/www.andermatt.com\/wp-content\/uploads\/2021\/11\/kartoffel-banner@2x-scaled.jpg",2400,600,false],"thumbnail":["https:\/\/www.andermatt.com\/wp-content\/uploads\/2021\/11\/kartoffel-banner@2x-150x150.jpg",150,150,true],"medium":["https:\/\/www.andermatt.com\/wp-content\/uploads\/2021\/11\/kartoffel-banner@2x-300x75.jpg",300,75,true],"medium_large":["https:\/\/www.andermatt.com\/wp-content\/uploads\/2021\/11\/kartoffel-banner@2x-768x192.jpg",768,192,true],"large":["https:\/\/www.andermatt.com\/wp-content\/uploads\/2021\/11\/kartoffel-banner@2x-1024x256.jpg",1024,256,true],"1536x1536":["https:\/\/www.andermatt.com\/wp-content\/uploads\/2021\/11\/kartoffel-banner@2x-1536x384.jpg",1536,384,true],"2048x2048":["https:\/\/www.andermatt.com\/wp-content\/uploads\/2021\/11\/kartoffel-banner@2x-2048x512.jpg",2048,512,true],"trp-custom-language-flag":["https:\/\/www.andermatt.com\/wp-content\/uploads\/2021\/11\/kartoffel-banner@2x-scaled.jpg",18,5,false],"feature-size":["https:\/\/www.andermatt.com\/wp-content\/uploads\/2021\/11\/kartoffel-banner@2x-660x315.jpg",660,315,true],"feature-size-gross":["https:\/\/www.andermatt.com\/wp-content\/uploads\/2021\/11\/kartoffel-banner@2x-660x360.jpg",660,360,true],"header-size-small":["https:\/\/www.andermatt.com\/wp-content\/uploads\/2021\/11\/kartoffel-banner@2x-1000x350.jpg",1000,350,true],"header-size":["https:\/\/www.andermatt.com\/wp-content\/uploads\/2021\/11\/kartoffel-banner@2x-2000x600.jpg",2000,600,true],"mailpoet_newsletter_max":["https:\/\/www.andermatt.com\/wp-content\/uploads\/2021\/11\/kartoffel-banner@2x-1320x330.jpg",1320,330,true]},"uagb_author_info":{"display_name":"Alina Piven","author_link":"https:\/\/www.andermatt.com\/es\/author\/"},"uagb_comment_info":0,"uagb_excerpt":"Biox-M is a biological sprout inhibitor based on spearmint oil, which is used in potato storage. Product facts Active ingredient Spearmint oil (Mentha spicata) Formulation type Suspension concentrate Concentration 948 g Spearmint oil\/l Dosage Hot fogging30\u201390 g\/t (1st treatment with 60\u201390 g\/t, subsequent treatments at 3 week intervals with 30 g\/t) Cold evaporationContinuous application at&hellip;","_links":{"self":[{"href":"https:\/\/www.andermatt.com\/es\/wp-json\/wp\/v2\/product\/2782","targetHints":{"allow":["GET"]}}],"collection":[{"href":"https:\/\/www.andermatt.com\/es\/wp-json\/wp\/v2\/product"}],"about":[{"href":"https:\/\/www.andermatt.com\/es\/wp-json\/wp\/v2\/types\/product"}],"version-history":[{"count":22,"href":"https:\/\/www.andermatt.com\/es\/wp-json\/wp\/v2\/product\/2782\/revisions"}],"predecessor-version":[{"id":6529,"href":"https:\/\/www.andermatt.com\/es\/wp-json\/wp\/v2\/product\/2782\/revisions\/6529"}],"wp:featuredmedia":[{"embeddable":true,"href":"https:\/\/www.andermatt.com\/es\/wp-json\/wp\/v2\/media\/2784"}],"wp:attachment":[{"href":"https:\/\/www.andermatt.com\/es\/wp-json\/wp\/v2\/media?parent=2782"}],"wp:term":[{"taxonomy":"crop","embeddable":true,"href":"https:\/\/www.andermatt.com\/es\/wp-json\/wp\/v2\/crop?post=2782"},{"taxonomy":"disease","embeddable":true,"href":"https:\/\/www.andermatt.com\/es\/wp-json\/wp\/v2\/disease?post=2782"},{"taxonomy":"pest","embeddable":true,"href":"https:\/\/www.andermatt.com\/es\/wp-json\/wp\/v2\/pest?post=2782"},{"taxonomy":"solution","embeddable":true,"href":"https:\/\/www.andermatt.com\/es\/wp-json\/wp\/v2\/solution?post=2782"}],"curies":[{"name":"wp","href":"https:\/\/api.w.org\/{rel}","templated":true}]}}