{"id":2686,"date":"2021-11-09T10:45:14","date_gmt":"2021-11-09T09:45:14","guid":{"rendered":"https:\/\/www.andermatt.com\/?post_type=product&#038;p=2686"},"modified":"2026-03-29T20:30:38","modified_gmt":"2026-03-29T18:30:38","slug":"feronorma","status":"publish","type":"product","link":"https:\/\/www.andermatt.com\/es\/producto\/feronorma\/","title":{"rendered":"PheroNorm"},"content":{"rendered":"<p class=\"lead\">Se\u00f1uelos y trampas para el seguimiento o la captura masiva de plagas de insectos.<\/p>\n\n\n\n<figure class=\"wp-block-gallery has-nested-images columns-default is-cropped wp-block-gallery-1 is-layout-flex wp-block-gallery-is-layout-flex\">\n<figure class=\"wp-block-image size-feature-size-gross\"><a href=\"https:\/\/www.andermatt.com\/wp-content\/uploads\/2021\/11\/pheronorm_3_big.jpg\"><img decoding=\"async\" width=\"660\" height=\"360\" data-id=\"2824\" src=\"https:\/\/www.andermatt.com\/wp-content\/uploads\/2021\/11\/pheronorm_3_big-660x360.jpg\" alt=\"\" class=\"wp-image-2824\"\/><\/a><\/figure>\n\n\n\n<figure class=\"wp-block-image size-feature-size-gross\"><a href=\"https:\/\/www.andermatt.com\/wp-content\/uploads\/2021\/11\/pheronorm_2_big.jpg\"><img decoding=\"async\" width=\"660\" height=\"360\" data-id=\"2825\" src=\"https:\/\/www.andermatt.com\/wp-content\/uploads\/2021\/11\/pheronorm_2_big-660x360.jpg\" alt=\"\" class=\"wp-image-2825\"\/><\/a><\/figure>\n\n\n\n<figure class=\"wp-block-image size-feature-size-gross\"><a href=\"https:\/\/www.andermatt.com\/wp-content\/uploads\/2021\/11\/pheronorm_1_big.jpg\"><img decoding=\"async\" width=\"660\" height=\"360\" data-id=\"2826\" src=\"https:\/\/www.andermatt.com\/wp-content\/uploads\/2021\/11\/pheronorm_1_big-660x360.jpg\" alt=\"\" class=\"wp-image-2826\"\/><\/a><\/figure>\n<\/figure>\n\n\n\n<h3 class=\"wp-block-heading\">Ventajas<\/h3>\n\n\n\n<ul class=\"list wp-block-list\"><li>Calidad continua y fiable para un seguimiento satisfactorio<\/li><li>Disponibles como se\u00f1uelos individuales o como juegos de trampas<\/li><li>Los se\u00f1uelos PheroNorm son el sistema de control est\u00e1ndar utilizado por los institutos de investigaci\u00f3n y los servicios de asesoramiento de todo el mundo<\/li><\/ul>\n\n\n\n<h3 class=\"wp-block-heading\">Productos disponibles<\/h3>\n\n\n\n<figure class=\"wp-block-table\"><table><tbody><tr><td>Adoxophyes orana<\/td><td>Tortrix de frutas de verano<\/td><\/tr><tr><td>Agrotis ipsilon<\/td><td>Gusano negro<\/td><\/tr><tr><td>Agrotis segetum<\/td><td>Polilla del nabo<\/td><\/tr><tr><td>Anarsia lineatella<\/td><td>Barrenador del melocot\u00f3n<\/td><\/tr><tr><td>Byturus tomentosus<\/td><td>Escarabajo de la frambuesa<\/td><\/tr><tr><td>Cameraria ohridella<\/td><td>Minador del casta\u00f1o<\/td><\/tr><tr><td>Ceratitis capitata<\/td><td>Medflies<\/td><\/tr><tr><td>Contarinia nasturtii<\/td><td>Mosquito de la coliflor<\/td><\/tr><tr><td>Cossus cossus<\/td><td>Polilla de la cabra europea<\/td><\/tr><tr><td>Cryptophlebia leucotreta<\/td><td>Falsa carpocapsa<\/td><\/tr><tr><td>Cydia nigricana<\/td><td>Polilla del guisante<\/td><\/tr><tr><td>Cydia pomonella<\/td><td>Polilla del manzano<\/td><\/tr><tr><td>Cydia splendana<\/td><td>Tortuga del casta\u00f1o<\/td><\/tr><tr><td>Diabrotica virgifera<\/td><td>Gusano de la ra\u00edz del ma\u00edz occidental<\/td><\/tr><tr><td>Diaphania perspectalis<\/td><td>Polilla del boj<\/td><\/tr><tr><td>Enarmonia formosana<\/td><td>Tortuga de la corteza del cerezo<\/td><\/tr><tr><td>Eupoecilia ambiguella<\/td><td>Polilla europea de la uva<\/td><\/tr><tr><td>Grapholita funebrana<\/td><td>Polilla de la fruta del ciruelo<\/td><\/tr><tr><td>Grapholita lobarzewskii<\/td><td>Tortrix de la fruta peque\u00f1a<\/td><\/tr><tr><td>Grapholita molesta<\/td><td>Polilla oriental<\/td><\/tr><tr><td>Hedya nubiferana<\/td><td>Polilla de los brotes verdes<\/td><\/tr><tr><td>Helicoverpa armigera<\/td><td>Gusano del algod\u00f3n<\/td><\/tr><tr><td>Helicoverpa virescens<\/td><td>Gusano del tabaco<\/td><\/tr><tr><td>Lobesia botrana<\/td><td>Polilla de la vid<\/td><\/tr><tr><td>Lymantria dispar<\/td><td>Polilla gitana<\/td><\/tr><tr><td>Mamestra brassicae<\/td><td>Polilla de la col<\/td><\/tr><tr><td>Pammene rhediella<\/td><td>Tortuga minera frutal<\/td><\/tr><tr><td>Pandemis heparana<\/td><td>Tortrix marr\u00f3n manzana<\/td><\/tr><tr><td>Phthorimaea operculella<\/td><td>Polilla del tub\u00e9rculo de la patata<\/td><\/tr><tr><td>Plutella xylostella<\/td><td>Polilla de la espalda de diamante<\/td><\/tr><tr><td>Quadraspidiotus perniciosus<\/td><td>Escala de San Jos\u00e9<\/td><\/tr><tr><td>Resseliella theobaldi<\/td><td>Mosquito de la ca\u00f1a de frambuesa<\/td><\/tr><tr><td>Rhagoletis cerasi<\/td><td>Gusano de la cereza<\/td><\/tr><tr><td>Rhagoletis completa<\/td><td>Mosca de la fruta del nogal<\/td><\/tr><tr><td>Rhynchophorus ferrugineus<\/td><td>Picudo rojo de las palmeras<\/td><\/tr><tr><td>Sparganothis pilleriana<\/td><td>Rodillo de hojas de uva<\/td><\/tr><tr><td>Spilonota ocellana<\/td><td>Polilla de los brotes con manchas oculares<\/td><\/tr><tr><td>Synanthedon myopaeformis<\/td><td>Polilla de la manzana<\/td><\/tr><tr><td>Spodoptera exigua<\/td><td>Gusano de la remolacha<\/td><\/tr><tr><td>Spodoptera littoralis<\/td><td>Gusano del algod\u00f3n egipcio<\/td><\/tr><tr><td>Synanthedon tipuliformis<\/td><td>Polilla del grosellero<\/td><\/tr><tr><td>Tuta absoluta<\/td><td>Minador del tomate<\/td><\/tr><tr><td>Zeuzera pyrina<\/td><td>La polilla del leopardo<\/td><\/tr><\/tbody><\/table><\/figure>","protected":false},"excerpt":{"rendered":"<p>Se\u00f1uelos y trampas para el seguimiento o la captura masiva de plagas de insectos.<\/p>","protected":false},"featured_media":2688,"template":"","meta":{"_acf_changed":false,"_seopress_robots_primary_cat":"none","_seopress_titles_title":"","_seopress_titles_desc":"","_seopress_robots_index":"","_searchwp_excluded":"","_uag_custom_page_level_css":"","site-sidebar-layout":"default","site-content-layout":"default","ast-site-content-layout":"default","site-content-style":"default","site-sidebar-style":"default","ast-global-header-display":"","ast-banner-title-visibility":"","ast-main-header-display":"","ast-hfb-above-header-display":"","ast-hfb-below-header-display":"","ast-hfb-mobile-header-display":"","site-post-title":"","ast-breadcrumbs-content":"","ast-featured-img":"","footer-sml-layout":"","ast-disable-related-posts":"","theme-transparent-header-meta":"default","adv-header-id-meta":"","stick-header-meta":"default","header-above-stick-meta":"","header-main-stick-meta":"","header-below-stick-meta":"","astra-migrate-meta-layouts":"set","ast-page-background-enabled":"default","ast-page-background-meta":{"desktop":{"background-color":"","background-image":"","background-repeat":"repeat","background-position":"center center","background-size":"auto","background-attachment":"scroll","background-type":"","background-media":"","overlay-type":"","overlay-color":"","overlay-opacity":"","overlay-gradient":""},"tablet":{"background-color":"","background-image":"","background-repeat":"repeat","background-position":"center center","background-size":"auto","background-attachment":"scroll","background-type":"","background-media":"","overlay-type":"","overlay-color":"","overlay-opacity":"","overlay-gradient":""},"mobile":{"background-color":"","background-image":"","background-repeat":"repeat","background-position":"center center","background-size":"auto","background-attachment":"scroll","background-type":"","background-media":"","overlay-type":"","overlay-color":"","overlay-opacity":"","overlay-gradient":""}},"ast-content-background-meta":{"desktop":{"background-color":"var(--ast-global-color-5)","background-image":"","background-repeat":"repeat","background-position":"center center","background-size":"auto","background-attachment":"scroll","background-type":"","background-media":"","overlay-type":"","overlay-color":"","overlay-opacity":"","overlay-gradient":""},"tablet":{"background-color":"var(--ast-global-color-5)","background-image":"","background-repeat":"repeat","background-position":"center center","background-size":"auto","background-attachment":"scroll","background-type":"","background-media":"","overlay-type":"","overlay-color":"","overlay-opacity":"","overlay-gradient":""},"mobile":{"background-color":"var(--ast-global-color-5)","background-image":"","background-repeat":"repeat","background-position":"center center","background-size":"auto","background-attachment":"scroll","background-type":"","background-media":"","overlay-type":"","overlay-color":"","overlay-opacity":"","overlay-gradient":""}},"footnotes":""},"crop":[322,316,318,65,321,319,320,317],"disease":[],"pest":[57,325,44],"solution":[43],"class_list":["post-2686","product","type-product","status-publish","has-post-thumbnail","hentry","crop-forest","crop-fruits-berries","crop-grapes","crop-herbs_ornamentals","crop-nuts","crop-potatoes","crop-row_crops","crop-vegetables","pest-bugs","pest-forest-pest","pest-lepidoptera","solution-monitoring-mass-trapping"],"acf":[],"uagb_featured_image_src":{"full":["https:\/\/www.andermatt.com\/wp-content\/uploads\/2021\/11\/pheronorm@2x-scaled.jpg",2400,600,false],"thumbnail":["https:\/\/www.andermatt.com\/wp-content\/uploads\/2021\/11\/pheronorm@2x-150x150.jpg",150,150,true],"medium":["https:\/\/www.andermatt.com\/wp-content\/uploads\/2021\/11\/pheronorm@2x-300x75.jpg",300,75,true],"medium_large":["https:\/\/www.andermatt.com\/wp-content\/uploads\/2021\/11\/pheronorm@2x-768x192.jpg",768,192,true],"large":["https:\/\/www.andermatt.com\/wp-content\/uploads\/2021\/11\/pheronorm@2x-1024x256.jpg",1024,256,true],"1536x1536":["https:\/\/www.andermatt.com\/wp-content\/uploads\/2021\/11\/pheronorm@2x-1536x384.jpg",1536,384,true],"2048x2048":["https:\/\/www.andermatt.com\/wp-content\/uploads\/2021\/11\/pheronorm@2x-2048x512.jpg",2048,512,true],"trp-custom-language-flag":["https:\/\/www.andermatt.com\/wp-content\/uploads\/2021\/11\/pheronorm@2x-scaled.jpg",18,5,false],"feature-size":["https:\/\/www.andermatt.com\/wp-content\/uploads\/2021\/11\/pheronorm@2x-660x315.jpg",660,315,true],"feature-size-gross":["https:\/\/www.andermatt.com\/wp-content\/uploads\/2021\/11\/pheronorm@2x-660x360.jpg",660,360,true],"header-size-small":["https:\/\/www.andermatt.com\/wp-content\/uploads\/2021\/11\/pheronorm@2x-1000x350.jpg",1000,350,true],"header-size":["https:\/\/www.andermatt.com\/wp-content\/uploads\/2021\/11\/pheronorm@2x-2000x600.jpg",2000,600,true],"mailpoet_newsletter_max":["https:\/\/www.andermatt.com\/wp-content\/uploads\/2021\/11\/pheronorm@2x-1320x330.jpg",1320,330,true]},"uagb_author_info":{"display_name":"Donvae Hooker","author_link":"https:\/\/www.andermatt.com\/es\/author\/"},"uagb_comment_info":0,"uagb_excerpt":"Lures and traps for the monitoring or mass trapping of insect pests.","_links":{"self":[{"href":"https:\/\/www.andermatt.com\/es\/wp-json\/wp\/v2\/product\/2686","targetHints":{"allow":["GET"]}}],"collection":[{"href":"https:\/\/www.andermatt.com\/es\/wp-json\/wp\/v2\/product"}],"about":[{"href":"https:\/\/www.andermatt.com\/es\/wp-json\/wp\/v2\/types\/product"}],"version-history":[{"count":13,"href":"https:\/\/www.andermatt.com\/es\/wp-json\/wp\/v2\/product\/2686\/revisions"}],"predecessor-version":[{"id":9306,"href":"https:\/\/www.andermatt.com\/es\/wp-json\/wp\/v2\/product\/2686\/revisions\/9306"}],"wp:featuredmedia":[{"embeddable":true,"href":"https:\/\/www.andermatt.com\/es\/wp-json\/wp\/v2\/media\/2688"}],"wp:attachment":[{"href":"https:\/\/www.andermatt.com\/es\/wp-json\/wp\/v2\/media?parent=2686"}],"wp:term":[{"taxonomy":"crop","embeddable":true,"href":"https:\/\/www.andermatt.com\/es\/wp-json\/wp\/v2\/crop?post=2686"},{"taxonomy":"disease","embeddable":true,"href":"https:\/\/www.andermatt.com\/es\/wp-json\/wp\/v2\/disease?post=2686"},{"taxonomy":"pest","embeddable":true,"href":"https:\/\/www.andermatt.com\/es\/wp-json\/wp\/v2\/pest?post=2686"},{"taxonomy":"solution","embeddable":true,"href":"https:\/\/www.andermatt.com\/es\/wp-json\/wp\/v2\/solution?post=2686"}],"curies":[{"name":"wp","href":"https:\/\/api.w.org\/{rel}","templated":true}]}}