{"id":1758,"date":"2021-02-10T10:47:27","date_gmt":"2021-02-10T09:47:27","guid":{"rendered":"https:\/\/www.andermatt.com\/?post_type=product&#038;p=1758"},"modified":"2022-05-13T08:19:56","modified_gmt":"2022-05-13T06:19:56","slug":"amyprotec-42","status":"publish","type":"product","link":"https:\/\/www.andermatt.com\/es\/producto\/amyprotec-42\/","title":{"rendered":"AmyProtec 42"},"content":{"rendered":"<p class=\"lead translation-block\">AmyProtec 42 es un fungicida biol\u00f3gico de suelo a base de bacterias de la especie  <span class=\"italic\"><em>Bacillus velezensis<\/em><\/span><\/strong> que colonizan la rizosfera.<\/p>\n\n\n\n<div class=\"wp-block-columns are-vertically-aligned-center is-layout-flex wp-container-core-columns-is-layout-28f84493 wp-block-columns-is-layout-flex\">\n<div class=\"wp-block-column is-vertically-aligned-center is-layout-flow wp-block-column-is-layout-flow\" style=\"flex-basis:100%\">\n<figure class=\"wp-block-image size-full\"><img decoding=\"async\" width=\"1000\" height=\"700\" src=\"https:\/\/www.andermatt.com\/wp-content\/uploads\/2021\/11\/amyprotec42_1_big.jpg\" alt=\"\" class=\"wp-image-2874\" srcset=\"https:\/\/www.andermatt.com\/wp-content\/uploads\/2021\/11\/amyprotec42_1_big.jpg 1000w, https:\/\/www.andermatt.com\/wp-content\/uploads\/2021\/11\/amyprotec42_1_big-300x210.jpg 300w, https:\/\/www.andermatt.com\/wp-content\/uploads\/2021\/11\/amyprotec42_1_big-768x538.jpg 768w\" sizes=\"(max-width: 1000px) 100vw, 1000px\" \/><\/figure>\n<\/div>\n<\/div>\n\n\n\n<p>Las bacterias crean un \"escudo protector inhibidor de enfermedades\". As\u00ed, AmyProtec 42 aplicado preventivamente puede suprimir eficazmente los pat\u00f3genos del suelo. Debido a un modo de acci\u00f3n vers\u00e1til y a una miscibilidad flexible, AmyProtec 42 es el producto perfecto para los programas integrados de protecci\u00f3n de las plantas.<\/p>\n\n\n\n<h3 class=\"wp-block-heading\">Beneficios<\/h3>\n\n\n\n<ul class=\"list wp-block-list\"><li>Protege la planta contra los pat\u00f3genos del suelo<\/li><li>Producto altamente concentrado<\/li><li>Mayor tolerancia al estr\u00e9s bi\u00f3tico (pat\u00f3genos) y abi\u00f3tico (salinidad, sequ\u00eda, agua)<\/li><li>Se puede mezclar bien con fertilizantes y productos fitosanitarios<\/li><li>Aumenta en combinaci\u00f3n con los tratamientos de semillas convencionales su eficacia<\/li><li>Evita las resistencias en programas combinados con fungicidas convencionales<\/li><li>F\u00e1cil de almacenar y aplicar<\/li><li>Compatible con la producci\u00f3n ecol\u00f3gica y libre residuos<\/li><li>Mejora el crecimiento de las ra\u00edces y la movilizaci\u00f3n de nutrientes<\/li><\/ul>","protected":false},"excerpt":{"rendered":"<p>AmyProtec 42 es un fungicida biol\u00f3gico del suelo que contiene la bacteria colonizadora de la rizosfera (zona de enraizamiento) Bacillus velezensis. Las bacterias crean un \"escudo protector inhibidor de enfermedades\". As\u00ed, AmyProtec 42 aplicado de forma preventiva puede suprimir eficazmente los pat\u00f3genos del suelo. Debido a su modo de acci\u00f3n vers\u00e1til y su miscibilidad flexible, AmyProtec 42 es el producto perfecto para los programas integrados de protecci\u00f3n de las plantas. ...<\/p>","protected":false},"featured_media":1760,"template":"","meta":{"_acf_changed":false,"_seopress_robots_primary_cat":"","_seopress_titles_title":"","_seopress_titles_desc":"","_seopress_robots_index":"","_searchwp_excluded":"","_uag_custom_page_level_css":"","site-sidebar-layout":"default","site-content-layout":"default","ast-site-content-layout":"default","site-content-style":"default","site-sidebar-style":"default","ast-global-header-display":"","ast-banner-title-visibility":"","ast-main-header-display":"","ast-hfb-above-header-display":"","ast-hfb-below-header-display":"","ast-hfb-mobile-header-display":"","site-post-title":"","ast-breadcrumbs-content":"","ast-featured-img":"","footer-sml-layout":"","ast-disable-related-posts":"","theme-transparent-header-meta":"default","adv-header-id-meta":"","stick-header-meta":"default","header-above-stick-meta":"","header-main-stick-meta":"","header-below-stick-meta":"","astra-migrate-meta-layouts":"default","ast-page-background-enabled":"default","ast-page-background-meta":{"desktop":{"background-color":"","background-image":"","background-repeat":"repeat","background-position":"center center","background-size":"auto","background-attachment":"scroll","background-type":"","background-media":"","overlay-type":"","overlay-color":"","overlay-opacity":"","overlay-gradient":""},"tablet":{"background-color":"","background-image":"","background-repeat":"repeat","background-position":"center center","background-size":"auto","background-attachment":"scroll","background-type":"","background-media":"","overlay-type":"","overlay-color":"","overlay-opacity":"","overlay-gradient":""},"mobile":{"background-color":"","background-image":"","background-repeat":"repeat","background-position":"center center","background-size":"auto","background-attachment":"scroll","background-type":"","background-media":"","overlay-type":"","overlay-color":"","overlay-opacity":"","overlay-gradient":""}},"ast-content-background-meta":{"desktop":{"background-color":"var(--ast-global-color-5)","background-image":"","background-repeat":"repeat","background-position":"center center","background-size":"auto","background-attachment":"scroll","background-type":"","background-media":"","overlay-type":"","overlay-color":"","overlay-opacity":"","overlay-gradient":""},"tablet":{"background-color":"var(--ast-global-color-5)","background-image":"","background-repeat":"repeat","background-position":"center center","background-size":"auto","background-attachment":"scroll","background-type":"","background-media":"","overlay-type":"","overlay-color":"","overlay-opacity":"","overlay-gradient":""},"mobile":{"background-color":"var(--ast-global-color-5)","background-image":"","background-repeat":"repeat","background-position":"center center","background-size":"auto","background-attachment":"scroll","background-type":"","background-media":"","overlay-type":"","overlay-color":"","overlay-opacity":"","overlay-gradient":""}},"footnotes":""},"crop":[316,318,65,321,319,320,317],"disease":[329,330,336,328,337],"pest":[],"solution":[38],"class_list":["post-1758","product","type-product","status-publish","has-post-thumbnail","hentry","crop-fruits-berries","crop-grapes","crop-herbs_ornamentals","crop-nuts","crop-potatoes","crop-row_crops","crop-vegetables","disease-botrytis","disease-erwinia","disease-fusarium","disease-rhizoctonia","disease-sclerotinia","solution-fungicides"],"acf":[],"uagb_featured_image_src":{"full":["https:\/\/www.andermatt.com\/wp-content\/uploads\/2021\/02\/amyprotec42@2x.jpg",1395,700,false],"thumbnail":["https:\/\/www.andermatt.com\/wp-content\/uploads\/2021\/02\/amyprotec42@2x-150x150.jpg",150,150,true],"medium":["https:\/\/www.andermatt.com\/wp-content\/uploads\/2021\/02\/amyprotec42@2x-300x151.jpg",300,151,true],"medium_large":["https:\/\/www.andermatt.com\/wp-content\/uploads\/2021\/02\/amyprotec42@2x-768x385.jpg",768,385,true],"large":["https:\/\/www.andermatt.com\/wp-content\/uploads\/2021\/02\/amyprotec42@2x-1024x514.jpg",1024,514,true],"1536x1536":["https:\/\/www.andermatt.com\/wp-content\/uploads\/2021\/02\/amyprotec42@2x.jpg",1395,700,false],"2048x2048":["https:\/\/www.andermatt.com\/wp-content\/uploads\/2021\/02\/amyprotec42@2x.jpg",1395,700,false],"trp-custom-language-flag":["https:\/\/www.andermatt.com\/wp-content\/uploads\/2021\/02\/amyprotec42@2x.jpg",18,9,false],"feature-size":["https:\/\/www.andermatt.com\/wp-content\/uploads\/2021\/02\/amyprotec42@2x-660x315.jpg",660,315,true],"feature-size-gross":["https:\/\/www.andermatt.com\/wp-content\/uploads\/2021\/02\/amyprotec42@2x-660x360.jpg",660,360,true],"header-size-small":["https:\/\/www.andermatt.com\/wp-content\/uploads\/2021\/02\/amyprotec42@2x-1000x350.jpg",1000,350,true],"header-size":["https:\/\/www.andermatt.com\/wp-content\/uploads\/2021\/02\/amyprotec42@2x-1395x600.jpg",1395,600,true],"mailpoet_newsletter_max":["https:\/\/www.andermatt.com\/wp-content\/uploads\/2021\/02\/amyprotec42@2x-1320x662.jpg",1320,662,true]},"uagb_author_info":{"display_name":"Michael Salzer","author_link":"https:\/\/www.andermatt.com\/es\/author\/"},"uagb_comment_info":0,"uagb_excerpt":"AmyProtec 42 is a biological soil fungicide, containing the rhizosphere (rooting zone) colonizing bacteria Bacillus velezensis. The bacteria create a \u201cdisease-inhibiting protective shield\u201d. Thus preventively applied AmyProtec 42 can efficiently suppress soil borne pathogens. Due to a versatile mode of action and flexible miscibility is AmyProtec 42 the perfect product for integrated plant protection programs.&hellip;","_links":{"self":[{"href":"https:\/\/www.andermatt.com\/es\/wp-json\/wp\/v2\/product\/1758","targetHints":{"allow":["GET"]}}],"collection":[{"href":"https:\/\/www.andermatt.com\/es\/wp-json\/wp\/v2\/product"}],"about":[{"href":"https:\/\/www.andermatt.com\/es\/wp-json\/wp\/v2\/types\/product"}],"version-history":[{"count":15,"href":"https:\/\/www.andermatt.com\/es\/wp-json\/wp\/v2\/product\/1758\/revisions"}],"predecessor-version":[{"id":7553,"href":"https:\/\/www.andermatt.com\/es\/wp-json\/wp\/v2\/product\/1758\/revisions\/7553"}],"wp:featuredmedia":[{"embeddable":true,"href":"https:\/\/www.andermatt.com\/es\/wp-json\/wp\/v2\/media\/1760"}],"wp:attachment":[{"href":"https:\/\/www.andermatt.com\/es\/wp-json\/wp\/v2\/media?parent=1758"}],"wp:term":[{"taxonomy":"crop","embeddable":true,"href":"https:\/\/www.andermatt.com\/es\/wp-json\/wp\/v2\/crop?post=1758"},{"taxonomy":"disease","embeddable":true,"href":"https:\/\/www.andermatt.com\/es\/wp-json\/wp\/v2\/disease?post=1758"},{"taxonomy":"pest","embeddable":true,"href":"https:\/\/www.andermatt.com\/es\/wp-json\/wp\/v2\/pest?post=1758"},{"taxonomy":"solution","embeddable":true,"href":"https:\/\/www.andermatt.com\/es\/wp-json\/wp\/v2\/solution?post=1758"}],"curies":[{"name":"wp","href":"https:\/\/api.w.org\/{rel}","templated":true}]}}