{"id":1725,"date":"2021-02-10T10:12:21","date_gmt":"2021-02-10T09:12:21","guid":{"rendered":"https:\/\/www.andermatt.com\/?post_type=product&#038;p=1725"},"modified":"2025-11-26T10:01:43","modified_gmt":"2025-11-26T09:01:43","slug":"madex-twin","status":"publish","type":"product","link":"https:\/\/www.andermatt.com\/es\/producto\/madex-twin\/","title":{"rendered":"Madex Twin"},"content":{"rendered":"<p class=\"lead\">Madex Twin es un virus insecticida para el control combinado de la <em>Grapholita molesta<\/em> y <em>Cydia pomonella<\/em> en frutales de pepita y carozo. El principio activo de Madex Twin es un virus natural de la polilla del manzano seleccionado por su capacidad para infectar las larvas de ambas plagas clave.<\/p>\n\n\n\n<p><strong>Madex D\u00fao<\/strong>\u00a0es una mejora del producto\u00a0<strong>Madex Twin<\/strong>\u00a0con nuevos aislamientos que permitan un control eficaz de las poblaciones resistentes.<\/p>\n\n\n\n<figure class=\"wp-block-gallery has-nested-images columns-2 is-cropped wp-block-gallery-1 is-layout-flex wp-block-gallery-is-layout-flex\">\n<figure class=\"wp-block-image size-feature-size-gross is-style-default\"><a href=\"https:\/\/www.andermatt.com\/wp-content\/uploads\/2021\/02\/madex-twin_3_big.jpg\"><img decoding=\"async\" width=\"660\" height=\"360\" data-id=\"1729\" src=\"https:\/\/www.andermatt.com\/wp-content\/uploads\/2021\/02\/madex-twin_3_big-660x360.jpg\" alt=\"\" class=\"wp-image-1729\"\/><\/a><\/figure>\n\n\n\n<figure class=\"wp-block-image size-feature-size-gross is-style-default\"><a href=\"https:\/\/www.andermatt.com\/wp-content\/uploads\/2021\/02\/madex-twin_2_big.jpg\"><img decoding=\"async\" width=\"660\" height=\"360\" data-id=\"1727\" src=\"https:\/\/www.andermatt.com\/wp-content\/uploads\/2021\/02\/madex-twin_2_big-660x360.jpg\" alt=\"\" class=\"wp-image-1727\"\/><\/a><\/figure>\n<\/figure>\n\n\n\n<h3 class=\"wp-block-heading\">Beneficios<\/h3>\n\n\n\n<ul class=\"wp-block-list\">\n<li>Control eficaz y combinado de los da\u00f1os causados por la polilla del manzano y la polilla oriental<\/li>\n\n\n\n<li>Modo de acci\u00f3n \u00fanico con efecto adicional sobre la poblaci\u00f3n de plagas. Por lo tanto, Madex Twin es un excelente producto para la gesti\u00f3n de la resistencia en las estrategias de GIP<\/li>\n\n\n\n<li>Adecuado para la producci\u00f3n sin residuos. Madex Twin puede utilizarse hasta la cosecha y, por tanto, ofrece una soluci\u00f3n para los mercados de exportaci\u00f3n y la producci\u00f3n de alimentos para beb\u00e9s.<\/li>\n<\/ul>\n\n\n\n<figure class=\"wp-block-embed is-type-video is-provider-youtube wp-block-embed-youtube wp-embed-aspect-4-3 wp-has-aspect-ratio\"><div class=\"wp-block-embed__wrapper\">\n<iframe loading=\"lazy\" hcb-fetch-image-from=\"https:\/\/youtu.be\/2KD53BuwHKs\" title=\"Madex\" width=\"500\" height=\"375\" src=\"https:\/\/www.youtube.com\/embed\/2KD53BuwHKs?feature=oembed\" frameborder=\"0\" allow=\"accelerometer; autoplay; clipboard-write; encrypted-media; gyroscope; picture-in-picture; web-share\" referrerpolicy=\"strict-origin-when-cross-origin\" allowfullscreen><\/iframe>\n<\/div><\/figure>\n\n\n\n<p><\/p>\n\n\n\n<h3 class=\"wp-block-heading\">Informaci\u00f3n sobre plagas<\/h3>\n\n\n\n<p class=\"translation-block\"><em>Grapholita molesta<\/em> es una grave plaga de importancia econ\u00f3mica para los huertos comerciales de melocotones, nectarinas y albaricoques. Frecuentemente migra a los huertos de frutales de pepita al final de la temporada, donde puede causar da\u00f1os sustanciales en la fruta antes de la cosecha. Estudios recientes han confirmado que la polilla oriental tambi\u00e9n es capaz de completar su ciclo de vida en hu\u00e9spedes alternativos como manzanas, cerezas, ciruelas y membrillos. Las larvas de primera y segunda generaci\u00f3n perforan las puntas de los \u00e1rboles frutales causando la muerte, la distorsi\u00f3n y el marchitamiento de los brotes. En respuesta al endurecimiento de los brotes, la alimentaci\u00f3n de los frutos aumenta dr\u00e1sticamente en las generaciones siguientes<\/p>\n\n\n\n<p class=\"translation-block\"><a href=\"https:\/\/www.andermatt.com\/es\/producto\/madex\/#cydia-pomonella\" target=\"_self\"><strong><em>Cydia pomonella<\/em><\/strong> <\/a><\/p>","protected":false},"excerpt":{"rendered":"<p>Madex Twin es un virus insecticida para el control combinado de la polilla oriental de la fruta (OFM) y la polilla de la manzana (CM) en frutas de hueso y pom\u00e1ceas. El principio activo de Madex Twin es un virus natural de la polilla de la manzana seleccionado por su capacidad para infectar y matar las larvas de ambas plagas clave. Madex Duo es una mejora de [\u2026]<\/p>","protected":false},"featured_media":1729,"template":"","meta":{"_acf_changed":false,"_seopress_robots_primary_cat":"none","_seopress_titles_title":"","_seopress_titles_desc":"","_seopress_robots_index":"","_searchwp_excluded":"","_uag_custom_page_level_css":"","site-sidebar-layout":"default","site-content-layout":"default","ast-site-content-layout":"default","site-content-style":"default","site-sidebar-style":"default","ast-global-header-display":"","ast-banner-title-visibility":"","ast-main-header-display":"","ast-hfb-above-header-display":"","ast-hfb-below-header-display":"","ast-hfb-mobile-header-display":"","site-post-title":"","ast-breadcrumbs-content":"","ast-featured-img":"","footer-sml-layout":"","ast-disable-related-posts":"","theme-transparent-header-meta":"default","adv-header-id-meta":"","stick-header-meta":"default","header-above-stick-meta":"","header-main-stick-meta":"","header-below-stick-meta":"","astra-migrate-meta-layouts":"set","ast-page-background-enabled":"default","ast-page-background-meta":{"desktop":{"background-color":"","background-image":"","background-repeat":"repeat","background-position":"center center","background-size":"auto","background-attachment":"scroll","background-type":"","background-media":"","overlay-type":"","overlay-color":"","overlay-opacity":"","overlay-gradient":""},"tablet":{"background-color":"","background-image":"","background-repeat":"repeat","background-position":"center center","background-size":"auto","background-attachment":"scroll","background-type":"","background-media":"","overlay-type":"","overlay-color":"","overlay-opacity":"","overlay-gradient":""},"mobile":{"background-color":"","background-image":"","background-repeat":"repeat","background-position":"center center","background-size":"auto","background-attachment":"scroll","background-type":"","background-media":"","overlay-type":"","overlay-color":"","overlay-opacity":"","overlay-gradient":""}},"ast-content-background-meta":{"desktop":{"background-color":"var(--ast-global-color-5)","background-image":"","background-repeat":"repeat","background-position":"center center","background-size":"auto","background-attachment":"scroll","background-type":"","background-media":"","overlay-type":"","overlay-color":"","overlay-opacity":"","overlay-gradient":""},"tablet":{"background-color":"var(--ast-global-color-5)","background-image":"","background-repeat":"repeat","background-position":"center center","background-size":"auto","background-attachment":"scroll","background-type":"","background-media":"","overlay-type":"","overlay-color":"","overlay-opacity":"","overlay-gradient":""},"mobile":{"background-color":"var(--ast-global-color-5)","background-image":"","background-repeat":"repeat","background-position":"center center","background-size":"auto","background-attachment":"scroll","background-type":"","background-media":"","overlay-type":"","overlay-color":"","overlay-opacity":"","overlay-gradient":""}},"footnotes":""},"crop":[316,321],"disease":[],"pest":[44],"solution":[37],"class_list":["post-1725","product","type-product","status-publish","has-post-thumbnail","hentry","crop-fruits-berries","crop-nuts","pest-lepidoptera","solution-insecticides"],"acf":[],"uagb_featured_image_src":{"full":["https:\/\/www.andermatt.com\/wp-content\/uploads\/2021\/02\/madex-twin_3_big.jpg",1000,664,false],"thumbnail":["https:\/\/www.andermatt.com\/wp-content\/uploads\/2021\/02\/madex-twin_3_big-150x150.jpg",150,150,true],"medium":["https:\/\/www.andermatt.com\/wp-content\/uploads\/2021\/02\/madex-twin_3_big-300x199.jpg",300,199,true],"medium_large":["https:\/\/www.andermatt.com\/wp-content\/uploads\/2021\/02\/madex-twin_3_big-768x510.jpg",768,510,true],"large":["https:\/\/www.andermatt.com\/wp-content\/uploads\/2021\/02\/madex-twin_3_big.jpg",1000,664,false],"1536x1536":["https:\/\/www.andermatt.com\/wp-content\/uploads\/2021\/02\/madex-twin_3_big.jpg",1000,664,false],"2048x2048":["https:\/\/www.andermatt.com\/wp-content\/uploads\/2021\/02\/madex-twin_3_big.jpg",1000,664,false],"trp-custom-language-flag":["https:\/\/www.andermatt.com\/wp-content\/uploads\/2021\/02\/madex-twin_3_big.jpg",18,12,false],"feature-size":["https:\/\/www.andermatt.com\/wp-content\/uploads\/2021\/02\/madex-twin_3_big-660x315.jpg",660,315,true],"feature-size-gross":["https:\/\/www.andermatt.com\/wp-content\/uploads\/2021\/02\/madex-twin_3_big-660x360.jpg",660,360,true],"header-size-small":["https:\/\/www.andermatt.com\/wp-content\/uploads\/2021\/02\/madex-twin_3_big-1000x350.jpg",1000,350,true],"header-size":["https:\/\/www.andermatt.com\/wp-content\/uploads\/2021\/02\/madex-twin_3_big-1000x600.jpg",1000,600,true],"mailpoet_newsletter_max":["https:\/\/www.andermatt.com\/wp-content\/uploads\/2021\/02\/madex-twin_3_big.jpg",1000,664,false]},"uagb_author_info":{"display_name":"Donvae Hooker","author_link":"https:\/\/www.andermatt.com\/es\/author\/"},"uagb_comment_info":0,"uagb_excerpt":"Madex Twin is an insecticidal virus for the combined control of oriental fruit moth (OFM) and codling moth (CM) in stone and pome fruit. The active substance of Madex Twin is a naturally occurring codling moth virus selected for its ability to infect and kill larvae of both key pests. Madex Duo\u00a0is an improvement of&hellip;","_links":{"self":[{"href":"https:\/\/www.andermatt.com\/es\/wp-json\/wp\/v2\/product\/1725","targetHints":{"allow":["GET"]}}],"collection":[{"href":"https:\/\/www.andermatt.com\/es\/wp-json\/wp\/v2\/product"}],"about":[{"href":"https:\/\/www.andermatt.com\/es\/wp-json\/wp\/v2\/types\/product"}],"version-history":[{"count":33,"href":"https:\/\/www.andermatt.com\/es\/wp-json\/wp\/v2\/product\/1725\/revisions"}],"predecessor-version":[{"id":8974,"href":"https:\/\/www.andermatt.com\/es\/wp-json\/wp\/v2\/product\/1725\/revisions\/8974"}],"wp:featuredmedia":[{"embeddable":true,"href":"https:\/\/www.andermatt.com\/es\/wp-json\/wp\/v2\/media\/1729"}],"wp:attachment":[{"href":"https:\/\/www.andermatt.com\/es\/wp-json\/wp\/v2\/media?parent=1725"}],"wp:term":[{"taxonomy":"crop","embeddable":true,"href":"https:\/\/www.andermatt.com\/es\/wp-json\/wp\/v2\/crop?post=1725"},{"taxonomy":"disease","embeddable":true,"href":"https:\/\/www.andermatt.com\/es\/wp-json\/wp\/v2\/disease?post=1725"},{"taxonomy":"pest","embeddable":true,"href":"https:\/\/www.andermatt.com\/es\/wp-json\/wp\/v2\/pest?post=1725"},{"taxonomy":"solution","embeddable":true,"href":"https:\/\/www.andermatt.com\/es\/wp-json\/wp\/v2\/solution?post=1725"}],"curies":[{"name":"wp","href":"https:\/\/api.w.org\/{rel}","templated":true}]}}