{"id":1704,"date":"2021-02-09T17:14:18","date_gmt":"2021-02-09T16:14:18","guid":{"rendered":"https:\/\/www.andermatt.com\/?post_type=product&#038;p=1704"},"modified":"2025-11-26T09:57:27","modified_gmt":"2025-11-26T08:57:27","slug":"madex","status":"publish","type":"product","link":"https:\/\/www.andermatt.com\/es\/producto\/madex\/","title":{"rendered":"Madex"},"content":{"rendered":"<p class=\"lead translation-block\">Madex es un preparado altamente eficaz para el control biol\u00f3gico de la polilla del bacalao <span class=\"italic\">(<em>Cydia pomonella<\/em>),<\/span> basado en un granulovirus de Cydia pomonella (CpGV). Para satisfacer las demandas espec\u00edficas del mercado, Andermatt Biocontrol ofrece varios productos Madex basados en diferentes aislados de CpGV:<\/p>\n\n\n\n<p><strong>Madex Top<\/strong>,\u00a0<strong>Madex Max y Madex Primo<\/strong>\u00a0son mejoras del producto\u00a0<strong>Madex<\/strong>\u00a0con nuevos aislamientos que permitan un control eficaz de las poblaciones resistentes.<\/p>\n\n\n\n<figure class=\"wp-block-gallery has-nested-images columns-2 is-cropped wp-block-gallery-1 is-layout-flex wp-block-gallery-is-layout-flex\">\n<figure class=\"wp-block-image size-feature-size-gross\"><a href=\"https:\/\/www.andermatt.com\/wp-content\/uploads\/2021\/02\/codling-moth_1_big.jpg\"><img decoding=\"async\" width=\"660\" height=\"360\" data-id=\"1709\" src=\"https:\/\/www.andermatt.com\/wp-content\/uploads\/2021\/02\/codling-moth_1_big-660x360.jpg\" alt=\"\" class=\"wp-image-1709\"\/><\/a><\/figure>\n\n\n\n<figure class=\"wp-block-image size-feature-size-gross\"><a href=\"https:\/\/www.andermatt.com\/wp-content\/uploads\/2021\/02\/codling-moth_2_big.jpg\"><img decoding=\"async\" width=\"660\" height=\"360\" data-id=\"1708\" src=\"https:\/\/www.andermatt.com\/wp-content\/uploads\/2021\/02\/codling-moth_2_big-660x360.jpg\" alt=\"\" class=\"wp-image-1708\"\/><\/a><\/figure>\n<\/figure>\n\n\n\n<h3 class=\"wp-block-heading\">Beneficios<\/h3>\n\n\n\n<ul class=\"wp-block-list\">\n<li>Control eficaz de los da\u00f1os del gusano de la manzana<\/li>\n\n\n\n<li>Modo de acci\u00f3n \u00fanico con efecto adicional sobre la poblaci\u00f3n de plagas. Por lo tanto, Madex es un producto excelente para la gesti\u00f3n de la resistencia en las estrategias de MIP<\/li>\n\n\n\n<li>Adecuado para la producci\u00f3n libre de residuos. Madex puede utilizarse hasta la cosecha y, por tanto, ofrece una soluci\u00f3n para los mercados de exportaci\u00f3n y la producci\u00f3n de alimentos para beb\u00e9s.<\/li>\n<\/ul>\n\n\n\n<figure class=\"wp-block-embed is-type-video is-provider-youtube wp-block-embed-youtube wp-embed-aspect-4-3 wp-has-aspect-ratio\"><div class=\"wp-block-embed__wrapper\">\n<iframe loading=\"lazy\" hcb-fetch-image-from=\"https:\/\/www.youtube.com\/watch?v=2KD53BuwHKs&amp;feature=youtu.be\" title=\"Madex\" width=\"500\" height=\"375\" src=\"https:\/\/www.youtube.com\/embed\/2KD53BuwHKs?feature=oembed\" frameborder=\"0\" allow=\"accelerometer; autoplay; clipboard-write; encrypted-media; gyroscope; picture-in-picture; web-share\" referrerpolicy=\"strict-origin-when-cross-origin\" allowfullscreen><\/iframe>\n<\/div><\/figure>\n\n\n\n<p><\/p>\n\n\n\n<h3 class=\"wp-block-heading\">Informaci\u00f3n sobre la plaga<\/h3>\n\n\n\n<p id=\"cydia-pomonella\" class=\"translation-block\">La <strong>polilla de la manzana<\/strong> (<em>Cydia pomonella<\/em>) es una de las plagas m\u00e1s graves que afectan a las frutas de pepita. Es muy adaptable a diversas condiciones clim\u00e1ticas y ambientes. Se ha descrito resistencia a varios insecticidas qu\u00edmicos. Por lo tanto, se requieren estrategias alternativas para controlar con \u00e9xito esta plaga. Las larvas mastican su camino hacia las frutas, normalmente entrando por el extremo de la flor, el extremo del ped\u00fanculo o en los puntos de contacto entre las frutas. Su t\u00fanel en espiral conduce finalmente hacia el coraz\u00f3n y suele ser fuente de infecciones secundarias.<\/p>\n\n\n\n<p><\/p>","protected":false},"excerpt":{"rendered":"<p>Madex es un preparado altamente eficaz para el control biol\u00f3gico de la polilla de la manzana (Cydia pomonella), basado en un granulovirus de Cydia pomonella (CpGV). Con el fin de satisfacer las demandas espec\u00edficas del mercado, Andermatt Biocontrol ofrece varios productos Madex basados en diferentes cepas de CpGV: Madex Top, Madex Max y Madex Primo son mejoras del producto Madex con nuevas cepas que permiten [\u2026]<\/p>","protected":false},"featured_media":1710,"template":"","meta":{"_acf_changed":false,"_seopress_robots_primary_cat":"none","_seopress_titles_title":"","_seopress_titles_desc":"","_seopress_robots_index":"","_searchwp_excluded":"","_uag_custom_page_level_css":"","site-sidebar-layout":"default","site-content-layout":"default","ast-site-content-layout":"default","site-content-style":"default","site-sidebar-style":"default","ast-global-header-display":"","ast-banner-title-visibility":"","ast-main-header-display":"","ast-hfb-above-header-display":"","ast-hfb-below-header-display":"","ast-hfb-mobile-header-display":"","site-post-title":"","ast-breadcrumbs-content":"","ast-featured-img":"","footer-sml-layout":"","ast-disable-related-posts":"","theme-transparent-header-meta":"default","adv-header-id-meta":"","stick-header-meta":"default","header-above-stick-meta":"","header-main-stick-meta":"","header-below-stick-meta":"","astra-migrate-meta-layouts":"set","ast-page-background-enabled":"default","ast-page-background-meta":{"desktop":{"background-color":"","background-image":"","background-repeat":"repeat","background-position":"center center","background-size":"auto","background-attachment":"scroll","background-type":"","background-media":"","overlay-type":"","overlay-color":"","overlay-opacity":"","overlay-gradient":""},"tablet":{"background-color":"","background-image":"","background-repeat":"repeat","background-position":"center center","background-size":"auto","background-attachment":"scroll","background-type":"","background-media":"","overlay-type":"","overlay-color":"","overlay-opacity":"","overlay-gradient":""},"mobile":{"background-color":"","background-image":"","background-repeat":"repeat","background-position":"center center","background-size":"auto","background-attachment":"scroll","background-type":"","background-media":"","overlay-type":"","overlay-color":"","overlay-opacity":"","overlay-gradient":""}},"ast-content-background-meta":{"desktop":{"background-color":"var(--ast-global-color-5)","background-image":"","background-repeat":"repeat","background-position":"center center","background-size":"auto","background-attachment":"scroll","background-type":"","background-media":"","overlay-type":"","overlay-color":"","overlay-opacity":"","overlay-gradient":""},"tablet":{"background-color":"var(--ast-global-color-5)","background-image":"","background-repeat":"repeat","background-position":"center center","background-size":"auto","background-attachment":"scroll","background-type":"","background-media":"","overlay-type":"","overlay-color":"","overlay-opacity":"","overlay-gradient":""},"mobile":{"background-color":"var(--ast-global-color-5)","background-image":"","background-repeat":"repeat","background-position":"center center","background-size":"auto","background-attachment":"scroll","background-type":"","background-media":"","overlay-type":"","overlay-color":"","overlay-opacity":"","overlay-gradient":""}},"footnotes":""},"crop":[316,321],"disease":[],"pest":[44],"solution":[37],"class_list":["post-1704","product","type-product","status-publish","has-post-thumbnail","hentry","crop-fruits-berries","crop-nuts","pest-lepidoptera","solution-insecticides"],"acf":[],"uagb_featured_image_src":{"full":["https:\/\/www.andermatt.com\/wp-content\/uploads\/2021\/02\/codling-moth_3_big.jpg",1000,698,false],"thumbnail":["https:\/\/www.andermatt.com\/wp-content\/uploads\/2021\/02\/codling-moth_3_big-150x150.jpg",150,150,true],"medium":["https:\/\/www.andermatt.com\/wp-content\/uploads\/2021\/02\/codling-moth_3_big-300x209.jpg",300,209,true],"medium_large":["https:\/\/www.andermatt.com\/wp-content\/uploads\/2021\/02\/codling-moth_3_big-768x536.jpg",768,536,true],"large":["https:\/\/www.andermatt.com\/wp-content\/uploads\/2021\/02\/codling-moth_3_big.jpg",1000,698,false],"1536x1536":["https:\/\/www.andermatt.com\/wp-content\/uploads\/2021\/02\/codling-moth_3_big.jpg",1000,698,false],"2048x2048":["https:\/\/www.andermatt.com\/wp-content\/uploads\/2021\/02\/codling-moth_3_big.jpg",1000,698,false],"trp-custom-language-flag":["https:\/\/www.andermatt.com\/wp-content\/uploads\/2021\/02\/codling-moth_3_big.jpg",18,12,false],"feature-size":["https:\/\/www.andermatt.com\/wp-content\/uploads\/2021\/02\/codling-moth_3_big-660x315.jpg",660,315,true],"feature-size-gross":["https:\/\/www.andermatt.com\/wp-content\/uploads\/2021\/02\/codling-moth_3_big-660x360.jpg",660,360,true],"header-size-small":["https:\/\/www.andermatt.com\/wp-content\/uploads\/2021\/02\/codling-moth_3_big-1000x350.jpg",1000,350,true],"header-size":["https:\/\/www.andermatt.com\/wp-content\/uploads\/2021\/02\/codling-moth_3_big-1000x600.jpg",1000,600,true],"mailpoet_newsletter_max":["https:\/\/www.andermatt.com\/wp-content\/uploads\/2021\/02\/codling-moth_3_big.jpg",1000,698,false]},"uagb_author_info":{"display_name":"Donvae Hooker","author_link":"https:\/\/www.andermatt.com\/es\/author\/"},"uagb_comment_info":0,"uagb_excerpt":"Madex is a highly efficient preparation for the biological control of the codling moth (Cydia pomonella), based on a Cydia pomonella granulovirus (CpGV). In order to meet specific market demands, Andermatt Biocontrol provides several Madex products based on different CpGV isolates: Madex Top,\u00a0Madex Max and Madex Primo\u00a0are improvements of the product\u00a0Madex\u00a0with novel isolates allowing for&hellip;","_links":{"self":[{"href":"https:\/\/www.andermatt.com\/es\/wp-json\/wp\/v2\/product\/1704","targetHints":{"allow":["GET"]}}],"collection":[{"href":"https:\/\/www.andermatt.com\/es\/wp-json\/wp\/v2\/product"}],"about":[{"href":"https:\/\/www.andermatt.com\/es\/wp-json\/wp\/v2\/types\/product"}],"version-history":[{"count":59,"href":"https:\/\/www.andermatt.com\/es\/wp-json\/wp\/v2\/product\/1704\/revisions"}],"predecessor-version":[{"id":8973,"href":"https:\/\/www.andermatt.com\/es\/wp-json\/wp\/v2\/product\/1704\/revisions\/8973"}],"wp:featuredmedia":[{"embeddable":true,"href":"https:\/\/www.andermatt.com\/es\/wp-json\/wp\/v2\/media\/1710"}],"wp:attachment":[{"href":"https:\/\/www.andermatt.com\/es\/wp-json\/wp\/v2\/media?parent=1704"}],"wp:term":[{"taxonomy":"crop","embeddable":true,"href":"https:\/\/www.andermatt.com\/es\/wp-json\/wp\/v2\/crop?post=1704"},{"taxonomy":"disease","embeddable":true,"href":"https:\/\/www.andermatt.com\/es\/wp-json\/wp\/v2\/disease?post=1704"},{"taxonomy":"pest","embeddable":true,"href":"https:\/\/www.andermatt.com\/es\/wp-json\/wp\/v2\/pest?post=1704"},{"taxonomy":"solution","embeddable":true,"href":"https:\/\/www.andermatt.com\/es\/wp-json\/wp\/v2\/solution?post=1704"}],"curies":[{"name":"wp","href":"https:\/\/api.w.org\/{rel}","templated":true}]}}