{"id":8953,"date":"2025-11-20T10:43:14","date_gmt":"2025-11-20T09:43:14","guid":{"rendered":"https:\/\/www.andermatt.com\/?page_id=8953"},"modified":"2025-11-20T10:48:13","modified_gmt":"2025-11-20T09:48:13","slug":"folleto-de-andermatt-2026","status":"publish","type":"page","link":"https:\/\/www.andermatt.com\/es\/folleto-de-andermatt-2026\/","title":{"rendered":"Folleto de Andermatt 2026"},"content":{"rendered":"<h1>Folleto de Andermatt 2026<\/h1>\t\t\t\n\t<p>Nuestra andadura comenz\u00f3 en Suiza en 1988, cuando, siendo a\u00fan estudiantes, la Dra. Isabel y el Dr. Martin Andermatt registraron el primer producto contra el granulovirus del mundo, lo que supuso el inicio de una nueva era para la agricultura.<\/p>\n<p>En las d\u00e9cadas siguientes, expertos en biolog\u00eda y pioneros agr\u00edcolas de todo el mundo han unido sus fuerzas para formar el Grupo Andermatt. Hoy en d\u00eda, contamos con m\u00faltiples empresas en todo el mundo y nuestros productos est\u00e1n disponibles en m\u00e1s de 60 pa\u00edses.<\/p>\n<p>Nuestra experiencia global compartida apoya a los agricultores de todo el mundo a trav\u00e9s de nuestra red, ofreci\u00e9ndoles conocimientos regionales, comprensi\u00f3n cultural y experiencia cient\u00edfica en materia de producci\u00f3n agr\u00edcola, hogar y jard\u00edn, control de plagas y salud de las abejas y los animales de granja.<\/p>\n\t\t\t<a href=\"https:\/\/www.andermatt.com\/wp-content\/uploads\/2025\/11\/andermatt-brochure_2026.pdf\" target=\"_blank\" rel=\"noopener\">\n\t\t\t\t\t\t\tDescargar\n\t\t\t\t\t<\/a>","protected":false},"excerpt":{"rendered":"<p>Folleto de Andermatt 2026 Nuestra andadura comenz\u00f3 en Suiza en 1988, cuando los doctores Isabel y Martin Andermatt, entonces estudiantes, registraron el primer producto contra el granulovirus del mundo, lo que supuso el inicio de una nueva era para la agricultura. En las d\u00e9cadas siguientes, expertos en biolog\u00eda y pioneros de la agricultura de todo el mundo unieron sus fuerzas para formar el Grupo Andermatt. Hoy en d\u00eda, [\u2026]<\/p>","protected":false},"author":15,"featured_media":0,"parent":0,"menu_order":0,"comment_status":"closed","ping_status":"closed","template":"","meta":{"_acf_changed":false,"_seopress_robots_primary_cat":"","_seopress_titles_title":"","_seopress_titles_desc":"","_seopress_robots_index":"","_searchwp_excluded":"","_uag_custom_page_level_css":"","site-sidebar-layout":"default","site-content-layout":"default","ast-site-content-layout":"default","site-content-style":"default","site-sidebar-style":"default","ast-global-header-display":"","ast-banner-title-visibility":"","ast-main-header-display":"","ast-hfb-above-header-display":"","ast-hfb-below-header-display":"","ast-hfb-mobile-header-display":"","site-post-title":"disabled","ast-breadcrumbs-content":"","ast-featured-img":"","footer-sml-layout":"","ast-disable-related-posts":"","theme-transparent-header-meta":"default","adv-header-id-meta":"","stick-header-meta":"default","header-above-stick-meta":"","header-main-stick-meta":"","header-below-stick-meta":"","astra-migrate-meta-layouts":"set","ast-page-background-enabled":"default","ast-page-background-meta":{"desktop":{"background-color":"","background-image":"","background-repeat":"repeat","background-position":"center center","background-size":"auto","background-attachment":"scroll","background-type":"","background-media":"","overlay-type":"","overlay-color":"","overlay-opacity":"","overlay-gradient":""},"tablet":{"background-color":"","background-image":"","background-repeat":"repeat","background-position":"center center","background-size":"auto","background-attachment":"scroll","background-type":"","background-media":"","overlay-type":"","overlay-color":"","overlay-opacity":"","overlay-gradient":""},"mobile":{"background-color":"","background-image":"","background-repeat":"repeat","background-position":"center center","background-size":"auto","background-attachment":"scroll","background-type":"","background-media":"","overlay-type":"","overlay-color":"","overlay-opacity":"","overlay-gradient":""}},"ast-content-background-meta":{"desktop":{"background-color":"var(--ast-global-color-5)","background-image":"","background-repeat":"repeat","background-position":"center center","background-size":"auto","background-attachment":"scroll","background-type":"","background-media":"","overlay-type":"","overlay-color":"","overlay-opacity":"","overlay-gradient":""},"tablet":{"background-color":"var(--ast-global-color-5)","background-image":"","background-repeat":"repeat","background-position":"center center","background-size":"auto","background-attachment":"scroll","background-type":"","background-media":"","overlay-type":"","overlay-color":"","overlay-opacity":"","overlay-gradient":""},"mobile":{"background-color":"var(--ast-global-color-5)","background-image":"","background-repeat":"repeat","background-position":"center center","background-size":"auto","background-attachment":"scroll","background-type":"","background-media":"","overlay-type":"","overlay-color":"","overlay-opacity":"","overlay-gradient":""}},"footnotes":""},"class_list":["post-8953","page","type-page","status-publish","hentry"],"acf":[],"uagb_featured_image_src":{"full":false,"thumbnail":false,"medium":false,"medium_large":false,"large":false,"1536x1536":false,"2048x2048":false,"trp-custom-language-flag":false,"feature-size":false,"feature-size-gross":false,"header-size-small":false,"header-size":false,"mailpoet_newsletter_max":false},"uagb_author_info":{"display_name":"Donvae Hooker","author_link":"https:\/\/www.andermatt.com\/es\/author\/donvae\/"},"uagb_comment_info":0,"uagb_excerpt":"Andermatt Brochure 2026 Our journey began in Switzerland in 1988 when as students, Dr Isabel and Dr Martin Andermatt, registered the worlds first granulovirus product, ushering in a new era for agriculture. In the decades that have followed, biological experts and agricultural pioneers around the world have joined forces to form the Andermatt Group. Today,&hellip;","_links":{"self":[{"href":"https:\/\/www.andermatt.com\/es\/wp-json\/wp\/v2\/pages\/8953","targetHints":{"allow":["GET"]}}],"collection":[{"href":"https:\/\/www.andermatt.com\/es\/wp-json\/wp\/v2\/pages"}],"about":[{"href":"https:\/\/www.andermatt.com\/es\/wp-json\/wp\/v2\/types\/page"}],"author":[{"embeddable":true,"href":"https:\/\/www.andermatt.com\/es\/wp-json\/wp\/v2\/users\/15"}],"replies":[{"embeddable":true,"href":"https:\/\/www.andermatt.com\/es\/wp-json\/wp\/v2\/comments?post=8953"}],"version-history":[{"count":3,"href":"https:\/\/www.andermatt.com\/es\/wp-json\/wp\/v2\/pages\/8953\/revisions"}],"predecessor-version":[{"id":8957,"href":"https:\/\/www.andermatt.com\/es\/wp-json\/wp\/v2\/pages\/8953\/revisions\/8957"}],"wp:attachment":[{"href":"https:\/\/www.andermatt.com\/es\/wp-json\/wp\/v2\/media?parent=8953"}],"curies":[{"name":"wp","href":"https:\/\/api.w.org\/{rel}","templated":true}]}}