{"id":8948,"date":"2025-11-20T10:25:56","date_gmt":"2025-11-20T09:25:56","guid":{"rendered":"https:\/\/www.andermatt.com\/?page_id=8948"},"modified":"2025-11-20T10:26:40","modified_gmt":"2025-11-20T09:26:40","slug":"los-baculovirus-un-aliado-probado-en-la-gestion-integrada-de-plagas-gip","status":"publish","type":"page","link":"https:\/\/www.andermatt.com\/es\/los-baculovirus-un-aliado-probado-en-la-gestion-integrada-de-plagas-gip\/","title":{"rendered":"Baculovirus: un aliado probado en la gesti\u00f3n integrada de plagas (GIP)"},"content":{"rendered":"<h1>Baculovirus: un aliado probado en la gesti\u00f3n integrada de plagas (GIP)<\/h1>\t\t\t\n\t<p>Con su exclusivo modo de acci\u00f3n (IRAC 31), los baculovirus ofrecen una excelente gesti\u00f3n de la resistencia, compatibilidad con insectos beneficiosos y mezclas de tanque, y ninguna preocupaci\u00f3n por los LMR, lo que permite a los agricultores proteger los cultivos hasta la cosecha.<\/p>\n\t\t\t<a href=\"https:\/\/www.andermatt.com\/wp-content\/uploads\/2025\/11\/baculoviruses_poster_2025.pdf\" target=\"_blank\" rel=\"noopener\">\n\t\t\t\t\t\t\tDescargar\n\t\t\t\t\t<\/a>\n\n\n\n<p><\/p>","protected":false},"excerpt":{"rendered":"<p>Baculovirus: Un socio de probada eficacia en la gesti\u00f3n integrada de plagas (GIP) Con su exclusivo modo de acci\u00f3n (IRAC 31), los baculovirus ofrecen una excelente gesti\u00f3n de la resistencia, compatibilidad con insectos beneficiosos y mezclas de tanque, y no plantean problemas de LMR, lo que permite a los agricultores proteger los cultivos hasta la cosecha. Descargar<\/p>","protected":false},"author":15,"featured_media":0,"parent":0,"menu_order":0,"comment_status":"closed","ping_status":"closed","template":"","meta":{"_acf_changed":false,"_seopress_robots_primary_cat":"","_seopress_titles_title":"","_seopress_titles_desc":"","_seopress_robots_index":"","_searchwp_excluded":"","_uag_custom_page_level_css":"","site-sidebar-layout":"default","site-content-layout":"default","ast-site-content-layout":"default","site-content-style":"default","site-sidebar-style":"default","ast-global-header-display":"","ast-banner-title-visibility":"","ast-main-header-display":"","ast-hfb-above-header-display":"","ast-hfb-below-header-display":"","ast-hfb-mobile-header-display":"","site-post-title":"disabled","ast-breadcrumbs-content":"","ast-featured-img":"","footer-sml-layout":"","ast-disable-related-posts":"","theme-transparent-header-meta":"default","adv-header-id-meta":"","stick-header-meta":"default","header-above-stick-meta":"","header-main-stick-meta":"","header-below-stick-meta":"","astra-migrate-meta-layouts":"set","ast-page-background-enabled":"default","ast-page-background-meta":{"desktop":{"background-color":"","background-image":"","background-repeat":"repeat","background-position":"center center","background-size":"auto","background-attachment":"scroll","background-type":"","background-media":"","overlay-type":"","overlay-color":"","overlay-opacity":"","overlay-gradient":""},"tablet":{"background-color":"","background-image":"","background-repeat":"repeat","background-position":"center center","background-size":"auto","background-attachment":"scroll","background-type":"","background-media":"","overlay-type":"","overlay-color":"","overlay-opacity":"","overlay-gradient":""},"mobile":{"background-color":"","background-image":"","background-repeat":"repeat","background-position":"center center","background-size":"auto","background-attachment":"scroll","background-type":"","background-media":"","overlay-type":"","overlay-color":"","overlay-opacity":"","overlay-gradient":""}},"ast-content-background-meta":{"desktop":{"background-color":"var(--ast-global-color-5)","background-image":"","background-repeat":"repeat","background-position":"center center","background-size":"auto","background-attachment":"scroll","background-type":"","background-media":"","overlay-type":"","overlay-color":"","overlay-opacity":"","overlay-gradient":""},"tablet":{"background-color":"var(--ast-global-color-5)","background-image":"","background-repeat":"repeat","background-position":"center center","background-size":"auto","background-attachment":"scroll","background-type":"","background-media":"","overlay-type":"","overlay-color":"","overlay-opacity":"","overlay-gradient":""},"mobile":{"background-color":"var(--ast-global-color-5)","background-image":"","background-repeat":"repeat","background-position":"center center","background-size":"auto","background-attachment":"scroll","background-type":"","background-media":"","overlay-type":"","overlay-color":"","overlay-opacity":"","overlay-gradient":""}},"footnotes":""},"class_list":["post-8948","page","type-page","status-publish","hentry"],"acf":[],"uagb_featured_image_src":{"full":false,"thumbnail":false,"medium":false,"medium_large":false,"large":false,"1536x1536":false,"2048x2048":false,"trp-custom-language-flag":false,"feature-size":false,"feature-size-gross":false,"header-size-small":false,"header-size":false,"mailpoet_newsletter_max":false},"uagb_author_info":{"display_name":"Donvae Hooker","author_link":"https:\/\/www.andermatt.com\/es\/author\/donvae\/"},"uagb_comment_info":0,"uagb_excerpt":"Baculoviruses: A Proven Partner in Integrated Pest Management (IPM) With their unique mode of action (IRAC 31), baculoviruses offer excellent resistance management, compatibility with beneficial insects and tank mixes, and no MRL concerns &#8211; allowing growers to protect crops right up to harvest. Download","_links":{"self":[{"href":"https:\/\/www.andermatt.com\/es\/wp-json\/wp\/v2\/pages\/8948","targetHints":{"allow":["GET"]}}],"collection":[{"href":"https:\/\/www.andermatt.com\/es\/wp-json\/wp\/v2\/pages"}],"about":[{"href":"https:\/\/www.andermatt.com\/es\/wp-json\/wp\/v2\/types\/page"}],"author":[{"embeddable":true,"href":"https:\/\/www.andermatt.com\/es\/wp-json\/wp\/v2\/users\/15"}],"replies":[{"embeddable":true,"href":"https:\/\/www.andermatt.com\/es\/wp-json\/wp\/v2\/comments?post=8948"}],"version-history":[{"count":3,"href":"https:\/\/www.andermatt.com\/es\/wp-json\/wp\/v2\/pages\/8948\/revisions"}],"predecessor-version":[{"id":8952,"href":"https:\/\/www.andermatt.com\/es\/wp-json\/wp\/v2\/pages\/8948\/revisions\/8952"}],"wp:attachment":[{"href":"https:\/\/www.andermatt.com\/es\/wp-json\/wp\/v2\/media?parent=8948"}],"curies":[{"name":"wp","href":"https:\/\/api.w.org\/{rel}","templated":true}]}}