{"id":8702,"date":"2025-09-23T11:08:06","date_gmt":"2025-09-23T09:08:06","guid":{"rendered":"https:\/\/www.andermatt.com\/?page_id=8702"},"modified":"2026-02-23T13:09:56","modified_gmt":"2026-02-23T12:09:56","slug":"nuevas-inscripciones","status":"publish","type":"page","link":"https:\/\/www.andermatt.com\/es\/nuevas-inscripciones\/","title":{"rendered":"Nuevos registros"},"content":{"rendered":"<h1>Nuevos registros en Andermatt<\/h1>\t\t\t\n\t<p>En Andermatt, la innovaci\u00f3n nunca se detiene. En todo el mundo, nuestras soluciones biol\u00f3gicas est\u00e1n obteniendo nuevos registros que ampl\u00edan el acceso a pr\u00e1cticas agr\u00edcolas sostenibles. Aqu\u00ed encontrar\u00e1 las \u00faltimas actualizaciones sobre registros en diferentes pa\u00edses, que muestran nuestro compromiso con <i>\"Alimentaci\u00f3n sana y medio ambiente sano, para todos\".<\/i><\/p>\n\t<p>2026<\/p>\n<figure itemscope itemtype=\"https:\/\/schema.org\/ImageObject\">\n\t\t\t\t<a href=\"https:\/\/www.andermatt.com\/wp-content\/uploads\/2026\/02\/0126_mexico_t-77.jpg\"  target=\"_self\" itemprop=\"url\">\n\t\t\t\t<img decoding=\"async\" src=\"https:\/\/www.andermatt.com\/wp-content\/uploads\/2026\/02\/0126_mexico_t-77.jpg\" alt=\"0126 m\u00e9xico t 77\" height=\"1748\" width=\"1748\" title=\"0126_Mexico_T-77\" onerror=\"this.style.display='none'\" loading=\"lazy\" \/>\n\t\t\t\t<\/a>\n\t<\/figure>\n<figure itemscope itemtype=\"https:\/\/schema.org\/ImageObject\">\n\t\t\t\t<a href=\"https:\/\/www.andermatt.com\/wp-content\/uploads\/2026\/02\/0126_plutex_brazil.jpg\"  target=\"_self\" itemprop=\"url\">\n\t\t\t\t<img decoding=\"async\" src=\"https:\/\/www.andermatt.com\/wp-content\/uploads\/2026\/02\/0126_plutex_brazil.jpg\" alt=\"0126 plutex brasil\" height=\"1748\" width=\"1748\" title=\"0126_Plutex_Brasil\" onerror=\"this.style.display='none'\" loading=\"lazy\" \/>\n\t\t\t\t<\/a>\n\t<\/figure>\n<figure itemscope itemtype=\"https:\/\/schema.org\/ImageObject\">\n\t\t\t\t<a href=\"https:\/\/www.andermatt.com\/wp-content\/uploads\/2026\/02\/0126_vitisan_lithuania.jpg\"  target=\"_self\" itemprop=\"url\">\n\t\t\t\t<img decoding=\"async\" src=\"https:\/\/www.andermatt.com\/wp-content\/uploads\/2026\/02\/0126_vitisan_lithuania.jpg\" alt=\"0126 vitisan lituania\" height=\"1748\" width=\"1748\" title=\"0126_Vitisan_Lituania\" onerror=\"this.style.display='none'\" loading=\"lazy\" \/>\n\t\t\t\t<\/a>\n\t<\/figure>\n\t<p>2025<\/p>\n<figure itemscope itemtype=\"https:\/\/schema.org\/ImageObject\">\n\t\t\t\t<a href=\"https:\/\/www.andermatt.com\/wp-content\/uploads\/2026\/01\/11.2025_tunisia-vitisan.jpg\"  target=\"_self\" itemprop=\"url\">\n\t\t\t\t<img decoding=\"async\" src=\"https:\/\/www.andermatt.com\/wp-content\/uploads\/2026\/01\/11.2025_tunisia-vitisan.jpg\" alt=\"11.2025 t\u00fanez vitisan\" height=\"1748\" width=\"1748\" title=\"11.2025_Tunisia-Vitisan\" onerror=\"this.style.display='none'\" loading=\"lazy\" \/>\n\t\t\t\t<\/a>\n\t<\/figure>\n<figure itemscope itemtype=\"https:\/\/schema.org\/ImageObject\">\n\t\t\t\t<a href=\"https:\/\/www.andermatt.com\/wp-content\/uploads\/2026\/01\/11.2025_madex-top-finland.jpg\"  target=\"_self\" itemprop=\"url\">\n\t\t\t\t<img decoding=\"async\" src=\"https:\/\/www.andermatt.com\/wp-content\/uploads\/2026\/01\/11.2025_madex-top-finland.jpg\" alt=\"11,2025 madex top finlandia\" height=\"1748\" width=\"1748\" title=\"11.2025_Madex Top Finlandia\" onerror=\"this.style.display='none'\" loading=\"lazy\" \/>\n\t\t\t\t<\/a>\n\t<\/figure>\n<figure itemscope itemtype=\"https:\/\/schema.org\/ImageObject\">\n\t\t\t\t<a href=\"https:\/\/www.andermatt.com\/wp-content\/uploads\/2026\/01\/10.2025_peru-vitisan.jpg\"  target=\"_self\" itemprop=\"url\">\n\t\t\t\t<img decoding=\"async\" src=\"https:\/\/www.andermatt.com\/wp-content\/uploads\/2026\/01\/10.2025_peru-vitisan.jpg\" alt=\"10.2025 peru vitisan\" height=\"1748\" width=\"1748\" title=\"10.2025_Per\u00fa-Vitisan\" onerror=\"this.style.display='none'\" loading=\"lazy\" \/>\n\t\t\t\t<\/a>\n\t<\/figure>\n<figure itemscope itemtype=\"https:\/\/schema.org\/ImageObject\">\n\t\t\t\t<a href=\"https:\/\/www.andermatt.com\/wp-content\/uploads\/2025\/11\/09.2025_france-madex-duo.jpg\"  target=\"_self\" itemprop=\"url\">\n\t\t\t\t<img decoding=\"async\" src=\"https:\/\/www.andermatt.com\/wp-content\/uploads\/2025\/11\/09.2025_france-madex-duo.jpg\" alt=\"09.2025 francia madex duo\" height=\"1748\" width=\"1748\" title=\"09.2025_Francia-Madex Duo\" onerror=\"this.style.display='none'\" loading=\"lazy\" \/>\n\t\t\t\t<\/a>\n\t<\/figure>\n<figure itemscope itemtype=\"https:\/\/schema.org\/ImageObject\">\n\t\t\t\t<a href=\"https:\/\/www.andermatt.com\/wp-content\/uploads\/2025\/11\/07.2025_nembac_brazil.jpg\"  target=\"_self\" itemprop=\"url\">\n\t\t\t\t<img decoding=\"async\" src=\"https:\/\/www.andermatt.com\/wp-content\/uploads\/2025\/11\/07.2025_nembac_brazil.jpg\" alt=\"07.2025 nembac brasil\" height=\"1748\" width=\"1748\" title=\"07.2025_Nembac_Brazil\" onerror=\"this.style.display='none'\" loading=\"lazy\" \/>\n\t\t\t\t<\/a>\n\t<\/figure>\n<figure itemscope itemtype=\"https:\/\/schema.org\/ImageObject\">\n\t\t\t\t<a href=\"https:\/\/www.andermatt.com\/wp-content\/uploads\/2025\/11\/07.2025_rhizovital_c5_bulgaria.jpg\"  target=\"_self\" itemprop=\"url\">\n\t\t\t\t<img decoding=\"async\" src=\"https:\/\/www.andermatt.com\/wp-content\/uploads\/2025\/11\/07.2025_rhizovital_c5_bulgaria.jpg\" alt=\"07.2025 rhizovital c5 bulgaria\" height=\"420\" width=\"420\" title=\"07.2025_RhizoVital_C5_Bulgaria\" onerror=\"this.style.display='none'\" loading=\"lazy\" \/>\n\t\t\t\t<\/a>\n\t<\/figure>\n<figure itemscope itemtype=\"https:\/\/schema.org\/ImageObject\">\n\t\t\t\t<a href=\"https:\/\/www.andermatt.com\/wp-content\/uploads\/2025\/11\/07.2025_rhizovital_c5_finland.jpg\"  target=\"_self\" itemprop=\"url\">\n\t\t\t\t<img decoding=\"async\" src=\"https:\/\/www.andermatt.com\/wp-content\/uploads\/2025\/11\/07.2025_rhizovital_c5_finland.jpg\" alt=\"07.2025 rhizovital c5 finlandia\" height=\"420\" width=\"420\" title=\"07.2025_RhizoVital_C5_Finland\" onerror=\"this.style.display='none'\" loading=\"lazy\" \/>\n\t\t\t\t<\/a>\n\t<\/figure>\n<figure itemscope itemtype=\"https:\/\/schema.org\/ImageObject\">\n\t\t\t\t<a href=\"https:\/\/www.andermatt.com\/wp-content\/uploads\/2025\/11\/06.2025-vitisan-bulgaria.jpg\"  target=\"_self\" itemprop=\"url\">\n\t\t\t\t<img decoding=\"async\" src=\"https:\/\/www.andermatt.com\/wp-content\/uploads\/2025\/11\/06.2025-vitisan-bulgaria.jpg\" alt=\"06.2025 vitisan bulgaria\" height=\"1748\" width=\"1748\" title=\"06.2025 - VitiSan Bulgaria\" onerror=\"this.style.display='none'\" loading=\"lazy\" \/>\n\t\t\t\t<\/a>\n\t<\/figure>\n<figure itemscope itemtype=\"https:\/\/schema.org\/ImageObject\">\n\t\t\t\t<a href=\"https:\/\/www.andermatt.com\/wp-content\/uploads\/2025\/09\/agag_emergency-newsflashs_hungary_0525_mawa.jpg\"  target=\"_self\" itemprop=\"url\">\n\t\t\t\t<img decoding=\"async\" src=\"https:\/\/www.andermatt.com\/wp-content\/uploads\/2025\/09\/agag_emergency-newsflashs_hungary_0525_mawa.jpg\" alt=\"agag emergency newsflashs hungr\u00eda 0525 mawa\" height=\"1748\" width=\"1748\" title=\"AGAG_Noticias de emergencia_Hungr\u00eda_0525_MaWa\" onerror=\"this.style.display='none'\" loading=\"lazy\" \/>\n\t\t\t\t<\/a>\n\t<\/figure>\n<figure itemscope itemtype=\"https:\/\/schema.org\/ImageObject\">\n\t\t\t\t<a href=\"https:\/\/www.andermatt.com\/wp-content\/uploads\/2025\/09\/agag_emergency-newsflashs_portugal_0525_mawa.jpg\"  target=\"_self\" itemprop=\"url\">\n\t\t\t\t<img decoding=\"async\" src=\"https:\/\/www.andermatt.com\/wp-content\/uploads\/2025\/09\/agag_emergency-newsflashs_portugal_0525_mawa.jpg\" alt=\"agag noticias de emergencia portugal 0525 mawa\" height=\"1748\" width=\"1748\" title=\"AGAG_Noticias de emergencia_Portugal_0525_MaWa\" onerror=\"this.style.display='none'\" loading=\"lazy\" \/>\n\t\t\t\t<\/a>\n\t<\/figure>\n<figure itemscope itemtype=\"https:\/\/schema.org\/ImageObject\">\n\t\t\t\t<a href=\"https:\/\/www.andermatt.com\/wp-content\/uploads\/2025\/09\/agag_emergency-newsflashs_cyprus_0525_mawa.jpg\"  target=\"_self\" itemprop=\"url\">\n\t\t\t\t<img decoding=\"async\" src=\"https:\/\/www.andermatt.com\/wp-content\/uploads\/2025\/09\/agag_emergency-newsflashs_cyprus_0525_mawa.jpg\" alt=\"agag noticias de emergencia chipre 0525 mawa\" height=\"1748\" width=\"1748\" title=\"AGAG_Noticias de emergencia_Chipre_0525_MaWa\" onerror=\"this.style.display='none'\" loading=\"lazy\" \/>\n\t\t\t\t<\/a>\n\t<\/figure>\n<figure itemscope itemtype=\"https:\/\/schema.org\/ImageObject\">\n\t\t\t\t<a href=\"https:\/\/www.andermatt.com\/wp-content\/uploads\/2025\/09\/05.2025-nexula-argentina.jpg\"  target=\"_self\" itemprop=\"url\">\n\t\t\t\t<img decoding=\"async\" src=\"https:\/\/www.andermatt.com\/wp-content\/uploads\/2025\/09\/05.2025-nexula-argentina.jpg\" alt=\"05.2025 nexula argentina\" height=\"1748\" width=\"1748\" title=\"05.2025 Nexula Argentina\" onerror=\"this.style.display='none'\" loading=\"lazy\" \/>\n\t\t\t\t<\/a>\n\t<\/figure>\n<figure itemscope itemtype=\"https:\/\/schema.org\/ImageObject\">\n\t\t\t\t<a href=\"https:\/\/www.andermatt.com\/wp-content\/uploads\/2025\/09\/04.2025-rhizovital-algeria.jpg\"  target=\"_self\" itemprop=\"url\">\n\t\t\t\t<img decoding=\"async\" src=\"https:\/\/www.andermatt.com\/wp-content\/uploads\/2025\/09\/04.2025-rhizovital-algeria.jpg\" alt=\"04.2025 rhizovital argelia\" height=\"600\" width=\"600\" title=\"04.2025 RhizoVital - Argelia\" onerror=\"this.style.display='none'\" loading=\"lazy\" \/>\n\t\t\t\t<\/a>\n\t<\/figure>\n<figure itemscope itemtype=\"https:\/\/schema.org\/ImageObject\">\n\t\t\t\t<a href=\"https:\/\/www.andermatt.com\/wp-content\/uploads\/2025\/09\/04.2025-v12-multi-algeria.jpg\"  target=\"_self\" itemprop=\"url\">\n\t\t\t\t<img decoding=\"async\" src=\"https:\/\/www.andermatt.com\/wp-content\/uploads\/2025\/09\/04.2025-v12-multi-algeria.jpg\" alt=\"04.2025 v12 multi argelia\" height=\"600\" width=\"600\" title=\"04.2025 V12 Multi - Argelia\" onerror=\"this.style.display='none'\" loading=\"lazy\" \/>\n\t\t\t\t<\/a>\n\t<\/figure>\n<figure itemscope itemtype=\"https:\/\/schema.org\/ImageObject\">\n\t\t\t\t<a href=\"https:\/\/www.andermatt.com\/wp-content\/uploads\/2025\/09\/04.2025-helicovex-serbia.jpg\"  target=\"_self\" itemprop=\"url\">\n\t\t\t\t<img decoding=\"async\" src=\"https:\/\/www.andermatt.com\/wp-content\/uploads\/2025\/09\/04.2025-helicovex-serbia.jpg\" alt=\"04.2025 helicovex serbia\" height=\"600\" width=\"600\" title=\"04.2025 Helicovex - Serbia\" onerror=\"this.style.display='none'\" loading=\"lazy\" \/>\n\t\t\t\t<\/a>\n\t<\/figure>\n<figure itemscope itemtype=\"https:\/\/schema.org\/ImageObject\">\n\t\t\t\t<a href=\"https:\/\/www.andermatt.com\/wp-content\/uploads\/2025\/09\/04.2025-madex-twin-brazil.jpg\"  target=\"_self\" itemprop=\"url\">\n\t\t\t\t<img decoding=\"async\" src=\"https:\/\/www.andermatt.com\/wp-content\/uploads\/2025\/09\/04.2025-madex-twin-brazil.jpg\" alt=\"04.2025 madex twin brasil\" height=\"600\" width=\"600\" title=\"04.2025 Madex Twin - Brasil\" onerror=\"this.style.display='none'\" loading=\"lazy\" \/>\n\t\t\t\t<\/a>\n\t<\/figure>\n<figure itemscope itemtype=\"https:\/\/schema.org\/ImageObject\">\n\t\t\t\t<a href=\"https:\/\/www.andermatt.com\/wp-content\/uploads\/2025\/09\/04.2025-madex-top-norway.jpg\"  target=\"_self\" itemprop=\"url\">\n\t\t\t\t<img decoding=\"async\" src=\"https:\/\/www.andermatt.com\/wp-content\/uploads\/2025\/09\/04.2025-madex-top-norway.jpg\" alt=\"04.2025 madex top noruega\" height=\"600\" width=\"600\" title=\"04.2025 Madex Top- Noruega\" onerror=\"this.style.display='none'\" loading=\"lazy\" \/>\n\t\t\t\t<\/a>\n\t<\/figure>\n<figure itemscope itemtype=\"https:\/\/schema.org\/ImageObject\">\n\t\t\t\t<a href=\"https:\/\/www.andermatt.com\/wp-content\/uploads\/2025\/09\/03.2025-madex-primo-germany.jpg\"  target=\"_self\" itemprop=\"url\">\n\t\t\t\t<img decoding=\"async\" src=\"https:\/\/www.andermatt.com\/wp-content\/uploads\/2025\/09\/03.2025-madex-primo-germany.jpg\" alt=\"03.2025 madex primo alemania\" height=\"600\" width=\"600\" title=\"03.2025 Madex Primo - Alemania\" onerror=\"this.style.display='none'\" loading=\"lazy\" \/>\n\t\t\t\t<\/a>\n\t<\/figure>\n<figure itemscope itemtype=\"https:\/\/schema.org\/ImageObject\">\n\t\t\t\t<a href=\"https:\/\/www.andermatt.com\/wp-content\/uploads\/2025\/09\/02.2025-madex-twin-belgium.jpg\"  target=\"_self\" itemprop=\"url\">\n\t\t\t\t<img decoding=\"async\" src=\"https:\/\/www.andermatt.com\/wp-content\/uploads\/2025\/09\/02.2025-madex-twin-belgium.jpg\" alt=\"02.2025 madex twin b\u00e9lgica\" height=\"600\" width=\"600\" title=\"02.2025 Madex Twin - B\u00e9lgica\" onerror=\"this.style.display='none'\" loading=\"lazy\" \/>\n\t\t\t\t<\/a>\n\t<\/figure>\n<figure itemscope itemtype=\"https:\/\/schema.org\/ImageObject\">\n\t\t\t\t<a href=\"https:\/\/www.andermatt.com\/wp-content\/uploads\/2025\/09\/01.2025-helicovex-romania.jpg\"  target=\"_self\" itemprop=\"url\">\n\t\t\t\t<img decoding=\"async\" src=\"https:\/\/www.andermatt.com\/wp-content\/uploads\/2025\/09\/01.2025-helicovex-romania.jpg\" alt=\"01.2025 helicovex ruman\u00eda\" height=\"600\" width=\"600\" title=\"01.2025 Helicovex - Ruman\u00eda\" onerror=\"this.style.display='none'\" loading=\"lazy\" \/>\n\t\t\t\t<\/a>\n\t<\/figure>\n<figure itemscope itemtype=\"https:\/\/schema.org\/ImageObject\">\n\t\t\t\t<a href=\"https:\/\/www.andermatt.com\/wp-content\/uploads\/2025\/09\/01.2025-beauvisan-uruguay.jpg\"  target=\"_self\" itemprop=\"url\">\n\t\t\t\t<img decoding=\"async\" src=\"https:\/\/www.andermatt.com\/wp-content\/uploads\/2025\/09\/01.2025-beauvisan-uruguay.jpg\" alt=\"01.2025 beauvisan uruguay\" height=\"600\" width=\"600\" title=\"01.2025 Beauvisan - Uruguay\" onerror=\"this.style.display='none'\" loading=\"lazy\" \/>\n\t\t\t\t<\/a>\n\t<\/figure>\n<figure itemscope itemtype=\"https:\/\/schema.org\/ImageObject\">\n\t\t\t\t<a href=\"https:\/\/www.andermatt.com\/wp-content\/uploads\/2025\/09\/01.2025-insectosec-tunisia.jpg\"  target=\"_self\" itemprop=\"url\">\n\t\t\t\t<img decoding=\"async\" src=\"https:\/\/www.andermatt.com\/wp-content\/uploads\/2025\/09\/01.2025-insectosec-tunisia.jpg\" alt=\"01.2025 insectosec t\u00fanez\" height=\"600\" width=\"600\" title=\"01.2025 Insectosec - T\u00fanez\" onerror=\"this.style.display='none'\" loading=\"lazy\" \/>\n\t\t\t\t<\/a>\n\t<\/figure>\n<figure itemscope itemtype=\"https:\/\/schema.org\/ImageObject\">\n\t\t\t\t<a href=\"https:\/\/www.andermatt.com\/wp-content\/uploads\/2025\/09\/01.2025-silicosec-lithuania.jpg\"  target=\"_self\" itemprop=\"url\">\n\t\t\t\t<img decoding=\"async\" src=\"https:\/\/www.andermatt.com\/wp-content\/uploads\/2025\/09\/01.2025-silicosec-lithuania.jpg\" alt=\"01.2025 silicosec lituania\" height=\"600\" width=\"600\" title=\"01.2025 SilicoSec - Lituania\" onerror=\"this.style.display='none'\" loading=\"lazy\" \/>\n\t\t\t\t<\/a>\n\t<\/figure>\n<figure itemscope itemtype=\"https:\/\/schema.org\/ImageObject\">\n\t\t\t\t<a href=\"https:\/\/www.andermatt.com\/wp-content\/uploads\/2025\/09\/01.2025-silicosec-latvia.jpg\"  target=\"_self\" itemprop=\"url\">\n\t\t\t\t<img decoding=\"async\" src=\"https:\/\/www.andermatt.com\/wp-content\/uploads\/2025\/09\/01.2025-silicosec-latvia.jpg\" alt=\"01.2025 silicosec letonia\" height=\"600\" width=\"600\" title=\"01.2025 SilicoSec - Letonia\" onerror=\"this.style.display='none'\" loading=\"lazy\" \/>\n\t\t\t\t<\/a>\n\t<\/figure>","protected":false},"excerpt":{"rendered":"<p>Nuevos registros de Andermatt En Andermatt, la innovaci\u00f3n nunca se detiene. En todo el mundo, nuestras soluciones biol\u00f3gicas est\u00e1n obteniendo nuevos registros que ampl\u00edan el acceso a pr\u00e1cticas agr\u00edcolas sostenibles. Aqu\u00ed encontrar\u00e1 las \u00faltimas actualizaciones sobre registros en diferentes pa\u00edses, que muestran nuestro compromiso con \u201cAlimentos sanos y medio ambiente sano, para todos\u201d. 2026 2025<\/p>","protected":false},"author":15,"featured_media":0,"parent":0,"menu_order":0,"comment_status":"closed","ping_status":"closed","template":"","meta":{"_acf_changed":false,"_seopress_robots_primary_cat":"","_seopress_titles_title":"New Registrations | Andermatt Biological Solutions","_seopress_titles_desc":"Discover the latest new registrations of Andermatt solutions worldwide, supporting sustainable farming and crop protection across global markets.","_seopress_robots_index":"","_searchwp_excluded":"","_uag_custom_page_level_css":"","site-sidebar-layout":"default","site-content-layout":"default","ast-site-content-layout":"default","site-content-style":"default","site-sidebar-style":"default","ast-global-header-display":"","ast-banner-title-visibility":"","ast-main-header-display":"","ast-hfb-above-header-display":"","ast-hfb-below-header-display":"","ast-hfb-mobile-header-display":"","site-post-title":"disabled","ast-breadcrumbs-content":"","ast-featured-img":"","footer-sml-layout":"","ast-disable-related-posts":"","theme-transparent-header-meta":"default","adv-header-id-meta":"","stick-header-meta":"default","header-above-stick-meta":"","header-main-stick-meta":"","header-below-stick-meta":"","astra-migrate-meta-layouts":"set","ast-page-background-enabled":"default","ast-page-background-meta":{"desktop":{"background-color":"","background-image":"","background-repeat":"repeat","background-position":"center center","background-size":"auto","background-attachment":"scroll","background-type":"","background-media":"","overlay-type":"","overlay-color":"","overlay-opacity":"","overlay-gradient":""},"tablet":{"background-color":"","background-image":"","background-repeat":"repeat","background-position":"center center","background-size":"auto","background-attachment":"scroll","background-type":"","background-media":"","overlay-type":"","overlay-color":"","overlay-opacity":"","overlay-gradient":""},"mobile":{"background-color":"","background-image":"","background-repeat":"repeat","background-position":"center center","background-size":"auto","background-attachment":"scroll","background-type":"","background-media":"","overlay-type":"","overlay-color":"","overlay-opacity":"","overlay-gradient":""}},"ast-content-background-meta":{"desktop":{"background-color":"var(--ast-global-color-5)","background-image":"","background-repeat":"repeat","background-position":"center center","background-size":"auto","background-attachment":"scroll","background-type":"","background-media":"","overlay-type":"","overlay-color":"","overlay-opacity":"","overlay-gradient":""},"tablet":{"background-color":"var(--ast-global-color-5)","background-image":"","background-repeat":"repeat","background-position":"center center","background-size":"auto","background-attachment":"scroll","background-type":"","background-media":"","overlay-type":"","overlay-color":"","overlay-opacity":"","overlay-gradient":""},"mobile":{"background-color":"var(--ast-global-color-5)","background-image":"","background-repeat":"repeat","background-position":"center center","background-size":"auto","background-attachment":"scroll","background-type":"","background-media":"","overlay-type":"","overlay-color":"","overlay-opacity":"","overlay-gradient":""}},"footnotes":""},"class_list":["post-8702","page","type-page","status-publish","hentry"],"acf":[],"uagb_featured_image_src":{"full":false,"thumbnail":false,"medium":false,"medium_large":false,"large":false,"1536x1536":false,"2048x2048":false,"trp-custom-language-flag":false,"feature-size":false,"feature-size-gross":false,"header-size-small":false,"header-size":false,"mailpoet_newsletter_max":false},"uagb_author_info":{"display_name":"Donvae Hooker","author_link":"https:\/\/www.andermatt.com\/es\/author\/donvae\/"},"uagb_comment_info":0,"uagb_excerpt":"New Registrations from Andermatt At Andermatt, innovation never stops. Across the globe, our biological solutions are gaining new registrations that expand access to sustainable farming practices. Here you&#8217;ll find the latest updates on registrations in different countries, showcasing our commitment to &#8220;Healthy Food and Healthy Environment, for all.&#8221; 2026 2025","_links":{"self":[{"href":"https:\/\/www.andermatt.com\/es\/wp-json\/wp\/v2\/pages\/8702","targetHints":{"allow":["GET"]}}],"collection":[{"href":"https:\/\/www.andermatt.com\/es\/wp-json\/wp\/v2\/pages"}],"about":[{"href":"https:\/\/www.andermatt.com\/es\/wp-json\/wp\/v2\/types\/page"}],"author":[{"embeddable":true,"href":"https:\/\/www.andermatt.com\/es\/wp-json\/wp\/v2\/users\/15"}],"replies":[{"embeddable":true,"href":"https:\/\/www.andermatt.com\/es\/wp-json\/wp\/v2\/comments?post=8702"}],"version-history":[{"count":11,"href":"https:\/\/www.andermatt.com\/es\/wp-json\/wp\/v2\/pages\/8702\/revisions"}],"predecessor-version":[{"id":9257,"href":"https:\/\/www.andermatt.com\/es\/wp-json\/wp\/v2\/pages\/8702\/revisions\/9257"}],"wp:attachment":[{"href":"https:\/\/www.andermatt.com\/es\/wp-json\/wp\/v2\/media?parent=8702"}],"curies":[{"name":"wp","href":"https:\/\/api.w.org\/{rel}","templated":true}]}}