{"id":8620,"date":"2025-08-19T10:58:45","date_gmt":"2025-08-19T08:58:45","guid":{"rendered":"https:\/\/www.andermatt.com\/?page_id=8620"},"modified":"2025-08-19T11:48:15","modified_gmt":"2025-08-19T09:48:15","slug":"consejos_de_nuestros_expertos_para_elegir_una_tricoderma","status":"publish","type":"page","link":"https:\/\/www.andermatt.com\/es\/consejos_de_nuestros_expertos_para_elegir_una_tricoderma\/","title":{"rendered":"Consejos de nuestros expertos: Elegir un trichoderma"},"content":{"rendered":"<h1>Consejos de nuestros expertos: Elegir un trichoderma<\/h1>\t\t\t\n<p>Elegir un trichoderma: \u00bfQu\u00e9 hay en el nombre?<\/p>\n<p>Trichoderma es un tipo de hongo beneficioso que se encuentra en el suelo y forma asociaciones con las ra\u00edces de las plantas. Conocido por su papel en la protecci\u00f3n biol\u00f3gica de los cultivos, Trichoderma ayuda a controlar las enfermedades de las plantas, mejora el crecimiento de las ra\u00edces y los brotes, aumenta el rendimiento de los cultivos, mejora la absorci\u00f3n de nutrientes y aumenta la resistencia al estr\u00e9s clim\u00e1tico.<\/p>\nInformaci\u00f3n facilitada por Andermatt PHP.<br>\n<a href=\"http:\/\/www.andermatt-php.co.za\">www.andermatt-php.co.za<\/a><br>\n\n\t\t\t<a href=\"https:\/\/www.andermatt.com\/wp-content\/uploads\/2025\/08\/advice_from_our_experts_choosing_a_trichoderma_0725.pdf\" target=\"_blank\" rel=\"noopener\">\n\t\t\t\t\t\t\tDescargar\n\t\t\t\t\t<\/a>\n\n\n\n<p><\/p>","protected":false},"excerpt":{"rendered":"<p>Consejos de nuestros expertos: Elegir un tricoderma Elegir un tricoderma: \u00bfQu\u00e9 hay en el nombre? Trichoderma es un tipo de hongo beneficioso que se encuentra en el suelo y que forma asociaciones con las ra\u00edces de las plantas. Conocido por su papel desde hace mucho tiempo en la protecci\u00f3n biol\u00f3gica de los cultivos, Trichoderma ayuda a controlar las enfermedades de las plantas, mejora el crecimiento de las ra\u00edces y los brotes, aumenta el rendimiento de los cultivos, mejora la absorci\u00f3n de nutrientes, [...].<\/p>","protected":false},"author":15,"featured_media":0,"parent":0,"menu_order":0,"comment_status":"closed","ping_status":"closed","template":"","meta":{"_acf_changed":false,"_seopress_robots_primary_cat":"","_seopress_titles_title":"","_seopress_titles_desc":"","_seopress_robots_index":"","_searchwp_excluded":"","_uag_custom_page_level_css":"","site-sidebar-layout":"default","site-content-layout":"default","ast-site-content-layout":"default","site-content-style":"default","site-sidebar-style":"default","ast-global-header-display":"","ast-banner-title-visibility":"","ast-main-header-display":"","ast-hfb-above-header-display":"","ast-hfb-below-header-display":"","ast-hfb-mobile-header-display":"","site-post-title":"disabled","ast-breadcrumbs-content":"","ast-featured-img":"","footer-sml-layout":"","ast-disable-related-posts":"","theme-transparent-header-meta":"default","adv-header-id-meta":"","stick-header-meta":"default","header-above-stick-meta":"","header-main-stick-meta":"","header-below-stick-meta":"","astra-migrate-meta-layouts":"set","ast-page-background-enabled":"default","ast-page-background-meta":{"desktop":{"background-color":"","background-image":"","background-repeat":"repeat","background-position":"center center","background-size":"auto","background-attachment":"scroll","background-type":"","background-media":"","overlay-type":"","overlay-color":"","overlay-opacity":"","overlay-gradient":""},"tablet":{"background-color":"","background-image":"","background-repeat":"repeat","background-position":"center center","background-size":"auto","background-attachment":"scroll","background-type":"","background-media":"","overlay-type":"","overlay-color":"","overlay-opacity":"","overlay-gradient":""},"mobile":{"background-color":"","background-image":"","background-repeat":"repeat","background-position":"center center","background-size":"auto","background-attachment":"scroll","background-type":"","background-media":"","overlay-type":"","overlay-color":"","overlay-opacity":"","overlay-gradient":""}},"ast-content-background-meta":{"desktop":{"background-color":"var(--ast-global-color-5)","background-image":"","background-repeat":"repeat","background-position":"center center","background-size":"auto","background-attachment":"scroll","background-type":"","background-media":"","overlay-type":"","overlay-color":"","overlay-opacity":"","overlay-gradient":""},"tablet":{"background-color":"var(--ast-global-color-5)","background-image":"","background-repeat":"repeat","background-position":"center center","background-size":"auto","background-attachment":"scroll","background-type":"","background-media":"","overlay-type":"","overlay-color":"","overlay-opacity":"","overlay-gradient":""},"mobile":{"background-color":"var(--ast-global-color-5)","background-image":"","background-repeat":"repeat","background-position":"center center","background-size":"auto","background-attachment":"scroll","background-type":"","background-media":"","overlay-type":"","overlay-color":"","overlay-opacity":"","overlay-gradient":""}},"footnotes":""},"class_list":["post-8620","page","type-page","status-publish","hentry"],"acf":[],"uagb_featured_image_src":{"full":false,"thumbnail":false,"medium":false,"medium_large":false,"large":false,"1536x1536":false,"2048x2048":false,"trp-custom-language-flag":false,"feature-size":false,"feature-size-gross":false,"header-size-small":false,"header-size":false,"mailpoet_newsletter_max":false},"uagb_author_info":{"display_name":"Donvae Hooker","author_link":"https:\/\/www.andermatt.com\/es\/author\/donvae\/"},"uagb_comment_info":0,"uagb_excerpt":"Advice From Our Experts: Choosing a Trichoderma Choosing a Trichoderma: What&#8217;s in the Name? Trichoderma is a type of beneficial fungus found in soil that forms partnerships with plant roots. Known for its long-standing role in biological crop protection, Trichoderma helps control plant diseases, improves root and shoot growth, boosts crop yields, enhances nutrient absorption,&hellip;","_links":{"self":[{"href":"https:\/\/www.andermatt.com\/es\/wp-json\/wp\/v2\/pages\/8620","targetHints":{"allow":["GET"]}}],"collection":[{"href":"https:\/\/www.andermatt.com\/es\/wp-json\/wp\/v2\/pages"}],"about":[{"href":"https:\/\/www.andermatt.com\/es\/wp-json\/wp\/v2\/types\/page"}],"author":[{"embeddable":true,"href":"https:\/\/www.andermatt.com\/es\/wp-json\/wp\/v2\/users\/15"}],"replies":[{"embeddable":true,"href":"https:\/\/www.andermatt.com\/es\/wp-json\/wp\/v2\/comments?post=8620"}],"version-history":[{"count":5,"href":"https:\/\/www.andermatt.com\/es\/wp-json\/wp\/v2\/pages\/8620\/revisions"}],"predecessor-version":[{"id":8633,"href":"https:\/\/www.andermatt.com\/es\/wp-json\/wp\/v2\/pages\/8620\/revisions\/8633"}],"wp:attachment":[{"href":"https:\/\/www.andermatt.com\/es\/wp-json\/wp\/v2\/media?parent=8620"}],"curies":[{"name":"wp","href":"https:\/\/api.w.org\/{rel}","templated":true}]}}