{"id":8606,"date":"2025-08-19T10:59:21","date_gmt":"2025-08-19T08:59:21","guid":{"rendered":"https:\/\/www.andermatt.com\/?page_id=8606"},"modified":"2025-08-19T11:49:05","modified_gmt":"2025-08-19T09:49:05","slug":"consejos_de_nuestros_expertos_preguntas_esenciales_para_proveedores_biologicos","status":"publish","type":"page","link":"https:\/\/www.andermatt.com\/es\/consejos_de_nuestros_expertos_preguntas_esenciales_para_proveedores_biologicos\/","title":{"rendered":"Consejos de nuestros expertos: Preguntas esenciales para los proveedores de productos biol\u00f3gicos"},"content":{"rendered":"<h1>Consejos de nuestros expertos: Preguntas esenciales para los proveedores de productos biol\u00f3gicos<\/h1>\t\t\t\n\t<p>Soluciones biol\u00f3gicas: \u00a1haga las preguntas adecuadas!<\/p>\n<p>Los productos fitosanitarios biol\u00f3gicos est\u00e1n ganando popularidad como alternativas sostenibles en la agricultura. Sin embargo, el aumento de la demanda ha dado lugar a la aparici\u00f3n de nuevos proveedores con diversos reclamos, por lo que es crucial que los agricultores eval\u00faen cuidadosamente los productos y examinen a los proveedores. Los productos de calidad inferior minan la confianza de los agricultores y obstaculizan el crecimiento de la industria biol\u00f3gica. Formular preguntas clave y comprender el mercado ayudan a identificar a los proveedores \u00e9ticos, garantizando una gesti\u00f3n de plagas sostenible y fiable.<\/p>\nInformaci\u00f3n facilitada por Andermatt Madumbi.<br>\n<a href=\"http:\/\/www.andermatt.co.za\">www.andermatt.co.za<\/a>\n\t\t\t<a href=\"https:\/\/www.andermatt.com\/wp-content\/uploads\/2025\/08\/advice_from_our_experts_essential_questions_for_biological_suppliers_0725.pdf\" target=\"_blank\" rel=\"noopener\">\n\t\t\t\t\t\t\tDescargar\n\t\t\t\t\t<\/a>\n\n\n\n<p><\/p>","protected":false},"excerpt":{"rendered":"<p>Consejos de nuestros expertos: Preguntas esenciales para proveedores de productos biol\u00f3gicos H\u00e1gase con soluciones biol\u00f3gicas - \u00a1Haga las preguntas adecuadas! Navegar por el mundo de la protecci\u00f3n biol\u00f3gica de cultivos Los productos biol\u00f3gicos para la protecci\u00f3n de cultivos est\u00e1n ganando popularidad como alternativas sostenibles en la agricultura. Sin embargo, el aumento de la demanda ha dado lugar a nuevos proveedores con distintas [...]<\/p>","protected":false},"author":15,"featured_media":0,"parent":0,"menu_order":0,"comment_status":"closed","ping_status":"closed","template":"","meta":{"_acf_changed":false,"_seopress_robots_primary_cat":"","_seopress_titles_title":"","_seopress_titles_desc":"","_seopress_robots_index":"","_searchwp_excluded":"","_uag_custom_page_level_css":"","site-sidebar-layout":"default","site-content-layout":"default","ast-site-content-layout":"default","site-content-style":"default","site-sidebar-style":"default","ast-global-header-display":"","ast-banner-title-visibility":"","ast-main-header-display":"","ast-hfb-above-header-display":"","ast-hfb-below-header-display":"","ast-hfb-mobile-header-display":"","site-post-title":"disabled","ast-breadcrumbs-content":"","ast-featured-img":"","footer-sml-layout":"","ast-disable-related-posts":"","theme-transparent-header-meta":"default","adv-header-id-meta":"","stick-header-meta":"default","header-above-stick-meta":"","header-main-stick-meta":"","header-below-stick-meta":"","astra-migrate-meta-layouts":"set","ast-page-background-enabled":"default","ast-page-background-meta":{"desktop":{"background-color":"","background-image":"","background-repeat":"repeat","background-position":"center center","background-size":"auto","background-attachment":"scroll","background-type":"","background-media":"","overlay-type":"","overlay-color":"","overlay-opacity":"","overlay-gradient":""},"tablet":{"background-color":"","background-image":"","background-repeat":"repeat","background-position":"center center","background-size":"auto","background-attachment":"scroll","background-type":"","background-media":"","overlay-type":"","overlay-color":"","overlay-opacity":"","overlay-gradient":""},"mobile":{"background-color":"","background-image":"","background-repeat":"repeat","background-position":"center center","background-size":"auto","background-attachment":"scroll","background-type":"","background-media":"","overlay-type":"","overlay-color":"","overlay-opacity":"","overlay-gradient":""}},"ast-content-background-meta":{"desktop":{"background-color":"var(--ast-global-color-5)","background-image":"","background-repeat":"repeat","background-position":"center center","background-size":"auto","background-attachment":"scroll","background-type":"","background-media":"","overlay-type":"","overlay-color":"","overlay-opacity":"","overlay-gradient":""},"tablet":{"background-color":"var(--ast-global-color-5)","background-image":"","background-repeat":"repeat","background-position":"center center","background-size":"auto","background-attachment":"scroll","background-type":"","background-media":"","overlay-type":"","overlay-color":"","overlay-opacity":"","overlay-gradient":""},"mobile":{"background-color":"var(--ast-global-color-5)","background-image":"","background-repeat":"repeat","background-position":"center center","background-size":"auto","background-attachment":"scroll","background-type":"","background-media":"","overlay-type":"","overlay-color":"","overlay-opacity":"","overlay-gradient":""}},"footnotes":""},"class_list":["post-8606","page","type-page","status-publish","hentry"],"acf":[],"uagb_featured_image_src":{"full":false,"thumbnail":false,"medium":false,"medium_large":false,"large":false,"1536x1536":false,"2048x2048":false,"trp-custom-language-flag":false,"feature-size":false,"feature-size-gross":false,"header-size-small":false,"header-size":false,"mailpoet_newsletter_max":false},"uagb_author_info":{"display_name":"Donvae Hooker","author_link":"https:\/\/www.andermatt.com\/es\/author\/donvae\/"},"uagb_comment_info":0,"uagb_excerpt":"Advice From Our Experts: Essential Questions for Biological Suppliers Empower yourself with Biological Solutions &#8211; Ask the right questions! Navigating the World of Biological Crop Protection Biological crop protection products are gaining popularity as sustainable alternatives in agriculture. However, the rise in demand has led to new suppliers with varied claims, making it crucial for&hellip;","_links":{"self":[{"href":"https:\/\/www.andermatt.com\/es\/wp-json\/wp\/v2\/pages\/8606","targetHints":{"allow":["GET"]}}],"collection":[{"href":"https:\/\/www.andermatt.com\/es\/wp-json\/wp\/v2\/pages"}],"about":[{"href":"https:\/\/www.andermatt.com\/es\/wp-json\/wp\/v2\/types\/page"}],"author":[{"embeddable":true,"href":"https:\/\/www.andermatt.com\/es\/wp-json\/wp\/v2\/users\/15"}],"replies":[{"embeddable":true,"href":"https:\/\/www.andermatt.com\/es\/wp-json\/wp\/v2\/comments?post=8606"}],"version-history":[{"count":8,"href":"https:\/\/www.andermatt.com\/es\/wp-json\/wp\/v2\/pages\/8606\/revisions"}],"predecessor-version":[{"id":8634,"href":"https:\/\/www.andermatt.com\/es\/wp-json\/wp\/v2\/pages\/8606\/revisions\/8634"}],"wp:attachment":[{"href":"https:\/\/www.andermatt.com\/es\/wp-json\/wp\/v2\/media?parent=8606"}],"curies":[{"name":"wp","href":"https:\/\/api.w.org\/{rel}","templated":true}]}}