{"id":7554,"date":"2025-01-17T13:08:22","date_gmt":"2025-01-17T12:08:22","guid":{"rendered":"https:\/\/www.andermatt.com\/?page_id=7554"},"modified":"2026-01-23T08:41:14","modified_gmt":"2026-01-23T07:41:14","slug":"sobre-nosotros","status":"publish","type":"page","link":"https:\/\/www.andermatt.com\/es\/sobre-nosotros\/","title":{"rendered":"Sobre nosotros"},"content":{"rendered":"<h1>Sobre nosotros<\/h1>\t\t\t\n\t<a href=\"https:\/\/www.andermatt.com\/es\/equipo\/\" target=\"_self\"  aria-label=\"Ir a https:\/\/www.andermatt.com\/team\/\"><\/a>\t\t\t\t\n\t\t\t<h3>Equipo<\/h3>\t\t\t\n\t\t\t\t<p>Nuestros expertos proporcionan el mejor soporte t\u00e9cnico<\/p>\n\t<a href=\"https:\/\/www.andermatt.com\/es\/carrera\/\" target=\"_self\"  aria-label=\"Ir a https:\/\/www.andermatt.com\/career\/\"><\/a>\t\t\t\t\n\t\t\t<h3>Carrera profesional<\/h3>\t\t\t\n\t\t\t\t<p>Buscamos nuevos talentos en todo el mundo<\/p>\n\t<a href=\"https:\/\/www.andermatt.com\/es\/filiales\/\" target=\"_self\"  aria-label=\"Visite https:\/\/www.andermatt.com\/subsidiaries\"><\/a>\t\t\t\t\n\t\t\t<h3>Filiales<\/h3>\t\t\t\n\t\t\t\t<p>Explore nuestra red de filiales<\/p>\n\t\t\t<h2>Andermatt | Una red mundial de expertos en biolog\u00eda comprometidos con la agricultura sostenible<\/h2>\n\t\t\t\t<p>Andermatt est\u00e1 formada por m\u00faltiples empresas en cuatro continentes. Con una amplia red internacional de socios afines, Andermatt se enorgullece de ayudar a los agricultores de m\u00e1s de 60 pa\u00edses a obtener cosechas sanas y de calidad con menos insumos qu\u00edmicos.<\/p>\n<p>La clave del \u00e9xito del Grupo reside en su equipo de expertos de todo el mundo. Un equipo apasionado, comprometido a cambiar la forma en que se cultivan los alimentos.<\/p>\n\t\t\t\t<img decoding=\"async\" src=\"https:\/\/www.andermatt.com\/wp-content\/uploads\/2025\/01\/dr-martin-andermatt.jpg\" alt=\"dr martin andermatt\" title=\"dr-martin-andermatt\" itemprop=\"image\"\/>\n\t\t<h3>Dr. Martin Andermatt<\/h3>\t\t\t\n\t\t\t\t<p>Presidente<\/p>\n\t\t\t\t<img decoding=\"async\" src=\"https:\/\/www.andermatt.com\/wp-content\/uploads\/2025\/01\/daniel-zingg.jpg\" alt=\"daniel zingg\" title=\"daniel-zingg\" itemprop=\"image\"\/>\n\t\t<h3>Daniel Zingg<\/h3>\t\t\t\n\t\t\t\t<p>CEO<\/p>\n\t\t\t<h2>Nuestra visi\u00f3n<\/h2>\n\t\t\t\t<p>Alimentaci\u00f3n sana y medio ambiente sano, para todos.<\/p>\n\t\t\t<h2>Nuestra misi\u00f3n<\/h2>\n\t\t\t\t<p>La misi\u00f3n de Andermatt es desarrollar y ofrecer soluciones eficaces, biol\u00f3gicas y naturales que sustituyan a los productos qu\u00edmicos para la producci\u00f3n de cultivos, el hogar y el jard\u00edn, el control de plagas y la salud de las abejas y los animales de granja.<\/p>\n\t\t\t<h2>Nuestros valores<\/h2>\t\t\t\n\t\t\t\t<img decoding=\"async\" src=\"https:\/\/www.andermatt.com\/wp-content\/uploads\/2025\/01\/integrity.png\" alt=\"integridad\" title=\"integridad\" itemprop=\"image\"\/>\n\t\t<h3>Integridad<\/h3>\t\t\t\n\t\t\t\t<img decoding=\"async\" src=\"https:\/\/www.andermatt.com\/wp-content\/uploads\/2025\/01\/swiss-excellence.png\" alt=\"excelencia suiza\" title=\"Excelencia suiza\" itemprop=\"image\"\/>\n\t\t<h3>Excelencia<\/h3>\t\t\t\n\t\t\t\t<img decoding=\"async\" src=\"https:\/\/www.andermatt.com\/wp-content\/uploads\/2025\/01\/innovation.png\" alt=\"innovaci\u00f3n\" title=\"Innovaci\u00f3n\" itemprop=\"image\"\/>\n\t\t<h3>Innovaci\u00f3n<\/h3>\t\t\t\n\t\t\t\t<img decoding=\"async\" src=\"https:\/\/www.andermatt.com\/wp-content\/uploads\/2025\/01\/passion.png\" alt=\"pasi\u00f3n\" title=\"pasi\u00f3n\" itemprop=\"image\"\/>\n\t\t<h3>Pasi\u00f3n<\/h3>\t\t\t\n\t\t\t<h2>\u00bfQu\u00e9 ofrece Andermatt?<\/h2>\t\t\t\n\t\t\t\t<p>Andermatt se enorgullece de ofrecer a los cultivadores soluciones biol\u00f3gicas eficaces.<\/p>\n<p>Los consumidores de todo el mundo est\u00e1n impulsando el cambio hacia una producci\u00f3n alimentaria m\u00e1s sana y segura, con un impacto medioambiental m\u00ednimo.<\/p>\n<p>Consciente de la presi\u00f3n mundial a la que se ven sometidos los cultivadores para aumentar el rendimiento de forma sostenible y asequible, Andermatt aboga por la integraci\u00f3n estrat\u00e9gica de soluciones biol\u00f3gicas de calidad en los programas de gesti\u00f3n integrada de plagas (GIP). Su amplia cartera de productos ofrece soluciones de cultivo altamente espec\u00edficas y respetuosas con el medio ambiente. Otras ventajas adicionales son los bajos o nulos LMR (Niveles M\u00e1ximos de Residuos), ideales para la gesti\u00f3n de la resistencia y que causan un da\u00f1o m\u00ednimo a los organismos no objetivo.<\/p>\n<p>La amplia gama de soluciones biol\u00f3gicas de Andermatt abarca bioinsecticidas, bionematicidas, biofungicidas, bioestimulantes, productos biol\u00f3gicos para el control de plagas, soluciones de monitoreo y trampeo, soluciones macrobianas y mucho m\u00e1s en diversas categor\u00edas como producci\u00f3n de cultivos, hogar y jard\u00edn, y salud de las abejas. Al ofrecer estas soluciones innovadoras, Andermatt atiende tanto a los agricultores ecol\u00f3gicos como a los convencionales, promoviendo un enfoque m\u00e1s sostenible de la agricultura, la jardiner\u00eda dom\u00e9stica y la apicultura.<\/p>\n\t\t\t<h2>\u00bfPor qu\u00e9 Andermatt?<\/h2>\t\t\t\n\t\t\t\t<p>Gracias al poder de la experiencia colectiva del grupo global Andermatt, le ofrecemos lo mejor que el mundo puede ofrecer en soluciones biol\u00f3gicas innovadoras y sostenibles.<\/p>\n\t\t\t\t<img decoding=\"async\" src=\"https:\/\/www.andermatt.com\/wp-content\/uploads\/2025\/01\/biological-pioneers.png\" alt=\"pioneros biol\u00f3gicos\" title=\"pioneros biol\u00f3gicos\" itemprop=\"image\"\/>\n\t\t<h3>Pioneros biol\u00f3gicos:<\/h3>\t\t\t\n\t\t\t\t<p>Con una trayectoria de m\u00e1s de 35 a\u00f1os, Andermatt est\u00e1 a la vanguardia de las innovaciones biol\u00f3gicas en agricultura, jardiner\u00eda y apicultura.<\/p>\n\t\t\t\t<img decoding=\"async\" src=\"https:\/\/www.andermatt.com\/wp-content\/uploads\/2025\/01\/local-support.png\" alt=\"apoyo local\" title=\"Apoyo local\" itemprop=\"image\"\/>\n\t\t<h3>Apoyo local:<\/h3>\t\t\t\n\t\t\t\t<p>A trav\u00e9s de sus filiales y socios, Andermatt ofrece conocimientos especializados localizados para apoyar eficazmente a los cultivadores.<\/p>\n\t\t\t\t<img decoding=\"async\" src=\"https:\/\/www.andermatt.com\/wp-content\/uploads\/2025\/01\/global-expertise.png\" alt=\"experiencia mundial\" title=\"Experiencia mundial\" itemprop=\"image\"\/>\n\t\t<h3>Experiencia global:<\/h3>\t\t\t\n\t\t\t\t<p>Con un equipo diverso de expertos en biolog\u00eda en todo el mundo, Andermatt ofrece soluciones de vanguardia<\/p>\n\t\t\t\t<img decoding=\"async\" src=\"https:\/\/www.andermatt.com\/wp-content\/uploads\/2025\/01\/integrity.png\" alt=\"integridad\" title=\"integridad\" itemprop=\"image\"\/>\n\t\t<h3>Integridad:<\/h3>\t\t\t\n\t\t\t\t<p>Como empresa familiar independiente y propiedad de sus empleados, Andermatt est\u00e1 comprometida con la creaci\u00f3n de asociaciones empresariales a largo plazo.<\/p>\n\t\t\t\t<img decoding=\"async\" src=\"https:\/\/www.andermatt.com\/wp-content\/uploads\/2025\/01\/swiss-excellence.png\" alt=\"excelencia suiza\" title=\"Excelencia suiza\" itemprop=\"image\"\/>\n\t\t<h3>Excelencia suiza:<\/h3>\t\t\t\n\t\t\t\t<p>Andermatt mantiene rigurosas normas de calidad, sin\u00f3nimo de <br \/>Precisi\u00f3n suiza.<\/p>\n\t\t\t\t<img decoding=\"async\" src=\"https:\/\/www.andermatt.com\/wp-content\/uploads\/2025\/01\/knowledge-ecosystem.png\" alt=\"ecosistema del conocimiento\" title=\"Ecosistema del conocimiento\" itemprop=\"image\"\/>\n\t\t<h3>Ecosistema del conocimiento:<\/h3>\t\t\t\n\t\t\t\t<p>La transferencia de conocimientos de un continente a otro, de un pa\u00eds a otro y de los laboratorios al terreno, sientan unas bases s\u00f3lidas para <br \/>eficacia biol\u00f3gica.<\/p>\n<h2>\n\t\t\tNuestra historia\t<\/h2>\n\t\t\t\t\t\t\t\t\t\t\t\t\t\t\t\t\t\t\t\t\t\t\t<h3>1988<\/h3> \t\t\t\t\t\t\t\t\t\t\t\n\t\t\t\t\t\t\t\t\t\t\t\t\t\t\t\t\t\t\t\t\t\t\t\t\t\t\t\t\t\t\t\t\t\t\t\t\t\t\t\t\t\t\t\t\t\t\t\t\t\t\t\t\t\t\t\t<p>- Fundaci\u00f3n de la empresa por el Dr. Martin Andermatt y la Dra. Isabel Andermatt (principales accionistas del Grupo Andermatt) - Inicio de la producci\u00f3n y primer registro de un producto de baculovirus para la producci\u00f3n de alimentos <a href=\"https:\/\/www.andermatt.com\/es\/producto\/madex\/\">(MADEX)<\/a><img decoding=\"async\" src=\"https:\/\/www.andermatt.com\/wp-content\/uploads\/2021\/12\/About-us_Martin-Isabel-Andermatt-300x201.jpg\" alt=\"\" width=\"300\" height=\"201\" \/><\/p> \t\t\t\t\t\t\t\t\t\t\t\t\t\t\t\t\t\t\t\t\t\t\t\t\t\t\t\t\t\n\t\t\t\t\t\t\t\t\t\t\t\t\t\t\t\t\t\t\t\t\t\t\t<h3>1989<\/h3> \t\t\t\t\t\t\t\t\t\t\t\n\t\t\t\t\t\t\t\t\t\t\t\t\t\t\t\t\t\t\t\t\t\t\t\t\t\t\t\t\t\t\t\t\t\t\t\t\t\t\t\t\t\t\t\t\t\t\t\t\t\t\t\t\t\t\t\t<p>Inicio de la producci\u00f3n de nematodos entomopat\u00f3genos<\/p> \t\t\t\t\t\t\t\t\t\t\t\t\t\t\t\t\t\t\t\t\t\t\t\t\t\t\t\t\t\n\t\t\t\t\t\t\t\t\t\t\t\t\t\t\t\t\t\t\t\t\t\t\t<h3>1991<\/h3> \t\t\t\t\t\t\t\t\t\t\t\n\t\t\t\t\t\t\t\t\t\t\t\t\t\t\t\t\t\t\t\t\t\t\t\t\t\t\t\t\t\t\t\t\t\t\t\t\t\t\t\t\t\t\t\t\t\t\t\t\t\t\t\t\t\t\t\t<p>Inicio de la distribuci\u00f3n de tecnolog\u00edas de terceros (fitosanitarios y macroorganismos) en Suiza<\/p> \t\t\t\t\t\t\t\t\t\t\t\t\t\t\t\t\t\t\t\t\t\t\t\t\t\t\t\t\t\n\t\t\t\t\t\t\t\t\t\t\t\t\t\t\t\t\t\t\t\t\t\t\t<h3>1992<\/h3> \t\t\t\t\t\t\t\t\t\t\t\n\t\t\t\t\t\t\t\t\t\t\t\t\t\t\t\t\t\t\t\t\t\t\t\t\t\t\t\t\t\t\t\t\t\t\t\t\t\t\t\t\t\t\t\t\t\t\t\t\t\t\t\t\t\t\t\t<p>El premio a la innovaci\u00f3n, concedido por la <a href=\"https:\/\/www.ihz.ch\/home.html\">C\u00e1mara de Comercio de Suiza Central<\/a><\/p>\n\t\t\t\t\t\t\t\t\t\t\t\t\t\t\t\t\t\t\t\t\t\t\t<h3>1993<\/h3> \t\t\t\t\t\t\t\t\t\t\t\n\t\t\t\t\t\t\t\t\t\t\t\t\t\t\t\t\t\t\t\t\t\t\t\t\t\t\t\t\t\t\t\t\t\t\t\t\t\t\t\t\t\t\t\t\t\t\t\t\t\t\t\t\t\t\t\t<p>Premio Toni, concedido por la fundaci\u00f3n \"Cuidar el medio ambiente\"<\/p> \t\t\t\t\t\t\t\t\t\t\t\t\t\t\t\t\t\t\t\t\t\t\t\t\t\t\t\t\t\n\t\t\t\t\t\t\t\t\t\t\t\t\t\t\t\t\t\t\t\t\t\t\t<h3>1996<\/h3> \t\t\t\t\t\t\t\t\t\t\t\n\t\t\t\t\t\t\t\t\t\t\t\t\t\t\t\t\t\t\t\t\t\t\t\t\t\t\t\t\t\t\t\t\t\t\t\t\t\t\t\t\t\t\t\t\t\t\t\t\t\t\t\t\t\t\t\t<p>Inicio de la producci\u00f3n de productos sanitarios para abejas contra los \u00e1caros de la varroa<img decoding=\"async\" src=\"https:\/\/www.andermatt.com\/wp-content\/uploads\/2021\/10\/984V_Thymovar_auflegen-300x200.jpg\" alt=\"\" width=\"281\" height=\"187\" \/><\/p> \t\t\t\t\t\t\t\t\t\t\t\t\t\t\t\t\t\t\t\t\t\t\t\t\t\t\t\t\t\n\t\t\t\t\t\t\t\t\t\t\t\t\t\t\t\t\t\t\t\t\t\t\t<h3>1999<\/h3> \t\t\t\t\t\t\t\t\t\t\t\n\t\t\t\t\t\t\t\t\t\t\t\t\t\t\t\t\t\t\t\t\t\t\t\t\t\t\t\t\t\t\t\t\t\t\t\t\t\t\t\t\t\t\t\t\t\t\t\t\t\t\t\t\t\t\t\t<p>Comienza la producci\u00f3n de la mariquita de dos manchas <i>Adalia <\/i><i>bipunctata<\/i><img decoding=\"async\" src=\"https:\/\/www.andermatt.com\/wp-content\/uploads\/2021\/02\/ladybug-CJ5Y24J-300x200.jpg\" alt=\"\" width=\"280\" height=\"187\" \/><\/p> \t\t\t\t\t\t\t\t\t\t\t\t\t\t\t\t\t\t\t\t\t\t\t\t\t\t\t\t\t\n\t\t\t\t\t\t\t\t\t\t\t\t\t\t\t\t\t\t\t\t\t\t\t<h3>2002<\/h3> \t\t\t\t\t\t\t\t\t\t\t\n\t\t\t\t\t\t\t\t\t\t\t\t\t\t\t\t\t\t\t\t\t\t\t\t\t\t\t\t\t\t\t\t\t\t\t\t\t\t\t\t\t\t\t\t\t\t\t\t\t\t\t\t\t\t\t\t<p>Comienza la producci\u00f3n de collares antibabosas para el hogar y el jard\u00edn<\/p> \t\t\t\t\t\t\t\t\t\t\t\t\t\t\t\t\t\t\t\t\t\t\t\t\t\t\t\t\t\n\t\t\t\t\t\t\t\t\t\t\t\t\t\t\t\t\t\t\t\t\t\t\t<h3>2003<\/h3> \t\t\t\t\t\t\t\t\t\t\t\n\t\t\t\t\t\t\t\t\t\t\t\t\t\t\t\t\t\t\t\t\t\t\t\t\t\t\t\t\t\t\t\t\t\t\t\t\t\t\t\t\t\t\t\t\t\t\t\t\t\t\t\t\t\t\t\t<p>Escisi\u00f3n de <a href=\"https:\/\/www.biogarten.ch\/\">Andermatt Biogarten AG<\/a> (casa y jard\u00edn) y <a href=\"https:\/\/www.biovet.ch\/\">Andermatt BioVet AG<\/a> (salud de las abejas y de los animales)<\/p> \t\t\t\t\t\t\t\t\t\t\t\t\t\t\t\t\t\t\t\t\t\t\t\t\t\t\t\t\t\n\t\t\t\t\t\t\t\t\t\t\t\t\t\t\t\t\t\t\t\t\t\t\t<h3>2004<\/h3> \t\t\t\t\t\t\t\t\t\t\t\n\t\t\t\t\t\t\t\t\t\t\t\t\t\t\t\t\t\t\t\t\t\t\t\t\t\t\t\t\t\t\t\t\t\t\t\t\t\t\t\t\t\t\t\t\t\t\t\t\t\t\t\t\t\t\t\t<p>- Certificaci\u00f3n ISO 9001 - Finalista en el premio al empresario suizo del a\u00f1o<\/p> \t\t\t\t\t\t\t\t\t\t\t\t\t\t\t\t\t\t\t\t\t\t\t\t\t\t\t\t\t\n\t\t\t\t\t\t\t\t\t\t\t\t\t\t\t\t\t\t\t\t\t\t\t<h3>2006<\/h3> \t\t\t\t\t\t\t\t\t\t\t\n\t\t\t\t\t\t\t\t\t\t\t\t\t\t\t\t\t\t\t\t\t\t\t\t\t\t\t\t\t\t\t\t\t\t\t\t\t\t\t\t\t\t\t\t\t\t\t\t\t\t\t\t\t\t\t\t<p>Establecimiento de <a href=\"https:\/\/www.andermatt-biovet.de\/\">Andermatt BioVet GmbH<\/a>, Alemania<img decoding=\"async\" src=\"https:\/\/www.andermatt.com\/wp-content\/uploads\/2021\/11\/754V_Oxuvar_traufeln_f-300x200.jpg\" alt=\"\" width=\"281\" height=\"187\" \/><\/p> \t\t\t\t\t\t\t\t\t\t\t\t\t\t\t\t\t\t\t\t\t\t\t\t\t\t\t\t\t\n\t\t\t\t\t\t\t\t\t\t\t\t\t\t\t\t\t\t\t\t\t\t\t<h3>2007<\/h3> \t\t\t\t\t\t\t\t\t\t\t\n\t\t\t\t\t\t\t\t\t\t\t\t\t\t\t\t\t\t\t\t\t\t\t\t\t\t\t\t\t\t\t\t\t\t\t\t\t\t\t\t\t\t\t\t\t\t\t\t\t\t\t\t\t\t\t\t<p>Premio a la empresa, otorgado por la Fundaci\u00f3n Suiza del Medio Ambiente<\/p>\n<p>&nbsp;<a href=\"https:\/\/umwelt-stiftung.ch\/\"><\/a><\/p>\n\t\t\t\t\t\t\t\t\t\t\t\t\t\t\t\t\t\t\t\t\t\t\t<h3>2009<\/h3> \t\t\t\t\t\t\t\t\t\t\t\n\t\t\t\t\t\t\t\t\t\t\t\t\t\t\t\t\t\t\t\t\t\t\t\t\t\t\t\t\t\t\t\t\t\t\t\t\t\t\t\t\t\t\t\t\t\t\t\t\t\t\t\t\t\t\t\t<p>Premio de Medio Ambiente, otorgado por la <a href=\"https:\/\/www.aks-stiftung.ch\/\">Fundaci\u00f3n Albert K\u00f6chlin<\/a><\/p> \t\t\t\t\t\t\t\t\t\t\t\t\t\t\t\t\t\t\t\t\t\t\t\t\t\t\t\t\t\n\t\t\t\t\t\t\t\t\t\t\t\t\t\t\t\t\t\t\t\t\t\t\t<h3>2010<\/h3> \t\t\t\t\t\t\t\t\t\t\t\n\t\t\t\t\t\t\t\t\t\t\t\t\t\t\t\t\t\t\t\t\t\t\t\t\t\t\t\t\t\t\t\t\t\t\t\t\t\t\t\t\t\t\t\t\t\t\t\t\t\t\t\t\t\t\t\t<p>- Integraci\u00f3n de Topcat GmbH (fabricante de trampas roden) - Creaci\u00f3n de <a href=\"https:\/\/andermatt.co.za\/\">Andermatt Madumbi<\/a> en Sud\u00e1frica<img decoding=\"async\" src=\"https:\/\/www.andermatt.com\/wp-content\/uploads\/2021\/12\/Rodent-control_Topcat-300x199.jpg\" alt=\"\" width=\"281\" height=\"187\" \/><\/p> \t\t\t\t\t\t\t\t\t\t\t\t\t\t\t\t\t\t\t\t\t\t\t\t\t\t\t\t\t\n\t\t\t\t\t\t\t\t\t\t\t\t\t\t\t\t\t\t\t\t\t\t\t<h3>2011<\/h3> \t\t\t\t\t\t\t\t\t\t\t\n\t\t\t\t\t\t\t\t\t\t\t\t\t\t\t\t\t\t\t\t\t\t\t\t\t\t\t\t\t\t\t\t\t\t\t\t\t\t\t\t\t\t\t\t\t\t\t\t\t\t\t\t\t\t\t\t<p>- Integraci\u00f3n de <a href=\"https:\/\/www.andermattcanada.com\/\">Andermatt Canad\u00e1<\/a> (fabricante de productos de baculovirus y trampas de feromonas) - Integraci\u00f3n de Probis GmbH, Alemania (fabricante de productos de baculovirus) - Premio a la innovaci\u00f3n por el desarrollo de MADEX Plus<\/p> \t\t\t\t\t\t\t\t\t\t\t\t\t\t\t\t\t\t\t\t\t\t\t\t\t\t\t\t\t\n\t\t\t\t\t\t\t\t\t\t\t\t\t\t\t\t\t\t\t\t\t\t\t<h3>2014<\/h3> \t\t\t\t\t\t\t\t\t\t\t\n\t\t\t\t\t\t\t\t\t\t\t\t\t\t\t\t\t\t\t\t\t\t\t\t\t\t\t\t\t\t\t\t\t\t\t\t\t\t\t\t\t\t\t\t\t\t\t\t\t\t\t\t\t\t\t\t<p>Establecimiento de <a href=\"https:\/\/www.andermatt.fr\/\">Andermatt Francia<\/a> y <a href=\"https:\/\/andermatt.com.br\/\">Andermatt do Brasil<\/a><\/p> \t\t\t\t\t\t\t\t\t\t\t\t\t\t\t\t\t\t\t\t\t\t\t\t\t\t\t\t\t\n\t\t\t\t\t\t\t\t\t\t\t\t\t\t\t\t\t\t\t\t\t\t\t<h3>2016<\/h3> \t\t\t\t\t\t\t\t\t\t\t\n\t\t\t\t\t\t\t\t\t\t\t\t\t\t\t\t\t\t\t\t\t\t\t\t\t\t\t\t\t\t\t\t\t\t\t\t\t\t\t\t\t\t\t\t\t\t\t\t\t\t\t\t\t\t\t\t<p>- Integraci\u00f3n de <a href=\"https:\/\/andermatt-php.co.za\/\">Andermatt PHP<\/a> (Fabricante de microorganismos en fermentaci\u00f3n en estado s\u00f3lido)- Establecimiento de <a href=\"https:\/\/www.biocontrol-academy.ch\/index.html\">Academia de Biocontrol<\/a> (asesoramiento a jardineros y cultivadores) - Empezar con los principios de Lean Management<\/p> \t\t\t\t\t\t\t\t\t\t\t\t\t\t\t\t\t\t\t\t\t\t\t\t\t\t\t\t\t\n\t\t\t\t\t\t\t\t\t\t\t\t\t\t\t\t\t\t\t\t\t\t\t<h3>2017<\/h3> \t\t\t\t\t\t\t\t\t\t\t\n\t\t\t\t\t\t\t\t\t\t\t\t\t\t\t\t\t\t\t\t\t\t\t\t\t\t\t\t\t\t\t\t\t\t\t\t\t\t\t\t\t\t\t\t\t\t\t\t\t\t\t\t\t\t\t\t<p>Establecimiento de <a href=\"http:\/\/www.andermattusa.com\/\">Andermatt USA<\/a>, <a href=\"https:\/\/www.andermattuk.com\/\">Andermatt UK<\/a> y <a href=\"https:\/\/www.andermatt-biogarten.de\/\">Andermatt Biogarten GmbH<\/a>, Alemania<\/p> \t\t\t\t\t\t\t\t\t\t\t\t\t\t\t\t\t\t\t\t\t\t\t\t\t\t\t\t\t\n\t\t\t\t\t\t\t\t\t\t\t\t\t\t\t\t\t\t\t\t\t\t\t<h3>2018<\/h3> \t\t\t\t\t\t\t\t\t\t\t\n\t\t\t\t\t\t\t\t\t\t\t\t\t\t\t\t\t\t\t\t\t\t\t\t\t\t\t\t\t\t\t\t\t\t\t\t\t\t\t\t\t\t\t\t\t\t\t\t\t\t\t\t\t\t\t\t<p>- Integraci\u00f3n de <a href=\"https:\/\/www.biofa-profi.de\/de\/\">Biofa GmbH<\/a>, Alemania (proveedor y titular del registro de productos a base de sustancias naturales) - Establecimiento de <a href=\"http:\/\/www.andermattafrica.com\">Andermatt Kenia<\/a>\u00a0- <a href=\"https:\/\/www.coop.ch\/de\/unternehmen\/medien\/medienmitteilungen\/2018\/coop-verleiht-natura-preis.html\">Premio Coop Natura<\/a> por el compromiso con la agricultura ecol\u00f3gica, otorgado por Coop<\/p> \t\t\t\t\t\t\t\t\t\t\t\t\t\t\t\t\t\t\t\t\t\t\t\t\t\t\t\t\t\n\t\t\t\t\t\t\t\t\t\t\t\t\t\t\t\t\t\t\t\t\t\t\t<h3>2019<\/h3> \t\t\t\t\t\t\t\t\t\t\t\n\t\t\t\t\t\t\t\t\t\t\t\t\t\t\t\t\t\t\t\t\t\t\t\t\t\t\t\t\t\t\t\t\t\t\t\t\t\t\t\t\t\t\t\t\t\t\t\t\t\t\t\t\t\t\t\t<p>- Establecimiento de <a href=\"http:\/\/www.andermattnederland.nl\/\">Andermatt Nederland<\/a>- Integraci\u00f3n de <a href=\"https:\/\/abitep.de\/\">ABiTEP GmbH<\/a>Alemania (fabricante de microorganismos basados en la fermentaci\u00f3n en estado l\u00edquido - Ganador del Premio Bernard Blum al nuevo producto de control biol\u00f3gico m\u00e1s innovador) <a href=\"https:\/\/www.andermatt.com\/es\/producto\/tutavir\/\">Tutavir<\/a>concedido por<a href=\"https:\/\/ibma.org\/\"> IBMA<\/a><\/p> \t\t\t\t\t\t\t\t\t\t\t\t\t\t\t\t\t\t\t\t\t\t\t\t\t\t\t\t\t\n\t\t\t\t\t\t\t\t\t\t\t\t\t\t\t\t\t\t\t\t\t\t\t<h3>2020<\/h3> \t\t\t\t\t\t\t\t\t\t\t\n\t\t\t\t\t\t\t\t\t\t\t\t\t\t\t\t\t\t\t\t\t\t\t\t\t\t\t\t\t\t\t\t\t\t\t\t\t\t\t\t\t\t\t\t\t\t\t\t\t\t\t\t\t\t\t\t<p>Establecimiento de <a href=\"https:\/\/andermattiberia.com\/\">Andermatt Iberia<\/a> y <a href=\"https:\/\/andermatt.ro\/\">Andermatt Ruman\u00eda<\/a><\/p> \t\t\t\t\t\t\t\t\t\t\t\t\t\t\t\t\t\t\t\t\t\t\t\t\t\t\t\t\t\n\t\t\t\t\t\t\t\t\t\t\t\t\t\t\t\t\t\t\t\t\t\t\t<h3>2021<\/h3> \t\t\t\t\t\t\t\t\t\t\t\n\t\t\t\t\t\t\t\t\t\t\t\t\t\t\t\t\t\t\t\t\t\t\t\t\t\t\t\t\t\t\t\t\t\t\t\t\t\t\t\t\t\t\t\t\t\t\t\t\t\t\t\t\t\t\t\t<p>- Establecimiento de <a href=\"https:\/\/andermatt.pl\/\">Andermatt Polska<\/a>, <a href=\"http:\/\/www.andermattafrica.com\">Andermatt Mozambique<\/a>- Integraci\u00f3n de <a href=\"https:\/\/anthesis.gr\/\">Anthesis<\/a>, Grecia<\/p> \t\t\t\t\t\t\t\t\t\t\t\t\t\t\t\t\t\t\t\t\t\t\t\t\t\t\t\t\t\n\t\t\t\t\t\t\t\t\t\t\t\t\t\t\t\t\t\t\t\t\t\t\t<h3>2022<\/h3> \t\t\t\t\t\t\t\t\t\t\t\n\t\t\t\t\t\t\t\t\t\t\t\t\t\t\t\t\t\t\t\t\t\t\t\t\t\t\t\t\t\t\t\t\t\t\t\t\t\t\t\t\t\t\t\t\t\t\t\t\t\t\t\t\t\t\t\t<p>- Establecimiento de\u00a0<a href=\"http:\/\/www.andermatt.mx\/\">Andermatt M\u00e9xico<\/a>- Integraci\u00f3n de\u00a0<a href=\"https:\/\/bioinput.hr\/\">BIOinput<\/a>, Croacia (principal proveedor de productos fitosanitarios biol\u00f3gicos, biocidas, estimulantes vegetales y especialidades nutricionales en Croacia)<\/p> \t\t\t\t\t\t\t\t\t\t\t\t\t\t\t\t\t\t\t\t\t\t\t\t\t\t\t\t\t\n\t\t\t\t\t\t\t\t\t\t\t\t\t\t\t\t\t\t\t\t\t\t\t<h3>2024<\/h3> \t\t\t\t\t\t\t\t\t\t\t\n\t\t\t\t\t\t\t\t\t\t\t\t\t\t\t\t\t\t\t\t\t\t\t\t\t\t\t\t\t\t\t\t\t\t\t\t\t\t\t\t\t\t\t\t\t\t\t\t\t\t\t\t\t\t\t\t<p>Integraci\u00f3n de BioTEPP Inc (Canad\u00e1) y Agricheck SRL (Argentina)<\/p> \t\t\t\t\t\t\t\t\t\t\t\t\t\t\t\t\t\t\t\t\t\t\t\t\t\t\t\t\t\n\t\t\t\t\t\t\t\t\t\t\t\t\t\t\t\t\t\t\t\t\t\t\t<h3>2025<\/h3> \t\t\t\t\t\t\t\t\t\t\t\n\t\t\t\t\t\t\t\t\t\t\t\t\t\t\t\t\t\t\t\t\t\t\t\t\t\t\t\t\t\t\t\t\t\t\t\t\t\t\t\t\t\t\t\t\t\t\t\t\t\t\t\t\t\t\t\t<p>Integraci\u00f3n de Entocare (Pa\u00edses Bajos) y creaci\u00f3n de Andermatt Italia<\/p>\n\t\t\t<h2>Nuestro Consejo<\/h2>\t\t\t\n\t\t\t\t<img decoding=\"async\" src=\"https:\/\/www.andermatt.com\/wp-content\/uploads\/2025\/01\/dr-martin-andermatt.jpg\" alt=\"dr martin andermatt\" title=\"dr-martin-andermatt\" itemprop=\"image\"\/>\n\t\t\t\t \n\t\tDr. Martin Andermatt\nFundador y Presidente del Consejo de Administraci\u00f3n\t\t\t\t\t\t\t\n\t\t\t\t<a href=\"\" target=\"_self\">\t\t\t\t\n\t\t<\/a>\t\t\t\t \n\t\t\t\t<img decoding=\"async\" src=\"https:\/\/www.andermatt.com\/wp-content\/uploads\/2025\/06\/franz-bollhalder.jpg\" alt=\"franz bollhalder\" title=\"franz-bollhalder\" itemprop=\"image\"\/>\n\t\t\t\t \n\t\tFranz<br \/>Bollhalder\nMiembro del Consejo\t\t\t\t\t\t\t\n\t\t\t\t<a href=\"\" target=\"_self\">\t\t\t\t\n\t\t<\/a>\t\t\t\t \n\t\t\t\t<img decoding=\"async\" src=\"https:\/\/www.andermatt.com\/wp-content\/uploads\/2025\/06\/marcel-gatti.jpg\" alt=\"marcel gatti\" title=\"Marcel Gatti\" itemprop=\"image\"\/>\n\t\t\t\t \n\t\tMarcel<br \/>Gatti\nMiembro del Consejo\t\t\t\t\t\t\t\n\t\t\t\t<a href=\"\" target=\"_self\">\t\t\t\t\n\t\t<\/a>\t\t\t\t \n\t\t\t\t<img decoding=\"async\" src=\"https:\/\/www.andermatt.com\/wp-content\/uploads\/2025\/01\/martin-muller.jpg\" alt=\"martin muller\" title=\"martin-muller\" itemprop=\"image\"\/>\n\t\t\t\t \n\t\tMartin <br \/>M\u00fcller\nMiembro del Consejo de Administraci\u00f3n\t\t\t\t\t\t\t\n\t\t\t\t<a href=\"\" target=\"_self\">\t\t\t\t\n\t\t<\/a>\t\t\t\t \n\t\t\t\t<img decoding=\"async\" src=\"https:\/\/www.andermatt.com\/wp-content\/uploads\/2025\/06\/kurt-plattner.jpg\" alt=\"kurt plattner\" title=\"Kurt Plattner\" itemprop=\"image\"\/>\n\t\t\t\t \n\t\tKurt<br \/>Plattner\nMiembro del Consejo\t\t\t\t\t\t\t\n\t\t\t\t<a href=\"\" target=\"_self\">\t\t\t\t\n\t\t<\/a>\t\t\t\t \n\t\t\t\t<img decoding=\"async\" src=\"https:\/\/www.andermatt.com\/wp-content\/uploads\/2025\/06\/michel-riva.jpg\" alt=\"michel riva\" title=\"Michel Riva\" itemprop=\"image\"\/>\n\t\t\t\t \n\t\tMichel<br \/> Riva\nMiembro del Consejo\t\t\t\t\t\t\t\n\t\t\t\t<a href=\"\" target=\"_self\">\t\t\t\t\n\t\t<\/a>","protected":false},"excerpt":{"rendered":"<p>Qui\u00e9nes somos Equipo Nuestros expertos proporcionan el mejor soporte t\u00e9cnico Carrera Buscamos nuevos talentos en todo el mundo Filiales Explore nuestra red de filiales Andermatt | Una red global de expertos en biolog\u00eda comprometidos con la agricultura sostenible Andermatt est\u00e1 formada por m\u00faltiples empresas, en cuatro continentes. Con una extensa red internacional de socios afines, Andermatt se enorgullece de apoyar [...]<\/p>","protected":false},"author":15,"featured_media":0,"parent":0,"menu_order":0,"comment_status":"closed","ping_status":"closed","template":"","meta":{"_acf_changed":false,"_seopress_robots_primary_cat":"","_seopress_titles_title":"","_seopress_titles_desc":"","_seopress_robots_index":"","_searchwp_excluded":"","_uag_custom_page_level_css":"","site-sidebar-layout":"default","site-content-layout":"default","ast-site-content-layout":"default","site-content-style":"default","site-sidebar-style":"default","ast-global-header-display":"","ast-banner-title-visibility":"","ast-main-header-display":"","ast-hfb-above-header-display":"","ast-hfb-below-header-display":"","ast-hfb-mobile-header-display":"","site-post-title":"disabled","ast-breadcrumbs-content":"","ast-featured-img":"","footer-sml-layout":"","ast-disable-related-posts":"","theme-transparent-header-meta":"default","adv-header-id-meta":"","stick-header-meta":"default","header-above-stick-meta":"","header-main-stick-meta":"","header-below-stick-meta":"","astra-migrate-meta-layouts":"set","ast-page-background-enabled":"default","ast-page-background-meta":{"desktop":{"background-color":"","background-image":"","background-repeat":"repeat","background-position":"center center","background-size":"auto","background-attachment":"scroll","background-type":"","background-media":"","overlay-type":"","overlay-color":"","overlay-opacity":"","overlay-gradient":""},"tablet":{"background-color":"","background-image":"","background-repeat":"repeat","background-position":"center center","background-size":"auto","background-attachment":"scroll","background-type":"","background-media":"","overlay-type":"","overlay-color":"","overlay-opacity":"","overlay-gradient":""},"mobile":{"background-color":"","background-image":"","background-repeat":"repeat","background-position":"center center","background-size":"auto","background-attachment":"scroll","background-type":"","background-media":"","overlay-type":"","overlay-color":"","overlay-opacity":"","overlay-gradient":""}},"ast-content-background-meta":{"desktop":{"background-color":"var(--ast-global-color-5)","background-image":"","background-repeat":"repeat","background-position":"center center","background-size":"auto","background-attachment":"scroll","background-type":"","background-media":"","overlay-type":"","overlay-color":"","overlay-opacity":"","overlay-gradient":""},"tablet":{"background-color":"var(--ast-global-color-5)","background-image":"","background-repeat":"repeat","background-position":"center center","background-size":"auto","background-attachment":"scroll","background-type":"","background-media":"","overlay-type":"","overlay-color":"","overlay-opacity":"","overlay-gradient":""},"mobile":{"background-color":"var(--ast-global-color-5)","background-image":"","background-repeat":"repeat","background-position":"center center","background-size":"auto","background-attachment":"scroll","background-type":"","background-media":"","overlay-type":"","overlay-color":"","overlay-opacity":"","overlay-gradient":""}},"footnotes":""},"class_list":["post-7554","page","type-page","status-publish","hentry"],"acf":[],"uagb_featured_image_src":{"full":false,"thumbnail":false,"medium":false,"medium_large":false,"large":false,"1536x1536":false,"2048x2048":false,"trp-custom-language-flag":false,"feature-size":false,"feature-size-gross":false,"header-size-small":false,"header-size":false,"mailpoet_newsletter_max":false},"uagb_author_info":{"display_name":"Donvae Hooker","author_link":"https:\/\/www.andermatt.com\/es\/author\/donvae\/"},"uagb_comment_info":0,"uagb_excerpt":"About us Team Our experts provide the best technical support Career We look for new talents worldwide Subsidiaries Explore our subsidiaries network Andermatt | A Global Network of Biological Experts Committed to Sustainable Agriculture Andermatt consists of multiple companies, across four continents. With an extensive international network of like-minded partners, Andermatt is proud to support&hellip;","_links":{"self":[{"href":"https:\/\/www.andermatt.com\/es\/wp-json\/wp\/v2\/pages\/7554","targetHints":{"allow":["GET"]}}],"collection":[{"href":"https:\/\/www.andermatt.com\/es\/wp-json\/wp\/v2\/pages"}],"about":[{"href":"https:\/\/www.andermatt.com\/es\/wp-json\/wp\/v2\/types\/page"}],"author":[{"embeddable":true,"href":"https:\/\/www.andermatt.com\/es\/wp-json\/wp\/v2\/users\/15"}],"replies":[{"embeddable":true,"href":"https:\/\/www.andermatt.com\/es\/wp-json\/wp\/v2\/comments?post=7554"}],"version-history":[{"count":41,"href":"https:\/\/www.andermatt.com\/es\/wp-json\/wp\/v2\/pages\/7554\/revisions"}],"predecessor-version":[{"id":9170,"href":"https:\/\/www.andermatt.com\/es\/wp-json\/wp\/v2\/pages\/7554\/revisions\/9170"}],"wp:attachment":[{"href":"https:\/\/www.andermatt.com\/es\/wp-json\/wp\/v2\/media?parent=7554"}],"curies":[{"name":"wp","href":"https:\/\/api.w.org\/{rel}","templated":true}]}}