{"id":7411,"date":"2024-12-06T08:56:27","date_gmt":"2024-12-06T07:56:27","guid":{"rendered":"https:\/\/www.andermatt.com\/?page_id=7411"},"modified":"2024-12-09T15:09:10","modified_gmt":"2024-12-09T14:09:10","slug":"baculovirus-faqs","status":"publish","type":"page","link":"https:\/\/www.andermatt.com\/es\/baculovirus-faqs\/","title":{"rendered":"Preguntas frecuentes sobre el baculovirus del Grupo Andermatt"},"content":{"rendered":"<h1>Preguntas frecuentes sobre el baculovirus<\/h1>        \t\n\t<p>El Grupo Andermatt es l\u00edder mundial en la producci\u00f3n de baculovirus, con m\u00e1s de 35 a\u00f1os de experiencia en su desarrollo, formulaci\u00f3n y producci\u00f3n. <\/p>\n<p>El Grupo Andermatt cuenta con dos empresas l\u00edderes en la fabricaci\u00f3n de baculovirus. Andermatt Biocontrol Suisse y Andermatt Canada. Juntas, ofrecen la gama m\u00e1s amplia de productos de baculovirus disponibles comercialmente para uso agr\u00edcola y forestal.<\/p>\n\t\t\t<a href=\"https:\/\/www.andermatt.com\/wp-content\/uploads\/2024\/12\/andermatt-group-baculovirus-faqs.pdf\" target=\"_blank\" rel=\"noopener\">\n\t\t\t\t\t\t\tDescargar\n\t\t\t\t\t<\/a>","protected":false},"excerpt":{"rendered":"<p>Preguntas frecuentes sobre baculovirus Grupo Andermatt El Grupo Andermatt es l\u00edder mundial en la producci\u00f3n de baculovirus, con m\u00e1s de 35 a\u00f1os de experiencia en su desarrollo, formulaci\u00f3n y producci\u00f3n. El Grupo Andermatt cuenta con dos empresas l\u00edderes en la fabricaci\u00f3n de baculovirus. Andermatt Biocontrol Suisse y Andermatt Canada. Juntas, ofrecen la gama m\u00e1s amplia de productos de baculovirus disponibles comercialmente [...].<\/p>","protected":false},"author":15,"featured_media":0,"parent":0,"menu_order":0,"comment_status":"closed","ping_status":"closed","template":"","meta":{"_acf_changed":false,"_seopress_robots_primary_cat":"","_seopress_titles_title":"","_seopress_titles_desc":"","_seopress_robots_index":"","_searchwp_excluded":"","_uag_custom_page_level_css":"","site-sidebar-layout":"default","site-content-layout":"default","ast-site-content-layout":"default","site-content-style":"default","site-sidebar-style":"default","ast-global-header-display":"","ast-banner-title-visibility":"","ast-main-header-display":"","ast-hfb-above-header-display":"","ast-hfb-below-header-display":"","ast-hfb-mobile-header-display":"","site-post-title":"disabled","ast-breadcrumbs-content":"","ast-featured-img":"","footer-sml-layout":"","ast-disable-related-posts":"","theme-transparent-header-meta":"default","adv-header-id-meta":"","stick-header-meta":"default","header-above-stick-meta":"","header-main-stick-meta":"","header-below-stick-meta":"","astra-migrate-meta-layouts":"set","ast-page-background-enabled":"default","ast-page-background-meta":{"desktop":{"background-color":"","background-image":"","background-repeat":"repeat","background-position":"center center","background-size":"auto","background-attachment":"scroll","background-type":"","background-media":"","overlay-type":"","overlay-color":"","overlay-opacity":"","overlay-gradient":""},"tablet":{"background-color":"","background-image":"","background-repeat":"repeat","background-position":"center center","background-size":"auto","background-attachment":"scroll","background-type":"","background-media":"","overlay-type":"","overlay-color":"","overlay-opacity":"","overlay-gradient":""},"mobile":{"background-color":"","background-image":"","background-repeat":"repeat","background-position":"center center","background-size":"auto","background-attachment":"scroll","background-type":"","background-media":"","overlay-type":"","overlay-color":"","overlay-opacity":"","overlay-gradient":""}},"ast-content-background-meta":{"desktop":{"background-color":"var(--ast-global-color-5)","background-image":"","background-repeat":"repeat","background-position":"center center","background-size":"auto","background-attachment":"scroll","background-type":"","background-media":"","overlay-type":"","overlay-color":"","overlay-opacity":"","overlay-gradient":""},"tablet":{"background-color":"var(--ast-global-color-5)","background-image":"","background-repeat":"repeat","background-position":"center center","background-size":"auto","background-attachment":"scroll","background-type":"","background-media":"","overlay-type":"","overlay-color":"","overlay-opacity":"","overlay-gradient":""},"mobile":{"background-color":"var(--ast-global-color-5)","background-image":"","background-repeat":"repeat","background-position":"center center","background-size":"auto","background-attachment":"scroll","background-type":"","background-media":"","overlay-type":"","overlay-color":"","overlay-opacity":"","overlay-gradient":""}},"footnotes":""},"class_list":["post-7411","page","type-page","status-publish","hentry"],"acf":[],"uagb_featured_image_src":{"full":false,"thumbnail":false,"medium":false,"medium_large":false,"large":false,"1536x1536":false,"2048x2048":false,"trp-custom-language-flag":false,"feature-size":false,"feature-size-gross":false,"header-size-small":false,"header-size":false,"mailpoet_newsletter_max":false},"uagb_author_info":{"display_name":"Donvae Hooker","author_link":"https:\/\/www.andermatt.com\/es\/author\/donvae\/"},"uagb_comment_info":0,"uagb_excerpt":"Baculovirus FAQs The Andermatt Group is the global leader in baculovirus production with more than 35 years of experience in their development, formulation and production. The Andermatt Group is home of two leading baculovirus manufacturing companies. Andermatt Biocontrol Suisse and Andermatt Canada. Together, they offer the widest range of commercially available baculovirus products for agriculture&hellip;","_links":{"self":[{"href":"https:\/\/www.andermatt.com\/es\/wp-json\/wp\/v2\/pages\/7411","targetHints":{"allow":["GET"]}}],"collection":[{"href":"https:\/\/www.andermatt.com\/es\/wp-json\/wp\/v2\/pages"}],"about":[{"href":"https:\/\/www.andermatt.com\/es\/wp-json\/wp\/v2\/types\/page"}],"author":[{"embeddable":true,"href":"https:\/\/www.andermatt.com\/es\/wp-json\/wp\/v2\/users\/15"}],"replies":[{"embeddable":true,"href":"https:\/\/www.andermatt.com\/es\/wp-json\/wp\/v2\/comments?post=7411"}],"version-history":[{"count":5,"href":"https:\/\/www.andermatt.com\/es\/wp-json\/wp\/v2\/pages\/7411\/revisions"}],"predecessor-version":[{"id":7428,"href":"https:\/\/www.andermatt.com\/es\/wp-json\/wp\/v2\/pages\/7411\/revisions\/7428"}],"wp:attachment":[{"href":"https:\/\/www.andermatt.com\/es\/wp-json\/wp\/v2\/media?parent=7411"}],"curies":[{"name":"wp","href":"https:\/\/api.w.org\/{rel}","templated":true}]}}