{"id":7410,"date":"2024-12-06T08:53:03","date_gmt":"2024-12-06T07:53:03","guid":{"rendered":"https:\/\/www.andermatt.com\/?page_id=7410"},"modified":"2025-11-03T15:07:14","modified_gmt":"2025-11-03T14:07:14","slug":"cartera-de-soluciones-especializadas-del-grupo-andermatt","status":"publish","type":"page","link":"https:\/\/www.andermatt.com\/es\/cartera-de-soluciones-especializadas-del-grupo-andermatt\/","title":{"rendered":"Cartera de soluciones especializadas del Grupo Andermatt"},"content":{"rendered":"<h1>Cartera de soluciones especializadas<\/h1>\t\t\t\n\t<p>Adem\u00e1s de los completos productos de Andermatt para la producci\u00f3n de cultivos, as\u00ed como soluciones para el jard\u00edn, el hogar y la salud de las abejas, estamos orgullosos de ofrecer soluciones para el control de plagas y la salud de los animales de granja.<\/p>\n\t\t\t<a href=\"https:\/\/www.andermatt.com\/wp-content\/uploads\/2025\/11\/andermatt-specialised-solutions-portfolio-2026.pdf\" target=\"_blank\" rel=\"noopener\">\n\t\t\t\t\t\t\tDescargar\n\t\t\t\t\t<\/a>","protected":false},"excerpt":{"rendered":"<p>Cartera de soluciones especializadas Grupo Andermatt Adem\u00e1s de los completos productos de Andermatt para la producci\u00f3n de cultivos, as\u00ed como soluciones para el jard\u00edn, el hogar y la salud de las abejas, estamos orgullosos de ofrecer soluciones para el control de plagas y la salud de los animales de granja. Descargar<\/p>","protected":false},"author":15,"featured_media":0,"parent":0,"menu_order":0,"comment_status":"closed","ping_status":"closed","template":"","meta":{"_acf_changed":false,"_seopress_robots_primary_cat":"","_seopress_titles_title":"","_seopress_titles_desc":"","_seopress_robots_index":"","_searchwp_excluded":"","_uag_custom_page_level_css":"","site-sidebar-layout":"default","site-content-layout":"default","ast-site-content-layout":"default","site-content-style":"default","site-sidebar-style":"default","ast-global-header-display":"","ast-banner-title-visibility":"","ast-main-header-display":"","ast-hfb-above-header-display":"","ast-hfb-below-header-display":"","ast-hfb-mobile-header-display":"","site-post-title":"disabled","ast-breadcrumbs-content":"","ast-featured-img":"","footer-sml-layout":"","ast-disable-related-posts":"","theme-transparent-header-meta":"default","adv-header-id-meta":"","stick-header-meta":"default","header-above-stick-meta":"","header-main-stick-meta":"","header-below-stick-meta":"","astra-migrate-meta-layouts":"set","ast-page-background-enabled":"default","ast-page-background-meta":{"desktop":{"background-color":"","background-image":"","background-repeat":"repeat","background-position":"center center","background-size":"auto","background-attachment":"scroll","background-type":"","background-media":"","overlay-type":"","overlay-color":"","overlay-opacity":"","overlay-gradient":""},"tablet":{"background-color":"","background-image":"","background-repeat":"repeat","background-position":"center center","background-size":"auto","background-attachment":"scroll","background-type":"","background-media":"","overlay-type":"","overlay-color":"","overlay-opacity":"","overlay-gradient":""},"mobile":{"background-color":"","background-image":"","background-repeat":"repeat","background-position":"center center","background-size":"auto","background-attachment":"scroll","background-type":"","background-media":"","overlay-type":"","overlay-color":"","overlay-opacity":"","overlay-gradient":""}},"ast-content-background-meta":{"desktop":{"background-color":"var(--ast-global-color-5)","background-image":"","background-repeat":"repeat","background-position":"center center","background-size":"auto","background-attachment":"scroll","background-type":"","background-media":"","overlay-type":"","overlay-color":"","overlay-opacity":"","overlay-gradient":""},"tablet":{"background-color":"var(--ast-global-color-5)","background-image":"","background-repeat":"repeat","background-position":"center center","background-size":"auto","background-attachment":"scroll","background-type":"","background-media":"","overlay-type":"","overlay-color":"","overlay-opacity":"","overlay-gradient":""},"mobile":{"background-color":"var(--ast-global-color-5)","background-image":"","background-repeat":"repeat","background-position":"center center","background-size":"auto","background-attachment":"scroll","background-type":"","background-media":"","overlay-type":"","overlay-color":"","overlay-opacity":"","overlay-gradient":""}},"footnotes":""},"class_list":["post-7410","page","type-page","status-publish","hentry"],"acf":[],"uagb_featured_image_src":{"full":false,"thumbnail":false,"medium":false,"medium_large":false,"large":false,"1536x1536":false,"2048x2048":false,"trp-custom-language-flag":false,"feature-size":false,"feature-size-gross":false,"header-size-small":false,"header-size":false,"mailpoet_newsletter_max":false},"uagb_author_info":{"display_name":"Donvae Hooker","author_link":"https:\/\/www.andermatt.com\/es\/author\/donvae\/"},"uagb_comment_info":0,"uagb_excerpt":"Specialized Solutions Portfolio In addition to Andermatt&#8217;s comprehensive crop production products, as well as garden, home, and bee health solutions, we are proud to offer pest control and farm animal health solutions. Download","_links":{"self":[{"href":"https:\/\/www.andermatt.com\/es\/wp-json\/wp\/v2\/pages\/7410","targetHints":{"allow":["GET"]}}],"collection":[{"href":"https:\/\/www.andermatt.com\/es\/wp-json\/wp\/v2\/pages"}],"about":[{"href":"https:\/\/www.andermatt.com\/es\/wp-json\/wp\/v2\/types\/page"}],"author":[{"embeddable":true,"href":"https:\/\/www.andermatt.com\/es\/wp-json\/wp\/v2\/users\/15"}],"replies":[{"embeddable":true,"href":"https:\/\/www.andermatt.com\/es\/wp-json\/wp\/v2\/comments?post=7410"}],"version-history":[{"count":5,"href":"https:\/\/www.andermatt.com\/es\/wp-json\/wp\/v2\/pages\/7410\/revisions"}],"predecessor-version":[{"id":8827,"href":"https:\/\/www.andermatt.com\/es\/wp-json\/wp\/v2\/pages\/7410\/revisions\/8827"}],"wp:attachment":[{"href":"https:\/\/www.andermatt.com\/es\/wp-json\/wp\/v2\/media?parent=7410"}],"curies":[{"name":"wp","href":"https:\/\/api.w.org\/{rel}","templated":true}]}}