{"id":7408,"date":"2024-12-06T08:40:14","date_gmt":"2024-12-06T07:40:14","guid":{"rendered":"https:\/\/www.andermatt.com\/?page_id=7408"},"modified":"2025-11-03T15:07:33","modified_gmt":"2025-11-03T14:07:33","slug":"cartera-de-viviendas-y-jardines-del-grupo-andermatt","status":"publish","type":"page","link":"https:\/\/www.andermatt.com\/es\/cartera-de-viviendas-y-jardines-del-grupo-andermatt\/","title":{"rendered":"Cartera de Casa y Jard\u00edn del Grupo Andermatt"},"content":{"rendered":"<h1>Cartera de Casa y Jard\u00edn<\/h1>\t\t\t\n\t<p>A medida que los consumidores buscan la naturaleza en sus hogares y jardines, la demanda de soluciones seguras y sostenibles sigue creciendo. Durante m\u00e1s de 30 a\u00f1os, Andermatt ha liderado con orgullo el camino, ofreciendo alternativas naturales a los productos qu\u00edmicos. Con una experiencia de vanguardia y un compromiso con la calidad, ayudamos a los jardineros a crear espacios pr\u00f3speros y respetuosos con el medio ambiente.<\/p>\n\t\t\t<a href=\"https:\/\/www.andermatt.com\/wp-content\/uploads\/2025\/11\/andermatt-home-and-garden-portfolio-2026.pdf\" target=\"_self\">\n\t\t\t\t\t\t\tDescargar\n\t\t\t\t\t<\/a>","protected":false},"excerpt":{"rendered":"<p>Cartera de productos para el hogar y el jard\u00edn A medida que los consumidores buscan abrazar la naturaleza en sus hogares y jardines, la demanda de soluciones seguras y sostenibles sigue creciendo. Durante m\u00e1s de 30 a\u00f1os, Andermatt ha liderado con orgullo el camino, ofreciendo alternativas naturales a los productos qu\u00edmicos. Con una experiencia de vanguardia y un compromiso con la calidad, ayudamos a los jardineros a cultivar [...]<\/p>","protected":false},"author":15,"featured_media":0,"parent":0,"menu_order":0,"comment_status":"closed","ping_status":"closed","template":"","meta":{"_acf_changed":false,"_seopress_robots_primary_cat":"","_seopress_titles_title":"","_seopress_titles_desc":"","_seopress_robots_index":"","_searchwp_excluded":"","_uag_custom_page_level_css":"","site-sidebar-layout":"default","site-content-layout":"default","ast-site-content-layout":"default","site-content-style":"default","site-sidebar-style":"default","ast-global-header-display":"","ast-banner-title-visibility":"","ast-main-header-display":"","ast-hfb-above-header-display":"","ast-hfb-below-header-display":"","ast-hfb-mobile-header-display":"","site-post-title":"disabled","ast-breadcrumbs-content":"","ast-featured-img":"","footer-sml-layout":"","ast-disable-related-posts":"","theme-transparent-header-meta":"default","adv-header-id-meta":"","stick-header-meta":"default","header-above-stick-meta":"","header-main-stick-meta":"","header-below-stick-meta":"","astra-migrate-meta-layouts":"set","ast-page-background-enabled":"default","ast-page-background-meta":{"desktop":{"background-color":"","background-image":"","background-repeat":"repeat","background-position":"center center","background-size":"auto","background-attachment":"scroll","background-type":"","background-media":"","overlay-type":"","overlay-color":"","overlay-opacity":"","overlay-gradient":""},"tablet":{"background-color":"","background-image":"","background-repeat":"repeat","background-position":"center center","background-size":"auto","background-attachment":"scroll","background-type":"","background-media":"","overlay-type":"","overlay-color":"","overlay-opacity":"","overlay-gradient":""},"mobile":{"background-color":"","background-image":"","background-repeat":"repeat","background-position":"center center","background-size":"auto","background-attachment":"scroll","background-type":"","background-media":"","overlay-type":"","overlay-color":"","overlay-opacity":"","overlay-gradient":""}},"ast-content-background-meta":{"desktop":{"background-color":"var(--ast-global-color-5)","background-image":"","background-repeat":"repeat","background-position":"center center","background-size":"auto","background-attachment":"scroll","background-type":"","background-media":"","overlay-type":"","overlay-color":"","overlay-opacity":"","overlay-gradient":""},"tablet":{"background-color":"var(--ast-global-color-5)","background-image":"","background-repeat":"repeat","background-position":"center center","background-size":"auto","background-attachment":"scroll","background-type":"","background-media":"","overlay-type":"","overlay-color":"","overlay-opacity":"","overlay-gradient":""},"mobile":{"background-color":"var(--ast-global-color-5)","background-image":"","background-repeat":"repeat","background-position":"center center","background-size":"auto","background-attachment":"scroll","background-type":"","background-media":"","overlay-type":"","overlay-color":"","overlay-opacity":"","overlay-gradient":""}},"footnotes":""},"class_list":["post-7408","page","type-page","status-publish","hentry"],"acf":[],"uagb_featured_image_src":{"full":false,"thumbnail":false,"medium":false,"medium_large":false,"large":false,"1536x1536":false,"2048x2048":false,"trp-custom-language-flag":false,"feature-size":false,"feature-size-gross":false,"header-size-small":false,"header-size":false,"mailpoet_newsletter_max":false},"uagb_author_info":{"display_name":"Donvae Hooker","author_link":"https:\/\/www.andermatt.com\/es\/author\/donvae\/"},"uagb_comment_info":0,"uagb_excerpt":"Home and Garden Portfolio As consumers seek to embrace nature in their homes and gardens, the demand for safe, sustainable solutions continues to grow. For over 30 years, Andermatt has proudly led the way, offering natural alternatives to chemical products. With cutting-edge expertise and a commitment to quality, we empower gardeners to nurture thriving, eco-friendly&hellip;","_links":{"self":[{"href":"https:\/\/www.andermatt.com\/es\/wp-json\/wp\/v2\/pages\/7408","targetHints":{"allow":["GET"]}}],"collection":[{"href":"https:\/\/www.andermatt.com\/es\/wp-json\/wp\/v2\/pages"}],"about":[{"href":"https:\/\/www.andermatt.com\/es\/wp-json\/wp\/v2\/types\/page"}],"author":[{"embeddable":true,"href":"https:\/\/www.andermatt.com\/es\/wp-json\/wp\/v2\/users\/15"}],"replies":[{"embeddable":true,"href":"https:\/\/www.andermatt.com\/es\/wp-json\/wp\/v2\/comments?post=7408"}],"version-history":[{"count":5,"href":"https:\/\/www.andermatt.com\/es\/wp-json\/wp\/v2\/pages\/7408\/revisions"}],"predecessor-version":[{"id":8828,"href":"https:\/\/www.andermatt.com\/es\/wp-json\/wp\/v2\/pages\/7408\/revisions\/8828"}],"wp:attachment":[{"href":"https:\/\/www.andermatt.com\/es\/wp-json\/wp\/v2\/media?parent=7408"}],"curies":[{"name":"wp","href":"https:\/\/api.w.org\/{rel}","templated":true}]}}