{"id":7399,"date":"2024-12-06T08:14:08","date_gmt":"2024-12-06T07:14:08","guid":{"rendered":"https:\/\/www.andermatt.com\/?page_id=7399"},"modified":"2025-11-03T15:04:07","modified_gmt":"2025-11-03T14:04:07","slug":"cartera-de-empresas-del-grupo-andermatt","status":"publish","type":"page","link":"https:\/\/www.andermatt.com\/es\/cartera-de-empresas-del-grupo-andermatt\/","title":{"rendered":"Cartera de empresas del Grupo Andermatt"},"content":{"rendered":"<h1>Cartera de la empresa<\/h1>\t\t\t\n\t<p>Andermatt, con sede en Suiza, es un grupo mundial de empresas especializadas en soluciones biol\u00f3gicas para la producci\u00f3n de cultivos, el hogar y el jard\u00edn y la salud de las abejas.<\/p>\n<p>Andermatt fue fundada en Suiza en 1988 por la Dra. Isabel y el Dr. Martin Andermatt, pioneros del primer producto biol\u00f3gico registrado a base de granulovirus, que inaugur\u00f3 una nueva era en la agricultura.<\/p>\n\t\t\t<a href=\"https:\/\/www.andermatt.com\/wp-content\/uploads\/2025\/11\/andermatt-product-portfolio-all-2026.pdf\" target=\"_blank\" rel=\"noopener\">\n\t\t\t\t\t\t\tDescargar\n\t\t\t\t\t<\/a>","protected":false},"excerpt":{"rendered":"<p>Cartera de la empresa El Grupo Andermatt, con sede en Suiza, es un grupo mundial de empresas especializadas en soluciones biol\u00f3gicas para la producci\u00f3n de cultivos, el hogar y el jard\u00edn y la salud de las abejas. Andermatt fue fundada en Suiza en 1988 por la Dra. Isabel y el Dr. Martin Andermatt, pioneros del primer producto biol\u00f3gico registrado de granulovirus,...<\/p>","protected":false},"author":15,"featured_media":0,"parent":0,"menu_order":0,"comment_status":"closed","ping_status":"closed","template":"","meta":{"_acf_changed":false,"_seopress_robots_primary_cat":"","_seopress_titles_title":"","_seopress_titles_desc":"","_seopress_robots_index":"","_searchwp_excluded":"","_uag_custom_page_level_css":"","site-sidebar-layout":"default","site-content-layout":"default","ast-site-content-layout":"default","site-content-style":"default","site-sidebar-style":"default","ast-global-header-display":"","ast-banner-title-visibility":"","ast-main-header-display":"","ast-hfb-above-header-display":"","ast-hfb-below-header-display":"","ast-hfb-mobile-header-display":"","site-post-title":"disabled","ast-breadcrumbs-content":"","ast-featured-img":"","footer-sml-layout":"","ast-disable-related-posts":"","theme-transparent-header-meta":"default","adv-header-id-meta":"","stick-header-meta":"default","header-above-stick-meta":"","header-main-stick-meta":"","header-below-stick-meta":"","astra-migrate-meta-layouts":"set","ast-page-background-enabled":"default","ast-page-background-meta":{"desktop":{"background-color":"","background-image":"","background-repeat":"repeat","background-position":"center center","background-size":"auto","background-attachment":"scroll","background-type":"","background-media":"","overlay-type":"","overlay-color":"","overlay-opacity":"","overlay-gradient":""},"tablet":{"background-color":"","background-image":"","background-repeat":"repeat","background-position":"center center","background-size":"auto","background-attachment":"scroll","background-type":"","background-media":"","overlay-type":"","overlay-color":"","overlay-opacity":"","overlay-gradient":""},"mobile":{"background-color":"","background-image":"","background-repeat":"repeat","background-position":"center center","background-size":"auto","background-attachment":"scroll","background-type":"","background-media":"","overlay-type":"","overlay-color":"","overlay-opacity":"","overlay-gradient":""}},"ast-content-background-meta":{"desktop":{"background-color":"var(--ast-global-color-5)","background-image":"","background-repeat":"repeat","background-position":"center center","background-size":"auto","background-attachment":"scroll","background-type":"","background-media":"","overlay-type":"","overlay-color":"","overlay-opacity":"","overlay-gradient":""},"tablet":{"background-color":"var(--ast-global-color-5)","background-image":"","background-repeat":"repeat","background-position":"center center","background-size":"auto","background-attachment":"scroll","background-type":"","background-media":"","overlay-type":"","overlay-color":"","overlay-opacity":"","overlay-gradient":""},"mobile":{"background-color":"var(--ast-global-color-5)","background-image":"","background-repeat":"repeat","background-position":"center center","background-size":"auto","background-attachment":"scroll","background-type":"","background-media":"","overlay-type":"","overlay-color":"","overlay-opacity":"","overlay-gradient":""}},"footnotes":""},"class_list":["post-7399","page","type-page","status-publish","hentry"],"acf":[],"uagb_featured_image_src":{"full":false,"thumbnail":false,"medium":false,"medium_large":false,"large":false,"1536x1536":false,"2048x2048":false,"trp-custom-language-flag":false,"feature-size":false,"feature-size-gross":false,"header-size-small":false,"header-size":false,"mailpoet_newsletter_max":false},"uagb_author_info":{"display_name":"Donvae Hooker","author_link":"https:\/\/www.andermatt.com\/es\/author\/donvae\/"},"uagb_comment_info":0,"uagb_excerpt":"Company Portfolio Swiss-based Andermatt is a global group of companies, specializing in biological solutions for crop production, home and garden and bee health. Andermatt was founded in Switzerland in 1988 by Dr. Isabel and Dr. Martin Andermatt, who pioneered the first registered biological granulovirus product, ushering in a new era in agriculture. Download","_links":{"self":[{"href":"https:\/\/www.andermatt.com\/es\/wp-json\/wp\/v2\/pages\/7399","targetHints":{"allow":["GET"]}}],"collection":[{"href":"https:\/\/www.andermatt.com\/es\/wp-json\/wp\/v2\/pages"}],"about":[{"href":"https:\/\/www.andermatt.com\/es\/wp-json\/wp\/v2\/types\/page"}],"author":[{"embeddable":true,"href":"https:\/\/www.andermatt.com\/es\/wp-json\/wp\/v2\/users\/15"}],"replies":[{"embeddable":true,"href":"https:\/\/www.andermatt.com\/es\/wp-json\/wp\/v2\/comments?post=7399"}],"version-history":[{"count":8,"href":"https:\/\/www.andermatt.com\/es\/wp-json\/wp\/v2\/pages\/7399\/revisions"}],"predecessor-version":[{"id":8817,"href":"https:\/\/www.andermatt.com\/es\/wp-json\/wp\/v2\/pages\/7399\/revisions\/8817"}],"wp:attachment":[{"href":"https:\/\/www.andermatt.com\/es\/wp-json\/wp\/v2\/media?parent=7399"}],"curies":[{"name":"wp","href":"https:\/\/api.w.org\/{rel}","templated":true}]}}