{"id":7372,"date":"2024-12-05T09:09:10","date_gmt":"2024-12-05T08:09:10","guid":{"rendered":"https:\/\/www.andermatt.com\/?page_id=7372"},"modified":"2025-11-27T10:58:18","modified_gmt":"2025-11-27T09:58:18","slug":"recursos-del-grupo-andermatt","status":"publish","type":"page","link":"https:\/\/www.andermatt.com\/es\/recursos-del-grupo-andermatt\/","title":{"rendered":"Recursos del Grupo Andermatt"},"content":{"rendered":"<h1>Recursos de Andermatt<\/h1>\t\t\t\n\t\t\t\t<a href=\"https:\/\/www.andermatt.com\/es\/cartera-de-empresas-del-grupo-andermatt\/\"  target=\"_self\" itemprop=\"url\">\n\t\t\t\t<img decoding=\"async\" src=\"https:\/\/www.andermatt.com\/wp-content\/uploads\/2025\/11\/andermatt-full-product-range.jpg\" alt=\"Gama completa de productos Andermatt\" itemprop=\"image\" height=\"300\" width=\"800\" title=\"andermatt-gama-completa-de-productos\" onerror=\"this.style.display='none'\" loading=\"lazy\" \/>\n\t\t\t\t<\/a>\n\t<h4>Cartera global de productos 2026<\/h4>\nEn Andermatt creemos en una alimentaci\u00f3n sana y un medio ambiente sano para todos. Desde 1988, somos pioneros en soluciones naturales para la protecci\u00f3n de cultivos, el hogar y el jard\u00edn, y la salud de las abejas en m\u00e1s de 60 pa\u00edses.\nNuestros productos, respaldados por la ciencia y combinados con la experiencia local, ayudan a reducir la dependencia de productos qu\u00edmicos agresivos, al tiempo que apoyan sistemas agr\u00edcolas resistentes. Cada d\u00eda, nos esforzamos por llevar el conocimiento global a soluciones locales que beneficien tanto a los agricultores como al planeta.\n\t\t\t<a href=\"https:\/\/www.andermatt.com\/wp-content\/uploads\/2025\/11\/andermatt-product-portfolio-all-2026.pdf\" target=\"_blank\" rel=\"noopener\">\n\t\t\t\t\t\t\tM\u00e1s informaci\u00f3n\n\t\t\t\t\t<\/a>\n\t\t\t\t<a href=\"https:\/\/www.andermatt.com\/es\/cartera-de-empresas-del-grupo-andermatt\/\"  target=\"_self\" itemprop=\"url\">\n\t\t\t\t<img decoding=\"async\" src=\"https:\/\/www.andermatt.com\/wp-content\/uploads\/2024\/12\/andermatt-company-overview-2.png\" alt=\"andermatt visi\u00f3n general de la empresa 2\" itemprop=\"image\" height=\"300\" width=\"800\" title=\"Visi\u00f3n general de la empresa Andermatt 2\" onerror=\"this.style.display='none'\" loading=\"lazy\" \/>\n\t\t\t\t<\/a>\n\t<h4>Folleto de la empresa 2026<\/h4>\nNuestra andadura comenz\u00f3 en Suiza en 1988, cuando, siendo estudiantes, la Dra. Isabel y el Dr. Martin Andermatt registraron el primer granulovirus del mundo, marcando el comienzo de una nueva era para la agricultura.\nEn las d\u00e9cadas siguientes, expertos en biolog\u00eda y pioneros de la agricultura de todo el mundo han unido sus fuerzas para formar el Grupo Andermatt.  En la actualidad, contamos con m\u00faltiples empresas en todo el mundo, con productos disponibles en m\u00e1s de 60 pa\u00edses.\n\t\t\t<a href=\"https:\/\/www.andermatt.com\/es\/folleto-de-andermatt-2026\/\" target=\"_blank\" rel=\"noopener\">\n\t\t\t\t\t\t\tM\u00e1s informaci\u00f3n\n\t\t\t\t\t<\/a>\n\t\t\t\t<a href=\"https:\/\/www.andermatt.com\/es\/cartera-de-cultivos-del-grupo-andermatt\/\"  target=\"_self\" itemprop=\"url\">\n\t\t\t\t<img decoding=\"async\" src=\"https:\/\/www.andermatt.com\/wp-content\/uploads\/2024\/12\/crop-production-2.png\" alt=\"producci\u00f3n vegetal 2\" itemprop=\"image\" height=\"300\" width=\"800\" title=\"Producci\u00f3n vegetal 2\" onerror=\"this.style.display='none'\" loading=\"lazy\" \/>\n\t\t\t\t<\/a>\n\t<h4>Cartera de producci\u00f3n vegetal<\/h4>\n<p>La amplia gama de soluciones biol\u00f3gicas de Andermatt abarca bioinsecticidas, bionematicidas, biofungicidas, bioestimulantes, productos de control biol\u00f3gico de plagas, soluciones de seguimiento y trampeo, soluciones macrobianas y mucho m\u00e1s.<\/p>\n\t\t\t<a href=\"https:\/\/www.andermatt.com\/es\/cartera-de-cultivos-del-grupo-andermatt\/\" target=\"_self\">\n\t\t\t\t\t\t\tM\u00e1s informaci\u00f3n\n\t\t\t\t\t<\/a>\n\t\t\t\t<a href=\"https:\/\/www.andermatt.com\/es\/cartera-de-viviendas-y-jardines-del-grupo-andermatt\/\"  target=\"_self\" itemprop=\"url\">\n\t\t\t\t<img decoding=\"async\" src=\"https:\/\/www.andermatt.com\/wp-content\/uploads\/2024\/12\/home-and-garden-1.png\" alt=\"hogar y jard\u00edn\" itemprop=\"image\" height=\"300\" width=\"800\" title=\"Casa y jard\u00edn\" onerror=\"this.style.display='none'\" loading=\"lazy\" \/>\n\t\t\t\t<\/a>\n\t<h4>Cartera de Casa y Jard\u00edn<\/h4>\n<p>A medida que los consumidores buscan la naturaleza en sus hogares y jardines, la demanda de soluciones seguras y sostenibles sigue creciendo. Durante m\u00e1s de 30 a\u00f1os, Andermatt ha liderado con orgullo el camino, ofreciendo alternativas naturales a los productos qu\u00edmicos. Con una experiencia de vanguardia y un compromiso con la calidad, ayudamos a los jardineros a crear espacios pr\u00f3speros y respetuosos con el medio ambiente.<\/p>\n\t\t\t<a href=\"https:\/\/www.andermatt.com\/es\/cartera-de-viviendas-y-jardines-del-grupo-andermatt\/\" target=\"_self\">\n\t\t\t\t\t\t\tM\u00e1s informaci\u00f3n\n\t\t\t\t\t<\/a>\n\t\t\t\t<a href=\"https:\/\/www.andermatt.com\/es\/cartera-de-salud-de-las-abejas-del-grupo-andermatt\/\"  target=\"_self\" itemprop=\"url\">\n\t\t\t\t<img decoding=\"async\" src=\"https:\/\/www.andermatt.com\/wp-content\/uploads\/2024\/12\/bee-health-2.png\" alt=\"salud de las abejas 2\" itemprop=\"image\" height=\"300\" width=\"800\" title=\"Salud de las abejas 2\" onerror=\"this.style.display='none'\" loading=\"lazy\" \/>\n\t\t\t\t<\/a>\n\t<h4>Cartera de salud de las abejas<\/h4>\nL\u00edder en soluciones naturales para la salud de las abejas mel\u00edferas.<br \/>\nLos apicultores pueden confiar en Andermatt para obtener una gama completa de soluciones naturales que contribuyan a la salud general de las abejas de la miel. Como \u00fanico proveedor que ofrece una soluci\u00f3n completa para el control de Varroa, Andermatt proporciona un cuidado eficaz, sostenible y seguro para sus colonias.<br \/>\n\n\t\t\t<a href=\"https:\/\/www.andermatt.com\/es\/cartera-de-salud-de-las-abejas-del-grupo-andermatt\/\" target=\"_self\">\n\t\t\t\t\t\t\tM\u00e1s informaci\u00f3n\n\t\t\t\t\t<\/a>\n\t\t\t\t<a href=\"https:\/\/www.andermatt.com\/es\/cartera-de-soluciones-especializadas-del-grupo-andermatt\/\"  target=\"_self\" itemprop=\"url\">\n\t\t\t\t<img decoding=\"async\" src=\"https:\/\/www.andermatt.com\/wp-content\/uploads\/2024\/12\/specialized-solutions-2.png\" alt=\"soluciones especializadas 2\" itemprop=\"image\" height=\"300\" width=\"800\" title=\"Soluciones especializadas 2\" onerror=\"this.style.display='none'\" loading=\"lazy\" \/>\n\t\t\t\t<\/a>\n\t<h4>Cartera de soluciones especializadas<\/h4>\n<p>Adem\u00e1s de los completos productos de Andermatt para la producci\u00f3n de cultivos, as\u00ed como soluciones para el jard\u00edn, el hogar y la salud de las abejas, estamos orgullosos de ofrecer soluciones para el control de plagas y la salud de los animales de granja.<\/p>\n\t\t\t<a href=\"https:\/\/www.andermatt.com\/es\/cartera-de-soluciones-especializadas-del-grupo-andermatt\/\" target=\"_self\">\n\t\t\t\t\t\t\tM\u00e1s informaci\u00f3n\n\t\t\t\t\t<\/a>\n\t\t\t\t<a href=\"https:\/\/www.andermatt.com\/es\/andermatt-group-company-latam-portfolio\/\"  target=\"_self\" itemprop=\"url\">\n\t\t\t\t<img decoding=\"async\" src=\"https:\/\/www.andermatt.com\/wp-content\/uploads\/2025\/11\/agag-article-banners.png\" alt=\"Banners de art\u00edculos de Agag\" itemprop=\"image\" height=\"300\" width=\"800\" title=\"Banners de art\u00edculos de AGAG\" onerror=\"this.style.display='none'\" loading=\"lazy\" \/>\n\t\t\t\t<\/a>\n\t<h4>Andermatt Biocontrol Suisse Informaci\u00f3n sobre baculovirus 2025<\/h4>\n<p>Baculovirus: un aliado probado en la gesti\u00f3n integrada de plagas (GIP)<\/p>\n<p>Con su exclusivo modo de acci\u00f3n (IRAC 31), los baculovirus ofrecen una excelente gesti\u00f3n de la resistencia, compatibilidad con insectos beneficiosos y mezclas de tanque, y ninguna preocupaci\u00f3n por los LMR, lo que permite a los agricultores proteger los cultivos hasta la cosecha.<\/p>\n\t\t\t<a href=\"https:\/\/www.andermatt.com\/es\/los-baculovirus-un-aliado-probado-en-la-gestion-integrada-de-plagas-gip\/\" target=\"_blank\" rel=\"noopener\">\n\t\t\t\t\t\t\tM\u00e1s informaci\u00f3n\n\t\t\t\t\t<\/a>\n\t\t\t\t<a href=\"https:\/\/www.andermatt.com\/es\/andermatt-group-company-latam-portfolio\/\"  target=\"_self\" itemprop=\"url\">\n\t\t\t\t<img decoding=\"async\" src=\"https:\/\/www.andermatt.com\/wp-content\/uploads\/2024\/12\/andermatt-company-overview-2.png\" alt=\"andermatt visi\u00f3n general de la empresa 2\" itemprop=\"image\" height=\"300\" width=\"800\" title=\"Visi\u00f3n general de la empresa Andermatt 2\" onerror=\"this.style.display='none'\" loading=\"lazy\" \/>\n\t\t\t\t<\/a>\n\t<h4>Cartera LATAM 2025 (espa\u00f1ol)<\/h4>\n<p>Andermatt, con sede en Suiza, es un grupo mundial de empresas especializadas en soluciones biol\u00f3gicas para la producci\u00f3n de cultivos, el hogar y el jard\u00edn, y la salud de las abejas.<\/p>\n<p>Fundada en 1988 en Suiza por los doctores Isabel y Martin Andermatt, la empresa fue pionera en el primer producto biol\u00f3gico registrado a base de granulovirus, lo que marc\u00f3 el inicio de una nueva era en la agricultura.<\/p>\n\t\t\t<a href=\"https:\/\/www.andermatt.com\/es\/andermatt-group-company-latam-portfolio\/\" target=\"_self\">\n\t\t\t\t\t\t\tM\u00e1s informaci\u00f3n\n\t\t\t\t\t<\/a>\n\t\t\t\t<a href=\"https:\/\/www.andermatt.com\/es\/baculovirus-faqs\/\"  target=\"_self\" itemprop=\"url\">\n\t\t\t\t<img decoding=\"async\" src=\"https:\/\/www.andermatt.com\/wp-content\/uploads\/2024\/12\/product-banner-2.png\" alt=\"banner de producto 2\" itemprop=\"image\" height=\"300\" width=\"800\" title=\"banner de producto 2\" onerror=\"this.style.display='none'\" loading=\"lazy\" \/>\n\t\t\t\t<\/a>\n\t<h4>Preguntas frecuentes sobre el baculovirus<\/h4>\n<p>El Grupo Andermatt es l\u00edder mundial en la producci\u00f3n de baculovirus, con m\u00e1s de 35 a\u00f1os de experiencia en su desarrollo, formulaci\u00f3n y producci\u00f3n. <\/p>\n<p>El Grupo Andermatt cuenta con dos empresas l\u00edderes en la fabricaci\u00f3n de baculovirus. Andermatt Biocontrol Suisse y Andermatt Canada. Juntas, ofrecen la gama m\u00e1s amplia de productos de baculovirus disponibles comercialmente para uso agr\u00edcola y forestal.<\/p>\n\t\t\t<a href=\"https:\/\/www.andermatt.com\/es\/baculovirus-faqs\/\" target=\"_self\">\n\t\t\t\t\t\t\tM\u00e1s informaci\u00f3n\n\t\t\t\t\t<\/a>\n\t\t\t\t<a href=\"https:\/\/www.andermatt.com\/es\/consejos_de_nuestros_expertos_preguntas_esenciales_para_proveedores_biologicos\/\"  target=\"_self\" itemprop=\"url\">\n\t\t\t\t<img decoding=\"async\" src=\"https:\/\/www.andermatt.com\/wp-content\/uploads\/2025\/08\/banner-group-3.png\" alt=\"banner grupo 3\" itemprop=\"image\" height=\"300\" width=\"800\" title=\"banner grupo 3\" onerror=\"this.style.display='none'\" loading=\"lazy\" \/>\n\t\t\t\t<\/a>\n\t<h4>Consejos de nuestros expertos: Preguntas esenciales para los proveedores de productos biol\u00f3gicos<\/h4>\n<p>Soluciones biol\u00f3gicas: \u00a1haga las preguntas adecuadas!<\/p>\n<p>Los productos fitosanitarios biol\u00f3gicos est\u00e1n ganando popularidad como alternativas sostenibles en la agricultura. Sin embargo, el aumento de la demanda ha dado lugar a la aparici\u00f3n de nuevos proveedores con diversos reclamos, por lo que es crucial que los agricultores eval\u00faen cuidadosamente los productos y examinen a los proveedores. Los productos de calidad inferior minan la confianza de los agricultores y obstaculizan el crecimiento de la industria biol\u00f3gica. Formular preguntas clave y comprender el mercado ayudan a identificar a los proveedores \u00e9ticos, garantizando una gesti\u00f3n de plagas sostenible y fiable.<\/p>\n<p>&nbsp;<\/p>\n\t\t\t<a href=\"https:\/\/www.andermatt.com\/es\/consejos_de_nuestros_expertos_preguntas_esenciales_para_proveedores_biologicos\/\" target=\"_self\">\n\t\t\t\t\t\t\tM\u00e1s informaci\u00f3n\n\t\t\t\t\t<\/a>\n\t\t\t\t<a href=\"https:\/\/www.andermatt.com\/es\/consejos_de_nuestros_expertos_para_elegir_una_tricoderma\/\"  target=\"_self\" itemprop=\"url\">\n\t\t\t\t<img decoding=\"async\" src=\"https:\/\/www.andermatt.com\/wp-content\/uploads\/2025\/08\/banner-group-2-1.png\" alt=\"banner grupo 2\" itemprop=\"image\" height=\"300\" width=\"800\" title=\"banner grupo 2\" onerror=\"this.style.display='none'\" loading=\"lazy\" \/>\n\t\t\t\t<\/a>\n\t<h4>Consejos de nuestros expertos: Elegir un trichoderma<\/h4>\n<p>Trichoderma es un tipo de hongo beneficioso que se encuentra en el suelo y forma asociaciones con las ra\u00edces de las plantas. Conocido por su papel en la protecci\u00f3n biol\u00f3gica de los cultivos, Trichoderma ayuda a controlar las enfermedades de las plantas, mejora el crecimiento de las ra\u00edces y los brotes, aumenta el rendimiento de los cultivos, mejora la absorci\u00f3n de nutrientes y aumenta la resistencia al estr\u00e9s clim\u00e1tico.<\/p>\n\t\t\t<a href=\"https:\/\/www.andermatt.com\/es\/consejos_de_nuestros_expertos_para_elegir_una_tricoderma\/\" target=\"_self\">\n\t\t\t\t\t\t\tM\u00e1s informaci\u00f3n\n\t\t\t\t\t<\/a>","protected":false},"excerpt":{"rendered":"<p>Andermatt Resources Cartera global de productos 2026 En Andermatt creemos en una alimentaci\u00f3n sana y un medio ambiente sano para todos. Desde 1988, somos pioneros en soluciones naturales para la protecci\u00f3n de cultivos, el hogar y el jard\u00edn, y la salud de las abejas en m\u00e1s de 60 pa\u00edses. Nuestros productos respaldados por la ciencia, combinados con la experiencia local, ayudan a reducir la dependencia de productos qu\u00edmicos [...]<\/p>","protected":false},"author":15,"featured_media":0,"parent":0,"menu_order":0,"comment_status":"closed","ping_status":"closed","template":"","meta":{"_acf_changed":false,"_seopress_robots_primary_cat":"","_seopress_titles_title":"","_seopress_titles_desc":"","_seopress_robots_index":"","_searchwp_excluded":"","_uag_custom_page_level_css":"","site-sidebar-layout":"default","site-content-layout":"default","ast-site-content-layout":"default","site-content-style":"default","site-sidebar-style":"default","ast-global-header-display":"","ast-banner-title-visibility":"","ast-main-header-display":"","ast-hfb-above-header-display":"","ast-hfb-below-header-display":"","ast-hfb-mobile-header-display":"","site-post-title":"disabled","ast-breadcrumbs-content":"","ast-featured-img":"","footer-sml-layout":"","ast-disable-related-posts":"","theme-transparent-header-meta":"default","adv-header-id-meta":"","stick-header-meta":"default","header-above-stick-meta":"","header-main-stick-meta":"","header-below-stick-meta":"","astra-migrate-meta-layouts":"set","ast-page-background-enabled":"default","ast-page-background-meta":{"desktop":{"background-color":"","background-image":"","background-repeat":"repeat","background-position":"center center","background-size":"auto","background-attachment":"scroll","background-type":"","background-media":"","overlay-type":"","overlay-color":"","overlay-opacity":"","overlay-gradient":""},"tablet":{"background-color":"","background-image":"","background-repeat":"repeat","background-position":"center center","background-size":"auto","background-attachment":"scroll","background-type":"","background-media":"","overlay-type":"","overlay-color":"","overlay-opacity":"","overlay-gradient":""},"mobile":{"background-color":"","background-image":"","background-repeat":"repeat","background-position":"center center","background-size":"auto","background-attachment":"scroll","background-type":"","background-media":"","overlay-type":"","overlay-color":"","overlay-opacity":"","overlay-gradient":""}},"ast-content-background-meta":{"desktop":{"background-color":"var(--ast-global-color-5)","background-image":"","background-repeat":"repeat","background-position":"center center","background-size":"auto","background-attachment":"scroll","background-type":"","background-media":"","overlay-type":"","overlay-color":"","overlay-opacity":"","overlay-gradient":""},"tablet":{"background-color":"var(--ast-global-color-5)","background-image":"","background-repeat":"repeat","background-position":"center center","background-size":"auto","background-attachment":"scroll","background-type":"","background-media":"","overlay-type":"","overlay-color":"","overlay-opacity":"","overlay-gradient":""},"mobile":{"background-color":"var(--ast-global-color-5)","background-image":"","background-repeat":"repeat","background-position":"center center","background-size":"auto","background-attachment":"scroll","background-type":"","background-media":"","overlay-type":"","overlay-color":"","overlay-opacity":"","overlay-gradient":""}},"footnotes":""},"class_list":["post-7372","page","type-page","status-publish","hentry"],"acf":[],"uagb_featured_image_src":{"full":false,"thumbnail":false,"medium":false,"medium_large":false,"large":false,"1536x1536":false,"2048x2048":false,"trp-custom-language-flag":false,"feature-size":false,"feature-size-gross":false,"header-size-small":false,"header-size":false,"mailpoet_newsletter_max":false},"uagb_author_info":{"display_name":"Donvae Hooker","author_link":"https:\/\/www.andermatt.com\/es\/author\/donvae\/"},"uagb_comment_info":0,"uagb_excerpt":"Andermatt Resources Global Product Portfolio 2026 At Andermatt, we believe in healthy food and a healthy environment for all. Since 1988, we&#8217;ve been pioneering nature\u2011led crop protection, home and garden, and bee health solutions across more than 60 countries. Our science\u2011backed products, combined with local expertise, help reduce reliance on harsh chemicals while supporting resilient&hellip;","_links":{"self":[{"href":"https:\/\/www.andermatt.com\/es\/wp-json\/wp\/v2\/pages\/7372","targetHints":{"allow":["GET"]}}],"collection":[{"href":"https:\/\/www.andermatt.com\/es\/wp-json\/wp\/v2\/pages"}],"about":[{"href":"https:\/\/www.andermatt.com\/es\/wp-json\/wp\/v2\/types\/page"}],"author":[{"embeddable":true,"href":"https:\/\/www.andermatt.com\/es\/wp-json\/wp\/v2\/users\/15"}],"replies":[{"embeddable":true,"href":"https:\/\/www.andermatt.com\/es\/wp-json\/wp\/v2\/comments?post=7372"}],"version-history":[{"count":22,"href":"https:\/\/www.andermatt.com\/es\/wp-json\/wp\/v2\/pages\/7372\/revisions"}],"predecessor-version":[{"id":9004,"href":"https:\/\/www.andermatt.com\/es\/wp-json\/wp\/v2\/pages\/7372\/revisions\/9004"}],"wp:attachment":[{"href":"https:\/\/www.andermatt.com\/es\/wp-json\/wp\/v2\/media?parent=7372"}],"curies":[{"name":"wp","href":"https:\/\/api.w.org\/{rel}","templated":true}]}}