{"id":4796,"date":"2022-10-21T15:56:35","date_gmt":"2022-10-21T13:56:35","guid":{"rendered":"https:\/\/www.andermatt.com\/?page_id=4796"},"modified":"2025-12-02T13:19:28","modified_gmt":"2025-12-02T12:19:28","slug":"salud-de-las-abejas-2","status":"publish","type":"page","link":"https:\/\/www.andermatt.com\/es\/salud-de-las-abejas-2\/","title":{"rendered":"Salud de abejas"},"content":{"rendered":"<h1>Soluciones<\/h1>\t\t\t\n\t\t\t\t<h2>Salud de abejas<\/h2>\n\u00a0\n\t\t\t<h3>Juntos por unas abejas sanas<\/h3>\t\t\t\n\t\t\t\t<p>Andermatt BioVet AG, empresa suiza de medicamentos veterinarios, se dedica a la salud de las abejas desde 2003. Nuestra misi\u00f3n es desarrollar soluciones innovadoras para los retos de la apicultura moderna y apoyar a los apicultores convencionales y ecol\u00f3gicos de todo el mundo. En particular, proporcionamos productos sostenibles y eficaces para el control de Varroa, garantizando la salud de las colonias de abejas.<\/p>\n<p>P\u00f3ngase en contacto con nosotros para m\u00e1s informaci\u00f3n <a href=\"mailto:info@biovet.ch?subject=Bee%20Health%20More%20Information\" target=\"_blank\">m\u00e1s informaci\u00f3n.<\/a><\/p>\n\t\t\t<a href=\"https:\/\/www.andermatt.com\/wp-content\/uploads\/2025\/12\/andermatt-bee-health-portfolio-2026.pdf\" target=\"_blank\" rel=\"noopener\">\n\t\t\t\t\t\tCartera de salud de las abejas\n\t\t\t\t\t<\/a>","protected":false},"excerpt":{"rendered":"<p>Soluciones Bee Health Juntos por unas abejas sanas Andermatt BioVet AG, una empresa suiza de medicamentos veterinarios, se dedica a la salud de las abejas desde 2003. Nuestra misi\u00f3n es desarrollar soluciones innovadoras para los retos de la apicultura moderna y apoyar a los apicultores convencionales y ecol\u00f3gicos de todo el mundo. En particular, proporcionamos productos sostenibles y eficaces para [...]<\/p>","protected":false},"author":1,"featured_media":0,"parent":0,"menu_order":0,"comment_status":"closed","ping_status":"closed","template":"","meta":{"_acf_changed":false,"_seopress_robots_primary_cat":"","_seopress_titles_title":"","_seopress_titles_desc":"In livestock breeding, integrated pest management concepts against ectoparasites play an increasingly important role. We offer solutions based on natural ingredients. Beneficial organisms, plant extracts and nature-identical active ingredients are optimally combined for professional use with livestock or bees.","_seopress_robots_index":"","_searchwp_excluded":"","_uag_custom_page_level_css":"","site-sidebar-layout":"default","site-content-layout":"page-builder","ast-site-content-layout":"full-width-container","site-content-style":"unboxed","site-sidebar-style":"unboxed","ast-global-header-display":"","ast-banner-title-visibility":"","ast-main-header-display":"","ast-hfb-above-header-display":"","ast-hfb-below-header-display":"","ast-hfb-mobile-header-display":"","site-post-title":"disabled","ast-breadcrumbs-content":"","ast-featured-img":"","footer-sml-layout":"","ast-disable-related-posts":"","theme-transparent-header-meta":"default","adv-header-id-meta":"","stick-header-meta":"default","header-above-stick-meta":"","header-main-stick-meta":"","header-below-stick-meta":"","astra-migrate-meta-layouts":"set","ast-page-background-enabled":"default","ast-page-background-meta":{"desktop":{"background-color":"","background-image":"","background-repeat":"repeat","background-position":"center center","background-size":"auto","background-attachment":"scroll","background-type":"","background-media":"","overlay-type":"","overlay-color":"","overlay-opacity":"","overlay-gradient":""},"tablet":{"background-color":"","background-image":"","background-repeat":"repeat","background-position":"center center","background-size":"auto","background-attachment":"scroll","background-type":"","background-media":"","overlay-type":"","overlay-color":"","overlay-opacity":"","overlay-gradient":""},"mobile":{"background-color":"","background-image":"","background-repeat":"repeat","background-position":"center center","background-size":"auto","background-attachment":"scroll","background-type":"","background-media":"","overlay-type":"","overlay-color":"","overlay-opacity":"","overlay-gradient":""}},"ast-content-background-meta":{"desktop":{"background-color":"var(--ast-global-color-5)","background-image":"","background-repeat":"repeat","background-position":"center center","background-size":"auto","background-attachment":"scroll","background-type":"","background-media":"","overlay-type":"","overlay-color":"","overlay-opacity":"","overlay-gradient":""},"tablet":{"background-color":"var(--ast-global-color-5)","background-image":"","background-repeat":"repeat","background-position":"center center","background-size":"auto","background-attachment":"scroll","background-type":"","background-media":"","overlay-type":"","overlay-color":"","overlay-opacity":"","overlay-gradient":""},"mobile":{"background-color":"var(--ast-global-color-5)","background-image":"","background-repeat":"repeat","background-position":"center center","background-size":"auto","background-attachment":"scroll","background-type":"","background-media":"","overlay-type":"","overlay-color":"","overlay-opacity":"","overlay-gradient":""}},"footnotes":""},"class_list":["post-4796","page","type-page","status-publish","hentry"],"acf":[],"uagb_featured_image_src":{"full":false,"thumbnail":false,"medium":false,"medium_large":false,"large":false,"1536x1536":false,"2048x2048":false,"trp-custom-language-flag":false,"feature-size":false,"feature-size-gross":false,"header-size-small":false,"header-size":false,"mailpoet_newsletter_max":false},"uagb_author_info":{"display_name":"Michael Salzer","author_link":"https:\/\/www.andermatt.com\/es\/author\/ms_9mip9dui\/"},"uagb_comment_info":0,"uagb_excerpt":"Solutions Bee Health \u00a0 Together for healthy bees Andermatt BioVet AG, a Swiss veterinary medicinal company, has been dedicated to bee health since 2003. Our mission is to develop innovative solutions for the challenges of modern beekeeping and to support both conventional and organic beekeepers worldwide. In particular, we provide sustainable and effective products for&hellip;","_links":{"self":[{"href":"https:\/\/www.andermatt.com\/es\/wp-json\/wp\/v2\/pages\/4796","targetHints":{"allow":["GET"]}}],"collection":[{"href":"https:\/\/www.andermatt.com\/es\/wp-json\/wp\/v2\/pages"}],"about":[{"href":"https:\/\/www.andermatt.com\/es\/wp-json\/wp\/v2\/types\/page"}],"author":[{"embeddable":true,"href":"https:\/\/www.andermatt.com\/es\/wp-json\/wp\/v2\/users\/1"}],"replies":[{"embeddable":true,"href":"https:\/\/www.andermatt.com\/es\/wp-json\/wp\/v2\/comments?post=4796"}],"version-history":[{"count":12,"href":"https:\/\/www.andermatt.com\/es\/wp-json\/wp\/v2\/pages\/4796\/revisions"}],"predecessor-version":[{"id":9015,"href":"https:\/\/www.andermatt.com\/es\/wp-json\/wp\/v2\/pages\/4796\/revisions\/9015"}],"wp:attachment":[{"href":"https:\/\/www.andermatt.com\/es\/wp-json\/wp\/v2\/media?parent=4796"}],"curies":[{"name":"wp","href":"https:\/\/api.w.org\/{rel}","templated":true}]}}