{"id":4772,"date":"2022-10-21T15:29:39","date_gmt":"2022-10-21T13:29:39","guid":{"rendered":"https:\/\/www.andermatt.com\/?page_id=4772"},"modified":"2025-12-11T09:23:09","modified_gmt":"2025-12-11T08:23:09","slug":"vision-general-del-control-de-plagas-en-la-produccion-de-cultivos-2","status":"publish","type":"page","link":"https:\/\/www.andermatt.com\/es\/vision-general-del-control-de-plagas-en-la-produccion-de-cultivos-2\/","title":{"rendered":"Hogar y jard\u00edn"},"content":{"rendered":"<h1>Soluciones<\/h1>\t\t\t\n\t\t\t\t<h2>Hogar y Jard\u00edn<\/h2>\n\u00a0\n\t\t\t<h3>Jardiner\u00eda ecol\u00f3gica para un medio ambiente sano.<\/h3>\t\t\t\n\t\t\t<a href=\"https:\/\/www.andermatt.com\/wp-content\/uploads\/2025\/12\/andermatt-home-and-garden-portfolio-2026.pdf\" target=\"_blank\" rel=\"noopener\">\n\t\t\t\t\t\tCartera de Casa y Jard\u00edn\n\t\t\t\t\t<\/a>\n\t\t\t\t<img decoding=\"async\" src=\"https:\/\/www.andermatt.com\/wp-content\/uploads\/2022\/10\/adalia-kit-660x315.png\" alt=\"kit adalia\"\/>\n\t\t\t<h3>Insectos Beneficiosos y fomento de insectos beneficiosos<\/h3>\n\t\t\t\t<p>Para tu jard\u00edn.<\/p>\n\t\t<a href=\"\/es\/jardin-de-casa\/?_category=beneficials-and-beneficial-attractants\" target=\"_self\"  aria-label=\"Ir a \/home-jardin\/?_category=beneficios-y-beneficios-atractivos\"><\/a>\n\t\t\t\t<img decoding=\"async\" src=\"https:\/\/www.andermatt.com\/wp-content\/uploads\/2022\/11\/s1_21_12-1116_slug-pincer.jpg\" alt=\"s1 21 12 1116 pinza para babosas\"\/>\n\t\t\t<h3>Material de jardiner\u00eda<\/h3>\n\t\t\t\t<p>Para tu jard\u00edn.<\/p>\n\t\t<a href=\"\/es\/jardin-de-casa\/?_category=garden-equipment\" target=\"_self\"  aria-label=\"Ir a \/home-jardin\/?_category=equipamiento-jardin\"><\/a>\n\t\t\t\t<img decoding=\"async\" src=\"https:\/\/www.andermatt.com\/wp-content\/uploads\/2022\/10\/insectosec-660x315.png\" alt=\"insectosec\"\/>\n\t\t\t<h3>Casa y jard\u00edn<\/h3>\n\t\t\t\t<p>Para tu jard\u00edn.<\/p>\n\t\t<a href=\"\/es\/jardin-de-casa\/?_category=home-and-garden\" target=\"_self\"  aria-label=\"Ir a \/home-jardin\/?_category=casa-y-jardin\"><\/a>\n\t\t\t\t<img decoding=\"async\" src=\"https:\/\/www.andermatt.com\/wp-content\/uploads\/2021\/12\/seed-treatment-2-660x315.jpg\" alt=\"tratamiento de semillas 2\"\/>\n\t\t\t<h3>Protecci\u00f3n de las plantas<\/h3>\n\t\t\t\t<p>Para tu jard\u00edn.<\/p>\n\t\t<a href=\"https:\/\/www.andermatt.com\/es\/jardin-de-casa\/?_category=plant-protection\" target=\"_self\"  aria-label=\"Visite https:\/\/www.andermatt.com\/home-garden\/?_category=plant-protection\"><\/a>\n\t\t\t\t<img decoding=\"async\" src=\"https:\/\/www.andermatt.com\/wp-content\/uploads\/2022\/11\/s1_gemuse_2_vegetable-fertilizer.jpg\" alt=\"s1 gem\u00fcse 2 abono vegetal\"\/>\n\t\t\t<h3>Vitalidad vegetal<\/h3>\n\t\t\t\t<p>Para tu jard\u00edn.<\/p>\n\t\t<a href=\"\/es\/jardin-de-casa\/?_category=plant-vitality\" target=\"_self\"  aria-label=\"Ir a \/home-jardin\/?_category=planta-vitalidad\"><\/a>","protected":false},"excerpt":{"rendered":"<p>Soluciones Hogar y Jard\u00edn Jardiner\u00eda ecol\u00f3gica para un medio ambiente sano. Cartera de productos para el hogar y el jard\u00edn Plantas beneficiosas y atrayentes beneficiosos Para su jard\u00edn. Material de jardiner\u00eda Para su jard\u00edn. Hogar y jard\u00edn Para su jard\u00edn. Protecci\u00f3n de las plantas Para su jard\u00edn. Vitalidad vegetal Para su jard\u00edn.<\/p>","protected":false},"author":1,"featured_media":0,"parent":0,"menu_order":0,"comment_status":"closed","ping_status":"closed","template":"","meta":{"_acf_changed":false,"_seopress_robots_primary_cat":"","_seopress_titles_title":"","_seopress_titles_desc":"","_seopress_robots_index":"","_searchwp_excluded":"","_uag_custom_page_level_css":"","site-sidebar-layout":"default","site-content-layout":"page-builder","ast-site-content-layout":"full-width-container","site-content-style":"unboxed","site-sidebar-style":"unboxed","ast-global-header-display":"","ast-banner-title-visibility":"","ast-main-header-display":"","ast-hfb-above-header-display":"","ast-hfb-below-header-display":"","ast-hfb-mobile-header-display":"","site-post-title":"disabled","ast-breadcrumbs-content":"","ast-featured-img":"","footer-sml-layout":"","ast-disable-related-posts":"","theme-transparent-header-meta":"default","adv-header-id-meta":"","stick-header-meta":"default","header-above-stick-meta":"","header-main-stick-meta":"","header-below-stick-meta":"","astra-migrate-meta-layouts":"set","ast-page-background-enabled":"default","ast-page-background-meta":{"desktop":{"background-color":"","background-image":"","background-repeat":"repeat","background-position":"center center","background-size":"auto","background-attachment":"scroll","background-type":"","background-media":"","overlay-type":"","overlay-color":"","overlay-opacity":"","overlay-gradient":""},"tablet":{"background-color":"","background-image":"","background-repeat":"repeat","background-position":"center center","background-size":"auto","background-attachment":"scroll","background-type":"","background-media":"","overlay-type":"","overlay-color":"","overlay-opacity":"","overlay-gradient":""},"mobile":{"background-color":"","background-image":"","background-repeat":"repeat","background-position":"center center","background-size":"auto","background-attachment":"scroll","background-type":"","background-media":"","overlay-type":"","overlay-color":"","overlay-opacity":"","overlay-gradient":""}},"ast-content-background-meta":{"desktop":{"background-color":"var(--ast-global-color-5)","background-image":"","background-repeat":"repeat","background-position":"center center","background-size":"auto","background-attachment":"scroll","background-type":"","background-media":"","overlay-type":"","overlay-color":"","overlay-opacity":"","overlay-gradient":""},"tablet":{"background-color":"var(--ast-global-color-5)","background-image":"","background-repeat":"repeat","background-position":"center center","background-size":"auto","background-attachment":"scroll","background-type":"","background-media":"","overlay-type":"","overlay-color":"","overlay-opacity":"","overlay-gradient":""},"mobile":{"background-color":"var(--ast-global-color-5)","background-image":"","background-repeat":"repeat","background-position":"center center","background-size":"auto","background-attachment":"scroll","background-type":"","background-media":"","overlay-type":"","overlay-color":"","overlay-opacity":"","overlay-gradient":""}},"footnotes":""},"class_list":["post-4772","page","type-page","status-publish","hentry"],"acf":[],"uagb_featured_image_src":{"full":false,"thumbnail":false,"medium":false,"medium_large":false,"large":false,"1536x1536":false,"2048x2048":false,"trp-custom-language-flag":false,"feature-size":false,"feature-size-gross":false,"header-size-small":false,"header-size":false,"mailpoet_newsletter_max":false},"uagb_author_info":{"display_name":"Michael Salzer","author_link":"https:\/\/www.andermatt.com\/es\/author\/ms_9mip9dui\/"},"uagb_comment_info":0,"uagb_excerpt":"Solutions Home &amp; Garden \u00a0 Organic gardening for a healthy environment. Home &#038; Garden Portfolio Beneficials and beneficial attractants For your garden. Garden equipment For your garden. Home and garden For your garden. Plant protection For your garden. Plant vitality For your garden.","_links":{"self":[{"href":"https:\/\/www.andermatt.com\/es\/wp-json\/wp\/v2\/pages\/4772","targetHints":{"allow":["GET"]}}],"collection":[{"href":"https:\/\/www.andermatt.com\/es\/wp-json\/wp\/v2\/pages"}],"about":[{"href":"https:\/\/www.andermatt.com\/es\/wp-json\/wp\/v2\/types\/page"}],"author":[{"embeddable":true,"href":"https:\/\/www.andermatt.com\/es\/wp-json\/wp\/v2\/users\/1"}],"replies":[{"embeddable":true,"href":"https:\/\/www.andermatt.com\/es\/wp-json\/wp\/v2\/comments?post=4772"}],"version-history":[{"count":20,"href":"https:\/\/www.andermatt.com\/es\/wp-json\/wp\/v2\/pages\/4772\/revisions"}],"predecessor-version":[{"id":9023,"href":"https:\/\/www.andermatt.com\/es\/wp-json\/wp\/v2\/pages\/4772\/revisions\/9023"}],"wp:attachment":[{"href":"https:\/\/www.andermatt.com\/es\/wp-json\/wp\/v2\/media?parent=4772"}],"curies":[{"name":"wp","href":"https:\/\/api.w.org\/{rel}","templated":true}]}}