{"id":4768,"date":"2022-10-21T14:48:18","date_gmt":"2022-10-21T12:48:18","guid":{"rendered":"https:\/\/www.andermatt.com\/?page_id=4768"},"modified":"2025-11-26T12:10:34","modified_gmt":"2025-11-26T11:10:34","slug":"produccion-de-cultivos","status":"publish","type":"page","link":"https:\/\/www.andermatt.com\/es\/produccion-de-cultivos\/","title":{"rendered":"Producci\u00f3n de cultivos"},"content":{"rendered":"<h1>Soluciones<\/h1>\t\t\t\n\t\t\t\t<h2>Producci\u00f3n agr\u00edcola<\/h2>\n\u00a0\n\t\t\t<h3>Sustituimos qu\u00edmicos por alternativas biol\u00f3gicas<\/h3>\t\t\t\n\t\t\t<a href=\"https:\/\/www.andermatt.com\/wp-content\/uploads\/2025\/11\/andermatt_crop_production_portfolio_2026.pdf\" target=\"_blank\" rel=\"noopener\">\n\t\t\t\t\t\tCartera de producci\u00f3n vegetal\n\t\t\t\t\t<\/a>\n\t\t\t\t<img decoding=\"async\" src=\"https:\/\/www.andermatt.com\/wp-content\/uploads\/2022\/10\/helicoverpa.png\" alt=\"helicoverpa\"\/>\n\t\t\t<h3>Insecticidas<\/h3>\n\t\t\t\t<p>Microorganismos de origen natural para controlar diversas plagas espec\u00edficas.<\/p>\u00a0\u00a0\u00a0\u00a0\u00a0\u00a0\u00a0\n\t\t<a href=\"\/es\/control-de-plagas-de-los-cultivos-2\/?_solution=insecticides\" target=\"_self\"  aria-label=\"Ir a \/produccion-cultivos\/?_solution=insecticidas\"><\/a>\n\t\t\t\t<img decoding=\"async\" src=\"https:\/\/www.andermatt.com\/wp-content\/uploads\/2021\/11\/organic-vegetables-2021-08-26-16-55-08-utc-1024x725.jpg\" alt=\"organic-vegetables-2021-08-26-16-55-08-utc\"\/>\n\t\t\t<h3>Fungicidas<\/h3>\n\t\t\t\t<p>Microorganismos de origen natural que protegen los tejidos vegetales de los ataques de los pat\u00f3genos.<\/p>\u00a0\u00a0\u00a0\u00a0\u00a0\u00a0\u00a0\u00a0\n\t\t<a href=\"\/es\/control-de-plagas-de-los-cultivos-2\/?_solution=fungicides\" target=\"_self\"  aria-label=\"Ir a \/produccion-cultivos\/?_solution=fungicidas\"><\/a>\n\t\t\t\t<img decoding=\"async\" src=\"https:\/\/www.andermatt.com\/wp-content\/uploads\/2021\/11\/earth-day-plantation-2021-09-03-00-32-38-utc-1024x683.jpg\" alt=\"earth-day-plantation-2021-09-03-00-32-38-utc\"\/>\n\t\t\t<h3>Bioestimulantes y bioinoculantes<\/h3>\n\t\t\t\t<p>Microorganismos bacterianos y f\u00fangicos del suelo para mejorar la movilizaci\u00f3n y fijaci\u00f3n de nutrientes.<\/p>\u00a0\n\t\t<a href=\"\/es\/control-de-plagas-de-los-cultivos-2\/?_solution=biostimulants-bioinnoculants%2Cbiostimulants-bioinoculants\" target=\"_self\"  aria-label=\"Go to \/crop-production\/?_solution=biostimulants-bioinnoculants%2Cbiostimulants-bioinoculants\"><\/a>\n\t\t\t\t<img decoding=\"async\" src=\"https:\/\/www.andermatt.com\/wp-content\/uploads\/2021\/11\/planting-seeds-2021-08-30-02-14-53-utc-1024x683.jpg\" alt=\"planting-seeds-2021-08-30-02-14-53-utc\"\/>\n\t\t\t<h3>Microbios para tratamientos y recubrimientos de semillas<\/h3>\n\t\t\t\t<p>Productos microbianos para el tratamiento de semillas y revestimientos para la protecci\u00f3n y la estimulaci\u00f3n del crecimiento.<\/p>\u00a0\u00a0\n\t\t<a href=\"https:\/\/www.andermatt.com\/es\/producto\/microbios-para-tratamientos-y-recubrimientos-de-semillas\/\" target=\"_self\"  aria-label=\"Ir a https:\/\/www.andermatt.com\/product\/microbials-for-seed-treatments-and-coatings\/\"><\/a>\n\t\t\t\t<img decoding=\"async\" src=\"https:\/\/www.andermatt.com\/wp-content\/uploads\/2021\/11\/potatoe-background-2021-08-26-18-12-06-utc-1024x656.jpg\" alt=\"potatoe-background-2021-08-26-18-12-06-utc\"\/>\n\t\t\t<h3>Reguladores del crecimiento<\/h3>\n\t\t\t\t<p>Biox-M es un inhibidor biol\u00f3gico de brotes basado en el aceite de menta verde, que se utiliza en el almacenamiento de patatas.<\/p>\u00a0\u00a0\u00a0\u00a0\u00a0\n\t\t<a href=\"\/es\/control-de-plagas-de-los-cultivos-2\/?_solution=growth-regulator%2Cgrowth-regulators\" target=\"_self\"  aria-label=\"Go to \/crop-production\/?_solution=growth-regulator%2Cgrowth-regulators\"><\/a>\n\t\t\t\t<img decoding=\"async\" src=\"https:\/\/www.andermatt.com\/wp-content\/uploads\/2021\/11\/field-vole-natural-environment-2021-09-03-22-56-32-utc-1024x683.jpg\" alt=\"field-vole-natural-environment-2021-09-03-22-56-32-utc\"\/>\n\t\t\t<h3>Control de roedores<\/h3>\n\t\t\t\t<p>Trampas mec\u00e1nicas de alta calidad para el control eficaz y eficiente de diversas especies de roedores.<\/p>\u00a0\u00a0\u00a0\n\t\t<a href=\"\/es\/control-de-plagas-de-los-cultivos-2\/?_solution=rodent-control\" target=\"_self\"  aria-label=\"Ir a \/crop-production\/?_solution=rodent-control\"><\/a>\n\t\t\t\t<img decoding=\"async\" src=\"https:\/\/www.andermatt.com\/wp-content\/uploads\/2021\/11\/macro-photo-of-a-ladybug-on-a-green-leaf-2021-09-04-04-08-57-utc-1024x678.jpg\" alt=\"Mariquita Adalia biounctata\"\/>\n\t\t\t<h3>Macroorganismos<\/h3>\n\t\t\t\t<p>Diferentes depredadores naturales y nematodos entomopat\u00f3genos contra importantes plagas. Tambi\u00e9n proporcionamos fuentes de alimentaci\u00f3n para los depredadores.<\/p>\u00a0\u00a0\n\t\t<a href=\"\/es\/control-de-plagas-de-los-cultivos-2\/?_solution=macroorganisms\" target=\"_self\"  aria-label=\"Ir a \/produccion-cultivos\/?_solution=macroorganismos\"><\/a>\n\t\t\t\t<img decoding=\"async\" src=\"https:\/\/www.andermatt.com\/wp-content\/uploads\/2021\/11\/rebell-orange_1_big.jpg\" alt=\"rebell-orange_1_big\"\/>\n\t\t\t<h3>Sistemas de vigilancia y captura masiva<\/h3>\n\t\t\t\t<p>Se\u00f1uelos de feromonas, trampas adhesivas, atrayentes para el seguimiento y la captura masiva de especies plaga de importancia econ\u00f3mica<\/p>\u00a0\u00a0\u00a0\u00a0\n\t\t<a href=\"\/es\/control-de-plagas-de-los-cultivos-2\/?_solution=monitoring-systems-mass-trapping%2Cmonitoring-mass-trapping\" target=\"_self\"  aria-label=\"Go to \/crop-production\/?_solution=monitoring-systems-mass-trapping%2Cmonitoring-mass-trapping\"><\/a>","protected":false},"excerpt":{"rendered":"<p>Soluciones Producci\u00f3n de cultivos Sustituimos los productos qu\u00edmicos por alternativas biol\u00f3gicas eficaces. Insecticidas Microorganismos naturales para controlar diversas plagas espec\u00edficas.         Fungicidas Microorganismos naturales que protegen el tejido vegetal de los ataques de pat\u00f3genos.          Bioestimulantes y bioinoculantes Microorganismos bacterianos y f\u00fangicos del suelo para mejorar la movilizaci\u00f3n y fijaci\u00f3n de nutrientes.   Microorganismos para tratamientos de semillas &amp; [...]<\/p>","protected":false},"author":1,"featured_media":0,"parent":0,"menu_order":0,"comment_status":"closed","ping_status":"closed","template":"","meta":{"_acf_changed":false,"_seopress_robots_primary_cat":"","_seopress_titles_title":"","_seopress_titles_desc":"","_seopress_robots_index":"","_searchwp_excluded":"","_uag_custom_page_level_css":"","site-sidebar-layout":"default","site-content-layout":"page-builder","ast-site-content-layout":"full-width-container","site-content-style":"unboxed","site-sidebar-style":"unboxed","ast-global-header-display":"","ast-banner-title-visibility":"","ast-main-header-display":"","ast-hfb-above-header-display":"","ast-hfb-below-header-display":"","ast-hfb-mobile-header-display":"","site-post-title":"disabled","ast-breadcrumbs-content":"","ast-featured-img":"","footer-sml-layout":"","ast-disable-related-posts":"","theme-transparent-header-meta":"default","adv-header-id-meta":"","stick-header-meta":"default","header-above-stick-meta":"","header-main-stick-meta":"","header-below-stick-meta":"","astra-migrate-meta-layouts":"set","ast-page-background-enabled":"default","ast-page-background-meta":{"desktop":{"background-color":"","background-image":"","background-repeat":"repeat","background-position":"center center","background-size":"auto","background-attachment":"scroll","background-type":"","background-media":"","overlay-type":"","overlay-color":"","overlay-opacity":"","overlay-gradient":""},"tablet":{"background-color":"","background-image":"","background-repeat":"repeat","background-position":"center center","background-size":"auto","background-attachment":"scroll","background-type":"","background-media":"","overlay-type":"","overlay-color":"","overlay-opacity":"","overlay-gradient":""},"mobile":{"background-color":"","background-image":"","background-repeat":"repeat","background-position":"center center","background-size":"auto","background-attachment":"scroll","background-type":"","background-media":"","overlay-type":"","overlay-color":"","overlay-opacity":"","overlay-gradient":""}},"ast-content-background-meta":{"desktop":{"background-color":"var(--ast-global-color-5)","background-image":"","background-repeat":"repeat","background-position":"center center","background-size":"auto","background-attachment":"scroll","background-type":"","background-media":"","overlay-type":"","overlay-color":"","overlay-opacity":"","overlay-gradient":""},"tablet":{"background-color":"var(--ast-global-color-5)","background-image":"","background-repeat":"repeat","background-position":"center center","background-size":"auto","background-attachment":"scroll","background-type":"","background-media":"","overlay-type":"","overlay-color":"","overlay-opacity":"","overlay-gradient":""},"mobile":{"background-color":"var(--ast-global-color-5)","background-image":"","background-repeat":"repeat","background-position":"center center","background-size":"auto","background-attachment":"scroll","background-type":"","background-media":"","overlay-type":"","overlay-color":"","overlay-opacity":"","overlay-gradient":""}},"footnotes":""},"class_list":["post-4768","page","type-page","status-publish","hentry"],"acf":[],"uagb_featured_image_src":{"full":false,"thumbnail":false,"medium":false,"medium_large":false,"large":false,"1536x1536":false,"2048x2048":false,"trp-custom-language-flag":false,"feature-size":false,"feature-size-gross":false,"header-size-small":false,"header-size":false,"mailpoet_newsletter_max":false},"uagb_author_info":{"display_name":"Michael Salzer","author_link":"https:\/\/www.andermatt.com\/es\/author\/ms_9mip9dui\/"},"uagb_comment_info":0,"uagb_excerpt":"Solutions Crop Production \u00a0 We replace chemicals with effective biological alternatives. Crop Production Portfolio Insecticides Naturally occurring microorganisms to control various specific pests. \u00a0\u00a0\u00a0\u00a0\u00a0\u00a0\u00a0 Fungicides Naturally occurring microorganisms protecting plant tissue from pathogen attacks. \u00a0\u00a0\u00a0\u00a0\u00a0\u00a0\u00a0\u00a0 Biostimulants &#038; Bioinoculants Bacterial and fungal soil microorganisms for improved nutrient mobilization and fixation. \u00a0 Microbials for Seed Treatments &#038;&hellip;","_links":{"self":[{"href":"https:\/\/www.andermatt.com\/es\/wp-json\/wp\/v2\/pages\/4768","targetHints":{"allow":["GET"]}}],"collection":[{"href":"https:\/\/www.andermatt.com\/es\/wp-json\/wp\/v2\/pages"}],"about":[{"href":"https:\/\/www.andermatt.com\/es\/wp-json\/wp\/v2\/types\/page"}],"author":[{"embeddable":true,"href":"https:\/\/www.andermatt.com\/es\/wp-json\/wp\/v2\/users\/1"}],"replies":[{"embeddable":true,"href":"https:\/\/www.andermatt.com\/es\/wp-json\/wp\/v2\/comments?post=4768"}],"version-history":[{"count":23,"href":"https:\/\/www.andermatt.com\/es\/wp-json\/wp\/v2\/pages\/4768\/revisions"}],"predecessor-version":[{"id":8979,"href":"https:\/\/www.andermatt.com\/es\/wp-json\/wp\/v2\/pages\/4768\/revisions\/8979"}],"wp:attachment":[{"href":"https:\/\/www.andermatt.com\/es\/wp-json\/wp\/v2\/media?parent=4768"}],"curies":[{"name":"wp","href":"https:\/\/api.w.org\/{rel}","templated":true}]}}