{"id":4647,"date":"2022-10-21T13:12:46","date_gmt":"2022-10-21T11:12:46","guid":{"rendered":"https:\/\/www.andermatt.com\/?page_id=4647"},"modified":"2024-11-20T13:24:44","modified_gmt":"2024-11-20T12:24:44","slug":"salud-de-los-animales-de-granja-2","status":"publish","type":"page","link":"https:\/\/www.andermatt.com\/es\/salud-de-los-animales-de-granja-2\/","title":{"rendered":"Sanidad de animales de granja"},"content":{"rendered":"<h1>Soluciones<\/h1>\t\t\t\n\t\t\t\t<h2>Sanidad de animales de granja<\/h2>\n\u00a0\n\t\t\t<h3>Cuidado del ganado<\/h3>\t\t\t\n\t\t\t\tEn la cr\u00eda de animales, los conceptos de gesti\u00f3n integrada de plagas desempe\u00f1an un papel cada vez m\u00e1s importante. Ofrecemos soluciones basadas en ingredientes naturales para uso profesional con el ganado.\n\t\t\t<a href=\"https:\/\/www.andermatt.com\/wp-content\/uploads\/2024\/10\/2025-specialized-solutions.pdf\" target=\"_blank\" rel=\"noopener\">\n\t\t\t\t\t\tCartera de soluciones especializadas\n\t\t\t\t\t<\/a>","protected":false},"excerpt":{"rendered":"<p>Soluciones Farm Animal Health Cuidado del ganado En la cr\u00eda de animales, los conceptos de gesti\u00f3n integrada de plagas desempe\u00f1an un papel cada vez m\u00e1s importante. Ofrecemos soluciones basadas en ingredientes naturales para uso profesional con el ganado. Cartera de soluciones especializadas<\/p>","protected":false},"author":1,"featured_media":0,"parent":0,"menu_order":0,"comment_status":"closed","ping_status":"closed","template":"","meta":{"_acf_changed":false,"_seopress_robots_primary_cat":"","_seopress_titles_title":"","_seopress_titles_desc":"In livestock breeding, integrated pest management concepts against ectoparasites play an increasingly important role. We offer solutions based on natural ingredients. Beneficial organisms, plant extracts and nature-identical active ingredients are optimally combined for professional use with livestock or bees.","_seopress_robots_index":"","_searchwp_excluded":"","_uag_custom_page_level_css":"","site-sidebar-layout":"default","site-content-layout":"page-builder","ast-site-content-layout":"full-width-container","site-content-style":"unboxed","site-sidebar-style":"unboxed","ast-global-header-display":"","ast-banner-title-visibility":"","ast-main-header-display":"","ast-hfb-above-header-display":"","ast-hfb-below-header-display":"","ast-hfb-mobile-header-display":"","site-post-title":"disabled","ast-breadcrumbs-content":"","ast-featured-img":"","footer-sml-layout":"","ast-disable-related-posts":"","theme-transparent-header-meta":"default","adv-header-id-meta":"","stick-header-meta":"default","header-above-stick-meta":"","header-main-stick-meta":"","header-below-stick-meta":"","astra-migrate-meta-layouts":"set","ast-page-background-enabled":"default","ast-page-background-meta":{"desktop":{"background-color":"","background-image":"","background-repeat":"repeat","background-position":"center center","background-size":"auto","background-attachment":"scroll","background-type":"","background-media":"","overlay-type":"","overlay-color":"","overlay-opacity":"","overlay-gradient":""},"tablet":{"background-color":"","background-image":"","background-repeat":"repeat","background-position":"center center","background-size":"auto","background-attachment":"scroll","background-type":"","background-media":"","overlay-type":"","overlay-color":"","overlay-opacity":"","overlay-gradient":""},"mobile":{"background-color":"","background-image":"","background-repeat":"repeat","background-position":"center center","background-size":"auto","background-attachment":"scroll","background-type":"","background-media":"","overlay-type":"","overlay-color":"","overlay-opacity":"","overlay-gradient":""}},"ast-content-background-meta":{"desktop":{"background-color":"var(--ast-global-color-5)","background-image":"","background-repeat":"repeat","background-position":"center center","background-size":"auto","background-attachment":"scroll","background-type":"","background-media":"","overlay-type":"","overlay-color":"","overlay-opacity":"","overlay-gradient":""},"tablet":{"background-color":"var(--ast-global-color-5)","background-image":"","background-repeat":"repeat","background-position":"center center","background-size":"auto","background-attachment":"scroll","background-type":"","background-media":"","overlay-type":"","overlay-color":"","overlay-opacity":"","overlay-gradient":""},"mobile":{"background-color":"var(--ast-global-color-5)","background-image":"","background-repeat":"repeat","background-position":"center center","background-size":"auto","background-attachment":"scroll","background-type":"","background-media":"","overlay-type":"","overlay-color":"","overlay-opacity":"","overlay-gradient":""}},"footnotes":""},"class_list":["post-4647","page","type-page","status-publish","hentry"],"acf":[],"uagb_featured_image_src":{"full":false,"thumbnail":false,"medium":false,"medium_large":false,"large":false,"1536x1536":false,"2048x2048":false,"trp-custom-language-flag":false,"feature-size":false,"feature-size-gross":false,"header-size-small":false,"header-size":false,"mailpoet_newsletter_max":false},"uagb_author_info":{"display_name":"Michael Salzer","author_link":"https:\/\/www.andermatt.com\/es\/author\/ms_9mip9dui\/"},"uagb_comment_info":0,"uagb_excerpt":"Solutions Farm Animal Health \u00a0 Livestock care In animal husbandry, integrated pest management concepts play an increasingly important role. We offer solutions based on natural ingredients for professional use with livestock. Specialized Solutions Portfolio","_links":{"self":[{"href":"https:\/\/www.andermatt.com\/es\/wp-json\/wp\/v2\/pages\/4647","targetHints":{"allow":["GET"]}}],"collection":[{"href":"https:\/\/www.andermatt.com\/es\/wp-json\/wp\/v2\/pages"}],"about":[{"href":"https:\/\/www.andermatt.com\/es\/wp-json\/wp\/v2\/types\/page"}],"author":[{"embeddable":true,"href":"https:\/\/www.andermatt.com\/es\/wp-json\/wp\/v2\/users\/1"}],"replies":[{"embeddable":true,"href":"https:\/\/www.andermatt.com\/es\/wp-json\/wp\/v2\/comments?post=4647"}],"version-history":[{"count":14,"href":"https:\/\/www.andermatt.com\/es\/wp-json\/wp\/v2\/pages\/4647\/revisions"}],"predecessor-version":[{"id":7364,"href":"https:\/\/www.andermatt.com\/es\/wp-json\/wp\/v2\/pages\/4647\/revisions\/7364"}],"wp:attachment":[{"href":"https:\/\/www.andermatt.com\/es\/wp-json\/wp\/v2\/media?parent=4647"}],"curies":[{"name":"wp","href":"https:\/\/api.w.org\/{rel}","templated":true}]}}