{"id":3075,"date":"2021-12-02T15:22:20","date_gmt":"2021-12-02T14:22:20","guid":{"rendered":"https:\/\/www.andermatt.com\/?page_id=3075"},"modified":"2025-04-04T12:41:44","modified_gmt":"2025-04-04T10:41:44","slug":"carrera","status":"publish","type":"page","link":"https:\/\/www.andermatt.com\/es\/carrera\/","title":{"rendered":"Carrera profesional"},"content":{"rendered":"<h1>Carrera profesional<\/h1>\t\t\t\n\t\t\t\t<h3>\u00a1Forma parte de nuestra historia!<\/h3>\n\u00a0\n\t<a href=\"\/es\/sobre-nosotros\/\" target=\"_self\"  aria-label=\"Ir a \/sobre nosotros\/\"><\/a>\t\t\t\t\n\t\t\t<h3>Nuestra empresa<\/h3>\t\t\t\n\t\t\t\t<p>Visi\u00f3n, misi\u00f3n e historia de Andermatt<\/p>\n\t<a href=\"https:\/\/www.andermatt.com\/es\/equipo\/\" target=\"_self\"  aria-label=\"Ir a https:\/\/www.andermatt.com\/team\/\"><\/a>\t\t\t\t\n\t\t\t<h3>Equipo<\/h3>\t\t\t\n\t\t\t\t<p>Nuestros expertos proporcionan el mejor soporte t\u00e9cnico<\/p>\n\t<a href=\"https:\/\/www.andermatt.com\/es\/sobre-nosotros\/#subsidiaries\" target=\"_self\"  aria-label=\"Ir a https:\/\/www.andermatt.com\/about-us\/#subsidiaries\"><\/a>\t\t\t\t\n\t\t\t<h3>Filiales<\/h3>\t\t\t\n\t\t\t\t<p>Explore nuestra red de filiales<\/p>\n<h2>\n\t\tBuscamos nuevos talentos en todo el mundo.\n\t<\/h2>\n\t<p>\u00bfEst\u00e1 interesado en formar parte de nuestro entusiasta equipo?<\/p>\n<p>Andermatt siempre est\u00e1 buscando nuevos talentos en nuestras sedes en Suiza y en las filiales de todo el mundo. Para el empleo en Suiza, consulte nuestro <a href=\"https:\/\/andermatt-portal.rexx-recruitment.com\/\" target=\"_blank\" rel=\"noopener\">Ofertas de empleo<\/a> o enviar un <a href=\"https:\/\/andermatt-portal.rexx-recruitment.com\/Initiativbewerbung-f11.html\" target=\"_blank\" rel=\"noopener\">Aplicaci\u00f3n de la iniciativa<\/a> en el portal de carreras de Andermatt.<\/p>\n<p>Nuestras filiales tambi\u00e9n buscan regularmente profesionales motivados para su negocio en crecimiento. Explore nuestra <a href=\"https:\/\/www.andermatt.com\/es\/sobre-nosotros\/#subsidiaries\" target=\"_blank\" rel=\"noopener\">Ubicaciones internacionales<\/a> y pregunte directamente a la empresa correspondiente.<\/p>\n<p>\u00a1Te esperamos!<\/p>","protected":false},"excerpt":{"rendered":"<p>Carrera \u00a1Forma parte de nuestra historia!   Nuestra empresa Visi\u00f3n, misi\u00f3n e historia de Andermatt Equipo Nuestros expertos proporcionan el mejor soporte t\u00e9cnico Filiales Explore nuestra red de filiales \u00a1Buscamos nuevos talentos en todo el mundo! \u00bfEst\u00e1 interesado en formar parte de nuestro entusiasta equipo? Andermatt siempre est\u00e1 buscando nuevos talentos en nuestras sedes de Suiza y ...<\/p>","protected":false},"author":1,"featured_media":0,"parent":0,"menu_order":0,"comment_status":"closed","ping_status":"closed","template":"","meta":{"_acf_changed":false,"_seopress_robots_primary_cat":"","_seopress_titles_title":"","_seopress_titles_desc":"","_seopress_robots_index":"","_searchwp_excluded":"","_uag_custom_page_level_css":"","site-sidebar-layout":"default","site-content-layout":"default","ast-site-content-layout":"default","site-content-style":"default","site-sidebar-style":"default","ast-global-header-display":"","ast-banner-title-visibility":"","ast-main-header-display":"","ast-hfb-above-header-display":"","ast-hfb-below-header-display":"","ast-hfb-mobile-header-display":"","site-post-title":"disabled","ast-breadcrumbs-content":"","ast-featured-img":"","footer-sml-layout":"","ast-disable-related-posts":"","theme-transparent-header-meta":"default","adv-header-id-meta":"","stick-header-meta":"default","header-above-stick-meta":"","header-main-stick-meta":"","header-below-stick-meta":"","astra-migrate-meta-layouts":"default","ast-page-background-enabled":"default","ast-page-background-meta":{"desktop":{"background-color":"","background-image":"","background-repeat":"repeat","background-position":"center center","background-size":"auto","background-attachment":"scroll","background-type":"","background-media":"","overlay-type":"","overlay-color":"","overlay-opacity":"","overlay-gradient":""},"tablet":{"background-color":"","background-image":"","background-repeat":"repeat","background-position":"center center","background-size":"auto","background-attachment":"scroll","background-type":"","background-media":"","overlay-type":"","overlay-color":"","overlay-opacity":"","overlay-gradient":""},"mobile":{"background-color":"","background-image":"","background-repeat":"repeat","background-position":"center center","background-size":"auto","background-attachment":"scroll","background-type":"","background-media":"","overlay-type":"","overlay-color":"","overlay-opacity":"","overlay-gradient":""}},"ast-content-background-meta":{"desktop":{"background-color":"var(--ast-global-color-5)","background-image":"","background-repeat":"repeat","background-position":"center center","background-size":"auto","background-attachment":"scroll","background-type":"","background-media":"","overlay-type":"","overlay-color":"","overlay-opacity":"","overlay-gradient":""},"tablet":{"background-color":"var(--ast-global-color-5)","background-image":"","background-repeat":"repeat","background-position":"center center","background-size":"auto","background-attachment":"scroll","background-type":"","background-media":"","overlay-type":"","overlay-color":"","overlay-opacity":"","overlay-gradient":""},"mobile":{"background-color":"var(--ast-global-color-5)","background-image":"","background-repeat":"repeat","background-position":"center center","background-size":"auto","background-attachment":"scroll","background-type":"","background-media":"","overlay-type":"","overlay-color":"","overlay-opacity":"","overlay-gradient":""}},"footnotes":""},"class_list":["post-3075","page","type-page","status-publish","hentry"],"acf":[],"uagb_featured_image_src":{"full":false,"thumbnail":false,"medium":false,"medium_large":false,"large":false,"1536x1536":false,"2048x2048":false,"trp-custom-language-flag":false,"feature-size":false,"feature-size-gross":false,"header-size-small":false,"header-size":false,"mailpoet_newsletter_max":false},"uagb_author_info":{"display_name":"Michael Salzer","author_link":"https:\/\/www.andermatt.com\/es\/author\/ms_9mip9dui\/"},"uagb_comment_info":0,"uagb_excerpt":"Career Be part of our story! \u00a0 Our Company Vision, mission and history of Andermatt Team Our experts provide the best technical support Subsidiaries Explore our subsidiaries network We look for new talents worldwide! Interested in becoming part of our enthusiastic team? Andermatt is always looking for new talents at our locations in Switzerland and&hellip;","_links":{"self":[{"href":"https:\/\/www.andermatt.com\/es\/wp-json\/wp\/v2\/pages\/3075","targetHints":{"allow":["GET"]}}],"collection":[{"href":"https:\/\/www.andermatt.com\/es\/wp-json\/wp\/v2\/pages"}],"about":[{"href":"https:\/\/www.andermatt.com\/es\/wp-json\/wp\/v2\/types\/page"}],"author":[{"embeddable":true,"href":"https:\/\/www.andermatt.com\/es\/wp-json\/wp\/v2\/users\/1"}],"replies":[{"embeddable":true,"href":"https:\/\/www.andermatt.com\/es\/wp-json\/wp\/v2\/comments?post=3075"}],"version-history":[{"count":26,"href":"https:\/\/www.andermatt.com\/es\/wp-json\/wp\/v2\/pages\/3075\/revisions"}],"predecessor-version":[{"id":7941,"href":"https:\/\/www.andermatt.com\/es\/wp-json\/wp\/v2\/pages\/3075\/revisions\/7941"}],"wp:attachment":[{"href":"https:\/\/www.andermatt.com\/es\/wp-json\/wp\/v2\/media?parent=3075"}],"curies":[{"name":"wp","href":"https:\/\/api.w.org\/{rel}","templated":true}]}}