{"id":2955,"date":"2021-11-16T18:05:21","date_gmt":"2021-11-16T17:05:21","guid":{"rendered":"https:\/\/www.andermatt.com\/?page_id=2955"},"modified":"2024-05-01T16:19:18","modified_gmt":"2024-05-01T14:19:18","slug":"imprimir","status":"publish","type":"page","link":"https:\/\/www.andermatt.com\/es\/imprimir\/","title":{"rendered":"Legales"},"content":{"rendered":"<h1>Legales<\/h1>\t\t\t\n\t\t\t\t<h3>Grupo Andermatt AG<\/h3>\n\u00a0\n<h2>\n\t\tLegales\n\t<\/h2>\n\t<h3>Grupo Andermatt AG<\/h3>\n<p>Forma jur\u00eddica: Aktiengesellschaft<\/p>\nStahlermatten 6<br \/>\n6146 Grossdietwil<br \/>\nP: +41 62 552 40 00<br \/>\nF: +41 62 917 50 06\n<a href=\"http:\/\/contact@andermatt.com\/\">contact(at)andermatt.com<br \/>\n<\/a><a href=\"http:\/\/www.andermatt.com\/es\/\">www.andermatt.com<\/a>\n<p><a href=\"https:\/\/www.andermatt.com\/es\/equipo\/\">Representantes autorizados<\/a><\/p>\n<p>IVA \/ N\u00famero de identificaci\u00f3n de la empresa UID: CHE-401.638.354<\/p>\n<h3>Dise\u00f1o web<\/h3>\n<p>flink think GmbH, Dise\u00f1o Web y Marketing Online<\/p>\n<p>Este sitio web fue realizado por <a href=\"https:\/\/www.flinkthink.ch\/en\/\" target=\"_blank\" rel=\"noopener\" data-slimstat=\"5\">flinkthink.ch<\/a>. La agencia para proyectos de WordPress y marketing online. <a href=\"https:\/\/www.flinkthink.ch\/en\/webdesign-basel\/\" target=\"_blank\" rel=\"noopener\" data-slimstat=\"5\">Dise\u00f1o web y marketing online con WordPress desde Basilea<\/a>.<\/p>\n<h3>Descargo de responsabilidad<\/h3>\n<strong>Contenidos en l\u00ednea<br \/>\n<\/strong>El autor se reserva el derecho de no ser responsable de la actualidad, exactitud, integridad o calidad de la informaci\u00f3n proporcionada. Por lo tanto, se rechazar\u00e1n las reclamaciones de responsabilidad relativas a los da\u00f1os causados por el uso de cualquier informaci\u00f3n proporcionada, incluyendo cualquier tipo de informaci\u00f3n que sea incompleta o incorrecta. Todas las ofertas son no vinculantes y sin compromiso. Partes de las p\u00e1ginas o la publicaci\u00f3n completa, incluyendo todas las ofertas e informaci\u00f3n, pueden ser ampliadas, modificadas o eliminadas parcial o totalmente por el autor sin previo aviso.\n<strong>Referencias y enlaces<br \/>\n<\/strong>El autor no es responsable de los contenidos enlazados o referidos desde sus p\u00e1ginas, a menos que tenga pleno conocimiento de los contenidos ilegales y pueda impedir que los visitantes de su sitio vean esas p\u00e1ginas. Si se produce alg\u00fan da\u00f1o por el uso de la informaci\u00f3n presentada all\u00ed, s\u00f3lo el autor de las respectivas p\u00e1ginas podr\u00eda ser responsable, no el que ha vinculado a estas p\u00e1ginas. Adem\u00e1s, el autor no es responsable de los mensajes publicados por los usuarios de los foros de discusi\u00f3n, libros de visitas o listas de correo que se ofrecen en su p\u00e1gina.\n<strong>Copyright<br \/>\n<\/strong>El autor tiene la intenci\u00f3n de no utilizar ning\u00fan material protegido por derechos de autor para la publicaci\u00f3n o, si no es posible, de indicar los derechos de autor del objeto respectivo. Los derechos de autor de cualquier material creado por el autor est\u00e1n reservados. No se permite la duplicaci\u00f3n o el uso de dichos diagramas, sonidos o textos en otras publicaciones electr\u00f3nicas o impresas sin el consentimiento del autor.\n<strong>Fuerza legal de esta exenci\u00f3n de responsabilidad<br \/>\n<\/strong>Esta exenci\u00f3n de responsabilidad debe considerarse como parte de la publicaci\u00f3n en Internet a la que se ha remitido. Si algunas secciones o formulaciones individuales de este texto no son legales o correctas, el contenido o la validez de las otras partes no se ver\u00e1n afectadas por este hecho.\n<strong>Pol\u00edtica general de privacidad<br \/>\n<\/strong>La pol\u00edtica general de privacidad del Grupo Andermatt AG se describe en el siguiente enlace: <a href=\"https:\/\/www.andermatt.com\/es\/politica-general-de-privacidad\/\">Pol\u00edtica general de confidencialidad - Andermatt Group AG<\/a>","protected":false},"excerpt":{"rendered":"<p>Pie de imprenta Andermatt Group AG Pie de imprenta Andermatt Group AG Forma jur\u00eddica: Aktiengesellschaft Stahlermatten 6 6146 Grossdietwil P: +41 62 552 40 00 F: +41 62 917 50 06 contact(at)andermatt.com www.andermatt.com Representantes autorizados N\u00famero de identificaci\u00f3n de IVA \/ empresa UID: CHE-401.638.354 Dise\u00f1o web flink think GmbH, Dise\u00f1o web y marketing online Este sitio web ha sido realizado por flinkthink.ch. La agencia [...]<\/p>","protected":false},"author":1,"featured_media":0,"parent":0,"menu_order":0,"comment_status":"closed","ping_status":"closed","template":"","meta":{"_acf_changed":false,"_seopress_robots_primary_cat":"","_seopress_titles_title":"","_seopress_titles_desc":"","_seopress_robots_index":"","_searchwp_excluded":"","_uag_custom_page_level_css":"","site-sidebar-layout":"default","site-content-layout":"default","ast-site-content-layout":"default","site-content-style":"default","site-sidebar-style":"default","ast-global-header-display":"","ast-banner-title-visibility":"","ast-main-header-display":"","ast-hfb-above-header-display":"","ast-hfb-below-header-display":"","ast-hfb-mobile-header-display":"","site-post-title":"disabled","ast-breadcrumbs-content":"","ast-featured-img":"","footer-sml-layout":"","ast-disable-related-posts":"","theme-transparent-header-meta":"default","adv-header-id-meta":"","stick-header-meta":"default","header-above-stick-meta":"","header-main-stick-meta":"","header-below-stick-meta":"","astra-migrate-meta-layouts":"default","ast-page-background-enabled":"default","ast-page-background-meta":{"desktop":{"background-color":"","background-image":"","background-repeat":"repeat","background-position":"center center","background-size":"auto","background-attachment":"scroll","background-type":"","background-media":"","overlay-type":"","overlay-color":"","overlay-opacity":"","overlay-gradient":""},"tablet":{"background-color":"","background-image":"","background-repeat":"repeat","background-position":"center center","background-size":"auto","background-attachment":"scroll","background-type":"","background-media":"","overlay-type":"","overlay-color":"","overlay-opacity":"","overlay-gradient":""},"mobile":{"background-color":"","background-image":"","background-repeat":"repeat","background-position":"center center","background-size":"auto","background-attachment":"scroll","background-type":"","background-media":"","overlay-type":"","overlay-color":"","overlay-opacity":"","overlay-gradient":""}},"ast-content-background-meta":{"desktop":{"background-color":"var(--ast-global-color-5)","background-image":"","background-repeat":"repeat","background-position":"center center","background-size":"auto","background-attachment":"scroll","background-type":"","background-media":"","overlay-type":"","overlay-color":"","overlay-opacity":"","overlay-gradient":""},"tablet":{"background-color":"var(--ast-global-color-5)","background-image":"","background-repeat":"repeat","background-position":"center center","background-size":"auto","background-attachment":"scroll","background-type":"","background-media":"","overlay-type":"","overlay-color":"","overlay-opacity":"","overlay-gradient":""},"mobile":{"background-color":"var(--ast-global-color-5)","background-image":"","background-repeat":"repeat","background-position":"center center","background-size":"auto","background-attachment":"scroll","background-type":"","background-media":"","overlay-type":"","overlay-color":"","overlay-opacity":"","overlay-gradient":""}},"footnotes":""},"class_list":["post-2955","page","type-page","status-publish","hentry"],"acf":[],"uagb_featured_image_src":{"full":false,"thumbnail":false,"medium":false,"medium_large":false,"large":false,"1536x1536":false,"2048x2048":false,"trp-custom-language-flag":false,"feature-size":false,"feature-size-gross":false,"header-size-small":false,"header-size":false,"mailpoet_newsletter_max":false},"uagb_author_info":{"display_name":"Michael Salzer","author_link":"https:\/\/www.andermatt.com\/es\/author\/ms_9mip9dui\/"},"uagb_comment_info":0,"uagb_excerpt":"Imprint Andermatt Group AG \u00a0 Imprint Andermatt Group AG Legal form: Aktiengesellschaft Stahlermatten 6 6146 Grossdietwil P: +41 62 552 40 00 F: +41 62 917 50 06 contact(at)andermatt.com www.andermatt.com Authorised representatives VAT \/ Enterprise Identification Number UID: CHE-401.638.354 Webdesign flink think GmbH, Webdesign &amp; Online Marketing This website was realized by flinkthink.ch. The agency&hellip;","_links":{"self":[{"href":"https:\/\/www.andermatt.com\/es\/wp-json\/wp\/v2\/pages\/2955","targetHints":{"allow":["GET"]}}],"collection":[{"href":"https:\/\/www.andermatt.com\/es\/wp-json\/wp\/v2\/pages"}],"about":[{"href":"https:\/\/www.andermatt.com\/es\/wp-json\/wp\/v2\/types\/page"}],"author":[{"embeddable":true,"href":"https:\/\/www.andermatt.com\/es\/wp-json\/wp\/v2\/users\/1"}],"replies":[{"embeddable":true,"href":"https:\/\/www.andermatt.com\/es\/wp-json\/wp\/v2\/comments?post=2955"}],"version-history":[{"count":13,"href":"https:\/\/www.andermatt.com\/es\/wp-json\/wp\/v2\/pages\/2955\/revisions"}],"predecessor-version":[{"id":6863,"href":"https:\/\/www.andermatt.com\/es\/wp-json\/wp\/v2\/pages\/2955\/revisions\/6863"}],"wp:attachment":[{"href":"https:\/\/www.andermatt.com\/es\/wp-json\/wp\/v2\/media?parent=2955"}],"curies":[{"name":"wp","href":"https:\/\/api.w.org\/{rel}","templated":true}]}}