{"id":2718,"date":"2021-11-09T14:11:42","date_gmt":"2021-11-09T13:11:42","guid":{"rendered":"https:\/\/www.andermatt.com\/?page_id=2718"},"modified":"2024-11-20T13:19:13","modified_gmt":"2024-11-20T12:19:13","slug":"jardin-de-casa","status":"publish","type":"page","link":"https:\/\/www.andermatt.com\/es\/jardin-de-casa\/","title":{"rendered":"Hogar y jard\u00edn"},"content":{"rendered":"<h1>Soluciones<\/h1>\t\t\t\n\t\t\t\t<h2>Hogar y Jard\u00edn<\/h2>\n\u00a0\n\u00a0\n\t\t\t<h3>Jardiner\u00eda ecol\u00f3gica para un medio ambiente sano.<\/h3>\t\t\t\n\t\t\t\t<p>Ofrecemos alternativas biol\u00f3gicas adecuadas a los productos qu\u00edmicos-sint\u00e9ticos convencionales utilizados en el jard\u00edn, el balc\u00f3n y el hogar. Con nuestros productos ayudamos a los jardineros aficionados a mantener jardines inspirados en la naturaleza y a cultivar alimentos sanos y sabrosos. Junto con nuestros clientes, contribuimos de forma decisiva a la conservaci\u00f3n de la biodiversidad.<\/p>\n\u00a0\n\t\t\t<a href=\"https:\/\/www.andermatt.com\/wp-content\/uploads\/2023\/11\/andermatt-portfolio-hg-2024.pdf\" target=\"_blank\" rel=\"noopener\">\n\t\t\t\t\t\tCartera de Casa y Jard\u00edn\n\t\t\t\t\t<\/a>","protected":false},"excerpt":{"rendered":"<p>Soluciones Hogar y Jard\u00edn Jardiner\u00eda ecol\u00f3gica para un entorno saludable. Ofrecemos alternativas biol\u00f3gicas adecuadas a los productos qu\u00edmicos-sint\u00e9ticos convencionales utilizados en el jard\u00edn, el balc\u00f3n y el hogar. Con nuestros productos ayudamos a los jardineros aficionados a mantener jardines inspirados en la naturaleza y a cultivar alimentos sanos y sabrosos. Junto con nuestros clientes, hacemos un aporte decisivo ...<\/p>","protected":false},"author":1,"featured_media":0,"parent":0,"menu_order":0,"comment_status":"closed","ping_status":"closed","template":"","meta":{"_acf_changed":false,"_seopress_robots_primary_cat":"","_seopress_titles_title":"","_seopress_titles_desc":"","_seopress_robots_index":"","_searchwp_excluded":"","_uag_custom_page_level_css":"","site-sidebar-layout":"default","site-content-layout":"page-builder","ast-site-content-layout":"default","site-content-style":"default","site-sidebar-style":"default","ast-global-header-display":"","ast-banner-title-visibility":"","ast-main-header-display":"","ast-hfb-above-header-display":"","ast-hfb-below-header-display":"","ast-hfb-mobile-header-display":"","site-post-title":"disabled","ast-breadcrumbs-content":"","ast-featured-img":"","footer-sml-layout":"","ast-disable-related-posts":"","theme-transparent-header-meta":"default","adv-header-id-meta":"","stick-header-meta":"default","header-above-stick-meta":"","header-main-stick-meta":"","header-below-stick-meta":"","astra-migrate-meta-layouts":"default","ast-page-background-enabled":"default","ast-page-background-meta":{"desktop":{"background-color":"","background-image":"","background-repeat":"repeat","background-position":"center center","background-size":"auto","background-attachment":"scroll","background-type":"","background-media":"","overlay-type":"","overlay-color":"","overlay-opacity":"","overlay-gradient":""},"tablet":{"background-color":"","background-image":"","background-repeat":"repeat","background-position":"center center","background-size":"auto","background-attachment":"scroll","background-type":"","background-media":"","overlay-type":"","overlay-color":"","overlay-opacity":"","overlay-gradient":""},"mobile":{"background-color":"","background-image":"","background-repeat":"repeat","background-position":"center center","background-size":"auto","background-attachment":"scroll","background-type":"","background-media":"","overlay-type":"","overlay-color":"","overlay-opacity":"","overlay-gradient":""}},"ast-content-background-meta":{"desktop":{"background-color":"var(--ast-global-color-5)","background-image":"","background-repeat":"repeat","background-position":"center center","background-size":"auto","background-attachment":"scroll","background-type":"","background-media":"","overlay-type":"","overlay-color":"","overlay-opacity":"","overlay-gradient":""},"tablet":{"background-color":"var(--ast-global-color-5)","background-image":"","background-repeat":"repeat","background-position":"center center","background-size":"auto","background-attachment":"scroll","background-type":"","background-media":"","overlay-type":"","overlay-color":"","overlay-opacity":"","overlay-gradient":""},"mobile":{"background-color":"var(--ast-global-color-5)","background-image":"","background-repeat":"repeat","background-position":"center center","background-size":"auto","background-attachment":"scroll","background-type":"","background-media":"","overlay-type":"","overlay-color":"","overlay-opacity":"","overlay-gradient":""}},"footnotes":""},"class_list":["post-2718","page","type-page","status-publish","hentry"],"acf":[],"uagb_featured_image_src":{"full":false,"thumbnail":false,"medium":false,"medium_large":false,"large":false,"1536x1536":false,"2048x2048":false,"trp-custom-language-flag":false,"feature-size":false,"feature-size-gross":false,"header-size-small":false,"header-size":false,"mailpoet_newsletter_max":false},"uagb_author_info":{"display_name":"Michael Salzer","author_link":"https:\/\/www.andermatt.com\/es\/author\/ms_9mip9dui\/"},"uagb_comment_info":0,"uagb_excerpt":"Solutions Home &amp; Garden \u00a0 \u00a0 Organic gardening for a healthy environment. We offer suitable biological alternatives to conventional chemical-synthetic products used in the garden, balcony and household. With our products we support hobby gardeners to maintain nature inspired gardens and to cultivate healthy and tasty food. Together with our customers, we make a decisive&hellip;","_links":{"self":[{"href":"https:\/\/www.andermatt.com\/es\/wp-json\/wp\/v2\/pages\/2718","targetHints":{"allow":["GET"]}}],"collection":[{"href":"https:\/\/www.andermatt.com\/es\/wp-json\/wp\/v2\/pages"}],"about":[{"href":"https:\/\/www.andermatt.com\/es\/wp-json\/wp\/v2\/types\/page"}],"author":[{"embeddable":true,"href":"https:\/\/www.andermatt.com\/es\/wp-json\/wp\/v2\/users\/1"}],"replies":[{"embeddable":true,"href":"https:\/\/www.andermatt.com\/es\/wp-json\/wp\/v2\/comments?post=2718"}],"version-history":[{"count":18,"href":"https:\/\/www.andermatt.com\/es\/wp-json\/wp\/v2\/pages\/2718\/revisions"}],"predecessor-version":[{"id":7361,"href":"https:\/\/www.andermatt.com\/es\/wp-json\/wp\/v2\/pages\/2718\/revisions\/7361"}],"wp:attachment":[{"href":"https:\/\/www.andermatt.com\/es\/wp-json\/wp\/v2\/media?parent=2718"}],"curies":[{"name":"wp","href":"https:\/\/api.w.org\/{rel}","templated":true}]}}