{"id":2089,"date":"2021-10-23T15:17:42","date_gmt":"2021-10-23T13:17:42","guid":{"rendered":"https:\/\/www.andermatt.com\/?page_id=2089"},"modified":"2021-11-29T09:56:32","modified_gmt":"2021-11-29T08:56:32","slug":"abeja-animal-salud","status":"publish","type":"page","link":"https:\/\/www.andermatt.com\/es\/abeja-animal-salud\/","title":{"rendered":"Salud de las abejas y los animales"},"content":{"rendered":"<h1>Soluciones<\/h1>\t\t\t\n\t\t\t\t<h2>Salud de las abejas y los animales<\/h2>\n\u00a0\n\t\t\t<h3>Salvar las abejas, salvar el mundo.<\/h3>\t\t\t\n\t\t\t\t<p>En la apicultura y la ganader\u00eda, los conceptos de gesti\u00f3n integrada de plagas contra los ectopar\u00e1sitos desempe\u00f1an un papel cada vez m\u00e1s importante. Ofrecemos soluciones basadas en ingredientes naturales. Los organismos beneficiosos, los extractos de plantas y los ingredientes activos id\u00e9nticos a los naturales se combinan de forma \u00f3ptima para su uso profesional con el ganado o las abejas.<\/p>\n\u00a0","protected":false},"excerpt":{"rendered":"<p>Soluciones Salud de las abejas y los animales Salvar las abejas, salvar el mundo. En la apicultura y la ganader\u00eda, los conceptos de gesti\u00f3n integrada de plagas contra los ectopar\u00e1sitos desempe\u00f1an un papel cada vez m\u00e1s importante. Ofrecemos soluciones basadas en ingredientes naturales. Organismos beneficiosos, extractos de plantas e ingredientes activos id\u00e9nticos a los naturales se combinan de forma \u00f3ptima para su uso profesional con el ganado o las abejas. \u00a0<\/p>","protected":false},"author":1,"featured_media":0,"parent":0,"menu_order":0,"comment_status":"closed","ping_status":"closed","template":"","meta":{"_acf_changed":false,"_seopress_robots_primary_cat":"","_seopress_titles_title":"","_seopress_titles_desc":"In livestock breeding, integrated pest management concepts against ectoparasites play an increasingly important role. We offer solutions based on natural ingredients. Beneficial organisms, plant extracts and nature-identical active ingredients are optimally combined for professional use with livestock or bees.","_seopress_robots_index":"","_searchwp_excluded":"","_uag_custom_page_level_css":"","site-sidebar-layout":"default","site-content-layout":"page-builder","ast-site-content-layout":"default","site-content-style":"default","site-sidebar-style":"default","ast-global-header-display":"","ast-banner-title-visibility":"","ast-main-header-display":"","ast-hfb-above-header-display":"","ast-hfb-below-header-display":"","ast-hfb-mobile-header-display":"","site-post-title":"disabled","ast-breadcrumbs-content":"","ast-featured-img":"","footer-sml-layout":"","ast-disable-related-posts":"","theme-transparent-header-meta":"default","adv-header-id-meta":"","stick-header-meta":"default","header-above-stick-meta":"","header-main-stick-meta":"","header-below-stick-meta":"","astra-migrate-meta-layouts":"default","ast-page-background-enabled":"default","ast-page-background-meta":{"desktop":{"background-color":"","background-image":"","background-repeat":"repeat","background-position":"center center","background-size":"auto","background-attachment":"scroll","background-type":"","background-media":"","overlay-type":"","overlay-color":"","overlay-opacity":"","overlay-gradient":""},"tablet":{"background-color":"","background-image":"","background-repeat":"repeat","background-position":"center center","background-size":"auto","background-attachment":"scroll","background-type":"","background-media":"","overlay-type":"","overlay-color":"","overlay-opacity":"","overlay-gradient":""},"mobile":{"background-color":"","background-image":"","background-repeat":"repeat","background-position":"center center","background-size":"auto","background-attachment":"scroll","background-type":"","background-media":"","overlay-type":"","overlay-color":"","overlay-opacity":"","overlay-gradient":""}},"ast-content-background-meta":{"desktop":{"background-color":"var(--ast-global-color-5)","background-image":"","background-repeat":"repeat","background-position":"center center","background-size":"auto","background-attachment":"scroll","background-type":"","background-media":"","overlay-type":"","overlay-color":"","overlay-opacity":"","overlay-gradient":""},"tablet":{"background-color":"var(--ast-global-color-5)","background-image":"","background-repeat":"repeat","background-position":"center center","background-size":"auto","background-attachment":"scroll","background-type":"","background-media":"","overlay-type":"","overlay-color":"","overlay-opacity":"","overlay-gradient":""},"mobile":{"background-color":"var(--ast-global-color-5)","background-image":"","background-repeat":"repeat","background-position":"center center","background-size":"auto","background-attachment":"scroll","background-type":"","background-media":"","overlay-type":"","overlay-color":"","overlay-opacity":"","overlay-gradient":""}},"footnotes":""},"class_list":["post-2089","page","type-page","status-publish","hentry"],"acf":[],"uagb_featured_image_src":{"full":false,"thumbnail":false,"medium":false,"medium_large":false,"large":false,"1536x1536":false,"2048x2048":false,"trp-custom-language-flag":false,"feature-size":false,"feature-size-gross":false,"header-size-small":false,"header-size":false,"mailpoet_newsletter_max":false},"uagb_author_info":{"display_name":"Michael Salzer","author_link":"https:\/\/www.andermatt.com\/es\/author\/ms_9mip9dui\/"},"uagb_comment_info":0,"uagb_excerpt":"Solutions Bee &amp; Animal Health \u00a0 Save the bees, save the world. In beekeeping and livestock breeding, integrated pest management concepts against ectoparasites play an increasingly important role. We offer solutions based on natural ingredients. Beneficial organisms, plant extracts and nature-identical active ingredients are optimally combined for professional use with livestock or bees. \u00a0","_links":{"self":[{"href":"https:\/\/www.andermatt.com\/es\/wp-json\/wp\/v2\/pages\/2089","targetHints":{"allow":["GET"]}}],"collection":[{"href":"https:\/\/www.andermatt.com\/es\/wp-json\/wp\/v2\/pages"}],"about":[{"href":"https:\/\/www.andermatt.com\/es\/wp-json\/wp\/v2\/types\/page"}],"author":[{"embeddable":true,"href":"https:\/\/www.andermatt.com\/es\/wp-json\/wp\/v2\/users\/1"}],"replies":[{"embeddable":true,"href":"https:\/\/www.andermatt.com\/es\/wp-json\/wp\/v2\/comments?post=2089"}],"version-history":[{"count":10,"href":"https:\/\/www.andermatt.com\/es\/wp-json\/wp\/v2\/pages\/2089\/revisions"}],"predecessor-version":[{"id":3030,"href":"https:\/\/www.andermatt.com\/es\/wp-json\/wp\/v2\/pages\/2089\/revisions\/3030"}],"wp:attachment":[{"href":"https:\/\/www.andermatt.com\/es\/wp-json\/wp\/v2\/media?parent=2089"}],"curies":[{"name":"wp","href":"https:\/\/api.w.org\/{rel}","templated":true}]}}