{"id":2,"date":"2021-02-02T14:58:01","date_gmt":"2021-02-02T13:58:01","guid":{"rendered":"https:\/\/www.andermatt.com\/?page_id=2"},"modified":"2026-01-22T15:04:00","modified_gmt":"2026-01-22T14:04:00","slug":"control-de-plagas-de-los-cultivos-2","status":"publish","type":"page","link":"https:\/\/www.andermatt.com\/es\/control-de-plagas-de-los-cultivos-2\/","title":{"rendered":"Producci\u00f3n agr\u00edcola"},"content":{"rendered":"<h1>Soluciones<\/h1>\t\t\t\n\t\t\t\t<h2>Producci\u00f3n agr\u00edcola<\/h2>\n\t\t\t<h3>Sustituimos qu\u00edmicos por alternativas biol\u00f3gicas<\/h3>\t\t\t\n\t\t\t\t<p>Desde 1988, estamos firmemente comprometidos con la b\u00fasqueda de soluciones biol\u00f3gicas eficaces y su puesta a disposici\u00f3n de los usuarios profesionales de todo el mundo. Explore nuestra amplia gama de productos fitosanitarios biol\u00f3gicos, estimuladores del crecimiento, organismos beneficiosos, sistemas de vigilancia, trampas para ratones, compuestos naturales y derivados de microorganismos.<\/p>\n\t\t\t<a href=\"https:\/\/www.andermatt.com\/wp-content\/uploads\/2025\/11\/andermatt_crop_production_portfolio_2026.pdf\" target=\"_blank\" rel=\"noopener\">\n\t\t\t\t\t\tCat\u00e1logo de Andermatt EN\n\t\t\t\t\t<\/a>","protected":false},"excerpt":{"rendered":"<p>Soluciones Producci\u00f3n de cultivos Sustituimos los productos qu\u00edmicos por alternativas biol\u00f3gicas eficaces. Desde 1988, nos hemos comprometido firmemente a encontrar soluciones biol\u00f3gicas eficaces y a ponerlas a disposici\u00f3n de los usuarios profesionales de todo el mundo. Explore nuestra amplia gama de productos fitosanitarios biol\u00f3gicos, estimuladores del crecimiento, organismos beneficiosos, sistemas de monitorizaci\u00f3n, trampas para ratones, compuestos naturales y derivados de microorganismos. Andermatt ...<\/p>","protected":false},"author":1,"featured_media":0,"parent":0,"menu_order":0,"comment_status":"closed","ping_status":"closed","template":"","meta":{"_acf_changed":false,"_seopress_robots_primary_cat":"","_seopress_titles_title":"","_seopress_titles_desc":"","_seopress_robots_index":"","_searchwp_excluded":"","_uag_custom_page_level_css":"","site-sidebar-layout":"default","site-content-layout":"page-builder","ast-site-content-layout":"full-width-container","site-content-style":"unboxed","site-sidebar-style":"unboxed","ast-global-header-display":"","ast-banner-title-visibility":"","ast-main-header-display":"","ast-hfb-above-header-display":"","ast-hfb-below-header-display":"","ast-hfb-mobile-header-display":"","site-post-title":"disabled","ast-breadcrumbs-content":"","ast-featured-img":"","footer-sml-layout":"","ast-disable-related-posts":"","theme-transparent-header-meta":"default","adv-header-id-meta":"","stick-header-meta":"default","header-above-stick-meta":"","header-main-stick-meta":"","header-below-stick-meta":"","astra-migrate-meta-layouts":"set","ast-page-background-enabled":"default","ast-page-background-meta":{"desktop":{"background-color":"","background-image":"","background-repeat":"repeat","background-position":"center center","background-size":"auto","background-attachment":"scroll","background-type":"","background-media":"","overlay-type":"","overlay-color":"","overlay-opacity":"","overlay-gradient":""},"tablet":{"background-color":"","background-image":"","background-repeat":"repeat","background-position":"center center","background-size":"auto","background-attachment":"scroll","background-type":"","background-media":"","overlay-type":"","overlay-color":"","overlay-opacity":"","overlay-gradient":""},"mobile":{"background-color":"","background-image":"","background-repeat":"repeat","background-position":"center center","background-size":"auto","background-attachment":"scroll","background-type":"","background-media":"","overlay-type":"","overlay-color":"","overlay-opacity":"","overlay-gradient":""}},"ast-content-background-meta":{"desktop":{"background-color":"var(--ast-global-color-5)","background-image":"","background-repeat":"repeat","background-position":"center center","background-size":"auto","background-attachment":"scroll","background-type":"","background-media":"","overlay-type":"","overlay-color":"","overlay-opacity":"","overlay-gradient":""},"tablet":{"background-color":"var(--ast-global-color-5)","background-image":"","background-repeat":"repeat","background-position":"center center","background-size":"auto","background-attachment":"scroll","background-type":"","background-media":"","overlay-type":"","overlay-color":"","overlay-opacity":"","overlay-gradient":""},"mobile":{"background-color":"var(--ast-global-color-5)","background-image":"","background-repeat":"repeat","background-position":"center center","background-size":"auto","background-attachment":"scroll","background-type":"","background-media":"","overlay-type":"","overlay-color":"","overlay-opacity":"","overlay-gradient":""}},"footnotes":""},"class_list":["post-2","page","type-page","status-publish","hentry"],"acf":[],"uagb_featured_image_src":{"full":false,"thumbnail":false,"medium":false,"medium_large":false,"large":false,"1536x1536":false,"2048x2048":false,"trp-custom-language-flag":false,"feature-size":false,"feature-size-gross":false,"header-size-small":false,"header-size":false,"mailpoet_newsletter_max":false},"uagb_author_info":{"display_name":"Michael Salzer","author_link":"https:\/\/www.andermatt.com\/es\/author\/ms_9mip9dui\/"},"uagb_comment_info":0,"uagb_excerpt":"Solutions Crop Production We replace chemicals with effective biological alternatives. Since 1988, we have been strongly committed to finding effective biological solutions and to making them available to professional users throughout the world. Explore our wide range of biological plant protection products, growth stimulators, beneficial organisms, monitoring systems, mouse traps, natural and micro\u2011organism-derived compounds. Andermatt&hellip;","_links":{"self":[{"href":"https:\/\/www.andermatt.com\/es\/wp-json\/wp\/v2\/pages\/2","targetHints":{"allow":["GET"]}}],"collection":[{"href":"https:\/\/www.andermatt.com\/es\/wp-json\/wp\/v2\/pages"}],"about":[{"href":"https:\/\/www.andermatt.com\/es\/wp-json\/wp\/v2\/types\/page"}],"author":[{"embeddable":true,"href":"https:\/\/www.andermatt.com\/es\/wp-json\/wp\/v2\/users\/1"}],"replies":[{"embeddable":true,"href":"https:\/\/www.andermatt.com\/es\/wp-json\/wp\/v2\/comments?post=2"}],"version-history":[{"count":33,"href":"https:\/\/www.andermatt.com\/es\/wp-json\/wp\/v2\/pages\/2\/revisions"}],"predecessor-version":[{"id":8977,"href":"https:\/\/www.andermatt.com\/es\/wp-json\/wp\/v2\/pages\/2\/revisions\/8977"}],"wp:attachment":[{"href":"https:\/\/www.andermatt.com\/es\/wp-json\/wp\/v2\/media?parent=2"}],"curies":[{"name":"wp","href":"https:\/\/api.w.org\/{rel}","templated":true}]}}