{"id":1915,"date":"2021-03-09T21:30:08","date_gmt":"2021-03-09T20:30:08","guid":{"rendered":"https:\/\/www.andermatt.com\/?page_id=1915"},"modified":"2026-04-10T11:59:32","modified_gmt":"2026-04-10T09:59:32","slug":"equipo","status":"publish","type":"page","link":"https:\/\/www.andermatt.com\/es\/equipo\/","title":{"rendered":"Equipo"},"content":{"rendered":"<h1>Nuestro equipo<\/h1>\t\t\t\n\t\t\t\t<p>Nuestros expertos apoyar\u00e1n a su empresa y le proporcionar\u00e1n las mejores soluciones y asesoramiento t\u00e9cnico<\/p>\n\t<a href=\"https:\/\/www.andermatt.com\/es\/sobre-nosotros\/\" target=\"_self\"  aria-label=\"Ir a https:\/\/www.andermatt.com\/about-us\/\"><\/a>\t\t\t\t\n\t\t\t<h3>Nuestra empresa<\/h3>\t\t\t\n\t\t\t\t<p>Visi\u00f3n, misi\u00f3n e historia de Andermatt<\/p>\n\t<a href=\"https:\/\/www.andermatt.com\/es\/carrera\/\" target=\"_self\"  aria-label=\"Ir a https:\/\/www.andermatt.com\/career\/\"><\/a>\t\t\t\t\n\t\t\t<h3>Carrera profesional<\/h3>\t\t\t\n\t\t\t\t<p>Buscamos nuevos talentos en todo el mundo<\/p>\n\t<a href=\"https:\/\/www.andermatt.com\/es\/filiales\/\" target=\"_self\"  aria-label=\"Visite https:\/\/www.andermatt.com\/subsidiaries\"><\/a>\t\t\t\t\n\t\t\t<h3>Filiales<\/h3>\t\t\t\n\t\t\t\t<p>Explore nuestra red de filiales<\/p>\n\t\t\t<h2>Equipo directivo<\/h2>\t\t\t\n\t\t\t\t<img decoding=\"async\" src=\"https:\/\/www.andermatt.com\/wp-content\/uploads\/2026\/01\/daniel-zingg.jpg\" alt=\"daniel zingg\" title=\"Daniel Zingg\" itemprop=\"image\"\/>\n\t\t\t\t \n\t\t<h3>Daniel Zingg<\/h3>CEO\n\t\t\t\t<a href=\"http:\/\/contact@andermatt.com\" target=\"_self\">\t\t\t\t\n\t\t<\/a>\t\t\t\t \n\t\t\t\t<img decoding=\"async\" src=\"https:\/\/www.andermatt.com\/wp-content\/uploads\/2026\/01\/silvana-niedermann.jpg\" alt=\"silvana niedermann\" title=\"Silvana Niedermann\" itemprop=\"image\"\/>\n\t\t\t\t \n\t\t<h3>Silvana Niedermann<\/h3>Director de Negocios Internacionales\n\t\t\t\t<a href=\"mailto:erich.frank@andermatt.com\" target=\"_self\">\t\t\t\t\n\t\t<\/a>\t\t\t\t \n\t\t\t\t<img decoding=\"async\" src=\"https:\/\/www.andermatt.com\/wp-content\/uploads\/2026\/01\/erwin-steinmann.jpg\" alt=\"erwin steinmann\" title=\"Erwin Steinmann\" itemprop=\"image\"\/>\n\t\t\t\t \n\t\t<h3>Erwin Steinmann<\/h3>CFO\n\t\t\t\t<a href=\"mailto:erwin.steinmann@andermatt.com\" target=\"_self\">\t\t\t\t\n\t\t<\/a>\t\t\t\t \n\t\t\t\t<img decoding=\"async\" src=\"https:\/\/www.andermatt.com\/wp-content\/uploads\/2026\/01\/erich-frank.jpg\" alt=\"erich frank\" title=\"Erich Frank\" itemprop=\"image\"\/>\n\t\t\t\t \n\t\t<h3>Erich Frank<\/h3>Director de Desarrollo de Negocio\n\t\t\t\t<a href=\"mailto:erich.frank@andermatt.com\" target=\"_self\">\t\t\t\t\n\t\t<\/a>\t\t\t\t \n\t\t\t\t<img decoding=\"async\" src=\"https:\/\/www.andermatt.com\/wp-content\/uploads\/2026\/01\/dr.-graeme-gowling.jpg\" alt=\"dr. graeme gowling\" title=\"Dr. Graeme Gowling\" itemprop=\"image\"\/>\n\t\t\t\t \n\t\t<h3>Dr. Graeme Gowling<\/h3>Director de Desarrollo de Negocio \n\t\t\t\t<a href=\"mailto:graeme.gowling@andermatt.com\" target=\"_self\">\t\t\t\t\n\t\t<\/a>\t\t\t\t \n\t\t\t\t<img decoding=\"async\" src=\"https:\/\/www.andermatt.com\/wp-content\/uploads\/2026\/01\/felix-dubach.jpg\" alt=\"felix dubach\" title=\"Felix Dubach\" itemprop=\"image\"\/>\n\t\t\t\t \n\t\t<h3>Felix Dubach<\/h3>Director de Iniciativas Corporativas\n\t\t\t\t<a href=\"mailto:felix.dubach@andermatt.com\" target=\"_self\">\t\t\t\t\n\t\t<\/a>\t\t\t\t \n\t\t\t\t<img decoding=\"async\" src=\"https:\/\/www.andermatt.com\/wp-content\/uploads\/2026\/01\/dr.-brendon-neumann.jpg\" alt=\"dr. brendon neumann\" title=\"Dr. Brendon Neumann\" itemprop=\"image\"\/>\n\t\t\t\t \n\t\t<h3>Dr. Brendon Neumann<\/h3>Director de la cartera de productos\n\t\t\t\t<a href=\"http:\/\/brendon.neumann@andermatt.co.za\" target=\"_self\">\t\t\t\t\n\t\t<\/a>\t\t\t\t \n\t\t\t<h2>Desarrollo del mercado internacional<\/h2>\t\t\t\n\t\t\t\t<p>Damos gran importancia a las relaciones a largo plazo con los clientes. Nuestro equipo de marketing internacional ofrece asesoramiento, formaci\u00f3n t\u00e9cnica y apoyo continuos a nuestros socios. Si est\u00e1 interesado en convertirse en nuestro nuevo socio de distribuci\u00f3n, p\u00f3ngase en contacto con nuestro director de \u00e1rea responsable del desarrollo del mercado en su regi\u00f3n.<\/p>\n\t\t\t\t<img decoding=\"async\" src=\"https:\/\/www.andermatt.com\/wp-content\/uploads\/2026\/01\/silvana-niedermann.jpg\" alt=\"silvana niedermann\" title=\"Silvana Niedermann\" itemprop=\"image\"\/>\n\t\t\t\t \n\t\t<h3>Silvana Niedermann<\/h3>Director de Negocio Internacional\nMaterias primas\t\t\t\t\t\t\t\n\t\t\t\t<a href=\"mailto:contact@andermatt.com\" target=\"_self\">\t\t\t\t\n\t\t<\/a>\t\t\t\t \n\t\t\t\t<img decoding=\"async\" src=\"https:\/\/www.andermatt.com\/wp-content\/uploads\/2026\/01\/patrick-meyer.jpg\" alt=\"patrick meyer\" title=\"Patrick Meyer\" itemprop=\"image\"\/>\n\t\t\t\t \n\t\t<h3>Patrick Meyer<\/h3>Jefe de Desarrollo de Mercados Internacionales\nAm\u00e9rica del Sur \t\t\t\t\t\t\t\n\t\t\t\t<a href=\"mailto:contact@andermatt.com\" target=\"_blank\" rel=\"noopener\">\t\t\t\t\n\t\t<\/a>\t\t\t\t \n\t\t\t\t<img decoding=\"async\" src=\"https:\/\/www.andermatt.com\/wp-content\/uploads\/2026\/01\/andre-fox.jpg\" alt=\"andre fox\" title=\"Andre Fox\" itemprop=\"image\"\/>\n\t\t\t\t \n\t\t<h3>Andre Fox<\/h3>Director de Desarrollo de Negocio\nAsia Pac\u00edfico\t\t\t\t\t\t\t\n\t\t\t\t<a href=\"mailto:contact@andermatt.com\" target=\"_self\">\t\t\t\t\n\t\t<\/a>\t\t\t\t \n\t\t\t\t<img decoding=\"async\" src=\"https:\/\/www.andermatt.com\/wp-content\/uploads\/2026\/02\/alina-piven.jpg\" alt=\"alina piven\" title=\"Alina Piven\" itemprop=\"image\"\/>\n\t\t\t\t \n\t\t<h3>Alina Piven<\/h3>Director de Desarrollo de Negocio\nEuropa y Asia Central\t\t\t\t\t\t\t\n\t\t\t\t<a href=\"mailto:contact@andermatt.com\" target=\"_self\">\t\t\t\t\n\t\t<\/a>\t\t\t\t \n\t\t\t\t<img decoding=\"async\" src=\"https:\/\/www.andermatt.com\/wp-content\/uploads\/2026\/02\/bedran-el-akiki.jpg\" alt=\"bedran el akiki\" title=\"Bedran El Akiki\" itemprop=\"image\"\/>\n\t\t\t\t \n\t\t<h3>Bedran El Akiki<\/h3>Director de Desarrollo de Negocio\nMENA (Oriente Medio y Norte de \u00c1frica)\t\t\t\t\t\t\t\n\t\t\t\t<a href=\"mailto:contact@andermatt.com\" target=\"_self\">\t\t\t\t\n\t\t<\/a>\t\t\t\t \n\t\t\t<h2>Asuntos reglamentarios<\/h2>\t\t\t\n\t\t\t\t<p>Los problemas de registro no intimidan a nuestros especialistas en regulaci\u00f3n: siempre est\u00e1n disponibles para ayudar a nuestros distribuidores y filiales.<\/p>\n\t\t\t\t<img decoding=\"async\" src=\"https:\/\/www.andermatt.com\/wp-content\/uploads\/2026\/01\/dr.-deborah-meier.jpg\" alt=\"Dra. Deborah Meier\" title=\"Dra. Deborah Meier\" itemprop=\"image\"\/>\n\t\t\t\t \n\t\t<h3>Dra. Deborah Meier<\/h3>Jefe de Asuntos Reglamentarios\n\t\t\t\t<a href=\"mailto:regulatory@andermatt.com\" target=\"_self\">\t\t\t\t\n\t\t<\/a>\t\t\t\t \n\t\t\t\t<img decoding=\"async\" src=\"https:\/\/www.andermatt.com\/wp-content\/uploads\/2026\/01\/dr.-ingrid-kassner.jpg\" alt=\"dr. ingrid kassner\" title=\"Dra. Ingrid Kassner\" itemprop=\"image\"\/>\n\t\t\t\t \n\t\t<h3>Dra. Ingrid Kassner<\/h3>Director de Asuntos Regulatorios\n\t\t\t\t<a href=\"mailto:regulatory@andermatt.com\" target=\"_self\">\t\t\t\t\n\t\t<\/a>\t\t\t\t \n\t\t\t\t<img decoding=\"async\" src=\"https:\/\/www.andermatt.com\/wp-content\/uploads\/2026\/01\/lisa-bochsler.jpg\" alt=\"lisa bochsler\" title=\"Lisa Bochsler\" itemprop=\"image\"\/>\n\t\t\t\t \n\t\t<h3>Lisa Bochsler<\/h3>Director de Asuntos Regulatorios\n\t\t\t\t<a href=\"mailto:regulatory@andermatt.com\" target=\"_self\">\t\t\t\t\n\t\t<\/a>\t\t\t\t \n\t\t\t\t<img decoding=\"async\" src=\"https:\/\/www.andermatt.com\/wp-content\/uploads\/2026\/01\/dr.-florian-cueni.jpg\" alt=\"dr. florian cueni\" title=\"Dr. Florian Cueni\" itemprop=\"image\"\/>\n\t\t\t\t \n\t\t<h3>Dr. Florian Cueni<\/h3>Director de Asuntos Regulatorios\n\t\t\t\t<a href=\"mailto:regulatory@andermatt.com\" target=\"_self\">\t\t\t\t\n\t\t<\/a>\t\t\t\t \n\t\t\t\t<img decoding=\"async\" src=\"https:\/\/www.andermatt.com\/wp-content\/uploads\/2026\/01\/dr.-lena-wagenknecht.jpg\" alt=\"dr. lena wagenknecht\" title=\"Dra. Lena Wagenknecht\" itemprop=\"image\"\/>\n\t\t\t\t \n\t\t<h3>Dra. Lena Wagenknecht<\/h3>Director de Asuntos Regulatorios\n\t\t\t\t<a href=\"mailto:regulatory@andermatt.com\" target=\"_self\">\t\t\t\t\n\t\t<\/a>\t\t\t\t \n\t\t\t\t<img decoding=\"async\" src=\"https:\/\/www.andermatt.com\/wp-content\/uploads\/2026\/01\/dr.-teresa-vaello.jpg\" alt=\"dr. teresa vaello\" title=\"Dra. Teresa Vaello\" itemprop=\"image\"\/>\n\t\t\t\t \n\t\t<h3>Dra. Teresa Vaello<\/h3>Director de Asuntos Regulatorios\n\t\t\t\t<a href=\"mailto:regulatory@andermatt.com\" target=\"_self\">\t\t\t\t\n\t\t<\/a>\t\t\t\t \n\t\t\t\t<img decoding=\"async\" src=\"https:\/\/www.andermatt.com\/wp-content\/uploads\/2026\/01\/matteo-galli.jpg\" alt=\"matteo galli\" title=\"Matteo Galli\" itemprop=\"image\"\/>\n\t\t\t\t \n\t\t<h3>Dr. Matteo Galli<\/h3>Director de Asuntos Regulatorios\n\t\t\t\t<a href=\"mailto:regulatory@andermatt.com\" target=\"_self\">\t\t\t\t\n\t\t<\/a>\t\t\t\t \n\t\t\t<h2>Comercio exterior<\/h2>\t\t\t\n\t\t\t\t<p>Pueden ocurrir muchas cosas en el camino de una mercanc\u00eda desde el fabricante hasta el cliente, e incluso despu\u00e9s del suministro. Nuestro competente equipo de ventas le ayudar\u00e1 a resolver cualquier problema comercial de forma r\u00e1pida y profesional.<\/p>\n\t\t\t\t<img decoding=\"async\" src=\"https:\/\/www.andermatt.com\/wp-content\/uploads\/2026\/01\/vera-hug.jpg\" alt=\"abrazo de vera\" title=\"Abrazo de Vera\" itemprop=\"image\"\/>\n\t\t\t\t \n\t\t<h3>Abrazo de Vera<\/h3>Jefe de Comercio Exterior\n\t\t\t\t<a href=\"mailto:contact@andermatt.com\" target=\"_self\">\t\t\t\t\n\t\t<\/a>\t\t\t\t \n\t\t\t\t<img decoding=\"async\" src=\"https:\/\/www.andermatt.com\/wp-content\/uploads\/2026\/02\/erjan-simonaj-.jpg\" alt=\"erjan simonaj\u00a0\u00a0\" title=\"Erjan Simonaj\u00a0\u00a0\" itemprop=\"image\"\/>\n\t\t\t\t \n\t\t<h3>Erjan Simonaj<\/h3>Coordinador de Comercio Exterior\n\t\t\t\t<a href=\"mailto:contact@andermatt.com\" target=\"_self\">\t\t\t\t\n\t\t<\/a>\t\t\t\t \n\t\t\t<h2>Servicios Ejecutivos y Corporativos<\/h2>\t\t\t\n\t\t\t\t<img decoding=\"async\" src=\"https:\/\/www.andermatt.com\/wp-content\/uploads\/2026\/01\/nicole-stockli.jpg\" alt=\"nicole st\u00f6ckli\" title=\"Nicole St\u00f6ckli\" itemprop=\"image\"\/>\n\t\t\t\t \n\t\t<h3>Nicole St\u00f6ckli<\/h3>Asistente Ejecutiva y del Consejo\n\t\t\t\t<a href=\"mailto:contact@andermatt.com\" target=\"_self\">\t\t\t\t\n\t\t<\/a>\t\t\t\t \n\t\t\t\t<img decoding=\"async\" src=\"https:\/\/www.andermatt.com\/wp-content\/uploads\/2026\/01\/cindy-omlin.jpg\" alt=\"cindy omlin\" title=\"Cindy Omlin\" itemprop=\"image\"\/>\n\t\t\t\t \n\t\t<h3>Cindy Omlin<\/h3>Jefe de Cumplimiento\n\t\t\t\t<a href=\"mailto:contact@andermatt.com\" target=\"_self\">\t\t\t\t\n\t\t<\/a>\t\t\t\t \n\t\t\t\t<img decoding=\"async\" src=\"https:\/\/www.andermatt.com\/wp-content\/uploads\/2026\/02\/donvae-hooker.jpg\" alt=\"donvae hooker\" title=\"Donvae Hooker\" itemprop=\"image\"\/>\n\t\t\t\t \n\t\t<h3>Donvae Hooker<\/h3>Grupo Marketing y Comunicaci\u00f3n\n\t\t\t\t<a href=\"mailto:contact@andermatt.com\" target=\"_self\">\t\t\t\t\n\t\t<\/a>\t\t\t\t \n\t\t\t<h2>Gesti\u00f3n de la cartera<\/h2>\t\t\t\n\t\t\t\t<img decoding=\"async\" src=\"https:\/\/www.andermatt.com\/wp-content\/uploads\/2026\/01\/dr.-brendon-neumann.jpg\" alt=\"dr. brendon neumann\" title=\"Dr. Brendon Neumann\" itemprop=\"image\"\/>\n\t\t\t\t \n\t\t<h3>Dr. Brendon Neumann<\/h3>Director de la cartera de productos\n\t\t\t\t<a href=\"mailto:brendon.neumann@andermatt.co.za\" target=\"_self\">\t\t\t\t\n\t\t<\/a>\t\t\t\t \n\t\t\t\t<img decoding=\"async\" src=\"https:\/\/www.andermatt.com\/wp-content\/uploads\/2026\/01\/matthias-kohler.jpg\" alt=\"matthias kohler\" title=\"Matthias Kohler\" itemprop=\"image\"\/>\n\t\t\t\t \n\t\t<h3>Matthias Kohler<\/h3>Gestor de la cartera de productos\nHogar y Jard\u00edn\t\t\t\t\t\t\t\n\t\t\t\t<a href=\"mailto:Matthias.Kohler@biogarten.ch\" target=\"_self\">\t\t\t\t\n\t\t<\/a>\t\t\t\t \n\t\t\t\t<img decoding=\"async\" src=\"https:\/\/www.andermatt.com\/wp-content\/uploads\/2026\/04\/raya.jpg\" alt=\"raya\" title=\"RaYa\" itemprop=\"image\"\/>\n\t\t\t\t \n\t\t<h3>Rafael Yanguas<\/h3>Responsable de la cartera de productos\nProducci\u00f3n de cultivos - Biofungicidas\t\t\t\t\t\t\t\n\t\t\t\t<a href=\"mailto:graeme.gowling@andermatt.com\" target=\"_self\">\t\t\t\t\n\t\t<\/a>\t\t\t\t \n\t\t\t\t<img decoding=\"async\" src=\"https:\/\/www.andermatt.com\/wp-content\/uploads\/2026\/01\/urs-fanger.jpg\" alt=\"nuestro colmillo\" title=\"Urs Fanger\" itemprop=\"image\"\/>\n\t\t\t\t \n\t\t<h3>Urs Fanger<\/h3>Director de la cartera de productos\nSalud de las abejas y los animales\t\t\t\t\t\t\t\n\t\t\t\t<a href=\"mailto:Ralph.Schmidgall@biovet.ch\" target=\"_self\">\t\t\t\t\n\t\t<\/a>\t\t\t\t \n\t\t\t\t<img decoding=\"async\" src=\"https:\/\/www.andermatt.com\/wp-content\/uploads\/2026\/04\/gusi-scaled.jpg\" alt=\"gusi\" title=\"GuSi\" itemprop=\"image\"\/>\n\t\t\t\t \n\t\t<h3>Guillaume Simon<\/h3>Jefe de cartera de productos\nProducci\u00f3n de cultivos - Bioinsecticidas \t\t\t\t\t\t\t\n\t\t\t\t<a href=\"mailto:Matthias.Kohler@biogarten.ch\" target=\"_self\">\t\t\t\t\n\t\t<\/a>","protected":false},"excerpt":{"rendered":"<p>Nuestro equipo Nuestros expertos apoyar\u00e1n su negocio y le proporcionar\u00e1n las mejores soluciones y asesoramiento t\u00e9cnico Nuestra empresa Visi\u00f3n, misi\u00f3n e historia de Andermatt Carrera Buscamos nuevos talentos en todo el mundo Filiales Explore nuestra red de filiales Equipo directivo Daniel Zingg CEO Erich Frank Director de Desarrollo de Negocio Erwin Steinmann CFO Felix Dubach Director de Negocio Internacional Dr. ...<\/p>","protected":false},"author":1,"featured_media":0,"parent":0,"menu_order":0,"comment_status":"closed","ping_status":"closed","template":"","meta":{"_acf_changed":false,"_seopress_robots_primary_cat":"","_seopress_titles_title":"","_seopress_titles_desc":"","_seopress_robots_index":"","_searchwp_excluded":"","_uag_custom_page_level_css":"","site-sidebar-layout":"default","site-content-layout":"default","ast-site-content-layout":"default","site-content-style":"default","site-sidebar-style":"default","ast-global-header-display":"","ast-banner-title-visibility":"","ast-main-header-display":"","ast-hfb-above-header-display":"","ast-hfb-below-header-display":"","ast-hfb-mobile-header-display":"","site-post-title":"disabled","ast-breadcrumbs-content":"","ast-featured-img":"","footer-sml-layout":"","ast-disable-related-posts":"","theme-transparent-header-meta":"default","adv-header-id-meta":"","stick-header-meta":"default","header-above-stick-meta":"","header-main-stick-meta":"","header-below-stick-meta":"","astra-migrate-meta-layouts":"set","ast-page-background-enabled":"default","ast-page-background-meta":{"desktop":{"background-color":"","background-image":"","background-repeat":"repeat","background-position":"center center","background-size":"auto","background-attachment":"scroll","background-type":"","background-media":"","overlay-type":"","overlay-color":"","overlay-opacity":"","overlay-gradient":""},"tablet":{"background-color":"","background-image":"","background-repeat":"repeat","background-position":"center center","background-size":"auto","background-attachment":"scroll","background-type":"","background-media":"","overlay-type":"","overlay-color":"","overlay-opacity":"","overlay-gradient":""},"mobile":{"background-color":"","background-image":"","background-repeat":"repeat","background-position":"center center","background-size":"auto","background-attachment":"scroll","background-type":"","background-media":"","overlay-type":"","overlay-color":"","overlay-opacity":"","overlay-gradient":""}},"ast-content-background-meta":{"desktop":{"background-color":"var(--ast-global-color-5)","background-image":"","background-repeat":"repeat","background-position":"center center","background-size":"auto","background-attachment":"scroll","background-type":"","background-media":"","overlay-type":"","overlay-color":"","overlay-opacity":"","overlay-gradient":""},"tablet":{"background-color":"var(--ast-global-color-5)","background-image":"","background-repeat":"repeat","background-position":"center center","background-size":"auto","background-attachment":"scroll","background-type":"","background-media":"","overlay-type":"","overlay-color":"","overlay-opacity":"","overlay-gradient":""},"mobile":{"background-color":"var(--ast-global-color-5)","background-image":"","background-repeat":"repeat","background-position":"center center","background-size":"auto","background-attachment":"scroll","background-type":"","background-media":"","overlay-type":"","overlay-color":"","overlay-opacity":"","overlay-gradient":""}},"footnotes":""},"class_list":["post-1915","page","type-page","status-publish","hentry"],"acf":[],"uagb_featured_image_src":{"full":false,"thumbnail":false,"medium":false,"medium_large":false,"large":false,"1536x1536":false,"2048x2048":false,"trp-custom-language-flag":false,"feature-size":false,"feature-size-gross":false,"header-size-small":false,"header-size":false,"mailpoet_newsletter_max":false},"uagb_author_info":{"display_name":"Michael Salzer","author_link":"https:\/\/www.andermatt.com\/es\/author\/ms_9mip9dui\/"},"uagb_comment_info":0,"uagb_excerpt":"Our Team Our experts will support your business and provide the best solutions and technical advice Our Company Vision, mission and history of Andermatt Career We look for new talents worldwide Subsidiaries Explore our subsidiaries network Management Team Daniel Zingg CEO Silvana Niedermann Director International Business Erwin Steinmann CFO Erich Frank Director Business Development Dr.&hellip;","_links":{"self":[{"href":"https:\/\/www.andermatt.com\/es\/wp-json\/wp\/v2\/pages\/1915","targetHints":{"allow":["GET"]}}],"collection":[{"href":"https:\/\/www.andermatt.com\/es\/wp-json\/wp\/v2\/pages"}],"about":[{"href":"https:\/\/www.andermatt.com\/es\/wp-json\/wp\/v2\/types\/page"}],"author":[{"embeddable":true,"href":"https:\/\/www.andermatt.com\/es\/wp-json\/wp\/v2\/users\/1"}],"replies":[{"embeddable":true,"href":"https:\/\/www.andermatt.com\/es\/wp-json\/wp\/v2\/comments?post=1915"}],"version-history":[{"count":11,"href":"https:\/\/www.andermatt.com\/es\/wp-json\/wp\/v2\/pages\/1915\/revisions"}],"predecessor-version":[{"id":9357,"href":"https:\/\/www.andermatt.com\/es\/wp-json\/wp\/v2\/pages\/1915\/revisions\/9357"}],"wp:attachment":[{"href":"https:\/\/www.andermatt.com\/es\/wp-json\/wp\/v2\/media?parent=1915"}],"curies":[{"name":"wp","href":"https:\/\/api.w.org\/{rel}","templated":true}]}}