{"id":1869,"date":"2021-02-18T13:31:46","date_gmt":"2021-02-18T12:31:46","guid":{"rendered":"https:\/\/www.andermatt.com\/?page_id=1869"},"modified":"2025-04-04T12:45:02","modified_gmt":"2025-04-04T10:45:02","slug":"filiales","status":"publish","type":"page","link":"https:\/\/www.andermatt.com\/es\/filiales\/","title":{"rendered":"Filiales"},"content":{"rendered":"<h1>Filiales<\/h1>\t\t\t\n\t<a href=\"https:\/\/www.andermatt.com\/es\/equipo\/\" target=\"_self\"  aria-label=\"Ir a https:\/\/www.andermatt.com\/team\/\"><\/a>\t\t\t\t\n\t\t\t<h3>Equipo<\/h3>\t\t\t\n\t\t\t\t<p>Nuestros expertos proporcionan el mejor soporte t\u00e9cnico<\/p>\n\t<a href=\"https:\/\/www.andermatt.com\/es\/carrera\/\" target=\"_self\"  aria-label=\"Ir a https:\/\/www.andermatt.com\/career\/\"><\/a>\t\t\t\t\n\t\t\t<h3>Carrera profesional<\/h3>\t\t\t\n\t\t\t\t<p>Buscamos nuevos talentos en todo el mundo<\/p>\n\t<a href=\"https:\/\/www.andermatt.com\/es\/sobre-nosotros\/\" target=\"_self\"  aria-label=\"Ir a https:\/\/www.andermatt.com\/about-us\/\"><\/a>\t\t\t\t\n\t\t\t<h3>Nuestra empresa<\/h3>\t\t\t\n\t\t\t\t<p>Visi\u00f3n, misi\u00f3n e historia de Andermatt<\/p>\n\t\t\t<h2>Filiales del Grupo Andermatt<\/h2>\t\t\t\n\t\t\t\t<p>Una red mundial que ofrece una creciente gama de soluciones y servicios biol\u00f3gicos<\/p>\n<style>:root{--wpgb-accent-scheme-1:#008B6C;--wpgb-dark-scheme-1:#444444;--wpgb-dark-scheme-2:#777777;--wpgb-dark-scheme-3:#999999;--wpgb-light-scheme-1:#ffffff;--wpgb-light-scheme-2:#f6f6f6;--wpgb-light-scheme-3:#f5f5f5;}<\/style><!-- Gridbuilder \u1d42\u1d3e Plugin (https:\/\/wpgridbuilder.com) -->\n\t\t\t<article data-col=\"1\" data-row=\"1\" data-format=\"standard\"><strong>Andermatt Biocontrol Suisse<\/strong><br \/>\nStahlermatten 6<br \/>\n6146 Grossdietwil<a target=\"_blank\" rel=\"external noopener noreferrer\" href=\"https:\/\/www.biocontrol.ch\/\">https:\/\/www.biocontrol.ch\/<\/a><a href=\"mailto:&#115;al&#101;s&#064;bi&#111;co&#110;t&#114;&#111;l&#046;&#099;h\">sales@biocontrol.ch<\/a><\/article><article data-col=\"1\" data-row=\"1\" data-format=\"standard\"><strong>Biojard\u00edn de Andermatt<\/strong><br \/>\nStahlermatten 6<br \/>\n6146 Grossdietwil<a target=\"_blank\" rel=\"external noopener noreferrer\" href=\"https:\/\/www.biogarten.ch\/\">https:\/\/www.biogarten.ch\/<\/a><a href=\"mailto:i&#110;&#102;o&#064;&#098;&#105;&#111;&#103;ar&#116;en.ch\">info@biogarten.ch<\/a><\/article><article data-col=\"1\" data-row=\"1\" data-format=\"standard\"><strong>Andermatt BioVet<\/strong><br \/>\nStahlermatten 6<br \/>\n6146 Grossdietwil<a target=\"_blank\" rel=\"external noopener noreferrer\" href=\"https:\/\/www.biovet.ch\/\">https:\/\/www.biovet.ch\/<\/a><a href=\"mailto:info&#064;biov&#101;t&#046;&#099;&#104;\">info@biovet.ch<\/a><\/article>\t\t\n\t<button type=\"button\" aria-label=\"Diapositiva anterior\" hidden>\n\t<\/button>\n<button type=\"button\" aria-label=\"Siguiente diapositiva\" hidden>\n\t<\/button>\n<style id='wpgb-style-inline-css'>\n:root{--wpgb-accent-scheme-1:#008B6C;--wpgb-dark-scheme-1:#444444;--wpgb-dark-scheme-2:#777777;--wpgb-dark-scheme-3:#999999;--wpgb-light-scheme-1:#ffffff;--wpgb-light-scheme-2:#f6f6f6;--wpgb-light-scheme-3:#f5f5f5;--wpgb-lightbox-background:linear-gradient(180deg, rgba(30,30,30,0.45) 0%, rgba(30,30,30,0.9) 100%);--wpgb-lightbox-controls:#ffffff;--wpgb-lightbox-spinner:#ffffff;--wpgb-lightbox-title:#ffffff;--wpgb-lightbox-desc:#bbbbbb;}@media all and (-ms-high-contrast:none), (-ms-high-contrast:active){.wpgb-grid-8:not(.wpgb-enabled) .wpgb-viewport>div{margin:0 -10px}.wpgb-grid-8:not(.wpgb-enabled) .wpgb-card{width:calc(( 100% - 3 * 40px ) \/ 3 - 0.1px);margin:20px}}.wpgb-grid-8:not(.wpgb-enabled) .wpgb-viewport>div{grid-template-columns: repeat(3, 1fr);grid-gap:40px}@media screen and (max-width: 1200px){@media all and (-ms-high-contrast:none), (-ms-high-contrast:active){.wpgb-grid-8:not(.wpgb-enabled) .wpgb-viewport>div{margin:0 -10px}.wpgb-grid-8:not(.wpgb-enabled) .wpgb-card{width:calc(( 100% - 3 * 40px ) \/ 3 - 0.1px);margin:20px}}.wpgb-grid-8:not(.wpgb-enabled) .wpgb-viewport>div{grid-template-columns: repeat(3, 1fr);grid-gap:40px}.wp-grid-builder.wpgb-grid-8:not(.wpgb-enabled) .wpgb-card[data-col=\"3\"],.wp-grid-builder.wpgb-grid-8:not(.wpgb-enabled) .wpgb-card[data-col=\"4\"],.wp-grid-builder.wpgb-grid-8:not(.wpgb-enabled) .wpgb-card[data-col=\"5\"],.wp-grid-builder.wpgb-grid-8:not(.wpgb-enabled) .wpgb-card[data-col=\"6\"],.wp-grid-builder.wpgb-grid-8:not(.wpgb-enabled) .wpgb-card[data-col=\"7\"],.wp-grid-builder.wpgb-grid-8:not(.wpgb-enabled) .wpgb-card[data-col=\"8\"],.wp-grid-builder.wpgb-grid-8:not(.wpgb-enabled) .wpgb-card[data-col=\"9\"],.wp-grid-builder.wpgb-grid-8:not(.wpgb-enabled) .wpgb-card[data-col=\"10\"],.wp-grid-builder.wpgb-grid-8:not(.wpgb-enabled) .wpgb-card[data-col=\"11\"]{grid-column: span 3}}@media screen and (max-width: 992px){@media all and (-ms-high-contrast:none), (-ms-high-contrast:active){.wpgb-grid-8:not(.wpgb-enabled) .wpgb-viewport>div{margin:0 -10px}.wpgb-grid-8:not(.wpgb-enabled) .wpgb-card{width:calc(( 100% - 2 * 40px ) \/ 2 - 0.1px);margin:20px}}.wpgb-grid-8:not(.wpgb-enabled) .wpgb-viewport>div{grid-template-columns: repeat(2, 1fr);grid-gap:40px}.wp-grid-builder.wpgb-grid-8:not(.wpgb-enabled) .wpgb-card[data-col=\"2\"],.wp-grid-builder.wpgb-grid-8:not(.wpgb-enabled) .wpgb-card[data-col=\"3\"],.wp-grid-builder.wpgb-grid-8:not(.wpgb-enabled) .wpgb-card[data-col=\"4\"],.wp-grid-builder.wpgb-grid-8:not(.wpgb-enabled) .wpgb-card[data-col=\"5\"],.wp-grid-builder.wpgb-grid-8:not(.wpgb-enabled) .wpgb-card[data-col=\"6\"],.wp-grid-builder.wpgb-grid-8:not(.wpgb-enabled) .wpgb-card[data-col=\"7\"],.wp-grid-builder.wpgb-grid-8:not(.wpgb-enabled) .wpgb-card[data-col=\"8\"],.wp-grid-builder.wpgb-grid-8:not(.wpgb-enabled) .wpgb-card[data-col=\"9\"],.wp-grid-builder.wpgb-grid-8:not(.wpgb-enabled) .wpgb-card[data-col=\"10\"],.wp-grid-builder.wpgb-grid-8:not(.wpgb-enabled) .wpgb-card[data-col=\"11\"]{grid-column: span 2}}@media screen and (max-width: 768px){@media all and (-ms-high-contrast:none), (-ms-high-contrast:active){.wpgb-grid-8:not(.wpgb-enabled) .wpgb-viewport>div{margin:0 -10px}.wpgb-grid-8:not(.wpgb-enabled) .wpgb-card{width:calc(( 100% - 2 * 40px ) \/ 2 - 0.1px);margin:20px}}.wpgb-grid-8:not(.wpgb-enabled) .wpgb-viewport>div{grid-template-columns: repeat(2, 1fr);grid-gap:40px}.wp-grid-builder.wpgb-grid-8:not(.wpgb-enabled) .wpgb-card[data-col=\"2\"],.wp-grid-builder.wpgb-grid-8:not(.wpgb-enabled) .wpgb-card[data-col=\"3\"],.wp-grid-builder.wpgb-grid-8:not(.wpgb-enabled) .wpgb-card[data-col=\"4\"],.wp-grid-builder.wpgb-grid-8:not(.wpgb-enabled) .wpgb-card[data-col=\"5\"],.wp-grid-builder.wpgb-grid-8:not(.wpgb-enabled) .wpgb-card[data-col=\"6\"],.wp-grid-builder.wpgb-grid-8:not(.wpgb-enabled) .wpgb-card[data-col=\"7\"],.wp-grid-builder.wpgb-grid-8:not(.wpgb-enabled) .wpgb-card[data-col=\"8\"],.wp-grid-builder.wpgb-grid-8:not(.wpgb-enabled) .wpgb-card[data-col=\"9\"],.wp-grid-builder.wpgb-grid-8:not(.wpgb-enabled) .wpgb-card[data-col=\"10\"],.wp-grid-builder.wpgb-grid-8:not(.wpgb-enabled) .wpgb-card[data-col=\"11\"]{grid-column: span 2}}@media screen and (max-width: 576px){@media all and (-ms-high-contrast:none), (-ms-high-contrast:active){.wpgb-grid-8:not(.wpgb-enabled) .wpgb-viewport>div{margin:0 -10px}.wpgb-grid-8:not(.wpgb-enabled) .wpgb-card{width:calc(( 100% - 1 * 40px ) \/ 1 - 0.1px);margin:20px}}.wpgb-grid-8:not(.wpgb-enabled) .wpgb-viewport>div{grid-template-columns: repeat(1, 1fr);grid-gap:40px}.wp-grid-builder.wpgb-grid-8:not(.wpgb-enabled) .wpgb-card[data-col=\"1\"],.wp-grid-builder.wpgb-grid-8:not(.wpgb-enabled) .wpgb-card[data-col=\"2\"],.wp-grid-builder.wpgb-grid-8:not(.wpgb-enabled) .wpgb-card[data-col=\"3\"],.wp-grid-builder.wpgb-grid-8:not(.wpgb-enabled) .wpgb-card[data-col=\"4\"],.wp-grid-builder.wpgb-grid-8:not(.wpgb-enabled) .wpgb-card[data-col=\"5\"],.wp-grid-builder.wpgb-grid-8:not(.wpgb-enabled) .wpgb-card[data-col=\"6\"],.wp-grid-builder.wpgb-grid-8:not(.wpgb-enabled) .wpgb-card[data-col=\"7\"],.wp-grid-builder.wpgb-grid-8:not(.wpgb-enabled) .wpgb-card[data-col=\"8\"],.wp-grid-builder.wpgb-grid-8:not(.wpgb-enabled) .wpgb-card[data-col=\"9\"],.wp-grid-builder.wpgb-grid-8:not(.wpgb-enabled) .wpgb-card[data-col=\"10\"],.wp-grid-builder.wpgb-grid-8:not(.wpgb-enabled) .wpgb-card[data-col=\"11\"]{grid-column: span 1}}@media screen and (max-width: 320px){@media all and (-ms-high-contrast:none), (-ms-high-contrast:active){.wpgb-grid-8:not(.wpgb-enabled) .wpgb-viewport>div{margin:0 -10px}.wpgb-grid-8:not(.wpgb-enabled) .wpgb-card{width:calc(( 100% - 1 * 40px ) \/ 1 - 0.1px);margin:20px}}.wpgb-grid-8:not(.wpgb-enabled) .wpgb-viewport>div{grid-template-columns: repeat(1, 1fr);grid-gap:40px}.wp-grid-builder.wpgb-grid-8:not(.wpgb-enabled) .wpgb-card[data-col=\"1\"],.wp-grid-builder.wpgb-grid-8:not(.wpgb-enabled) .wpgb-card[data-col=\"2\"],.wp-grid-builder.wpgb-grid-8:not(.wpgb-enabled) .wpgb-card[data-col=\"3\"],.wp-grid-builder.wpgb-grid-8:not(.wpgb-enabled) .wpgb-card[data-col=\"4\"],.wp-grid-builder.wpgb-grid-8:not(.wpgb-enabled) .wpgb-card[data-col=\"5\"],.wp-grid-builder.wpgb-grid-8:not(.wpgb-enabled) .wpgb-card[data-col=\"6\"],.wp-grid-builder.wpgb-grid-8:not(.wpgb-enabled) .wpgb-card[data-col=\"7\"],.wp-grid-builder.wpgb-grid-8:not(.wpgb-enabled) .wpgb-card[data-col=\"8\"],.wp-grid-builder.wpgb-grid-8:not(.wpgb-enabled) .wpgb-card[data-col=\"9\"],.wp-grid-builder.wpgb-grid-8:not(.wpgb-enabled) .wpgb-card[data-col=\"10\"],.wp-grid-builder.wpgb-grid-8:not(.wpgb-enabled) .wpgb-card[data-col=\"11\"]{grid-column: span 1}}.wpgb-grid-8 .wpgb-card .wpgb-lazy-load{color:#008b6c;background:#e0e4e9}.wp-grid-builder .wpgb-card-24 .wpgb-card-header{-webkit-box-flex:1;-ms-flex-positive:1;flex-grow:1;padding:2em}.wp-grid-builder .wpgb-card-24 .wpgb-card-inner{border-radius:0;overflow:hidden;box-shadow:rgba(0,0,0,0.22) 0 10px 20px 0;-webkit-transition-duration:150ms;transition-duration:150ms}.wp-grid-builder .wpgb-card-24 .wpgb-block-1{font-size:1em;line-height:1.4}.wp-grid-builder .wpgb-card-24 .wpgb-block-1::before{content:\"\uf0e0\";font-family:\"Font Awesome 5 Pro\";font-weight:900;padding-right:5px}.wp-grid-builder .wpgb-card-24 .wpgb-block-6{font-size:1.1em;line-height:1.25em;font-weight:400;margin:0;padding:0 0 5px;display:block;clear:both;height:114px;width:auto;white-space:inherit}.wp-grid-builder .wpgb-card-24 .wpgb-block-7{font-size:1em;line-height:1.4;font-weight:400}.wp-grid-builder .wpgb-card-24 .wpgb-block-7::before{content:\"\uf0ac\";font-family:\"Font Awesome 5 Pro\";font-weight:900;padding-right:5px}.wp-grid-builder:not(.wpgb-template){opacity:1!important}\n<\/style>\n<style>:root{--wpgb-accent-scheme-1:#008B6C;--wpgb-dark-scheme-1:#444444;--wpgb-dark-scheme-2:#777777;--wpgb-dark-scheme-3:#999999;--wpgb-light-scheme-1:#ffffff;--wpgb-light-scheme-2:#f6f6f6;--wpgb-light-scheme-3:#f5f5f5;}<\/style>","protected":false},"excerpt":{"rendered":"<p>Filiales Equipo Nuestros expertos ofrecen el mejor soporte t\u00e9cnico Carrera Buscamos nuevos talentos en todo el mundo Nuestra empresa Visi\u00f3n, misi\u00f3n e historia de Andermatt Grupo Andermatt Filiales Una red mundial que ofrece una gama cada vez mayor de soluciones y servicios biol\u00f3gicos Andermatt Biocontrol Suisse Stahlermatten 6 6146 Grossdietwilhttps:\/\/www.biocontrol.ch\/sales@biocontrol.ch Andermatt Biogarten Stahlermatten 6 6146 Grossdietwilhttps:\/\/www.biogarten.ch\/info@biogarten.ch Andermatt BioVet Stahlermatten [...]<\/p>","protected":false},"author":1,"featured_media":0,"parent":0,"menu_order":0,"comment_status":"closed","ping_status":"closed","template":"","meta":{"_acf_changed":false,"_seopress_robots_primary_cat":"","_seopress_titles_title":"","_seopress_titles_desc":"","_seopress_robots_index":"","_searchwp_excluded":"","_uag_custom_page_level_css":"","site-sidebar-layout":"default","site-content-layout":"default","ast-site-content-layout":"default","site-content-style":"default","site-sidebar-style":"default","ast-global-header-display":"","ast-banner-title-visibility":"","ast-main-header-display":"","ast-hfb-above-header-display":"","ast-hfb-below-header-display":"","ast-hfb-mobile-header-display":"","site-post-title":"disabled","ast-breadcrumbs-content":"","ast-featured-img":"","footer-sml-layout":"","ast-disable-related-posts":"","theme-transparent-header-meta":"default","adv-header-id-meta":"","stick-header-meta":"default","header-above-stick-meta":"","header-main-stick-meta":"","header-below-stick-meta":"","astra-migrate-meta-layouts":"set","ast-page-background-enabled":"default","ast-page-background-meta":{"desktop":{"background-color":"","background-image":"","background-repeat":"repeat","background-position":"center center","background-size":"auto","background-attachment":"scroll","background-type":"","background-media":"","overlay-type":"","overlay-color":"","overlay-opacity":"","overlay-gradient":""},"tablet":{"background-color":"","background-image":"","background-repeat":"repeat","background-position":"center center","background-size":"auto","background-attachment":"scroll","background-type":"","background-media":"","overlay-type":"","overlay-color":"","overlay-opacity":"","overlay-gradient":""},"mobile":{"background-color":"","background-image":"","background-repeat":"repeat","background-position":"center center","background-size":"auto","background-attachment":"scroll","background-type":"","background-media":"","overlay-type":"","overlay-color":"","overlay-opacity":"","overlay-gradient":""}},"ast-content-background-meta":{"desktop":{"background-color":"var(--ast-global-color-5)","background-image":"","background-repeat":"repeat","background-position":"center center","background-size":"auto","background-attachment":"scroll","background-type":"","background-media":"","overlay-type":"","overlay-color":"","overlay-opacity":"","overlay-gradient":""},"tablet":{"background-color":"var(--ast-global-color-5)","background-image":"","background-repeat":"repeat","background-position":"center center","background-size":"auto","background-attachment":"scroll","background-type":"","background-media":"","overlay-type":"","overlay-color":"","overlay-opacity":"","overlay-gradient":""},"mobile":{"background-color":"var(--ast-global-color-5)","background-image":"","background-repeat":"repeat","background-position":"center center","background-size":"auto","background-attachment":"scroll","background-type":"","background-media":"","overlay-type":"","overlay-color":"","overlay-opacity":"","overlay-gradient":""}},"footnotes":""},"class_list":["post-1869","page","type-page","status-publish","hentry"],"acf":[],"uagb_featured_image_src":{"full":false,"thumbnail":false,"medium":false,"medium_large":false,"large":false,"1536x1536":false,"2048x2048":false,"trp-custom-language-flag":false,"feature-size":false,"feature-size-gross":false,"header-size-small":false,"header-size":false,"mailpoet_newsletter_max":false},"uagb_author_info":{"display_name":"Michael Salzer","author_link":"https:\/\/www.andermatt.com\/es\/author\/ms_9mip9dui\/"},"uagb_comment_info":0,"uagb_excerpt":"Subsidiaries Team Our experts provide the best technical support Career We look for new talents worldwide Our Company Vison, mission and history of Andermatt Andermatt Group Subsidiaries A global network delivering a growing range of biological solutions and services Andermatt Biocontrol Suisse Stahlermatten 6 6146 Grossdietwilhttps:\/\/www.biocontrol.ch\/&#115;al&#101;s&#064;bi&#111;co&#110;t&#114;&#111;l&#046;&#099;h Andermatt Biogarten Stahlermatten 6 6146 Grossdietwilhttps:\/\/www.biogarten.ch\/i&#110;&#102;o&#064;&#098;&#105;&#111;&#103;ar&#116;en.ch Andermatt BioVet Stahlermatten&hellip;","_links":{"self":[{"href":"https:\/\/www.andermatt.com\/es\/wp-json\/wp\/v2\/pages\/1869","targetHints":{"allow":["GET"]}}],"collection":[{"href":"https:\/\/www.andermatt.com\/es\/wp-json\/wp\/v2\/pages"}],"about":[{"href":"https:\/\/www.andermatt.com\/es\/wp-json\/wp\/v2\/types\/page"}],"author":[{"embeddable":true,"href":"https:\/\/www.andermatt.com\/es\/wp-json\/wp\/v2\/users\/1"}],"replies":[{"embeddable":true,"href":"https:\/\/www.andermatt.com\/es\/wp-json\/wp\/v2\/comments?post=1869"}],"version-history":[{"count":127,"href":"https:\/\/www.andermatt.com\/es\/wp-json\/wp\/v2\/pages\/1869\/revisions"}],"predecessor-version":[{"id":7943,"href":"https:\/\/www.andermatt.com\/es\/wp-json\/wp\/v2\/pages\/1869\/revisions\/7943"}],"wp:attachment":[{"href":"https:\/\/www.andermatt.com\/es\/wp-json\/wp\/v2\/media?parent=1869"}],"curies":[{"name":"wp","href":"https:\/\/api.w.org\/{rel}","templated":true}]}}